{"id":4461,"date":"2023-03-17T19:41:33","date_gmt":"2023-03-17T18:41:33","guid":{"rendered":"https:\/\/agora.xtec.cat\/ceip-miguelhernandez\/?page_id=4461"},"modified":"2024-10-29T15:53:11","modified_gmt":"2024-10-29T14:53:11","slug":"benvinguts-al-mon-del-miguel-hernandez","status":"publish","type":"page","link":"https:\/\/agora.xtec.cat\/ceip-miguelhernandez\/benvinguts-al-mon-del-miguel-hernandez\/","title":{"rendered":"BENVINGUTS AL M\u00d3N DEL MIGUEL HERN\u00c1NDEZ"},"content":{"rendered":"<p>Us presentem la nostra escola, una escola acollidora, que comparteix experi\u00e8ncies amb el jovent. Amb un programa educatiu atractiu e inclusiu que dona suport tant a l&#8217;alumnat com a les fam\u00edlies.<\/p>\n<p>La nostra comunitat educativa participa conjuntament en transformar la societat futura perqu\u00e8 pugui desenvolupar-se no tant sols a nivell formatiu sin\u00f3 que tamb\u00e9 a nivell personal en valors i principis \u00e8tics que contribueixen en millorar \u00e9l m\u00f3n que ens envolta.<\/p>\n<p style=\"text-align: left;\"><span style=\"font-weight: 400;\">La nostra missi\u00f3 consisteix en educar als nostres infants per a la vida, a trav\u00e9s de\u00a0 metodologies que motivin i emocionin l\u2019alumnat, qui, mitjan\u00e7ant, tasques i activitats\u00a0 competencials, vagi interioritzant els aprenentatges a mesura que descobreix, explora l\u2019entorn, juga i es relaciona.<\/span><\/p>\n<p style=\"text-align: left;\"><span style=\"font-weight: 400;\">Treballem per formar aprenents aut\u00f2noms, amb iniciativa personal per l\u2019elaboraci\u00f3 d\u2019hip\u00f2tesis, la recerca d\u2019estrat\u00e8gies per a solucionar problemes, la discussi\u00f3, la reflexi\u00f3 i\u00a0 la construcci\u00f3 conjunta dels nous coneixements. Tot educant en la gesti\u00f3 de les\u00a0 emocions i proporcionant les eines per a una bona relaci\u00f3 social i interacci\u00f3 amb el seu\u00a0 entorn quotidi\u00e0.\u00a0<\/span><\/p>\n<p style=\"text-align: left;\"><span style=\"font-weight: 400;\">Creiem important potenciar la seva creativitat i imaginaci\u00f3, aix\u00ed com la seva capacitat d\u2019an\u00e0lisi que ajudi al nen o nena a q\u00fcestionar-se les coses i a contrastar i comprovar les informacions. Despertar la seva curiositat i el seu esperit cr\u00edtic.\u00a0<\/span><\/p>\n<p style=\"text-align: left;\"><span style=\"font-weight: 400;\">Si voleu con\u00e8ixer m\u00e9s, explora els projectes que tenim i les activitats en les que participem.<\/span><\/p>\n<p style=\"text-align: left;\"><span style=\"font-weight: 400;\">Aqu\u00ed teniu un v\u00eddeo on podeu fer un tastet del nostre centre.<\/span><\/p>\n<p style=\"text-align: left;\"><span style=\"font-weight: 400;\">Benvinguts!<\/span><\/p>\n<p style=\"text-align: left;\"><a href=\"https:\/\/youtu.be\/vsPdDrTWf4s\"><span style=\"font-weight: 400;\">https:\/\/youtu.be\/vsPdDrTWf4s<\/span><\/a><\/p>\n<p><a href=\"https:\/\/agora.xtec.cat\/ceip-miguelhernandez\/wp-content\/uploads\/usu2112\/2024\/10\/IMG_20241023_152731-scaled.jpg\"><img loading=\"lazy\" decoding=\"async\" class=\"alignnone size-large wp-image-4922\" src=\"https:\/\/agora.xtec.cat\/ceip-miguelhernandez\/wp-content\/uploads\/usu2112\/2024\/10\/IMG_20241023_152731-1024x595.jpg\" alt=\"\" width=\"1024\" height=\"595\" srcset=\"https:\/\/agora.xtec.cat\/ceip-miguelhernandez\/wp-content\/uploads\/usu2112\/2024\/10\/IMG_20241023_152731-1024x595.jpg 1024w, https:\/\/agora.xtec.cat\/ceip-miguelhernandez\/wp-content\/uploads\/usu2112\/2024\/10\/IMG_20241023_152731-300x174.jpg 300w, https:\/\/agora.xtec.cat\/ceip-miguelhernandez\/wp-content\/uploads\/usu2112\/2024\/10\/IMG_20241023_152731-768x446.jpg 768w, https:\/\/agora.xtec.cat\/ceip-miguelhernandez\/wp-content\/uploads\/usu2112\/2024\/10\/IMG_20241023_152731-1536x892.jpg 1536w, https:\/\/agora.xtec.cat\/ceip-miguelhernandez\/wp-content\/uploads\/usu2112\/2024\/10\/IMG_20241023_152731-2048x1190.jpg 2048w\" sizes=\"auto, (max-width: 1024px) 100vw, 1024px\" \/><\/a><\/p>\n","protected":false},"excerpt":{"rendered":"<p>Us presentem la nostra escola, una escola acollidora, que comparteix experi\u00e8ncies amb el jovent. Amb un programa educatiu atractiu e inclusiu que dona suport tant a l&#8217;alumnat com a les fam\u00edlies.<br \/>\nLa nostra comunitat educativa participa conjuntament en transformar la societat futura perqu\u00e8 pugui desenvolupar-se no&hellip;  <a href=\"https:\/\/agora.xtec.cat\/ceip-miguelhernandez\/benvinguts-al-mon-del-miguel-hernandez\/\" title=\"Read BENVINGUTS AL M\u00d3N DEL MIGUEL HERN\u00c1NDEZ\">Llegeix m\u00e9s\u00bb<\/a><\/p>\n","protected":false},"author":4,"featured_media":0,"parent":0,"menu_order":0,"comment_status":"closed","ping_status":"closed","template":"","meta":{"_bbp_topic_count":0,"_bbp_reply_count":0,"_bbp_total_topic_count":0,"_bbp_total_reply_count":0,"_bbp_voice_count":0,"_bbp_anonymous_reply_count":0,"_bbp_topic_count_hidden":0,"_bbp_reply_count_hidden":0,"_bbp_forum_subforum_count":0,"footnotes":""},"class_list":["post-4461","page","type-page","status-publish","hentry"],"post_mailing_queue_ids":[],"_links":{"self":[{"href":"https:\/\/agora.xtec.cat\/ceip-miguelhernandez\/wp-json\/wp\/v2\/pages\/4461","targetHints":{"allow":["GET"]}}],"collection":[{"href":"https:\/\/agora.xtec.cat\/ceip-miguelhernandez\/wp-json\/wp\/v2\/pages"}],"about":[{"href":"https:\/\/agora.xtec.cat\/ceip-miguelhernandez\/wp-json\/wp\/v2\/types\/page"}],"author":[{"embeddable":true,"href":"https:\/\/agora.xtec.cat\/ceip-miguelhernandez\/wp-json\/wp\/v2\/users\/4"}],"replies":[{"embeddable":true,"href":"https:\/\/agora.xtec.cat\/ceip-miguelhernandez\/wp-json\/wp\/v2\/comments?post=4461"}],"version-history":[{"count":6,"href":"https:\/\/agora.xtec.cat\/ceip-miguelhernandez\/wp-json\/wp\/v2\/pages\/4461\/revisions"}],"predecessor-version":[{"id":4925,"href":"https:\/\/agora.xtec.cat\/ceip-miguelhernandez\/wp-json\/wp\/v2\/pages\/4461\/revisions\/4925"}],"wp:attachment":[{"href":"https:\/\/agora.xtec.cat\/ceip-miguelhernandez\/wp-json\/wp\/v2\/media?parent=4461"}],"curies":[{"name":"wp","href":"https:\/\/api.w.org\/{rel}","templated":true}]}}