{"id":4207,"date":"2021-06-30T12:45:45","date_gmt":"2021-06-30T10:45:45","guid":{"rendered":"https:\/\/agora.xtec.cat\/ceip-miguelhernandez\/?page_id=4207"},"modified":"2023-03-17T20:35:36","modified_gmt":"2023-03-17T19:35:36","slug":"projecte-linguistic","status":"publish","type":"page","link":"https:\/\/agora.xtec.cat\/ceip-miguelhernandez\/lescola\/projecte-linguistic\/","title":{"rendered":"PROJECTE LING\u00dc\u00cdSTIC (En revisi\u00f3 )"},"content":{"rendered":"<p><a href=\"https:\/\/agora.xtec.cat\/ceip-miguelhernandez\/wp-content\/uploads\/usu2112\/2021\/06\/Sin-t\u00edtulo.png\"><img loading=\"lazy\" decoding=\"async\" class=\"alignnone size-full wp-image-4208\" src=\"https:\/\/agora.xtec.cat\/ceip-miguelhernandez\/wp-content\/uploads\/usu2112\/2021\/06\/Sin-t\u00edtulo.png\" alt=\"\" width=\"557\" height=\"587\" srcset=\"https:\/\/agora.xtec.cat\/ceip-miguelhernandez\/wp-content\/uploads\/usu2112\/2021\/06\/Sin-t\u00edtulo.png 557w, https:\/\/agora.xtec.cat\/ceip-miguelhernandez\/wp-content\/uploads\/usu2112\/2021\/06\/Sin-t\u00edtulo-285x300.png 285w\" sizes=\"auto, (max-width: 557px) 100vw, 557px\" \/><\/a><\/p>\n<p><a href=\"https:\/\/agora.xtec.cat\/ceip-miguelhernandez\/wp-content\/uploads\/usu2112\/2021\/06\/Projecte-ling\u00fc\u00edstic-2018-1.pdf\" target=\"_blank\" rel=\"noopener\">Projecte-ling\u00fc\u00edstic-2018-1<\/a><\/p>\n","protected":false},"excerpt":{"rendered":"<p><a href=\"https:\/\/agora.xtec.cat\/ceip-miguelhernandez\/wp-content\/uploads\/usu2112\/2021\/06\/Sin-t\u00edtulo.png\"><\/a><br \/>\n<a href=\"https:\/\/agora.xtec.cat\/ceip-miguelhernandez\/wp-content\/uploads\/usu2112\/2021\/06\/Projecte-ling\u00fc\u00edstic-2018-1.pdf\" target=\"_blank\" rel=\"noopener\">Projecte-ling\u00fc\u00edstic-2018-1<\/a><\/p>\n","protected":false},"author":1,"featured_media":0,"parent":22,"menu_order":0,"comment_status":"closed","ping_status":"closed","template":"","meta":{"_bbp_topic_count":0,"_bbp_reply_count":0,"_bbp_total_topic_count":0,"_bbp_total_reply_count":0,"_bbp_voice_count":0,"_bbp_anonymous_reply_count":0,"_bbp_topic_count_hidden":0,"_bbp_reply_count_hidden":0,"_bbp_forum_subforum_count":0,"footnotes":""},"class_list":["post-4207","page","type-page","status-publish","hentry"],"post_mailing_queue_ids":[],"_links":{"self":[{"href":"https:\/\/agora.xtec.cat\/ceip-miguelhernandez\/wp-json\/wp\/v2\/pages\/4207","targetHints":{"allow":["GET"]}}],"collection":[{"href":"https:\/\/agora.xtec.cat\/ceip-miguelhernandez\/wp-json\/wp\/v2\/pages"}],"about":[{"href":"https:\/\/agora.xtec.cat\/ceip-miguelhernandez\/wp-json\/wp\/v2\/types\/page"}],"author":[{"embeddable":true,"href":"https:\/\/agora.xtec.cat\/ceip-miguelhernandez\/wp-json\/wp\/v2\/users\/1"}],"replies":[{"embeddable":true,"href":"https:\/\/agora.xtec.cat\/ceip-miguelhernandez\/wp-json\/wp\/v2\/comments?post=4207"}],"version-history":[{"count":3,"href":"https:\/\/agora.xtec.cat\/ceip-miguelhernandez\/wp-json\/wp\/v2\/pages\/4207\/revisions"}],"predecessor-version":[{"id":4478,"href":"https:\/\/agora.xtec.cat\/ceip-miguelhernandez\/wp-json\/wp\/v2\/pages\/4207\/revisions\/4478"}],"up":[{"embeddable":true,"href":"https:\/\/agora.xtec.cat\/ceip-miguelhernandez\/wp-json\/wp\/v2\/pages\/22"}],"wp:attachment":[{"href":"https:\/\/agora.xtec.cat\/ceip-miguelhernandez\/wp-json\/wp\/v2\/media?parent=4207"}],"curies":[{"name":"wp","href":"https:\/\/api.w.org\/{rel}","templated":true}]}}