{"id":22,"date":"2014-09-18T12:19:57","date_gmt":"2014-09-18T11:19:57","guid":{"rendered":"http:\/\/agora.xtec.cat\/ceip-miguelhernandez\/?page_id=22"},"modified":"2023-03-17T20:31:39","modified_gmt":"2023-03-17T19:31:39","slug":"lescola","status":"publish","type":"page","link":"https:\/\/agora.xtec.cat\/ceip-miguelhernandez\/lescola\/","title":{"rendered":"L&#8217;escola"},"content":{"rendered":"<p><span style=\"font-weight: 400;\">Som una escola familiar i acollidora situada al barri de La Pau de Badalona. <\/span><span style=\"font-weight: 400;\">La nostra missi\u00f3 consisteix en educar als nostres infants per a la vida, a trav\u00e9s de\u00a0 metodologies que motivin i emocionin l\u2019alumnat, qui, mitjan\u00e7ant, tasques i activitats\u00a0 competencials, vagi interioritzant els aprenentatges a mesura que descobreix, explora l\u2019entorn, juga i es relaciona.<\/span><\/p>\n<p><span style=\"font-weight: 400;\">Treballem per formar aprenents aut\u00f2noms, amb iniciativa personal per l\u2019elaboraci\u00f3\u00a0 d\u2019hip\u00f2tesis, la recerca d\u2019estrat\u00e8gies per a solucionar problemes, la discussi\u00f3, la reflexi\u00f3 i\u00a0 la construcci\u00f3 conjunta dels nous coneixements. Tot educant en la gesti\u00f3 de les\u00a0 emocions i proporcionant les eines per a una bona relaci\u00f3 social i interacci\u00f3 amb el seu\u00a0 entorn quotidi\u00e0.\u00a0<\/span><\/p>\n<p><span style=\"font-weight: 400;\">Creiem important potenciar la seva creativitat i imaginaci\u00f3, aix\u00ed com la seva capacitat\u00a0 d\u2019an\u00e0lisi que ajudi al nen o nena a q\u00fcestionar-se les coses i a contrastar i comprovar les\u00a0 informacions. Despertar la seva curiositat i el seu esperit cr\u00edtic.\u00a0<\/span><\/p>\n","protected":false},"excerpt":{"rendered":"<p>Som una escola familiar i acollidora situada al barri de La Pau de Badalona. La nostra missi\u00f3 consisteix en educar als nostres infants per a la vida, a trav\u00e9s de\u00a0 metodologies que motivin i emocionin l\u2019alumnat, qui, mitjan\u00e7ant, tasques i activitats\u00a0 competencials, vagi interioritzant els&hellip;  <a href=\"https:\/\/agora.xtec.cat\/ceip-miguelhernandez\/lescola\/\" title=\"Read L&#8217;escola\">Llegeix m\u00e9s\u00bb<\/a><\/p>\n","protected":false},"author":1,"featured_media":0,"parent":0,"menu_order":0,"comment_status":"closed","ping_status":"closed","template":"page-templates\/side-menu.php","meta":{"_bbp_topic_count":0,"_bbp_reply_count":0,"_bbp_total_topic_count":0,"_bbp_total_reply_count":0,"_bbp_voice_count":0,"_bbp_anonymous_reply_count":0,"_bbp_topic_count_hidden":0,"_bbp_reply_count_hidden":0,"_bbp_forum_subforum_count":0,"footnotes":""},"class_list":["post-22","page","type-page","status-publish","hentry"],"post_mailing_queue_ids":[],"_links":{"self":[{"href":"https:\/\/agora.xtec.cat\/ceip-miguelhernandez\/wp-json\/wp\/v2\/pages\/22","targetHints":{"allow":["GET"]}}],"collection":[{"href":"https:\/\/agora.xtec.cat\/ceip-miguelhernandez\/wp-json\/wp\/v2\/pages"}],"about":[{"href":"https:\/\/agora.xtec.cat\/ceip-miguelhernandez\/wp-json\/wp\/v2\/types\/page"}],"author":[{"embeddable":true,"href":"https:\/\/agora.xtec.cat\/ceip-miguelhernandez\/wp-json\/wp\/v2\/users\/1"}],"replies":[{"embeddable":true,"href":"https:\/\/agora.xtec.cat\/ceip-miguelhernandez\/wp-json\/wp\/v2\/comments?post=22"}],"version-history":[{"count":1,"href":"https:\/\/agora.xtec.cat\/ceip-miguelhernandez\/wp-json\/wp\/v2\/pages\/22\/revisions"}],"predecessor-version":[{"id":4475,"href":"https:\/\/agora.xtec.cat\/ceip-miguelhernandez\/wp-json\/wp\/v2\/pages\/22\/revisions\/4475"}],"wp:attachment":[{"href":"https:\/\/agora.xtec.cat\/ceip-miguelhernandez\/wp-json\/wp\/v2\/media?parent=22"}],"curies":[{"name":"wp","href":"https:\/\/api.w.org\/{rel}","templated":true}]}}