{"id":77,"date":"2014-09-18T14:05:08","date_gmt":"2014-09-18T13:05:08","guid":{"rendered":"http:\/\/agora.xtec.cat\/ceip-menendezpidal-hospitalet\/?page_id=77"},"modified":"2025-09-05T11:25:30","modified_gmt":"2025-09-05T09:25:30","slug":"acollida","status":"publish","type":"page","link":"https:\/\/agora.xtec.cat\/ceip-menendezpidal-hospitalet\/serveis\/acollida\/","title":{"rendered":"Acollida"},"content":{"rendered":"<p><strong>L&#8217;acollida de mat\u00ed i tarda est\u00e0 gestionada per l&#8217;empresa Scolarest<\/strong><\/p>\n<p><strong><span style=\"text-decoration: underline;\">Horari: <\/span>De 8 a 9 i de 16,30 a 18h<\/strong><\/p>\n<p><strong><span style=\"text-decoration: underline;\">Contacte: <\/span>(Srta. Loli) 617830867<br \/>\n<\/strong><\/p>\n<p>Tot l&#8217;alumnat que ho necessiti\u00a0 pot fer \u00fas d&#8217;aquest servei. Els preus varien en funci\u00f3 del temps.<\/p>\n<p><span style=\"color: #008000;\"><strong><span style=\"text-decoration: underline;\"><a style=\"color: #008000; text-decoration: underline;\" href=\"https:\/\/agora.xtec.cat\/ceip-menendezpidal-hospitalet\/wp-content\/uploads\/usu750\/2025\/05\/Normativa-acollida-mati-i-tarda-2024-2025.pdf\" target=\"_blank\" rel=\"noopener\">NORMATIVA ACOLLIDA<\/a><\/span><\/strong><\/span><\/p>\n<p><span style=\"color: #800000;\"><strong><span style=\"text-decoration: underline;\">PREUS CURS 2025-2026<\/span><\/strong><\/span><\/p>\n<p><img loading=\"lazy\" decoding=\"async\" class=\"alignnone size-full wp-image-23698\" src=\"https:\/\/agora.xtec.cat\/ceip-menendezpidal-hospitalet\/wp-content\/uploads\/usu750\/2025\/09\/Preus-acollida-2025-2026.jpg\" alt=\"\" width=\"735\" height=\"304\" srcset=\"https:\/\/agora.xtec.cat\/ceip-menendezpidal-hospitalet\/wp-content\/uploads\/usu750\/2025\/09\/Preus-acollida-2025-2026.jpg 735w, https:\/\/agora.xtec.cat\/ceip-menendezpidal-hospitalet\/wp-content\/uploads\/usu750\/2025\/09\/Preus-acollida-2025-2026-300x124.jpg 300w\" sizes=\"auto, (max-width: 735px) 100vw, 735px\" \/><\/p>\n<p>&nbsp;<\/p>\n<p><a href=\"https:\/\/agora.xtec.cat\/ceip-menendezpidal-hospitalet\/wp-content\/uploads\/usu750\/2021\/09\/catalan-INSCRIPCIONS-ACOLLIDA-NORMAS-1.pdf\" target=\"_blank\" rel=\"noopener\">Full de domiciliaci\u00f3 banc\u00e0ria<\/a>. Omplir i lliurar-lo a la Srta. Loli<\/p>\n<p>&nbsp;<\/p>\n","protected":false},"excerpt":{"rendered":"<p>L&#8217;acollida de mat\u00ed i tarda est\u00e0 gestionada per l&#8217;empresa Scolarest Horari: De 8 a 9 i de 16,30 a 18h Contacte: (Srta. Loli) 617830867 Tot l&#8217;alumnat que ho necessiti\u00a0 pot fer \u00fas d&#8217;aquest servei. Els preus varien en funci\u00f3 del temps. NORMATIVA ACOLLIDA PREUS CURS 2025-2026 &nbsp; Full de domiciliaci\u00f3 banc\u00e0ria. Omplir i lliurar-lo a [&hellip;]<\/p>\n","protected":false},"author":1,"featured_media":0,"parent":66,"menu_order":20,"comment_status":"closed","ping_status":"closed","template":"","meta":{"_bbp_topic_count":0,"_bbp_reply_count":0,"_bbp_total_topic_count":0,"_bbp_total_reply_count":0,"_bbp_voice_count":0,"_bbp_anonymous_reply_count":0,"_bbp_topic_count_hidden":0,"_bbp_reply_count_hidden":0,"_bbp_forum_subforum_count":0,"site-sidebar-layout":"default","site-content-layout":"","ast-site-content-layout":"","site-content-style":"default","site-sidebar-style":"default","ast-global-header-display":"","ast-banner-title-visibility":"","ast-main-header-display":"","ast-hfb-above-header-display":"","ast-hfb-below-header-display":"","ast-hfb-mobile-header-display":"","site-post-title":"","ast-breadcrumbs-content":"","ast-featured-img":"","footer-sml-layout":"","theme-transparent-header-meta":"","adv-header-id-meta":"","stick-header-meta":"","header-above-stick-meta":"","header-main-stick-meta":"","header-below-stick-meta":"","astra-migrate-meta-layouts":"default","ast-page-background-enabled":"default","ast-page-background-meta":{"desktop":{"background-color":"var(--ast-global-color-4)","background-image":"","background-repeat":"repeat","background-position":"center center","background-size":"auto","background-attachment":"scroll","background-type":"","background-media":"","overlay-type":"","overlay-color":"","overlay-opacity":"","overlay-gradient":""},"tablet":{"background-color":"","background-image":"","background-repeat":"repeat","background-position":"center center","background-size":"auto","background-attachment":"scroll","background-type":"","background-media":"","overlay-type":"","overlay-color":"","overlay-opacity":"","overlay-gradient":""},"mobile":{"background-color":"","background-image":"","background-repeat":"repeat","background-position":"center center","background-size":"auto","background-attachment":"scroll","background-type":"","background-media":"","overlay-type":"","overlay-color":"","overlay-opacity":"","overlay-gradient":""}},"ast-content-background-meta":{"desktop":{"background-color":"var(--ast-global-color-5)","background-image":"","background-repeat":"repeat","background-position":"center center","background-size":"auto","background-attachment":"scroll","background-type":"","background-media":"","overlay-type":"","overlay-color":"","overlay-opacity":"","overlay-gradient":""},"tablet":{"background-color":"var(--ast-global-color-5)","background-image":"","background-repeat":"repeat","background-position":"center center","background-size":"auto","background-attachment":"scroll","background-type":"","background-media":"","overlay-type":"","overlay-color":"","overlay-opacity":"","overlay-gradient":""},"mobile":{"background-color":"var(--ast-global-color-5)","background-image":"","background-repeat":"repeat","background-position":"center center","background-size":"auto","background-attachment":"scroll","background-type":"","background-media":"","overlay-type":"","overlay-color":"","overlay-opacity":"","overlay-gradient":""}},"footnotes":""},"class_list":["post-77","page","type-page","status-publish","hentry"],"post_mailing_queue_ids":[],"_links":{"self":[{"href":"https:\/\/agora.xtec.cat\/ceip-menendezpidal-hospitalet\/wp-json\/wp\/v2\/pages\/77","targetHints":{"allow":["GET"]}}],"collection":[{"href":"https:\/\/agora.xtec.cat\/ceip-menendezpidal-hospitalet\/wp-json\/wp\/v2\/pages"}],"about":[{"href":"https:\/\/agora.xtec.cat\/ceip-menendezpidal-hospitalet\/wp-json\/wp\/v2\/types\/page"}],"author":[{"embeddable":true,"href":"https:\/\/agora.xtec.cat\/ceip-menendezpidal-hospitalet\/wp-json\/wp\/v2\/users\/1"}],"replies":[{"embeddable":true,"href":"https:\/\/agora.xtec.cat\/ceip-menendezpidal-hospitalet\/wp-json\/wp\/v2\/comments?post=77"}],"version-history":[{"count":6,"href":"https:\/\/agora.xtec.cat\/ceip-menendezpidal-hospitalet\/wp-json\/wp\/v2\/pages\/77\/revisions"}],"predecessor-version":[{"id":23700,"href":"https:\/\/agora.xtec.cat\/ceip-menendezpidal-hospitalet\/wp-json\/wp\/v2\/pages\/77\/revisions\/23700"}],"up":[{"embeddable":true,"href":"https:\/\/agora.xtec.cat\/ceip-menendezpidal-hospitalet\/wp-json\/wp\/v2\/pages\/66"}],"wp:attachment":[{"href":"https:\/\/agora.xtec.cat\/ceip-menendezpidal-hospitalet\/wp-json\/wp\/v2\/media?parent=77"}],"curies":[{"name":"wp","href":"https:\/\/api.w.org\/{rel}","templated":true}]}}