{"id":64,"date":"2014-09-18T12:39:08","date_gmt":"2014-09-18T11:39:08","guid":{"rendered":"http:\/\/agora.xtec.cat\/ceip-menendezpidal-hospitalet\/?page_id=64"},"modified":"2021-04-30T09:56:04","modified_gmt":"2021-04-30T07:56:04","slug":"projecte-educatiu","status":"publish","type":"page","link":"https:\/\/agora.xtec.cat\/ceip-menendezpidal-hospitalet\/projecte-educatiu\/","title":{"rendered":"Projecte educatiu"},"content":{"rendered":"<p style=\"text-align: justify;\">El projecte educatiu, que \u00e9s la m\u00e0xima expressi\u00f3 de l\u2019autonomia dels centres, recull la identitat del centre, n\u2019explicita els objectius, n\u2019orienta l\u2019activitat i hi d\u00f3na sentit amb la finalitat que els alumnes assoleixin les compet\u00e8ncies b\u00e0siques i el m\u00e0xim aprofitament educatiu, d\u2019acord amb el marc proporcionat pel Decret 102\/2010, de 3 d\u2019agost, d\u2019autonomia dels centres educatius, que situa la presa de decisions en l\u2019\u00e0mbit del centre per enfortir la instituci\u00f3 escolar i el lideratge educatiu.<\/p>\n<p style=\"text-align: justify;\">En aquest sentit, el projecte educatiu de centre \u00e9s el document estrat\u00e8gic marc de la instituci\u00f3 escolar que concreta, interpreta i aplica les previsions de la normativa vigent als trets caracter\u00edstics del centre, d\u2019acord amb les necessitats educatives dels alumnes i els objectius del centre. L\u2019organitzaci\u00f3 i la gesti\u00f3 dels centres han d\u2019orientar-se a l\u2019assoliment d\u2019aquests objectius.<\/p>\n<p><a href=\"https:\/\/agora.xtec.cat\/ceip-menendezpidal-hospitalet\/wp-content\/uploads\/usu750\/2021\/04\/PEC-Menendez-Pidal-definitiu-per-la-webv2.pdf\" target=\"_blank\" rel=\"noopener noreferrer\">enlla\u00e7 al PEC<\/a><\/p>\n","protected":false},"excerpt":{"rendered":"<p>El projecte educatiu, que \u00e9s la m\u00e0xima expressi\u00f3 de l\u2019autonomia dels centres, recull la identitat del centre, n\u2019explicita els objectius, n\u2019orienta l\u2019activitat i hi d\u00f3na sentit amb la finalitat que els alumnes assoleixin les compet\u00e8ncies b\u00e0siques i el m\u00e0xim aprofitament educatiu, d\u2019acord amb el marc proporcionat pel Decret 102\/2010, de 3 d\u2019agost, d\u2019autonomia dels centres [&hellip;]<\/p>\n","protected":false},"author":1,"featured_media":0,"parent":0,"menu_order":0,"comment_status":"closed","ping_status":"closed","template":"","meta":{"_bbp_topic_count":0,"_bbp_reply_count":0,"_bbp_total_topic_count":0,"_bbp_total_reply_count":0,"_bbp_voice_count":0,"_bbp_anonymous_reply_count":0,"_bbp_topic_count_hidden":0,"_bbp_reply_count_hidden":0,"_bbp_forum_subforum_count":0,"site-sidebar-layout":"default","site-content-layout":"","ast-site-content-layout":"","site-content-style":"default","site-sidebar-style":"default","ast-global-header-display":"","ast-banner-title-visibility":"","ast-main-header-display":"","ast-hfb-above-header-display":"","ast-hfb-below-header-display":"","ast-hfb-mobile-header-display":"","site-post-title":"","ast-breadcrumbs-content":"","ast-featured-img":"","footer-sml-layout":"","theme-transparent-header-meta":"","adv-header-id-meta":"","stick-header-meta":"","header-above-stick-meta":"","header-main-stick-meta":"","header-below-stick-meta":"","astra-migrate-meta-layouts":"default","ast-page-background-enabled":"default","ast-page-background-meta":{"desktop":{"background-color":"var(--ast-global-color-4)","background-image":"","background-repeat":"repeat","background-position":"center center","background-size":"auto","background-attachment":"scroll","background-type":"","background-media":"","overlay-type":"","overlay-color":"","overlay-opacity":"","overlay-gradient":""},"tablet":{"background-color":"","background-image":"","background-repeat":"repeat","background-position":"center center","background-size":"auto","background-attachment":"scroll","background-type":"","background-media":"","overlay-type":"","overlay-color":"","overlay-opacity":"","overlay-gradient":""},"mobile":{"background-color":"","background-image":"","background-repeat":"repeat","background-position":"center center","background-size":"auto","background-attachment":"scroll","background-type":"","background-media":"","overlay-type":"","overlay-color":"","overlay-opacity":"","overlay-gradient":""}},"ast-content-background-meta":{"desktop":{"background-color":"var(--ast-global-color-5)","background-image":"","background-repeat":"repeat","background-position":"center center","background-size":"auto","background-attachment":"scroll","background-type":"","background-media":"","overlay-type":"","overlay-color":"","overlay-opacity":"","overlay-gradient":""},"tablet":{"background-color":"var(--ast-global-color-5)","background-image":"","background-repeat":"repeat","background-position":"center center","background-size":"auto","background-attachment":"scroll","background-type":"","background-media":"","overlay-type":"","overlay-color":"","overlay-opacity":"","overlay-gradient":""},"mobile":{"background-color":"var(--ast-global-color-5)","background-image":"","background-repeat":"repeat","background-position":"center center","background-size":"auto","background-attachment":"scroll","background-type":"","background-media":"","overlay-type":"","overlay-color":"","overlay-opacity":"","overlay-gradient":""}},"footnotes":""},"class_list":["post-64","page","type-page","status-publish","hentry"],"post_mailing_queue_ids":[],"_links":{"self":[{"href":"https:\/\/agora.xtec.cat\/ceip-menendezpidal-hospitalet\/wp-json\/wp\/v2\/pages\/64","targetHints":{"allow":["GET"]}}],"collection":[{"href":"https:\/\/agora.xtec.cat\/ceip-menendezpidal-hospitalet\/wp-json\/wp\/v2\/pages"}],"about":[{"href":"https:\/\/agora.xtec.cat\/ceip-menendezpidal-hospitalet\/wp-json\/wp\/v2\/types\/page"}],"author":[{"embeddable":true,"href":"https:\/\/agora.xtec.cat\/ceip-menendezpidal-hospitalet\/wp-json\/wp\/v2\/users\/1"}],"replies":[{"embeddable":true,"href":"https:\/\/agora.xtec.cat\/ceip-menendezpidal-hospitalet\/wp-json\/wp\/v2\/comments?post=64"}],"version-history":[{"count":3,"href":"https:\/\/agora.xtec.cat\/ceip-menendezpidal-hospitalet\/wp-json\/wp\/v2\/pages\/64\/revisions"}],"predecessor-version":[{"id":18855,"href":"https:\/\/agora.xtec.cat\/ceip-menendezpidal-hospitalet\/wp-json\/wp\/v2\/pages\/64\/revisions\/18855"}],"wp:attachment":[{"href":"https:\/\/agora.xtec.cat\/ceip-menendezpidal-hospitalet\/wp-json\/wp\/v2\/media?parent=64"}],"curies":[{"name":"wp","href":"https:\/\/api.w.org\/{rel}","templated":true}]}}