{"id":26,"date":"2014-09-18T12:24:32","date_gmt":"2014-09-18T11:24:32","guid":{"rendered":"http:\/\/agora.xtec.cat\/ceip-menendezpidal-hospitalet\/?page_id=26"},"modified":"2018-03-13T22:37:28","modified_gmt":"2018-03-13T21:37:28","slug":"historia","status":"publish","type":"page","link":"https:\/\/agora.xtec.cat\/ceip-menendezpidal-hospitalet\/lescola\/historia\/","title":{"rendered":"Hist\u00f2ria"},"content":{"rendered":"<p>L\u2019escola Men\u00e9ndez Pidal es va <a href=\"http:\/\/agora.xtec.cat\/ceip-menendezpidal-hospitalet\/wp-content\/uploads\/usu750\/bp-attachments\/378\/menendez-pidalNoticia.jpg\" target=\"_blank\" rel=\"noopener noreferrer\">inaugurar en el mes de\u00a0juliol de 1970<\/a>, de forma precipitada a conseq\u00fc\u00e8ncia de l&#8217;expansi\u00f3 constructiva de la llei d&#8217;Educaci\u00f3. L&#8217;inter\u00e8s de la Delegaci\u00f3 del MEC, la preocupaci\u00f3 de l&#8217;Ajuntament i la pressi\u00f3 dels pares van contribuir a l&#8217;accelerada obertura.<br \/>\nEn la hist\u00f2ria d&#8217;aquests anys de la nostra escola es diferencien quatre per\u00edodes:<br \/>\n\u2022 Els inicis: caracteritzats per la massificaci\u00f3 de l&#8217;alumnat (fins 55 i 60 alumnes per classe), la demanda de nous espais, de professorat i d&#8217;infrastructura.<br \/>\n\u2022 Segon per\u00edode: correspon a la consolidaci\u00f3 del centre, ampliaci\u00f3 de les l\u00ednies d&#8217;ensenyament (P3), millora d&#8217;equipaments i creaci\u00f3 de l&#8217;AMPA.<br \/>\n\u2022 Tercer per\u00edode: es caracteritza per la preocupaci\u00f3 pedag\u00f2gica entorn els eixos de la conviv\u00e8ncia, la integraci\u00f3 i la consolidaci\u00f3 com a centre de prim\u00e0ria de dues l\u00ednies, aix\u00ed com la renovaci\u00f3 de molts elements estructurals i de serveis (teatre, aula d&#8217;inform\u00e0tica, de m\u00fasica, d&#8217;angl\u00e8s, telefonia interna&#8230;)<br \/>\n\u2022 Quart per\u00edode: Ampliaci\u00f3 a tres l\u00ednies, rehabilitaci\u00f3 de l\u2019edifici d\u2019Infantil i 1r (antiga escola B\u00f2biles), creaci\u00f3 de la USEE<br \/>\nL&#8217;escola, sempre sensible a les demandes educatives del barri, s&#8217;ha preocupat per la millora de la qualitat de l&#8217;ensenyament. L&#8217;estabilitat del professorat ha perm\u00e8s definir la l\u00ednia pedag\u00f2gica entorn a les idees de conviv\u00e8ncia, de toler\u00e0ncia i de formaci\u00f3 integral que es troben incloses al lema:<br \/>\n&#8220;La uni\u00f3 fa la for\u00e7a i la diversitat, la riquesa.&#8221;<\/p>\n<p><em>Qui \u00e9s qui d\u00f3na nom a la nostra escola?<\/em><\/p>\n<p><img loading=\"lazy\" decoding=\"async\" class=\"wp-image-390 size-full\" src=\"http:\/\/agora.xtec.cat\/ceip-menendezpidal-hospitalet\/wp-content\/uploads\/usu750\/2018\/03\/Ram\u00f3n_Men\u00e9ndez_Pidal_01.jpg\" alt=\"\" width=\"220\" height=\"287\" \/><\/p>\n<p><b>Ram\u00f3n Men\u00e9ndez Pidal<\/b>\u00a0(La Coru\u00f1a,\u00a013 de mar\u00e7 de\u00a01869-Madrid,\u00a014 de novembre\u00a0de\u00a01968) va ser un fil\u00f2leg,\u00a0historiador,\u00a0folclorista i medievalista\u00a0espanyol. Creador de\u00a0l&#8217;escola filol\u00f2gica espanyola i membre\u00a0de la\u00a0generaci\u00f3 del 98.\u00a0 \u00a0<a href=\"https:\/\/es.wikipedia.org\/wiki\/Ram%C3%B3n_Men%C3%A9ndez_Pidal\" target=\"_blank\" rel=\"noopener noreferrer\">Llegir m\u00e9s<\/a><\/p>\n<p>&nbsp;<\/p>\n","protected":false},"excerpt":{"rendered":"<p>L\u2019escola Men\u00e9ndez Pidal es va inaugurar en el mes de\u00a0juliol de 1970, de forma precipitada a conseq\u00fc\u00e8ncia de l&#8217;expansi\u00f3 constructiva de la llei d&#8217;Educaci\u00f3. L&#8217;inter\u00e8s de la Delegaci\u00f3 del MEC, la preocupaci\u00f3 de l&#8217;Ajuntament i la pressi\u00f3 dels pares van contribuir a l&#8217;accelerada obertura. En la hist\u00f2ria d&#8217;aquests anys de la nostra escola es diferencien [&hellip;]<\/p>\n","protected":false},"author":1,"featured_media":0,"parent":22,"menu_order":20,"comment_status":"closed","ping_status":"closed","template":"page-templates\/side-menu.php","meta":{"_bbp_topic_count":0,"_bbp_reply_count":0,"_bbp_total_topic_count":0,"_bbp_total_reply_count":0,"_bbp_voice_count":0,"_bbp_anonymous_reply_count":0,"_bbp_topic_count_hidden":0,"_bbp_reply_count_hidden":0,"_bbp_forum_subforum_count":0,"site-sidebar-layout":"default","site-content-layout":"","ast-site-content-layout":"","site-content-style":"default","site-sidebar-style":"default","ast-global-header-display":"","ast-banner-title-visibility":"","ast-main-header-display":"","ast-hfb-above-header-display":"","ast-hfb-below-header-display":"","ast-hfb-mobile-header-display":"","site-post-title":"","ast-breadcrumbs-content":"","ast-featured-img":"","footer-sml-layout":"","theme-transparent-header-meta":"","adv-header-id-meta":"","stick-header-meta":"","header-above-stick-meta":"","header-main-stick-meta":"","header-below-stick-meta":"","astra-migrate-meta-layouts":"default","ast-page-background-enabled":"default","ast-page-background-meta":{"desktop":{"background-color":"var(--ast-global-color-4)","background-image":"","background-repeat":"repeat","background-position":"center center","background-size":"auto","background-attachment":"scroll","background-type":"","background-media":"","overlay-type":"","overlay-color":"","overlay-opacity":"","overlay-gradient":""},"tablet":{"background-color":"","background-image":"","background-repeat":"repeat","background-position":"center center","background-size":"auto","background-attachment":"scroll","background-type":"","background-media":"","overlay-type":"","overlay-color":"","overlay-opacity":"","overlay-gradient":""},"mobile":{"background-color":"","background-image":"","background-repeat":"repeat","background-position":"center center","background-size":"auto","background-attachment":"scroll","background-type":"","background-media":"","overlay-type":"","overlay-color":"","overlay-opacity":"","overlay-gradient":""}},"ast-content-background-meta":{"desktop":{"background-color":"var(--ast-global-color-5)","background-image":"","background-repeat":"repeat","background-position":"center center","background-size":"auto","background-attachment":"scroll","background-type":"","background-media":"","overlay-type":"","overlay-color":"","overlay-opacity":"","overlay-gradient":""},"tablet":{"background-color":"var(--ast-global-color-5)","background-image":"","background-repeat":"repeat","background-position":"center center","background-size":"auto","background-attachment":"scroll","background-type":"","background-media":"","overlay-type":"","overlay-color":"","overlay-opacity":"","overlay-gradient":""},"mobile":{"background-color":"var(--ast-global-color-5)","background-image":"","background-repeat":"repeat","background-position":"center center","background-size":"auto","background-attachment":"scroll","background-type":"","background-media":"","overlay-type":"","overlay-color":"","overlay-opacity":"","overlay-gradient":""}},"footnotes":""},"class_list":["post-26","page","type-page","status-publish","hentry"],"post_mailing_queue_ids":[],"_links":{"self":[{"href":"https:\/\/agora.xtec.cat\/ceip-menendezpidal-hospitalet\/wp-json\/wp\/v2\/pages\/26","targetHints":{"allow":["GET"]}}],"collection":[{"href":"https:\/\/agora.xtec.cat\/ceip-menendezpidal-hospitalet\/wp-json\/wp\/v2\/pages"}],"about":[{"href":"https:\/\/agora.xtec.cat\/ceip-menendezpidal-hospitalet\/wp-json\/wp\/v2\/types\/page"}],"author":[{"embeddable":true,"href":"https:\/\/agora.xtec.cat\/ceip-menendezpidal-hospitalet\/wp-json\/wp\/v2\/users\/1"}],"replies":[{"embeddable":true,"href":"https:\/\/agora.xtec.cat\/ceip-menendezpidal-hospitalet\/wp-json\/wp\/v2\/comments?post=26"}],"version-history":[{"count":3,"href":"https:\/\/agora.xtec.cat\/ceip-menendezpidal-hospitalet\/wp-json\/wp\/v2\/pages\/26\/revisions"}],"predecessor-version":[{"id":393,"href":"https:\/\/agora.xtec.cat\/ceip-menendezpidal-hospitalet\/wp-json\/wp\/v2\/pages\/26\/revisions\/393"}],"up":[{"embeddable":true,"href":"https:\/\/agora.xtec.cat\/ceip-menendezpidal-hospitalet\/wp-json\/wp\/v2\/pages\/22"}],"wp:attachment":[{"href":"https:\/\/agora.xtec.cat\/ceip-menendezpidal-hospitalet\/wp-json\/wp\/v2\/media?parent=26"}],"curies":[{"name":"wp","href":"https:\/\/api.w.org\/{rel}","templated":true}]}}