{"id":24,"date":"2014-09-18T12:23:15","date_gmt":"2014-09-18T11:23:15","guid":{"rendered":"http:\/\/agora.xtec.cat\/ceip-menendezpidal-hospitalet\/?page_id=24"},"modified":"2018-11-13T18:47:54","modified_gmt":"2018-11-13T17:47:54","slug":"on-som","status":"publish","type":"page","link":"https:\/\/agora.xtec.cat\/ceip-menendezpidal-hospitalet\/lescola\/on-som\/","title":{"rendered":"On som i com arribar"},"content":{"rendered":"<p style=\"color: #666666;\">La nostra escola e<span style=\"font-family: inherit; font-size: 1em;\">st\u00e0 ubicada al barri de la Florida, a\u00a0 l&#8217;Hospitalet de Llobregat.<\/span><\/p>\n<p style=\"color: #666666;\">Podeu arribar amb:<\/p>\n<ul>\n<li>Metro L\u00ednia 5. Parada Pubilla Casas<img loading=\"lazy\" decoding=\"async\" class=\"wp-image-809 alignright\" style=\"color: #666666;\" src=\"https:\/\/agora.xtec.cat\/ceip-menendezpidal-hospitalet\/wp-content\/uploads\/usu750\/2018\/11\/school-bus-1024x504.jpg\" alt=\"\" width=\"335\" height=\"165\" \/><\/li>\n<li style=\"color: #666666;\">Metro L\u00ednia 1. Parada Florida<\/li>\n<li style=\"color: #666666;\">TRAMBAIX. Parada Ernest Lluch<\/li>\n<li style=\"color: #666666;\">Autobusos L14 &#8211; L16 &#8211; LH1 &#8211; LH2<\/li>\n<\/ul>\n<p>&nbsp;<\/p>\n<p style=\"color: #666666;\"><strong>Escola Men\u00e9ndez Pidal<\/strong><br \/>\nC\/ Pedraforca 31-51<br \/>\n08905 L&#8217;Hospitalet<\/p>\n<p>Tel. 93 440 48 11 (Edifici principal)<br \/>\nTel. 93 440 79 75 (Infantil i 1r)<\/p>\n<p>a8018066@xtec.cat<\/p>\n<p>&nbsp;<\/p>\n<p>&nbsp;<\/p>\n<p><a href=\"https:\/\/www.google.com\/maps\/place\/Men%C3%A9ndez+Pidal+Public+School\/@41.372991,2.110828,16z\/data=!4m5!3m4!1s0x0:0x98d2fd1a85d63d0!8m2!3d41.372991!4d2.1108278?hl=ca\" target=\"_blank\" rel=\"noopener noreferrer\">MAPA<\/a><\/p>\n","protected":false},"excerpt":{"rendered":"<p>La nostra escola est\u00e0 ubicada al barri de la Florida, a\u00a0 l&#8217;Hospitalet de Llobregat. Podeu arribar amb: Metro L\u00ednia 5. Parada Pubilla Casas Metro L\u00ednia 1. Parada Florida TRAMBAIX. Parada Ernest Lluch Autobusos L14 &#8211; L16 &#8211; LH1 &#8211; LH2 &nbsp; Escola Men\u00e9ndez Pidal C\/ Pedraforca 31-51 08905 L&#8217;Hospitalet Tel. 93 440 48 11 (Edifici [&hellip;]<\/p>\n","protected":false},"author":1,"featured_media":0,"parent":22,"menu_order":10,"comment_status":"closed","ping_status":"closed","template":"page-templates\/side-menu.php","meta":{"_bbp_topic_count":0,"_bbp_reply_count":0,"_bbp_total_topic_count":0,"_bbp_total_reply_count":0,"_bbp_voice_count":0,"_bbp_anonymous_reply_count":0,"_bbp_topic_count_hidden":0,"_bbp_reply_count_hidden":0,"_bbp_forum_subforum_count":0,"site-sidebar-layout":"default","site-content-layout":"","ast-site-content-layout":"","site-content-style":"default","site-sidebar-style":"default","ast-global-header-display":"","ast-banner-title-visibility":"","ast-main-header-display":"","ast-hfb-above-header-display":"","ast-hfb-below-header-display":"","ast-hfb-mobile-header-display":"","site-post-title":"","ast-breadcrumbs-content":"","ast-featured-img":"","footer-sml-layout":"","theme-transparent-header-meta":"","adv-header-id-meta":"","stick-header-meta":"","header-above-stick-meta":"","header-main-stick-meta":"","header-below-stick-meta":"","astra-migrate-meta-layouts":"default","ast-page-background-enabled":"default","ast-page-background-meta":{"desktop":{"background-color":"var(--ast-global-color-4)","background-image":"","background-repeat":"repeat","background-position":"center center","background-size":"auto","background-attachment":"scroll","background-type":"","background-media":"","overlay-type":"","overlay-color":"","overlay-opacity":"","overlay-gradient":""},"tablet":{"background-color":"","background-image":"","background-repeat":"repeat","background-position":"center center","background-size":"auto","background-attachment":"scroll","background-type":"","background-media":"","overlay-type":"","overlay-color":"","overlay-opacity":"","overlay-gradient":""},"mobile":{"background-color":"","background-image":"","background-repeat":"repeat","background-position":"center center","background-size":"auto","background-attachment":"scroll","background-type":"","background-media":"","overlay-type":"","overlay-color":"","overlay-opacity":"","overlay-gradient":""}},"ast-content-background-meta":{"desktop":{"background-color":"var(--ast-global-color-5)","background-image":"","background-repeat":"repeat","background-position":"center center","background-size":"auto","background-attachment":"scroll","background-type":"","background-media":"","overlay-type":"","overlay-color":"","overlay-opacity":"","overlay-gradient":""},"tablet":{"background-color":"var(--ast-global-color-5)","background-image":"","background-repeat":"repeat","background-position":"center center","background-size":"auto","background-attachment":"scroll","background-type":"","background-media":"","overlay-type":"","overlay-color":"","overlay-opacity":"","overlay-gradient":""},"mobile":{"background-color":"var(--ast-global-color-5)","background-image":"","background-repeat":"repeat","background-position":"center center","background-size":"auto","background-attachment":"scroll","background-type":"","background-media":"","overlay-type":"","overlay-color":"","overlay-opacity":"","overlay-gradient":""}},"footnotes":""},"class_list":["post-24","page","type-page","status-publish","hentry"],"post_mailing_queue_ids":[],"_links":{"self":[{"href":"https:\/\/agora.xtec.cat\/ceip-menendezpidal-hospitalet\/wp-json\/wp\/v2\/pages\/24","targetHints":{"allow":["GET"]}}],"collection":[{"href":"https:\/\/agora.xtec.cat\/ceip-menendezpidal-hospitalet\/wp-json\/wp\/v2\/pages"}],"about":[{"href":"https:\/\/agora.xtec.cat\/ceip-menendezpidal-hospitalet\/wp-json\/wp\/v2\/types\/page"}],"author":[{"embeddable":true,"href":"https:\/\/agora.xtec.cat\/ceip-menendezpidal-hospitalet\/wp-json\/wp\/v2\/users\/1"}],"replies":[{"embeddable":true,"href":"https:\/\/agora.xtec.cat\/ceip-menendezpidal-hospitalet\/wp-json\/wp\/v2\/comments?post=24"}],"version-history":[{"count":4,"href":"https:\/\/agora.xtec.cat\/ceip-menendezpidal-hospitalet\/wp-json\/wp\/v2\/pages\/24\/revisions"}],"predecessor-version":[{"id":810,"href":"https:\/\/agora.xtec.cat\/ceip-menendezpidal-hospitalet\/wp-json\/wp\/v2\/pages\/24\/revisions\/810"}],"up":[{"embeddable":true,"href":"https:\/\/agora.xtec.cat\/ceip-menendezpidal-hospitalet\/wp-json\/wp\/v2\/pages\/22"}],"wp:attachment":[{"href":"https:\/\/agora.xtec.cat\/ceip-menendezpidal-hospitalet\/wp-json\/wp\/v2\/media?parent=24"}],"curies":[{"name":"wp","href":"https:\/\/api.w.org\/{rel}","templated":true}]}}