{"id":18655,"date":"2021-03-13T21:20:42","date_gmt":"2021-03-13T20:20:42","guid":{"rendered":"http:\/\/agora.xtec.cat\/ceip-menendezpidal-hospitalet\/?page_id=18655"},"modified":"2021-03-13T22:01:58","modified_gmt":"2021-03-13T21:01:58","slug":"projecte-de-convivencia-2","status":"publish","type":"page","link":"https:\/\/agora.xtec.cat\/ceip-menendezpidal-hospitalet\/projecte-educatiu\/projecte-de-convivencia-2\/","title":{"rendered":"Projecte de conviv\u00e8ncia"},"content":{"rendered":"<p><a href=\"https:\/\/agora.xtec.cat\/ceip-menendezpidal-hospitalet\/wp-content\/uploads\/usu750\/2021\/03\/Projecte-conviv\u00e8ncia-per-la-web.pdf\" target=\"_blank\" rel=\"noopener noreferrer\"><img loading=\"lazy\" decoding=\"async\" class=\"alignright wp-image-18659\" style=\"text-align: justify;\" src=\"https:\/\/agora.xtec.cat\/ceip-menendezpidal-hospitalet\/wp-content\/uploads\/usu750\/2021\/03\/Portada-Projecte-conviv\u00e8ncia.jpg\" alt=\"\" width=\"216\" height=\"305\" srcset=\"https:\/\/agora.xtec.cat\/ceip-menendezpidal-hospitalet\/wp-content\/uploads\/usu750\/2021\/03\/Portada-Projecte-conviv\u00e8ncia.jpg 576w, https:\/\/agora.xtec.cat\/ceip-menendezpidal-hospitalet\/wp-content\/uploads\/usu750\/2021\/03\/Portada-Projecte-conviv\u00e8ncia-213x300.jpg 213w\" sizes=\"auto, (max-width: 216px) 100vw, 216px\" \/><\/a><\/p>\n<p style=\"text-align: justify;\">Un bon clima de conviv\u00e8ncia \u00e9s necessari per a qu\u00e8 la tasca dels docents i l\u2019aprofitament de l\u2019alumnat tinguin resultats efectius i es realitzin en les millors condicions.<\/p>\n<p style=\"text-align: justify;\">Quan parlem de conviv\u00e8ncia no nom\u00e9s fem refer\u00e8ncia a <span style=\"font-family: inherit; font-size: 1em; text-align: justify;\">limitar la mala conducta o els problemes de disciplina, sin\u00f3 que estem pensant en un projecte global d\u2019organitzaci\u00f3 del centre i de les nostres aules, des de la perspectiva d\u2019un tractament educatiu<\/span><span style=\"font-family: inherit; font-size: 1em;\">\u00a0del conflicte i de la pr\u00f2pia gesti\u00f3 de les emocions, aix\u00ed com de la implicaci\u00f3 de tots els recursos humans dels que el centre disposa (professorat, pares i mares, alumnes, professionals d\u2019altres entitats\u2026).<\/span><\/p>\n<p style=\"text-align: justify;\">Amb aquest document pretenem identificar les pr\u00f2pies emocions i poder planificar mesures de prevenci\u00f3 de conflictes i la seva gesti\u00f3, ja que al nostre centre \u00e9s una de les prioritats pel que fa a la conviv\u00e8ncia.<\/p>\n","protected":false},"excerpt":{"rendered":"<p>Un bon clima de conviv\u00e8ncia \u00e9s necessari per a qu\u00e8 la tasca dels docents i l\u2019aprofitament de l\u2019alumnat tinguin resultats efectius i es realitzin en les millors condicions. Quan parlem de conviv\u00e8ncia no nom\u00e9s fem refer\u00e8ncia a limitar la mala conducta o els problemes de disciplina, sin\u00f3 que estem pensant en un projecte global d\u2019organitzaci\u00f3 [&hellip;]<\/p>\n","protected":false},"author":1,"featured_media":0,"parent":64,"menu_order":0,"comment_status":"closed","ping_status":"closed","template":"","meta":{"_bbp_topic_count":0,"_bbp_reply_count":0,"_bbp_total_topic_count":0,"_bbp_total_reply_count":0,"_bbp_voice_count":0,"_bbp_anonymous_reply_count":0,"_bbp_topic_count_hidden":0,"_bbp_reply_count_hidden":0,"_bbp_forum_subforum_count":0,"site-sidebar-layout":"default","site-content-layout":"","ast-site-content-layout":"","site-content-style":"default","site-sidebar-style":"default","ast-global-header-display":"","ast-banner-title-visibility":"","ast-main-header-display":"","ast-hfb-above-header-display":"","ast-hfb-below-header-display":"","ast-hfb-mobile-header-display":"","site-post-title":"","ast-breadcrumbs-content":"","ast-featured-img":"","footer-sml-layout":"","theme-transparent-header-meta":"","adv-header-id-meta":"","stick-header-meta":"","header-above-stick-meta":"","header-main-stick-meta":"","header-below-stick-meta":"","astra-migrate-meta-layouts":"default","ast-page-background-enabled":"default","ast-page-background-meta":{"desktop":{"background-color":"var(--ast-global-color-4)","background-image":"","background-repeat":"repeat","background-position":"center center","background-size":"auto","background-attachment":"scroll","background-type":"","background-media":"","overlay-type":"","overlay-color":"","overlay-opacity":"","overlay-gradient":""},"tablet":{"background-color":"","background-image":"","background-repeat":"repeat","background-position":"center center","background-size":"auto","background-attachment":"scroll","background-type":"","background-media":"","overlay-type":"","overlay-color":"","overlay-opacity":"","overlay-gradient":""},"mobile":{"background-color":"","background-image":"","background-repeat":"repeat","background-position":"center center","background-size":"auto","background-attachment":"scroll","background-type":"","background-media":"","overlay-type":"","overlay-color":"","overlay-opacity":"","overlay-gradient":""}},"ast-content-background-meta":{"desktop":{"background-color":"var(--ast-global-color-5)","background-image":"","background-repeat":"repeat","background-position":"center center","background-size":"auto","background-attachment":"scroll","background-type":"","background-media":"","overlay-type":"","overlay-color":"","overlay-opacity":"","overlay-gradient":""},"tablet":{"background-color":"var(--ast-global-color-5)","background-image":"","background-repeat":"repeat","background-position":"center center","background-size":"auto","background-attachment":"scroll","background-type":"","background-media":"","overlay-type":"","overlay-color":"","overlay-opacity":"","overlay-gradient":""},"mobile":{"background-color":"var(--ast-global-color-5)","background-image":"","background-repeat":"repeat","background-position":"center center","background-size":"auto","background-attachment":"scroll","background-type":"","background-media":"","overlay-type":"","overlay-color":"","overlay-opacity":"","overlay-gradient":""}},"footnotes":""},"class_list":["post-18655","page","type-page","status-publish","hentry"],"post_mailing_queue_ids":[],"_links":{"self":[{"href":"https:\/\/agora.xtec.cat\/ceip-menendezpidal-hospitalet\/wp-json\/wp\/v2\/pages\/18655","targetHints":{"allow":["GET"]}}],"collection":[{"href":"https:\/\/agora.xtec.cat\/ceip-menendezpidal-hospitalet\/wp-json\/wp\/v2\/pages"}],"about":[{"href":"https:\/\/agora.xtec.cat\/ceip-menendezpidal-hospitalet\/wp-json\/wp\/v2\/types\/page"}],"author":[{"embeddable":true,"href":"https:\/\/agora.xtec.cat\/ceip-menendezpidal-hospitalet\/wp-json\/wp\/v2\/users\/1"}],"replies":[{"embeddable":true,"href":"https:\/\/agora.xtec.cat\/ceip-menendezpidal-hospitalet\/wp-json\/wp\/v2\/comments?post=18655"}],"version-history":[{"count":3,"href":"https:\/\/agora.xtec.cat\/ceip-menendezpidal-hospitalet\/wp-json\/wp\/v2\/pages\/18655\/revisions"}],"predecessor-version":[{"id":18662,"href":"https:\/\/agora.xtec.cat\/ceip-menendezpidal-hospitalet\/wp-json\/wp\/v2\/pages\/18655\/revisions\/18662"}],"up":[{"embeddable":true,"href":"https:\/\/agora.xtec.cat\/ceip-menendezpidal-hospitalet\/wp-json\/wp\/v2\/pages\/64"}],"wp:attachment":[{"href":"https:\/\/agora.xtec.cat\/ceip-menendezpidal-hospitalet\/wp-json\/wp\/v2\/media?parent=18655"}],"curies":[{"name":"wp","href":"https:\/\/api.w.org\/{rel}","templated":true}]}}