{"id":15998,"date":"2019-01-28T16:30:17","date_gmt":"2019-01-28T15:30:17","guid":{"rendered":"http:\/\/agora.xtec.cat\/ceip-menendezpidal-hospitalet\/?page_id=15998"},"modified":"2019-01-30T16:18:06","modified_gmt":"2019-01-30T15:18:06","slug":"fruita-a-lescola","status":"publish","type":"page","link":"https:\/\/agora.xtec.cat\/ceip-menendezpidal-hospitalet\/fruita-a-lescola\/","title":{"rendered":"Fruita a l&#8217;escola"},"content":{"rendered":"<p style=\"text-align: justify;\">El Pla de consum de fruita a les escoles que financen la Uni\u00f3 Europea i la Generalitat de Catalunya (Departament d\u2019Agricultura, Ramaderia, Pesca i Alimentaci\u00f3), consisteix en el lliurament gratu\u00eft de fruita i hortalisses als centres educatius que participen en el Programa per incrementar a curt i llarg termini el consum de fruita i refor\u00e7ar l\u2019adquisici\u00f3 d\u2019h\u00e0bits alimentaris saludables.<\/p>\n<p style=\"text-align: justify;\">L\u2019objectiu \u00e9s promoure que els escolars coneguin i apreci\u00efn les propietats que tenen les fruites i hortalisses i la seva import\u00e0ncia dins de la dieta. Paral\u00b7lelament, es realitzen activitats que treballin h\u00e0bits de consum i\/o propietats de fruites i hortalisses com ara textura, sabor, color, etc.<\/p>\n<p style=\"text-align: justify;\">La nostra escola aquest curs torna a participar en el Pla de consum de fruita a les escoles. Es distribueix, durant una setmana al mes, una pe\u00e7a de fruita als alumnes de 1r a 4t.<\/p>\n<p style=\"text-align: justify;\">A part d&#8217;aquest projecte, des de l&#8217;any 2004, i per tal de disminuir el consum de brioxeria industrial, es va instaurar el <strong><span style=\"text-decoration: underline;\">dimecres com a dia de la fruita<\/span><\/strong>, i tots els alumnes han de portar una pe\u00e7a de fruita per esmor\u00e7ar.<a href=\"https:\/\/www.youtube.com\/watch?v=3pVMSkf9CV4\" target=\"_blank\" rel=\"noopener\"><img loading=\"lazy\" decoding=\"async\" class=\"wp-image-16001 aligncenter\" src=\"https:\/\/agora.xtec.cat\/ceip-menendezpidal-hospitalet\/wp-content\/uploads\/usu750\/2019\/01\/cartell-programa-consum-fruita-hortalisses-escoles-unio-europea-003.jpg\" alt=\"\" width=\"290\" height=\"410\" srcset=\"https:\/\/agora.xtec.cat\/ceip-menendezpidal-hospitalet\/wp-content\/uploads\/usu750\/2019\/01\/cartell-programa-consum-fruita-hortalisses-escoles-unio-europea-003.jpg 250w, https:\/\/agora.xtec.cat\/ceip-menendezpidal-hospitalet\/wp-content\/uploads\/usu750\/2019\/01\/cartell-programa-consum-fruita-hortalisses-escoles-unio-europea-003-212x300.jpg 212w\" sizes=\"auto, (max-width: 290px) 100vw, 290px\" \/><\/a><\/p>\n","protected":false},"excerpt":{"rendered":"<p>El Pla de consum de fruita a les escoles que financen la Uni\u00f3 Europea i la Generalitat de Catalunya (Departament d\u2019Agricultura, Ramaderia, Pesca i Alimentaci\u00f3), consisteix en el lliurament gratu\u00eft de fruita i hortalisses als centres educatius que participen en el Programa per incrementar a curt i llarg termini el consum de fruita i refor\u00e7ar [&hellip;]<\/p>\n","protected":false},"author":1,"featured_media":0,"parent":0,"menu_order":0,"comment_status":"closed","ping_status":"closed","template":"","meta":{"_bbp_topic_count":0,"_bbp_reply_count":0,"_bbp_total_topic_count":0,"_bbp_total_reply_count":0,"_bbp_voice_count":0,"_bbp_anonymous_reply_count":0,"_bbp_topic_count_hidden":0,"_bbp_reply_count_hidden":0,"_bbp_forum_subforum_count":0,"site-sidebar-layout":"default","site-content-layout":"","ast-site-content-layout":"","site-content-style":"default","site-sidebar-style":"default","ast-global-header-display":"","ast-banner-title-visibility":"","ast-main-header-display":"","ast-hfb-above-header-display":"","ast-hfb-below-header-display":"","ast-hfb-mobile-header-display":"","site-post-title":"","ast-breadcrumbs-content":"","ast-featured-img":"","footer-sml-layout":"","theme-transparent-header-meta":"","adv-header-id-meta":"","stick-header-meta":"","header-above-stick-meta":"","header-main-stick-meta":"","header-below-stick-meta":"","astra-migrate-meta-layouts":"default","ast-page-background-enabled":"default","ast-page-background-meta":{"desktop":{"background-color":"var(--ast-global-color-4)","background-image":"","background-repeat":"repeat","background-position":"center center","background-size":"auto","background-attachment":"scroll","background-type":"","background-media":"","overlay-type":"","overlay-color":"","overlay-opacity":"","overlay-gradient":""},"tablet":{"background-color":"","background-image":"","background-repeat":"repeat","background-position":"center center","background-size":"auto","background-attachment":"scroll","background-type":"","background-media":"","overlay-type":"","overlay-color":"","overlay-opacity":"","overlay-gradient":""},"mobile":{"background-color":"","background-image":"","background-repeat":"repeat","background-position":"center center","background-size":"auto","background-attachment":"scroll","background-type":"","background-media":"","overlay-type":"","overlay-color":"","overlay-opacity":"","overlay-gradient":""}},"ast-content-background-meta":{"desktop":{"background-color":"var(--ast-global-color-5)","background-image":"","background-repeat":"repeat","background-position":"center center","background-size":"auto","background-attachment":"scroll","background-type":"","background-media":"","overlay-type":"","overlay-color":"","overlay-opacity":"","overlay-gradient":""},"tablet":{"background-color":"var(--ast-global-color-5)","background-image":"","background-repeat":"repeat","background-position":"center center","background-size":"auto","background-attachment":"scroll","background-type":"","background-media":"","overlay-type":"","overlay-color":"","overlay-opacity":"","overlay-gradient":""},"mobile":{"background-color":"var(--ast-global-color-5)","background-image":"","background-repeat":"repeat","background-position":"center center","background-size":"auto","background-attachment":"scroll","background-type":"","background-media":"","overlay-type":"","overlay-color":"","overlay-opacity":"","overlay-gradient":""}},"footnotes":""},"class_list":["post-15998","page","type-page","status-publish","hentry"],"post_mailing_queue_ids":[],"_links":{"self":[{"href":"https:\/\/agora.xtec.cat\/ceip-menendezpidal-hospitalet\/wp-json\/wp\/v2\/pages\/15998","targetHints":{"allow":["GET"]}}],"collection":[{"href":"https:\/\/agora.xtec.cat\/ceip-menendezpidal-hospitalet\/wp-json\/wp\/v2\/pages"}],"about":[{"href":"https:\/\/agora.xtec.cat\/ceip-menendezpidal-hospitalet\/wp-json\/wp\/v2\/types\/page"}],"author":[{"embeddable":true,"href":"https:\/\/agora.xtec.cat\/ceip-menendezpidal-hospitalet\/wp-json\/wp\/v2\/users\/1"}],"replies":[{"embeddable":true,"href":"https:\/\/agora.xtec.cat\/ceip-menendezpidal-hospitalet\/wp-json\/wp\/v2\/comments?post=15998"}],"version-history":[{"count":3,"href":"https:\/\/agora.xtec.cat\/ceip-menendezpidal-hospitalet\/wp-json\/wp\/v2\/pages\/15998\/revisions"}],"predecessor-version":[{"id":16095,"href":"https:\/\/agora.xtec.cat\/ceip-menendezpidal-hospitalet\/wp-json\/wp\/v2\/pages\/15998\/revisions\/16095"}],"wp:attachment":[{"href":"https:\/\/agora.xtec.cat\/ceip-menendezpidal-hospitalet\/wp-json\/wp\/v2\/media?parent=15998"}],"curies":[{"name":"wp","href":"https:\/\/api.w.org\/{rel}","templated":true}]}}