{"id":15976,"date":"2019-01-27T20:00:00","date_gmt":"2019-01-27T19:00:00","guid":{"rendered":"http:\/\/agora.xtec.cat\/ceip-menendezpidal-hospitalet\/?page_id=15976"},"modified":"2024-05-31T20:08:36","modified_gmt":"2024-05-31T18:08:36","slug":"nofc","status":"publish","type":"page","link":"https:\/\/agora.xtec.cat\/ceip-menendezpidal-hospitalet\/projecte-educatiu\/nofc\/","title":{"rendered":"NOFC"},"content":{"rendered":"<ul>\n<li><strong>Qu\u00e8 s\u00f3n les NOFC?<\/strong><\/li>\n<\/ul>\n<p>Les Normes d\u2019Organitzaci\u00f3 i Funcionament de Centre (NOFC) s\u00f3n un conjunt d\u2019acords i decisions d\u2019organitzaci\u00f3 i funcionament que s\u2019hi adopten per fer possible, en el dia a dia, el treball educatiu i de gesti\u00f3 que permeti assolir els objectius proposats en el PEC i en\u00a0 la Programaci\u00f3 General Anual (document que concreta, a partir del Projecte Educatiu de Centre, les actuacions concretes per a cada curs).<\/p>\n<p>Les NOFC regulen aspectes en relaci\u00f3 a:<\/p>\n<ul>\n<li>els \u00f2rgans unipersonals i col\u00b7legiats<\/li>\n<li>l\u2019alumnat, el professorat, el PAS<\/li>\n<li>l\u2019organitzaci\u00f3 de les activitats del centre<\/li>\n<li>el recinte escolar<\/li>\n<li>el suport burocr\u00e0tic<\/li>\n<\/ul>\n<p>Les NOFC \u00e9s un document viu, \u00e9s a dir, es poden anar fent actualitzacions al llarg del curs.<\/p>\n<p><a href=\"https:\/\/agora.xtec.cat\/ceip-menendezpidal-hospitalet\/wp-content\/uploads\/usu750\/2019\/01\/1-Titol-Preliminar-i-Titol-I-NOFC-Men\u00e9ndez-Pidal.pdf\" target=\"_blank\" rel=\"noopener\">1 T\u00edtol Preliminar i T\u00edtol I Men\u00e9ndez Pidal : De l&#8217;organitzaci\u00f3 del centre<\/a><\/p>\n<p><a href=\"https:\/\/agora.xtec.cat\/ceip-menendezpidal-hospitalet\/wp-content\/uploads\/usu750\/2024\/05\/2-Titol-2-Cap-5-Els-alumnes-NOFC-Menendez-Pidalv2.pdf\" target=\"_blank\" rel=\"noopener\">2 T\u00edtol II Men\u00e9ndez Pidal: De la Comunitat Educativa<\/a><\/p>\n<p><a href=\"https:\/\/agora.xtec.cat\/ceip-menendezpidal-hospitalet\/wp-content\/uploads\/usu750\/2019\/01\/3-Titol-III-Menendez-Pidal.pdf\" target=\"_blank\" rel=\"noopener\">3 T\u00edtol III Menendez Pidal: De l&#8217;organitzaci\u00f3 docent<\/a><\/p>\n<p><a href=\"https:\/\/agora.xtec.cat\/ceip-menendezpidal-hospitalet\/wp-content\/uploads\/usu750\/2019\/01\/4-Titol-IV-Men\u00e9ndez-Pidal.-Del-proc\u00e8s-densenyament-aprenentatge.pdf\" target=\"_blank\" rel=\"noopener\">4 Titol IV Men\u00e9ndez Pidal: Del proc\u00e8s d&#8217;ensenyament aprenentatge<\/a><\/p>\n<p><a href=\"https:\/\/agora.xtec.cat\/ceip-menendezpidal-hospitalet\/wp-content\/uploads\/usu750\/2019\/01\/5-Titol-V-Men\u00e9ndez-Pidal-Dels-reglaments-espec\u00edfics.pdf\" target=\"_blank\" rel=\"noopener\">5 T\u00edtol V Men\u00e9ndez Pidal: Dels reglaments espec\u00edfics<\/a><\/p>\n","protected":false},"excerpt":{"rendered":"<p>Qu\u00e8 s\u00f3n les NOFC? Les Normes d\u2019Organitzaci\u00f3 i Funcionament de Centre (NOFC) s\u00f3n un conjunt d\u2019acords i decisions d\u2019organitzaci\u00f3 i funcionament que s\u2019hi adopten per fer possible, en el dia a dia, el treball educatiu i de gesti\u00f3 que permeti assolir els objectius proposats en el PEC i en\u00a0 la Programaci\u00f3 General Anual (document que [&hellip;]<\/p>\n","protected":false},"author":1,"featured_media":0,"parent":64,"menu_order":0,"comment_status":"closed","ping_status":"closed","template":"","meta":{"_bbp_topic_count":0,"_bbp_reply_count":0,"_bbp_total_topic_count":0,"_bbp_total_reply_count":0,"_bbp_voice_count":0,"_bbp_anonymous_reply_count":0,"_bbp_topic_count_hidden":0,"_bbp_reply_count_hidden":0,"_bbp_forum_subforum_count":0,"site-sidebar-layout":"default","site-content-layout":"","ast-site-content-layout":"","site-content-style":"default","site-sidebar-style":"default","ast-global-header-display":"","ast-banner-title-visibility":"","ast-main-header-display":"","ast-hfb-above-header-display":"","ast-hfb-below-header-display":"","ast-hfb-mobile-header-display":"","site-post-title":"","ast-breadcrumbs-content":"","ast-featured-img":"","footer-sml-layout":"","theme-transparent-header-meta":"","adv-header-id-meta":"","stick-header-meta":"","header-above-stick-meta":"","header-main-stick-meta":"","header-below-stick-meta":"","astra-migrate-meta-layouts":"default","ast-page-background-enabled":"default","ast-page-background-meta":{"desktop":{"background-color":"var(--ast-global-color-4)","background-image":"","background-repeat":"repeat","background-position":"center center","background-size":"auto","background-attachment":"scroll","background-type":"","background-media":"","overlay-type":"","overlay-color":"","overlay-opacity":"","overlay-gradient":""},"tablet":{"background-color":"","background-image":"","background-repeat":"repeat","background-position":"center center","background-size":"auto","background-attachment":"scroll","background-type":"","background-media":"","overlay-type":"","overlay-color":"","overlay-opacity":"","overlay-gradient":""},"mobile":{"background-color":"","background-image":"","background-repeat":"repeat","background-position":"center center","background-size":"auto","background-attachment":"scroll","background-type":"","background-media":"","overlay-type":"","overlay-color":"","overlay-opacity":"","overlay-gradient":""}},"ast-content-background-meta":{"desktop":{"background-color":"var(--ast-global-color-5)","background-image":"","background-repeat":"repeat","background-position":"center center","background-size":"auto","background-attachment":"scroll","background-type":"","background-media":"","overlay-type":"","overlay-color":"","overlay-opacity":"","overlay-gradient":""},"tablet":{"background-color":"var(--ast-global-color-5)","background-image":"","background-repeat":"repeat","background-position":"center center","background-size":"auto","background-attachment":"scroll","background-type":"","background-media":"","overlay-type":"","overlay-color":"","overlay-opacity":"","overlay-gradient":""},"mobile":{"background-color":"var(--ast-global-color-5)","background-image":"","background-repeat":"repeat","background-position":"center center","background-size":"auto","background-attachment":"scroll","background-type":"","background-media":"","overlay-type":"","overlay-color":"","overlay-opacity":"","overlay-gradient":""}},"footnotes":""},"class_list":["post-15976","page","type-page","status-publish","hentry"],"post_mailing_queue_ids":[],"_links":{"self":[{"href":"https:\/\/agora.xtec.cat\/ceip-menendezpidal-hospitalet\/wp-json\/wp\/v2\/pages\/15976","targetHints":{"allow":["GET"]}}],"collection":[{"href":"https:\/\/agora.xtec.cat\/ceip-menendezpidal-hospitalet\/wp-json\/wp\/v2\/pages"}],"about":[{"href":"https:\/\/agora.xtec.cat\/ceip-menendezpidal-hospitalet\/wp-json\/wp\/v2\/types\/page"}],"author":[{"embeddable":true,"href":"https:\/\/agora.xtec.cat\/ceip-menendezpidal-hospitalet\/wp-json\/wp\/v2\/users\/1"}],"replies":[{"embeddable":true,"href":"https:\/\/agora.xtec.cat\/ceip-menendezpidal-hospitalet\/wp-json\/wp\/v2\/comments?post=15976"}],"version-history":[{"count":4,"href":"https:\/\/agora.xtec.cat\/ceip-menendezpidal-hospitalet\/wp-json\/wp\/v2\/pages\/15976\/revisions"}],"predecessor-version":[{"id":22474,"href":"https:\/\/agora.xtec.cat\/ceip-menendezpidal-hospitalet\/wp-json\/wp\/v2\/pages\/15976\/revisions\/22474"}],"up":[{"embeddable":true,"href":"https:\/\/agora.xtec.cat\/ceip-menendezpidal-hospitalet\/wp-json\/wp\/v2\/pages\/64"}],"wp:attachment":[{"href":"https:\/\/agora.xtec.cat\/ceip-menendezpidal-hospitalet\/wp-json\/wp\/v2\/media?parent=15976"}],"curies":[{"name":"wp","href":"https:\/\/api.w.org\/{rel}","templated":true}]}}