{"id":9245,"date":"2019-04-01T15:59:17","date_gmt":"2019-04-01T13:59:17","guid":{"rendered":"http:\/\/agora.xtec.cat\/ceip-mediterrani-ampolla\/?page_id=9245"},"modified":"2026-01-15T17:36:50","modified_gmt":"2026-01-15T16:36:50","slug":"pga","status":"publish","type":"page","link":"https:\/\/agora.xtec.cat\/ceip-mediterrani-ampolla\/projecte-educatiu\/pga\/","title":{"rendered":"PGA"},"content":{"rendered":"<p><a href=\"https:\/\/agora.xtec.cat\/ceip-mediterrani-ampolla\/wp-content\/uploads\/usu328\/2026\/01\/PGA-Escola-Mediterrani-2025-2026.pdf\">Programaci\u00f3 General Anual 2025-2026<\/a><\/p>\n<p>Aquesta programaci\u00f3 desplega del projecte de direcci\u00f3 <strong>IMPICATS EN L&#8217;APRENENTATGE 24-28:<\/strong><\/p>\n<p><a href=\"https:\/\/agora.xtec.cat\/ceip-mediterrani-ampolla\/wp-content\/uploads\/usu328\/2026\/01\/Desplegament-Implicats-25-26.pdf\">Desplegament projecte IMPLICATS EN L&#8217;APRENENTATGE (Curs 25-26)<\/a><\/p>\n<p><a href=\"https:\/\/www.youtube.com\/watch?v=XpFQZLNWFGE\">V\u00eddeo metodologia d&#8217;escola<\/a><\/p>\n","protected":false},"excerpt":{"rendered":"<p>Programaci\u00f3 General Anual 2025-2026 Aquesta programaci\u00f3 desplega del projecte de direcci\u00f3 IMPICATS EN L&#8217;APRENENTATGE 24-28: Desplegament projecte IMPLICATS EN L&#8217;APRENENTATGE (Curs 25-26) V\u00eddeo metodologia d&#8217;escola<\/p>\n","protected":false},"author":1,"featured_media":0,"parent":64,"menu_order":30,"comment_status":"closed","ping_status":"closed","template":"","meta":{"_bbp_topic_count":0,"_bbp_reply_count":0,"_bbp_total_topic_count":0,"_bbp_total_reply_count":0,"_bbp_voice_count":0,"_bbp_anonymous_reply_count":0,"_bbp_topic_count_hidden":0,"_bbp_reply_count_hidden":0,"_bbp_forum_subforum_count":0,"site-sidebar-layout":"default","site-content-layout":"","ast-site-content-layout":"default","site-content-style":"default","site-sidebar-style":"default","ast-global-header-display":"","ast-banner-title-visibility":"","ast-main-header-display":"","ast-hfb-above-header-display":"","ast-hfb-below-header-display":"","ast-hfb-mobile-header-display":"","site-post-title":"","ast-breadcrumbs-content":"","ast-featured-img":"","footer-sml-layout":"","theme-transparent-header-meta":"default","adv-header-id-meta":"","stick-header-meta":"","header-above-stick-meta":"","header-main-stick-meta":"","header-below-stick-meta":"","astra-migrate-meta-layouts":"set","ast-page-background-enabled":"default","ast-page-background-meta":{"desktop":{"background-color":"var(--ast-global-color-4)","background-image":"","background-repeat":"repeat","background-position":"center center","background-size":"auto","background-attachment":"scroll","background-type":"","background-media":"","overlay-type":"","overlay-color":"","overlay-opacity":"","overlay-gradient":""},"tablet":{"background-color":"","background-image":"","background-repeat":"repeat","background-position":"center center","background-size":"auto","background-attachment":"scroll","background-type":"","background-media":"","overlay-type":"","overlay-color":"","overlay-opacity":"","overlay-gradient":""},"mobile":{"background-color":"","background-image":"","background-repeat":"repeat","background-position":"center center","background-size":"auto","background-attachment":"scroll","background-type":"","background-media":"","overlay-type":"","overlay-color":"","overlay-opacity":"","overlay-gradient":""}},"ast-content-background-meta":{"desktop":{"background-color":"var(--ast-global-color-5)","background-image":"","background-repeat":"repeat","background-position":"center center","background-size":"auto","background-attachment":"scroll","background-type":"","background-media":"","overlay-type":"","overlay-color":"","overlay-opacity":"","overlay-gradient":""},"tablet":{"background-color":"var(--ast-global-color-5)","background-image":"","background-repeat":"repeat","background-position":"center center","background-size":"auto","background-attachment":"scroll","background-type":"","background-media":"","overlay-type":"","overlay-color":"","overlay-opacity":"","overlay-gradient":""},"mobile":{"background-color":"var(--ast-global-color-5)","background-image":"","background-repeat":"repeat","background-position":"center center","background-size":"auto","background-attachment":"scroll","background-type":"","background-media":"","overlay-type":"","overlay-color":"","overlay-opacity":"","overlay-gradient":""}},"footnotes":""},"class_list":["post-9245","page","type-page","status-publish","hentry"],"post_mailing_queue_ids":[],"_links":{"self":[{"href":"https:\/\/agora.xtec.cat\/ceip-mediterrani-ampolla\/wp-json\/wp\/v2\/pages\/9245","targetHints":{"allow":["GET"]}}],"collection":[{"href":"https:\/\/agora.xtec.cat\/ceip-mediterrani-ampolla\/wp-json\/wp\/v2\/pages"}],"about":[{"href":"https:\/\/agora.xtec.cat\/ceip-mediterrani-ampolla\/wp-json\/wp\/v2\/types\/page"}],"author":[{"embeddable":true,"href":"https:\/\/agora.xtec.cat\/ceip-mediterrani-ampolla\/wp-json\/wp\/v2\/users\/1"}],"replies":[{"embeddable":true,"href":"https:\/\/agora.xtec.cat\/ceip-mediterrani-ampolla\/wp-json\/wp\/v2\/comments?post=9245"}],"version-history":[{"count":6,"href":"https:\/\/agora.xtec.cat\/ceip-mediterrani-ampolla\/wp-json\/wp\/v2\/pages\/9245\/revisions"}],"predecessor-version":[{"id":12896,"href":"https:\/\/agora.xtec.cat\/ceip-mediterrani-ampolla\/wp-json\/wp\/v2\/pages\/9245\/revisions\/12896"}],"up":[{"embeddable":true,"href":"https:\/\/agora.xtec.cat\/ceip-mediterrani-ampolla\/wp-json\/wp\/v2\/pages\/64"}],"wp:attachment":[{"href":"https:\/\/agora.xtec.cat\/ceip-mediterrani-ampolla\/wp-json\/wp\/v2\/media?parent=9245"}],"curies":[{"name":"wp","href":"https:\/\/api.w.org\/{rel}","templated":true}]}}