{"id":34,"date":"2014-09-18T12:32:18","date_gmt":"2014-09-18T11:32:18","guid":{"rendered":"http:\/\/agora.xtec.cat\/ceip-mediterrani-ampolla\/?page_id=34"},"modified":"2026-04-15T10:25:57","modified_gmt":"2026-04-15T08:25:57","slug":"oferta-educativa","status":"publish","type":"page","link":"https:\/\/agora.xtec.cat\/ceip-mediterrani-ampolla\/lescola\/oferta-educativa\/","title":{"rendered":"Oferta educativa &#8211; Preinscripci\u00f3 Escola Mediterrani"},"content":{"rendered":"<h2>PREINSCRIPCI\u00d3 2026-2027<\/h2>\n<ul>\n<li style=\"list-style-type: none;\">\n<div>La preinscripci\u00f3 \u00e9s el tr\u00e0mit que cal fer per ser adm\u00e8s per primera vegada en un centre sostingut amb fons p\u00fablics, i tamb\u00e9 quan es vol canviar de centre.<\/div>\n<\/li>\n<li>Del <strong>4 al 18 de mar\u00e7 de 2026 es podr\u00e0 fer la sol\u00b7licitud de preinscripci\u00f3<\/strong> als centres d&#8217;Educaci\u00f3 Infantil i Prim\u00e0ria per al curs 2026-2027.<\/li>\n<li>L&#8217;oferta inicial de places de l&#8217;Escola Mediterrani en data 3 de mar\u00e7 de 2026 \u00e9s la seg\u00fcent: <a href=\"https:\/\/agora.xtec.cat\/ceip-mediterrani-ampolla\/wp-content\/uploads\/usu328\/2026\/03\/INFORME_OFERTA_OME_INFORME_OFERTA_2026-27.pdf\"><span style=\"color: #800080;\"><span style=\"color: #3366ff;\">INFORME OFERTA INICIAL PLACES 2026-2027- Escola Mediterrani<\/span><\/span><\/a><\/li>\n<li>Accedeixen a segon cicle d&#8217;Educaci\u00f3 Infantil (I-3) nens i nenes nascuts al 2023, que durant l&#8217;any 2026 fan 3 anys.<\/li>\n<li>Totes les sol\u00b7licituds han de ser en <strong>format telem\u00e0tic<\/strong>, no hi ha possibilitat de fer full de preinscripci\u00f3 en format paper.<\/li>\n<li>Es pot fer la preinscripci\u00f3 amb 2 tipus de sol\u00b7licituds que trobareu a <span style=\"color: #3366ff;\"><a style=\"color: #3366ff;\" href=\"https:\/\/preinscripcio.gencat.cat\/ca\/inici\">https:\/\/preinscripcio.gencat.cat\/ca\/inici<\/a> <\/span>: electr\u00f2nica (amb identificaci\u00f3 digital) o suport inform\u00e0tic (sense identificaci\u00f3 digital).<\/li>\n<li>Us adjuntem un <span style=\"color: #3366ff;\"><a style=\"color: #3366ff;\" href=\"https:\/\/agora.xtec.cat\/ceip-mediterrani-ampolla\/wp-content\/uploads\/usu328\/2026\/02\/Info-Preinscripcio-escolar-electronica-26-27.pdf\">document de preinscripci\u00f3 del curs 26-27<\/a>\u00a0<\/span>amb la informaci\u00f3 necess\u00e0ria per omplir la sol\u00b7licitud per a la nostra escola i els documents que s&#8217;hauran d&#8217;adjuntar.<\/li>\n<li><span style=\"color: #800080;\"><a href=\"https:\/\/agora.xtec.cat\/ceip-mediterrani-ampolla\/wp-content\/uploads\/usu328\/2026\/04\/20260415_INFORME_BAREM_PROVISIONAL_BAREM.pdf\">INFORME_BAREM_PROVISIONAL_15 d&#8217;abril 2026<\/a><\/span><\/li>\n<li><span style=\"color: #800080;\">INFORME BAREM DEFINITIU (previsi\u00f3 maig 2026)<\/span><\/li>\n<\/ul>\n<div>\n<table style=\"border-collapse: collapse; width: 65.924%; height: 440px;\">\n<tbody>\n<tr style=\"height: 370px;\">\n<td style=\"width: 100%; border-style: solid; border-color: #000000; height: 370px;\">Portes Obertes per veure l&#8217;escola: <strong>dijous 12 de mar\u00e7 de 2026, a les 15:20h Fam\u00edlies d&#8217;alumnat que far\u00e0 I3 el curs 26-27 i a les 16:15h altres fam\u00edlies (amb cita pr\u00e8via: 977460151)<\/strong>\u00a0\n<div>\u00a0 \u00a0 \u00a0 <img loading=\"lazy\" decoding=\"async\" class=\"alignnone\" src=\"https:\/\/agora.xtec.cat\/ceip-mediterrani-ampolla\/wp-content\/uploads\/usu328\/2026\/02\/portes-obertes-Escola-Mediterrani-26-27_page-0001-1-212x300.jpg\" alt=\"\" width=\"177\" height=\"251\" \/>\u00a0 \u00a0 \u00a0 <a href=\"https:\/\/agora.xtec.cat\/ceip-mediterrani-ampolla\/wp-content\/uploads\/usu328\/2026\/02\/PREINS_26_27.jpg\"><img loading=\"lazy\" decoding=\"async\" class=\"wp-image-13245 alignnone\" src=\"https:\/\/agora.xtec.cat\/ceip-mediterrani-ampolla\/wp-content\/uploads\/usu328\/2026\/02\/PREINS_26_27.jpg\" alt=\"\" width=\"201\" height=\"251\" \/><\/a><\/div>\n<\/td>\n<\/tr>\n<tr style=\"height: 70px;\">\n<td style=\"width: 100%; border-style: solid; border-color: #000000; height: 70px;\">Visita dels alumnes de la llar d&#8217;infants &#8220;Marinada&#8221; que es poden incorporar a Infantil 3 el curs 2026-2027: 10 de mar\u00e7 al mat\u00ed.<\/td>\n<\/tr>\n<\/tbody>\n<\/table>\n<\/div>\n\n\n<p><\/p>\n","protected":false},"excerpt":{"rendered":"<p>PREINSCRIPCI\u00d3 2026-2027 La preinscripci\u00f3 \u00e9s el tr\u00e0mit que cal fer per ser adm\u00e8s per primera vegada en un centre sostingut amb fons p\u00fablics, i tamb\u00e9 quan es vol canviar de centre. Del 4 al 18 de mar\u00e7 de 2026 es podr\u00e0 fer la sol\u00b7licitud de preinscripci\u00f3 als centres d&#8217;Educaci\u00f3 Infantil i Prim\u00e0ria per al curs [&hellip;]<\/p>\n","protected":false},"author":1,"featured_media":0,"parent":22,"menu_order":60,"comment_status":"closed","ping_status":"closed","template":"","meta":{"_bbp_topic_count":0,"_bbp_reply_count":0,"_bbp_total_topic_count":0,"_bbp_total_reply_count":0,"_bbp_voice_count":0,"_bbp_anonymous_reply_count":0,"_bbp_topic_count_hidden":0,"_bbp_reply_count_hidden":0,"_bbp_forum_subforum_count":0,"site-sidebar-layout":"default","site-content-layout":"","ast-site-content-layout":"default","site-content-style":"default","site-sidebar-style":"default","ast-global-header-display":"","ast-banner-title-visibility":"","ast-main-header-display":"","ast-hfb-above-header-display":"","ast-hfb-below-header-display":"","ast-hfb-mobile-header-display":"","site-post-title":"","ast-breadcrumbs-content":"","ast-featured-img":"","footer-sml-layout":"","theme-transparent-header-meta":"","adv-header-id-meta":"","stick-header-meta":"","header-above-stick-meta":"","header-main-stick-meta":"","header-below-stick-meta":"","astra-migrate-meta-layouts":"set","ast-page-background-enabled":"default","ast-page-background-meta":{"desktop":{"background-color":"var(--ast-global-color-4)","background-image":"","background-repeat":"repeat","background-position":"center center","background-size":"auto","background-attachment":"scroll","background-type":"","background-media":"","overlay-type":"","overlay-color":"","overlay-opacity":"","overlay-gradient":""},"tablet":{"background-color":"","background-image":"","background-repeat":"repeat","background-position":"center center","background-size":"auto","background-attachment":"scroll","background-type":"","background-media":"","overlay-type":"","overlay-color":"","overlay-opacity":"","overlay-gradient":""},"mobile":{"background-color":"","background-image":"","background-repeat":"repeat","background-position":"center center","background-size":"auto","background-attachment":"scroll","background-type":"","background-media":"","overlay-type":"","overlay-color":"","overlay-opacity":"","overlay-gradient":""}},"ast-content-background-meta":{"desktop":{"background-color":"var(--ast-global-color-5)","background-image":"","background-repeat":"repeat","background-position":"center center","background-size":"auto","background-attachment":"scroll","background-type":"","background-media":"","overlay-type":"","overlay-color":"","overlay-opacity":"","overlay-gradient":""},"tablet":{"background-color":"var(--ast-global-color-5)","background-image":"","background-repeat":"repeat","background-position":"center center","background-size":"auto","background-attachment":"scroll","background-type":"","background-media":"","overlay-type":"","overlay-color":"","overlay-opacity":"","overlay-gradient":""},"mobile":{"background-color":"var(--ast-global-color-5)","background-image":"","background-repeat":"repeat","background-position":"center center","background-size":"auto","background-attachment":"scroll","background-type":"","background-media":"","overlay-type":"","overlay-color":"","overlay-opacity":"","overlay-gradient":""}},"footnotes":""},"class_list":["post-34","page","type-page","status-publish","hentry"],"post_mailing_queue_ids":[],"_links":{"self":[{"href":"https:\/\/agora.xtec.cat\/ceip-mediterrani-ampolla\/wp-json\/wp\/v2\/pages\/34","targetHints":{"allow":["GET"]}}],"collection":[{"href":"https:\/\/agora.xtec.cat\/ceip-mediterrani-ampolla\/wp-json\/wp\/v2\/pages"}],"about":[{"href":"https:\/\/agora.xtec.cat\/ceip-mediterrani-ampolla\/wp-json\/wp\/v2\/types\/page"}],"author":[{"embeddable":true,"href":"https:\/\/agora.xtec.cat\/ceip-mediterrani-ampolla\/wp-json\/wp\/v2\/users\/1"}],"replies":[{"embeddable":true,"href":"https:\/\/agora.xtec.cat\/ceip-mediterrani-ampolla\/wp-json\/wp\/v2\/comments?post=34"}],"version-history":[{"count":6,"href":"https:\/\/agora.xtec.cat\/ceip-mediterrani-ampolla\/wp-json\/wp\/v2\/pages\/34\/revisions"}],"predecessor-version":[{"id":13387,"href":"https:\/\/agora.xtec.cat\/ceip-mediterrani-ampolla\/wp-json\/wp\/v2\/pages\/34\/revisions\/13387"}],"up":[{"embeddable":true,"href":"https:\/\/agora.xtec.cat\/ceip-mediterrani-ampolla\/wp-json\/wp\/v2\/pages\/22"}],"wp:attachment":[{"href":"https:\/\/agora.xtec.cat\/ceip-mediterrani-ampolla\/wp-json\/wp\/v2\/media?parent=34"}],"curies":[{"name":"wp","href":"https:\/\/api.w.org\/{rel}","templated":true}]}}