{"id":32,"date":"2014-09-18T12:31:33","date_gmt":"2014-09-18T11:31:33","guid":{"rendered":"http:\/\/agora.xtec.cat\/ceip-mediterrani-ampolla\/?page_id=32"},"modified":"2025-12-16T16:30:16","modified_gmt":"2025-12-16T15:30:16","slug":"calendari-del-curs","status":"publish","type":"page","link":"https:\/\/agora.xtec.cat\/ceip-mediterrani-ampolla\/lescola\/calendari-del-curs\/","title":{"rendered":"Calendari del curs 2025-2026"},"content":{"rendered":"<p><a href=\"https:\/\/agora.xtec.cat\/ceip-mediterrani-ampolla\/wp-content\/uploads\/usu328\/2025\/12\/Calendari-esc_2025-26.jpg\"><img loading=\"lazy\" decoding=\"async\" class=\"alignnone size-large wp-image-12804\" src=\"https:\/\/agora.xtec.cat\/ceip-mediterrani-ampolla\/wp-content\/uploads\/usu328\/2025\/12\/Calendari-esc_2025-26-724x1024.jpg\" alt=\"\" width=\"724\" height=\"1024\" srcset=\"https:\/\/agora.xtec.cat\/ceip-mediterrani-ampolla\/wp-content\/uploads\/usu328\/2025\/12\/Calendari-esc_2025-26-724x1024.jpg 724w, https:\/\/agora.xtec.cat\/ceip-mediterrani-ampolla\/wp-content\/uploads\/usu328\/2025\/12\/Calendari-esc_2025-26-212x300.jpg 212w, https:\/\/agora.xtec.cat\/ceip-mediterrani-ampolla\/wp-content\/uploads\/usu328\/2025\/12\/Calendari-esc_2025-26-768x1086.jpg 768w, https:\/\/agora.xtec.cat\/ceip-mediterrani-ampolla\/wp-content\/uploads\/usu328\/2025\/12\/Calendari-esc_2025-26-1086x1536.jpg 1086w, https:\/\/agora.xtec.cat\/ceip-mediterrani-ampolla\/wp-content\/uploads\/usu328\/2025\/12\/Calendari-esc_2025-26.jpg 1241w\" sizes=\"auto, (max-width: 724px) 100vw, 724px\" \/><\/a><\/p>\n<h4><strong>Inici de curs:<\/strong><\/h4>\n<p>8 de setembre de 2025<\/p>\n<h4><strong>Vacances:<\/strong><\/h4>\n<p>Del 20 de desembre de 2025 al 7 de gener de 2026\u00a0 (ambd\u00f3s inclosos)<\/p>\n<p>Del 28 de mar\u00e7 al 6 d\u2019abril de 2026 (ambd\u00f3s inclosos)<\/p>\n<p>A partir del 20 de juny de 2026<\/p>\n<h4>Festa local:<\/h4>\n<p>16 de juliol de 2026<\/p>\n<h4><strong>Dies festius de lliure disposici\u00f3:<\/strong><\/h4>\n<p>13 d&#8217;octubre de 2025<\/p>\n<p>14 de novembre de 2025<\/p>\n<p>5 de desembre de 2025<\/p>\n<p>16 de febrer de 2026<\/p>\n<p>30 d&#8217;abril de 2026<\/p>\n<h4><strong>Jornada compactada:<\/strong><\/h4>\n<p>19 de desembre de 2025<\/p>\n<p>Del 8 al 19 de juny de 2026<\/p>\n<p>L\u2019<b>horari lectiu <\/b>\u00e9s de 9h a 12,30h i de 15h a 16,30h per a tot l&#8217;alumnat del centre. El dies de jornada compactada l&#8217;horari lectiu ser\u00e0 de 9h a 13h.<\/p>\n<p>Per a l&#8217;alumnat que inicia l\u2019escolaritzaci\u00f3 a Infantil 3 s\u2019organitza un breu per\u00edode d\u2019adaptaci\u00f3 que suposa una certa modificaci\u00f3 dels horaris dels tres primers dies de classe, i que es fa saber a les fam\u00edlies en l&#8217;antelaci\u00f3.<\/p>\n","protected":false},"excerpt":{"rendered":"<p>Inici de curs: 8 de setembre de 2025 Vacances: Del 20 de desembre de 2025 al 7 de gener de 2026\u00a0 (ambd\u00f3s inclosos) Del 28 de mar\u00e7 al 6 d\u2019abril de 2026 (ambd\u00f3s inclosos) A partir del 20 de juny de 2026 Festa local: 16 de juliol de 2026 Dies festius de lliure disposici\u00f3: 13 [&hellip;]<\/p>\n","protected":false},"author":1,"featured_media":0,"parent":22,"menu_order":50,"comment_status":"closed","ping_status":"closed","template":"page-templates\/side-menu.php","meta":{"_bbp_topic_count":0,"_bbp_reply_count":0,"_bbp_total_topic_count":0,"_bbp_total_reply_count":0,"_bbp_voice_count":0,"_bbp_anonymous_reply_count":0,"_bbp_topic_count_hidden":0,"_bbp_reply_count_hidden":0,"_bbp_forum_subforum_count":0,"site-sidebar-layout":"default","site-content-layout":"","ast-site-content-layout":"","site-content-style":"default","site-sidebar-style":"default","ast-global-header-display":"","ast-banner-title-visibility":"","ast-main-header-display":"","ast-hfb-above-header-display":"","ast-hfb-below-header-display":"","ast-hfb-mobile-header-display":"","site-post-title":"","ast-breadcrumbs-content":"","ast-featured-img":"","footer-sml-layout":"","theme-transparent-header-meta":"","adv-header-id-meta":"","stick-header-meta":"","header-above-stick-meta":"","header-main-stick-meta":"","header-below-stick-meta":"","astra-migrate-meta-layouts":"default","ast-page-background-enabled":"default","ast-page-background-meta":{"desktop":{"background-color":"var(--ast-global-color-4)","background-image":"","background-repeat":"repeat","background-position":"center center","background-size":"auto","background-attachment":"scroll","background-type":"","background-media":"","overlay-type":"","overlay-color":"","overlay-opacity":"","overlay-gradient":""},"tablet":{"background-color":"","background-image":"","background-repeat":"repeat","background-position":"center center","background-size":"auto","background-attachment":"scroll","background-type":"","background-media":"","overlay-type":"","overlay-color":"","overlay-opacity":"","overlay-gradient":""},"mobile":{"background-color":"","background-image":"","background-repeat":"repeat","background-position":"center center","background-size":"auto","background-attachment":"scroll","background-type":"","background-media":"","overlay-type":"","overlay-color":"","overlay-opacity":"","overlay-gradient":""}},"ast-content-background-meta":{"desktop":{"background-color":"var(--ast-global-color-5)","background-image":"","background-repeat":"repeat","background-position":"center center","background-size":"auto","background-attachment":"scroll","background-type":"","background-media":"","overlay-type":"","overlay-color":"","overlay-opacity":"","overlay-gradient":""},"tablet":{"background-color":"var(--ast-global-color-5)","background-image":"","background-repeat":"repeat","background-position":"center center","background-size":"auto","background-attachment":"scroll","background-type":"","background-media":"","overlay-type":"","overlay-color":"","overlay-opacity":"","overlay-gradient":""},"mobile":{"background-color":"var(--ast-global-color-5)","background-image":"","background-repeat":"repeat","background-position":"center center","background-size":"auto","background-attachment":"scroll","background-type":"","background-media":"","overlay-type":"","overlay-color":"","overlay-opacity":"","overlay-gradient":""}},"footnotes":""},"class_list":["post-32","page","type-page","status-publish","hentry"],"post_mailing_queue_ids":[],"_links":{"self":[{"href":"https:\/\/agora.xtec.cat\/ceip-mediterrani-ampolla\/wp-json\/wp\/v2\/pages\/32","targetHints":{"allow":["GET"]}}],"collection":[{"href":"https:\/\/agora.xtec.cat\/ceip-mediterrani-ampolla\/wp-json\/wp\/v2\/pages"}],"about":[{"href":"https:\/\/agora.xtec.cat\/ceip-mediterrani-ampolla\/wp-json\/wp\/v2\/types\/page"}],"author":[{"embeddable":true,"href":"https:\/\/agora.xtec.cat\/ceip-mediterrani-ampolla\/wp-json\/wp\/v2\/users\/1"}],"replies":[{"embeddable":true,"href":"https:\/\/agora.xtec.cat\/ceip-mediterrani-ampolla\/wp-json\/wp\/v2\/comments?post=32"}],"version-history":[{"count":6,"href":"https:\/\/agora.xtec.cat\/ceip-mediterrani-ampolla\/wp-json\/wp\/v2\/pages\/32\/revisions"}],"predecessor-version":[{"id":12805,"href":"https:\/\/agora.xtec.cat\/ceip-mediterrani-ampolla\/wp-json\/wp\/v2\/pages\/32\/revisions\/12805"}],"up":[{"embeddable":true,"href":"https:\/\/agora.xtec.cat\/ceip-mediterrani-ampolla\/wp-json\/wp\/v2\/pages\/22"}],"wp:attachment":[{"href":"https:\/\/agora.xtec.cat\/ceip-mediterrani-ampolla\/wp-json\/wp\/v2\/media?parent=32"}],"curies":[{"name":"wp","href":"https:\/\/api.w.org\/{rel}","templated":true}]}}