{"id":26,"date":"2014-09-18T12:24:32","date_gmt":"2014-09-18T11:24:32","guid":{"rendered":"http:\/\/agora.xtec.cat\/ceip-mediterrani-ampolla\/?page_id=26"},"modified":"2019-03-28T16:01:37","modified_gmt":"2019-03-28T15:01:37","slug":"historia","status":"publish","type":"page","link":"https:\/\/agora.xtec.cat\/ceip-mediterrani-ampolla\/lescola\/historia\/","title":{"rendered":"L\u00ednia d&#8217;escola"},"content":{"rendered":"<p>L\u2019escola Mediterrani \u00e9s una escola p\u00fablica, catalana, arrelada i compromesa amb l\u2019entorn, on la\u00a0<strong>coeducaci\u00f3<\/strong>\u00a0\u00e9s fonamental i on poden tenir cabuda tots els infants, aix\u00ed com les seves fam\u00edlies. \u00c9s una escola que fomenta els\u00a0<strong>aprenentatges significatius<\/strong>\u00a0i funcionals basant-se en models constructivistes i educa en una metodologia activa i diversificada, considerant la compet\u00e8ncia comunicativa ling\u00fc\u00edstica com a base de tots els aprenentatges.<\/p>\n<p>La l\u00ednia de treball de l\u2019escola \u00e9s\u00a0<strong>contribuir i promoure el desenvolupament competencial de l\u2019alumnat\u00a0<\/strong>per tal que esdevinguin persones capaces de resoldre problemes, responsables dels seus aprenentatges, respectuoses amb ells mateixos i amb els altres, capaces d\u2019establir un judici propi i cr\u00edtic, reflexives i participatives en la societat que els toca viure sent conscients que l\u2019<strong>esfor\u00e7\u00a0<\/strong>donar\u00e0 els seus fruits.<\/p>\n<p>\u00c9s una escola que incorpora les\u00a0<strong>noves tecnologies de la informaci\u00f3<\/strong>\u00a0per millorar la qualitat de l\u2019ensenyament i aconseguir una millora de l\u2019aprenentatge de tot l\u2019alumnat.<\/p>\n<p>Es busca l\u2019educaci\u00f3 integral dels alumnes, on tinguin cabuda, tamb\u00e9, la potenciaci\u00f3 del control de les\u00a0<strong>emocions i la conviv\u00e8ncia<\/strong>\u00a0d\u2019acord amb els principis de mediaci\u00f3 com a via per a la resoluci\u00f3 de conflictes.<\/p>\n<p>L\u2019escola vol oferir un ensenyament de qualitat basat en\u00a0<strong>un professorat que busca la millora cont\u00ednua<\/strong>\u00a0a trav\u00e9s de l\u2019avaluaci\u00f3 i reflexi\u00f3 sobre la pr\u00f2pia \u00a0pr\u00e0ctica. Amb \u00a0un professorat que s\u2019implica en els projectes de centre a trav\u00e9s de la presa de decisions conjuntes de manera col\u00b7laborativa. \u00c9s una escola on es potencia\u00a0<strong>el treball de l\u2019acci\u00f3 tutorial<\/strong>, destacant el seguiment \u00a0personal \u00a0i acad\u00e8mic de l\u2019alumnat, que promou l\u2019atenci\u00f3 als diferents ritmes d\u2019aprenentatge i orienta i assessora la fam\u00edlia fomentant la seva col\u00b7laboraci\u00f3 en el proc\u00e9s formatiu.<\/p>\n<p>\u00c9s una \u00a0escola \u00a0que\u00a0<strong>promou l\u2019aprenentatge de la llengua estrangera<\/strong>\u00a0en angl\u00e8s, a trav\u00e9s de projectes, potenciant la vessant comunicativa i funcional.<\/p>\n","protected":false},"excerpt":{"rendered":"<p>L\u2019escola Mediterrani \u00e9s una escola p\u00fablica, catalana, arrelada i compromesa amb l\u2019entorn, on la\u00a0coeducaci\u00f3\u00a0\u00e9s fonamental i on poden tenir cabuda tots els infants, aix\u00ed com les seves fam\u00edlies. \u00c9s una escola que fomenta els\u00a0aprenentatges significatius\u00a0i funcionals basant-se en models constructivistes i educa en una metodologia activa i diversificada, considerant la compet\u00e8ncia comunicativa ling\u00fc\u00edstica com a [&hellip;]<\/p>\n","protected":false},"author":1,"featured_media":0,"parent":22,"menu_order":20,"comment_status":"closed","ping_status":"closed","template":"page-templates\/side-menu.php","meta":{"_bbp_topic_count":0,"_bbp_reply_count":0,"_bbp_total_topic_count":0,"_bbp_total_reply_count":0,"_bbp_voice_count":0,"_bbp_anonymous_reply_count":0,"_bbp_topic_count_hidden":0,"_bbp_reply_count_hidden":0,"_bbp_forum_subforum_count":0,"site-sidebar-layout":"default","site-content-layout":"","ast-site-content-layout":"","site-content-style":"default","site-sidebar-style":"default","ast-global-header-display":"","ast-banner-title-visibility":"","ast-main-header-display":"","ast-hfb-above-header-display":"","ast-hfb-below-header-display":"","ast-hfb-mobile-header-display":"","site-post-title":"","ast-breadcrumbs-content":"","ast-featured-img":"","footer-sml-layout":"","theme-transparent-header-meta":"","adv-header-id-meta":"","stick-header-meta":"","header-above-stick-meta":"","header-main-stick-meta":"","header-below-stick-meta":"","astra-migrate-meta-layouts":"default","ast-page-background-enabled":"default","ast-page-background-meta":{"desktop":{"background-color":"var(--ast-global-color-4)","background-image":"","background-repeat":"repeat","background-position":"center center","background-size":"auto","background-attachment":"scroll","background-type":"","background-media":"","overlay-type":"","overlay-color":"","overlay-opacity":"","overlay-gradient":""},"tablet":{"background-color":"","background-image":"","background-repeat":"repeat","background-position":"center center","background-size":"auto","background-attachment":"scroll","background-type":"","background-media":"","overlay-type":"","overlay-color":"","overlay-opacity":"","overlay-gradient":""},"mobile":{"background-color":"","background-image":"","background-repeat":"repeat","background-position":"center center","background-size":"auto","background-attachment":"scroll","background-type":"","background-media":"","overlay-type":"","overlay-color":"","overlay-opacity":"","overlay-gradient":""}},"ast-content-background-meta":{"desktop":{"background-color":"var(--ast-global-color-5)","background-image":"","background-repeat":"repeat","background-position":"center center","background-size":"auto","background-attachment":"scroll","background-type":"","background-media":"","overlay-type":"","overlay-color":"","overlay-opacity":"","overlay-gradient":""},"tablet":{"background-color":"var(--ast-global-color-5)","background-image":"","background-repeat":"repeat","background-position":"center center","background-size":"auto","background-attachment":"scroll","background-type":"","background-media":"","overlay-type":"","overlay-color":"","overlay-opacity":"","overlay-gradient":""},"mobile":{"background-color":"var(--ast-global-color-5)","background-image":"","background-repeat":"repeat","background-position":"center center","background-size":"auto","background-attachment":"scroll","background-type":"","background-media":"","overlay-type":"","overlay-color":"","overlay-opacity":"","overlay-gradient":""}},"footnotes":""},"class_list":["post-26","page","type-page","status-publish","hentry"],"post_mailing_queue_ids":[],"_links":{"self":[{"href":"https:\/\/agora.xtec.cat\/ceip-mediterrani-ampolla\/wp-json\/wp\/v2\/pages\/26","targetHints":{"allow":["GET"]}}],"collection":[{"href":"https:\/\/agora.xtec.cat\/ceip-mediterrani-ampolla\/wp-json\/wp\/v2\/pages"}],"about":[{"href":"https:\/\/agora.xtec.cat\/ceip-mediterrani-ampolla\/wp-json\/wp\/v2\/types\/page"}],"author":[{"embeddable":true,"href":"https:\/\/agora.xtec.cat\/ceip-mediterrani-ampolla\/wp-json\/wp\/v2\/users\/1"}],"replies":[{"embeddable":true,"href":"https:\/\/agora.xtec.cat\/ceip-mediterrani-ampolla\/wp-json\/wp\/v2\/comments?post=26"}],"version-history":[{"count":2,"href":"https:\/\/agora.xtec.cat\/ceip-mediterrani-ampolla\/wp-json\/wp\/v2\/pages\/26\/revisions"}],"predecessor-version":[{"id":9208,"href":"https:\/\/agora.xtec.cat\/ceip-mediterrani-ampolla\/wp-json\/wp\/v2\/pages\/26\/revisions\/9208"}],"up":[{"embeddable":true,"href":"https:\/\/agora.xtec.cat\/ceip-mediterrani-ampolla\/wp-json\/wp\/v2\/pages\/22"}],"wp:attachment":[{"href":"https:\/\/agora.xtec.cat\/ceip-mediterrani-ampolla\/wp-json\/wp\/v2\/media?parent=26"}],"curies":[{"name":"wp","href":"https:\/\/api.w.org\/{rel}","templated":true}]}}