{"id":13512,"date":"2026-04-23T15:49:13","date_gmt":"2026-04-23T13:49:13","guid":{"rendered":"https:\/\/agora.xtec.cat\/ceip-mediterrani-ampolla\/?page_id=13512"},"modified":"2026-04-23T16:27:55","modified_gmt":"2026-04-23T14:27:55","slug":"robots-educatius","status":"publish","type":"page","link":"https:\/\/agora.xtec.cat\/ceip-mediterrani-ampolla\/serveis-digitals\/robots-educatius\/","title":{"rendered":"Robots educatius"},"content":{"rendered":"\n<p>A la nostra apostem per la innovaci\u00f3 educativa incorporant la rob\u00f2tica a l\u2019aula. Treballem amb diferents robots adaptats a cada edat, que permeten als alumnes aprendre jugant i experimentant. Aquesta metodologia fomenta el pensament l\u00f2gic, la creativitat, el treball en equip i el pensament computacional. A m\u00e9s, els infants desenvolupen habilitats digitals essencials per al seu futur. La rob\u00f2tica esdev\u00e9 aix\u00ed una eina motivadora que enriqueix el proc\u00e9s d\u2019aprenentatge.<br><\/p>\n\n\n\n<p>Els robots educatius que disposa l&#8217;escola s\u00f3n els seg\u00fcents:<\/p>\n\n\n\n<div class=\"wp-block-columns is-layout-flex wp-container-core-columns-is-layout-3 wp-block-columns-is-layout-flex\">\n<div class=\"wp-block-column is-layout-flow wp-block-column-is-layout-flow\">\n<div class=\"wp-block-columns is-layout-flex wp-container-core-columns-is-layout-1 wp-block-columns-is-layout-flex\">\n<div class=\"wp-block-column is-layout-flow wp-block-column-is-layout-flow\">\n<p class=\"has-text-align-center\">BEE BOT<\/p>\n\n\n\n<figure class=\"wp-block-image aligncenter size-full is-resized\"><a href=\"https:\/\/agora.xtec.cat\/ceip-mediterrani-ampolla\/wp-content\/uploads\/usu328\/2026\/04\/image-5.png\"><img loading=\"lazy\" decoding=\"async\" width=\"288\" height=\"240\" src=\"https:\/\/agora.xtec.cat\/ceip-mediterrani-ampolla\/wp-content\/uploads\/usu328\/2026\/04\/image-5.png\" alt=\"\" class=\"wp-image-13572\" style=\"width:102px;height:auto\"\/><\/a><\/figure>\n<\/div>\n\n\n\n<div class=\"wp-block-column is-layout-flow wp-block-column-is-layout-flow\">\n<p class=\"has-text-align-center\">TALE BOT<\/p>\n\n\n\n<figure class=\"wp-block-image size-large\"><a href=\"https:\/\/agora.xtec.cat\/ceip-mediterrani-ampolla\/wp-content\/uploads\/usu328\/2026\/04\/image-4.png\"><img loading=\"lazy\" decoding=\"async\" width=\"1024\" height=\"768\" src=\"https:\/\/agora.xtec.cat\/ceip-mediterrani-ampolla\/wp-content\/uploads\/usu328\/2026\/04\/image-4-1024x768.png\" alt=\"\" class=\"wp-image-13571\" srcset=\"https:\/\/agora.xtec.cat\/ceip-mediterrani-ampolla\/wp-content\/uploads\/usu328\/2026\/04\/image-4-1024x768.png 1024w, https:\/\/agora.xtec.cat\/ceip-mediterrani-ampolla\/wp-content\/uploads\/usu328\/2026\/04\/image-4-300x225.png 300w, https:\/\/agora.xtec.cat\/ceip-mediterrani-ampolla\/wp-content\/uploads\/usu328\/2026\/04\/image-4-768x576.png 768w, https:\/\/agora.xtec.cat\/ceip-mediterrani-ampolla\/wp-content\/uploads\/usu328\/2026\/04\/image-4-1536x1152.png 1536w, https:\/\/agora.xtec.cat\/ceip-mediterrani-ampolla\/wp-content\/uploads\/usu328\/2026\/04\/image-4.png 2048w\" sizes=\"auto, (max-width: 1024px) 100vw, 1024px\" \/><\/a><\/figure>\n<\/div>\n<\/div>\n<\/div>\n\n\n\n<div class=\"wp-block-column is-layout-flow wp-block-column-is-layout-flow\">\n<div class=\"wp-block-columns is-layout-flex wp-container-core-columns-is-layout-2 wp-block-columns-is-layout-flex\">\n<div class=\"wp-block-column is-layout-flow wp-block-column-is-layout-flow\">\n<p class=\"has-text-align-center\">TREN INTELINO<\/p>\n\n\n\n<figure class=\"wp-block-image aligncenter size-full is-resized\"><a href=\"https:\/\/agora.xtec.cat\/ceip-mediterrani-ampolla\/wp-content\/uploads\/usu328\/2026\/04\/image-8.png\"><img loading=\"lazy\" decoding=\"async\" width=\"1000\" height=\"1000\" src=\"https:\/\/agora.xtec.cat\/ceip-mediterrani-ampolla\/wp-content\/uploads\/usu328\/2026\/04\/image-8.png\" alt=\"\" class=\"wp-image-13579\" style=\"width:106px;height:auto\" srcset=\"https:\/\/agora.xtec.cat\/ceip-mediterrani-ampolla\/wp-content\/uploads\/usu328\/2026\/04\/image-8.png 1000w, https:\/\/agora.xtec.cat\/ceip-mediterrani-ampolla\/wp-content\/uploads\/usu328\/2026\/04\/image-8-300x300.png 300w, https:\/\/agora.xtec.cat\/ceip-mediterrani-ampolla\/wp-content\/uploads\/usu328\/2026\/04\/image-8-150x150.png 150w, https:\/\/agora.xtec.cat\/ceip-mediterrani-ampolla\/wp-content\/uploads\/usu328\/2026\/04\/image-8-768x768.png 768w\" sizes=\"auto, (max-width: 1000px) 100vw, 1000px\" \/><\/a><\/figure>\n<\/div>\n\n\n\n<div class=\"wp-block-column is-layout-flow wp-block-column-is-layout-flow\">\n<p class=\"has-text-align-center\">CODEY ROCKY<\/p>\n\n\n\n<figure class=\"wp-block-image aligncenter size-full is-resized\"><a href=\"https:\/\/agora.xtec.cat\/ceip-mediterrani-ampolla\/wp-content\/uploads\/usu328\/2026\/04\/image-7.png\"><img loading=\"lazy\" decoding=\"async\" width=\"894\" height=\"892\" src=\"https:\/\/agora.xtec.cat\/ceip-mediterrani-ampolla\/wp-content\/uploads\/usu328\/2026\/04\/image-7.png\" alt=\"\" class=\"wp-image-13577\" style=\"width:113px;height:auto\" srcset=\"https:\/\/agora.xtec.cat\/ceip-mediterrani-ampolla\/wp-content\/uploads\/usu328\/2026\/04\/image-7.png 894w, https:\/\/agora.xtec.cat\/ceip-mediterrani-ampolla\/wp-content\/uploads\/usu328\/2026\/04\/image-7-300x300.png 300w, https:\/\/agora.xtec.cat\/ceip-mediterrani-ampolla\/wp-content\/uploads\/usu328\/2026\/04\/image-7-150x150.png 150w, https:\/\/agora.xtec.cat\/ceip-mediterrani-ampolla\/wp-content\/uploads\/usu328\/2026\/04\/image-7-768x766.png 768w\" sizes=\"auto, (max-width: 894px) 100vw, 894px\" \/><\/a><\/figure>\n<\/div>\n<\/div>\n<\/div>\n<\/div>\n\n\n\n<p><\/p>\n","protected":false},"excerpt":{"rendered":"<p>A la nostra apostem per la innovaci\u00f3 educativa incorporant la rob\u00f2tica a l\u2019aula. Treballem amb diferents robots adaptats a cada edat, que permeten als alumnes aprendre jugant i experimentant. Aquesta metodologia fomenta el pensament l\u00f2gic, la creativitat, el treball en equip i el pensament computacional. A m\u00e9s, els infants desenvolupen habilitats digitals essencials per al [&hellip;]<\/p>\n","protected":false},"author":1,"featured_media":0,"parent":71,"menu_order":0,"comment_status":"closed","ping_status":"close","template":"","meta":{"_bbp_topic_count":0,"_bbp_reply_count":0,"_bbp_total_topic_count":0,"_bbp_total_reply_count":0,"_bbp_voice_count":0,"_bbp_anonymous_reply_count":0,"_bbp_topic_count_hidden":0,"_bbp_reply_count_hidden":0,"_bbp_forum_subforum_count":0,"site-sidebar-layout":"default","site-content-layout":"","ast-site-content-layout":"default","site-content-style":"default","site-sidebar-style":"default","ast-global-header-display":"","ast-banner-title-visibility":"","ast-main-header-display":"","ast-hfb-above-header-display":"","ast-hfb-below-header-display":"","ast-hfb-mobile-header-display":"","site-post-title":"","ast-breadcrumbs-content":"","ast-featured-img":"","footer-sml-layout":"","theme-transparent-header-meta":"","adv-header-id-meta":"","stick-header-meta":"","header-above-stick-meta":"","header-main-stick-meta":"","header-below-stick-meta":"","astra-migrate-meta-layouts":"set","ast-page-background-enabled":"default","ast-page-background-meta":{"desktop":{"background-color":"var(--ast-global-color-4)","background-image":"","background-repeat":"repeat","background-position":"center center","background-size":"auto","background-attachment":"scroll","background-type":"","background-media":"","overlay-type":"","overlay-color":"","overlay-opacity":"","overlay-gradient":""},"tablet":{"background-color":"","background-image":"","background-repeat":"repeat","background-position":"center center","background-size":"auto","background-attachment":"scroll","background-type":"","background-media":"","overlay-type":"","overlay-color":"","overlay-opacity":"","overlay-gradient":""},"mobile":{"background-color":"","background-image":"","background-repeat":"repeat","background-position":"center center","background-size":"auto","background-attachment":"scroll","background-type":"","background-media":"","overlay-type":"","overlay-color":"","overlay-opacity":"","overlay-gradient":""}},"ast-content-background-meta":{"desktop":{"background-color":"var(--ast-global-color-5)","background-image":"","background-repeat":"repeat","background-position":"center center","background-size":"auto","background-attachment":"scroll","background-type":"","background-media":"","overlay-type":"","overlay-color":"","overlay-opacity":"","overlay-gradient":""},"tablet":{"background-color":"var(--ast-global-color-5)","background-image":"","background-repeat":"repeat","background-position":"center center","background-size":"auto","background-attachment":"scroll","background-type":"","background-media":"","overlay-type":"","overlay-color":"","overlay-opacity":"","overlay-gradient":""},"mobile":{"background-color":"var(--ast-global-color-5)","background-image":"","background-repeat":"repeat","background-position":"center center","background-size":"auto","background-attachment":"scroll","background-type":"","background-media":"","overlay-type":"","overlay-color":"","overlay-opacity":"","overlay-gradient":""}},"footnotes":""},"class_list":["post-13512","page","type-page","status-publish","hentry"],"post_mailing_queue_ids":[],"_links":{"self":[{"href":"https:\/\/agora.xtec.cat\/ceip-mediterrani-ampolla\/wp-json\/wp\/v2\/pages\/13512","targetHints":{"allow":["GET"]}}],"collection":[{"href":"https:\/\/agora.xtec.cat\/ceip-mediterrani-ampolla\/wp-json\/wp\/v2\/pages"}],"about":[{"href":"https:\/\/agora.xtec.cat\/ceip-mediterrani-ampolla\/wp-json\/wp\/v2\/types\/page"}],"author":[{"embeddable":true,"href":"https:\/\/agora.xtec.cat\/ceip-mediterrani-ampolla\/wp-json\/wp\/v2\/users\/1"}],"replies":[{"embeddable":true,"href":"https:\/\/agora.xtec.cat\/ceip-mediterrani-ampolla\/wp-json\/wp\/v2\/comments?post=13512"}],"version-history":[{"count":6,"href":"https:\/\/agora.xtec.cat\/ceip-mediterrani-ampolla\/wp-json\/wp\/v2\/pages\/13512\/revisions"}],"predecessor-version":[{"id":13583,"href":"https:\/\/agora.xtec.cat\/ceip-mediterrani-ampolla\/wp-json\/wp\/v2\/pages\/13512\/revisions\/13583"}],"up":[{"embeddable":true,"href":"https:\/\/agora.xtec.cat\/ceip-mediterrani-ampolla\/wp-json\/wp\/v2\/pages\/71"}],"wp:attachment":[{"href":"https:\/\/agora.xtec.cat\/ceip-mediterrani-ampolla\/wp-json\/wp\/v2\/media?parent=13512"}],"curies":[{"name":"wp","href":"https:\/\/api.w.org\/{rel}","templated":true}]}}