{"id":12901,"date":"2026-01-16T11:00:58","date_gmt":"2026-01-16T10:00:58","guid":{"rendered":"https:\/\/agora.xtec.cat\/ceip-mediterrani-ampolla\/?page_id=12901"},"modified":"2026-02-20T12:58:28","modified_gmt":"2026-02-20T11:58:28","slug":"afa","status":"publish","type":"page","link":"https:\/\/agora.xtec.cat\/ceip-mediterrani-ampolla\/serveis\/afa\/","title":{"rendered":"AFA i activitats extraescolars"},"content":{"rendered":"\n<figure class=\"wp-block-image aligncenter size-full is-resized\" style=\"margin-top:var(--wp--preset--spacing--50);margin-right:var(--wp--preset--spacing--50);margin-bottom:var(--wp--preset--spacing--50);margin-left:var(--wp--preset--spacing--50)\"><a href=\"https:\/\/agora.xtec.cat\/ceip-mediterrani-ampolla\/wp-content\/uploads\/usu328\/2026\/02\/EXTRAESCOLARS-CURS-25-26-1-2.pdf\"><img loading=\"lazy\" decoding=\"async\" width=\"1241\" height=\"1755\" src=\"https:\/\/agora.xtec.cat\/ceip-mediterrani-ampolla\/wp-content\/uploads\/usu328\/2026\/02\/EXTRAESCOLARS-CURS-25-26_page-0001.jpg\" alt=\"\" class=\"wp-image-13146\" style=\"width:348px;height:auto\" srcset=\"https:\/\/agora.xtec.cat\/ceip-mediterrani-ampolla\/wp-content\/uploads\/usu328\/2026\/02\/EXTRAESCOLARS-CURS-25-26_page-0001.jpg 1241w, https:\/\/agora.xtec.cat\/ceip-mediterrani-ampolla\/wp-content\/uploads\/usu328\/2026\/02\/EXTRAESCOLARS-CURS-25-26_page-0001-212x300.jpg 212w, https:\/\/agora.xtec.cat\/ceip-mediterrani-ampolla\/wp-content\/uploads\/usu328\/2026\/02\/EXTRAESCOLARS-CURS-25-26_page-0001-724x1024.jpg 724w, https:\/\/agora.xtec.cat\/ceip-mediterrani-ampolla\/wp-content\/uploads\/usu328\/2026\/02\/EXTRAESCOLARS-CURS-25-26_page-0001-768x1086.jpg 768w, https:\/\/agora.xtec.cat\/ceip-mediterrani-ampolla\/wp-content\/uploads\/usu328\/2026\/02\/EXTRAESCOLARS-CURS-25-26_page-0001-1086x1536.jpg 1086w\" sizes=\"auto, (max-width: 1241px) 100vw, 1241px\" \/><\/a><\/figure>\n\n\n\n        <div class=\"wp-block-getwid-post-carousel custom-post-type-post has-arrows-inside has-dots-outside\">\n            <div data-slider-option=\"{&quot;sliderSlidesToShowDesktop&quot;:&quot;1&quot;,&quot;getwid_slidesToShowLaptop&quot;:&quot;1&quot;,&quot;getwid_slidesToShowTablet&quot;:&quot;1&quot;,&quot;getwid_slidesToShowMobile&quot;:&quot;1&quot;,&quot;getwid_autoplay_speed&quot;:6000,&quot;getwid_animation_speed&quot;:800,&quot;getwid_slidesToScroll&quot;:&quot;1&quot;,&quot;getwid_autoplay&quot;:false,&quot;getwid_pause_on_hover&quot;:false,&quot;getwid_infinite&quot;:true,&quot;getwid_center_mode&quot;:false,&quot;getwid_arrows&quot;:&quot;inside&quot;,&quot;getwid_dots&quot;:&quot;outside&quot;}\" class=\"wp-block-getwid-post-carousel__wrapper\">\n                \t\t\t\t\t\t\t<div class=\"wp-block-getwid-post-carousel__slide\">\n\t\t\t\t\t\t\t\t\n<div class=\"wp-block-getwid-post-carousel__post\">\n            <div class=\"wp-block-getwid-post-carousel__post-thumbnail\">\n            <a href=\"https:\/\/agora.xtec.cat\/ceip-mediterrani-ampolla\/general\/cartellera-informativa\/\"><img loading=\"lazy\" decoding=\"async\" width=\"781\" height=\"829\" src=\"https:\/\/agora.xtec.cat\/ceip-mediterrani-ampolla\/wp-content\/uploads\/usu328\/2026\/03\/WhatsApp-Image-2026-03-11-at-13.43.44.jpeg\" class=\"attachment-post-thumbnail size-post-thumbnail wp-post-image\" alt=\"\" srcset=\"https:\/\/agora.xtec.cat\/ceip-mediterrani-ampolla\/wp-content\/uploads\/usu328\/2026\/03\/WhatsApp-Image-2026-03-11-at-13.43.44.jpeg 781w, https:\/\/agora.xtec.cat\/ceip-mediterrani-ampolla\/wp-content\/uploads\/usu328\/2026\/03\/WhatsApp-Image-2026-03-11-at-13.43.44-283x300.jpeg 283w, https:\/\/agora.xtec.cat\/ceip-mediterrani-ampolla\/wp-content\/uploads\/usu328\/2026\/03\/WhatsApp-Image-2026-03-11-at-13.43.44-768x815.jpeg 768w\" sizes=\"auto, (max-width: 781px) 100vw, 781px\" \/><\/a>\n        <\/div>\n        <div class=\"wp-block-getwid-post-carousel__post-content-wrapper\">\n        <div class=\"wp-block-getwid-post-carousel__post-header\">\n            <h3 class=\"wp-block-getwid-post-carousel__post-title\"><a href=\"https:\/\/agora.xtec.cat\/ceip-mediterrani-ampolla\/general\/cartellera-informativa\/\">CARTELLERA INFORMATIVA<\/a><\/h3>        <\/div>\n        <div class=\"wp-block-getwid-post-carousel__post-excerpt\"><p>Per tal que les fam\u00edlies tinguin la informaci\u00f3 m\u00e9s rellevant al seu abast, l\u2019escola ha adquirit una vitrina exterior situada al costat de la porta d\u2019entrada del carrer Girona.<\/p>\n<\/div>\n    <\/div>\n<\/div>\n\n\t\t\t\t\t\t\t<\/div>\n\t\t\t\t\t\t\t\t\t\t\t\t\t<div class=\"wp-block-getwid-post-carousel__slide\">\n\t\t\t\t\t\t\t\t\n<div class=\"wp-block-getwid-post-carousel__post\">\n        <div class=\"wp-block-getwid-post-carousel__post-content-wrapper\">\n        <div class=\"wp-block-getwid-post-carousel__post-header\">\n            <h3 class=\"wp-block-getwid-post-carousel__post-title\"><a href=\"https:\/\/agora.xtec.cat\/ceip-mediterrani-ampolla\/ampa\/activitats-extraescolars-25-26-2\/\">Activitats extraescolars 25-26<\/a><\/h3>        <\/div>\n        <div class=\"wp-block-getwid-post-carousel__post-excerpt\"><p>Aqu\u00ed trobareu tota l&#8217;oferta d&#8217;activitats extraescolars per al curs 2025-2026<\/p>\n<\/div>\n    <\/div>\n<\/div>\n\n\t\t\t\t\t\t\t<\/div>\n\t\t\t\t\t\t\t\t\t\t\t\t\t<div class=\"wp-block-getwid-post-carousel__slide\">\n\t\t\t\t\t\t\t\t\n<div class=\"wp-block-getwid-post-carousel__post\">\n        <div class=\"wp-block-getwid-post-carousel__post-content-wrapper\">\n        <div class=\"wp-block-getwid-post-carousel__post-header\">\n            <h3 class=\"wp-block-getwid-post-carousel__post-title\"><a href=\"https:\/\/agora.xtec.cat\/ceip-mediterrani-ampolla\/ampa\/donacio-afa-3-ordinadors-hp-probook-x360-g5\/\">Donaci\u00f3 AFA &#8211; 3 ordinadors HP Probook x360 G5<\/a><\/h3>        <\/div>\n        <div class=\"wp-block-getwid-post-carousel__post-excerpt\"><p>L&#8217;AFA de l&#8217;Escola Mediterrani ha fet una donaci\u00f3 a l&#8217;escola de 3 ordinadors HP Probook x360 G5 que serviran per incrementar la dotaci\u00f3 d&#8217;ordinadors del centre i que ajudaran a que l&#8217;alumnat assoleixi millor la compet\u00e8ncia digital.<\/p>\n<\/div>\n    <\/div>\n<\/div>\n\n\t\t\t\t\t\t\t<\/div>\n\t\t\t\t\t\t\t\t\t\t\t\t\t<div class=\"wp-block-getwid-post-carousel__slide\">\n\t\t\t\t\t\t\t\t\n<div class=\"wp-block-getwid-post-carousel__post\">\n        <div class=\"wp-block-getwid-post-carousel__post-content-wrapper\">\n        <div class=\"wp-block-getwid-post-carousel__post-header\">\n            <h3 class=\"wp-block-getwid-post-carousel__post-title\"><a href=\"https:\/\/agora.xtec.cat\/ceip-mediterrani-ampolla\/ampa\/obsequi-als-alumnes-de-lafa-curs-2024-2025\/\">Obsequi a l&#8217;alumnat per part de l&#8217;AFA &#8211; Curs 2024-2025<\/a><\/h3>        <\/div>\n        <div class=\"wp-block-getwid-post-carousel__post-excerpt\"><p>Aquest curs 2024-2025, l&#8217;AFA de l&#8217;escola Mediterrani fa un obsequi a l&#8217;alumnat: .<\/p>\n<\/div>\n    <\/div>\n<\/div>\n\n\t\t\t\t\t\t\t<\/div>\n\t\t\t\t\t\t\t\t\t\t\t\t\t<div class=\"wp-block-getwid-post-carousel__slide\">\n\t\t\t\t\t\t\t\t\n<div class=\"wp-block-getwid-post-carousel__post\">\n        <div class=\"wp-block-getwid-post-carousel__post-content-wrapper\">\n        <div class=\"wp-block-getwid-post-carousel__post-header\">\n            <h3 class=\"wp-block-getwid-post-carousel__post-title\"><a href=\"https:\/\/agora.xtec.cat\/ceip-mediterrani-ampolla\/ampa\/equipament-esportiu-escola-mediterrani\/\">EQUIPAMENT ESPORTIU ESCOLA MEDITERRANI<\/a><\/h3>        <\/div>\n        <div class=\"wp-block-getwid-post-carousel__post-excerpt\"><p>Les fam\u00edlies interessades podeu adquirir l&#8217;equipament esportiu de l&#8217;Escola Mediterrani a la botiga \u201cDies de Platja\u201d al carrer Platja, n\u00fam. 2 de l\u2019Ampolla, del 27 de novembre al 2 de desembre de 2023. Durant el segon i tercer trimestre del curs 23-24 es tornar\u00e0 a obrir un nou per\u00edode de comandes per aquelles fam\u00edlies que [&hellip;]<\/p>\n<\/div>\n    <\/div>\n<\/div>\n\n\t\t\t\t\t\t\t<\/div>\n\t\t\t\t\t\t\t\t\t\t\t\t\t<div class=\"wp-block-getwid-post-carousel__slide\">\n\t\t\t\t\t\t\t\t\n<div class=\"wp-block-getwid-post-carousel__post\">\n        <div class=\"wp-block-getwid-post-carousel__post-content-wrapper\">\n        <div class=\"wp-block-getwid-post-carousel__post-header\">\n            <h3 class=\"wp-block-getwid-post-carousel__post-title\"><a href=\"https:\/\/agora.xtec.cat\/ceip-mediterrani-ampolla\/ampa\/extraescolars-23-24\/\">Extraescolars 23-24<\/a><\/h3>        <\/div>\n        <div class=\"wp-block-getwid-post-carousel__post-excerpt\"><\/div>\n    <\/div>\n<\/div>\n\n\t\t\t\t\t\t\t<\/div>\n\t\t\t\t\t\t\t\t\t\t\t\t\t<div class=\"wp-block-getwid-post-carousel__slide\">\n\t\t\t\t\t\t\t\t\n<div class=\"wp-block-getwid-post-carousel__post\">\n        <div class=\"wp-block-getwid-post-carousel__post-content-wrapper\">\n        <div class=\"wp-block-getwid-post-carousel__post-header\">\n            <h3 class=\"wp-block-getwid-post-carousel__post-title\"><a href=\"https:\/\/agora.xtec.cat\/ceip-mediterrani-ampolla\/ampa\/activitats-extraescolars-curs-2021-2022\/\">Activitats extraescolars curs 2021-2022<\/a><\/h3>        <\/div>\n        <div class=\"wp-block-getwid-post-carousel__post-excerpt\"><\/div>\n    <\/div>\n<\/div>\n\n\t\t\t\t\t\t\t<\/div>\n\t\t\t\t\t\t\t\t\t\t\t\t\t<div class=\"wp-block-getwid-post-carousel__slide\">\n\t\t\t\t\t\t\t\t\n<div class=\"wp-block-getwid-post-carousel__post\">\n        <div class=\"wp-block-getwid-post-carousel__post-content-wrapper\">\n        <div class=\"wp-block-getwid-post-carousel__post-header\">\n            <h3 class=\"wp-block-getwid-post-carousel__post-title\"><a href=\"https:\/\/agora.xtec.cat\/ceip-mediterrani-ampolla\/general\/donacio-de-22-tauletes-digitals\/\">Donaci\u00f3 de 22 tauletes digitals<\/a><\/h3>        <\/div>\n        <div class=\"wp-block-getwid-post-carousel__post-excerpt\"><p>Thierry Meunier, director de l&#8217;empresa Idrabel Espa\u00f1a de tractament biol\u00f2gic d&#8217;aig\u00fces residuals i contaminants amb seu a El Perell\u00f3, Mart\u00ed Queral de l&#8217;empresa constructora Mart\u00ed Queral SL, i Josep Sabater Tom\u00e0s de l&#8217;empresa de jardineria Sabater SL van donar el passat mes de novembre, a trav\u00e9s de l&#8217;Ajuntament, 22 tauletes digitals a l&#8217;Escola Mediterrani. L&#8217;AMPA [&hellip;]<\/p>\n<\/div>\n    <\/div>\n<\/div>\n\n\t\t\t\t\t\t\t<\/div>\n\t\t\t\t\t\t\t\t\t\t\t\t\t<div class=\"wp-block-getwid-post-carousel__slide\">\n\t\t\t\t\t\t\t\t\n<div class=\"wp-block-getwid-post-carousel__post\">\n        <div class=\"wp-block-getwid-post-carousel__post-content-wrapper\">\n        <div class=\"wp-block-getwid-post-carousel__post-header\">\n            <h3 class=\"wp-block-getwid-post-carousel__post-title\"><a href=\"https:\/\/agora.xtec.cat\/ceip-mediterrani-ampolla\/general\/anem-a-lescola-segurs\/\">Anem a l&#8217;escola segurs<\/a><\/h3>        <\/div>\n        <div class=\"wp-block-getwid-post-carousel__post-excerpt\"><p>Aix\u00ed de protegits anem mestres i alumnes de l&#8217;Escola Mediterrani&nbsp; amb les mascaretes que ens ha regalat l&#8217;AMPA.<\/p>\n<\/div>\n    <\/div>\n<\/div>\n\n\t\t\t\t\t\t\t<\/div>\n\t\t\t\t\t\t\t\t\t\t\t\t\t<div class=\"wp-block-getwid-post-carousel__slide\">\n\t\t\t\t\t\t\t\t\n<div class=\"wp-block-getwid-post-carousel__post\">\n        <div class=\"wp-block-getwid-post-carousel__post-content-wrapper\">\n        <div class=\"wp-block-getwid-post-carousel__post-header\">\n            <h3 class=\"wp-block-getwid-post-carousel__post-title\"><a href=\"https:\/\/agora.xtec.cat\/ceip-mediterrani-ampolla\/general\/setmana-cultural-propostes-de-la-regidoria-de-cultura\/\">Setmana Cultural &#8211; Propostes de la regidoria de cultura<\/a><\/h3>        <\/div>\n        <div class=\"wp-block-getwid-post-carousel__post-excerpt\"><p>Des de la regidoria de cultura de l&#8217;Ajuntament de l&#8217;Ampolla es proposen activitats en el marc de la Setmana Cultural. Us adjuntem enlla\u00e7os per accedir-hi i us animem a participar-hi.<\/p>\n<\/div>\n    <\/div>\n<\/div>\n\n\t\t\t\t\t\t\t<\/div>\n\t\t\t\t\t\t\t\t\t\t\t\t\t<div class=\"wp-block-getwid-post-carousel__slide\">\n\t\t\t\t\t\t\t\t\n<div class=\"wp-block-getwid-post-carousel__post\">\n        <div class=\"wp-block-getwid-post-carousel__post-content-wrapper\">\n        <div class=\"wp-block-getwid-post-carousel__post-header\">\n            <h3 class=\"wp-block-getwid-post-carousel__post-title\"><a href=\"https:\/\/agora.xtec.cat\/ceip-mediterrani-ampolla\/portada\/portatils-probook-360\/\">Port\u00e0tils Probook 360<\/a><\/h3>        <\/div>\n        <div class=\"wp-block-getwid-post-carousel__post-excerpt\"><p>El curs 2017-2018 l&#8217;AMPA, amb una subvenci\u00f3 de l&#8217;Ajuntament, ajuda a l&#8217;escola en l&#8217;adquisici\u00f3 de port\u00e0tils Probook 360.<\/p>\n<\/div>\n    <\/div>\n<\/div>\n\n\t\t\t\t\t\t\t<\/div>\n\t\t\t\t\t\t            <\/div>\n        <\/div>\n        \n\n\n<p><\/p>\n","protected":false},"excerpt":{"rendered":"","protected":false},"author":1,"featured_media":0,"parent":66,"menu_order":0,"comment_status":"closed","ping_status":"closed","template":"","meta":{"_bbp_topic_count":0,"_bbp_reply_count":0,"_bbp_total_topic_count":0,"_bbp_total_reply_count":0,"_bbp_voice_count":0,"_bbp_anonymous_reply_count":0,"_bbp_topic_count_hidden":0,"_bbp_reply_count_hidden":0,"_bbp_forum_subforum_count":0,"site-sidebar-layout":"default","site-content-layout":"","ast-site-content-layout":"default","site-content-style":"default","site-sidebar-style":"default","ast-global-header-display":"","ast-banner-title-visibility":"","ast-main-header-display":"","ast-hfb-above-header-display":"","ast-hfb-below-header-display":"","ast-hfb-mobile-header-display":"","site-post-title":"","ast-breadcrumbs-content":"","ast-featured-img":"","footer-sml-layout":"","theme-transparent-header-meta":"default","adv-header-id-meta":"","stick-header-meta":"","header-above-stick-meta":"","header-main-stick-meta":"","header-below-stick-meta":"","astra-migrate-meta-layouts":"set","ast-page-background-enabled":"default","ast-page-background-meta":{"desktop":{"background-color":"var(--ast-global-color-4)","background-image":"","background-repeat":"repeat","background-position":"center center","background-size":"auto","background-attachment":"scroll","background-type":"","background-media":"","overlay-type":"","overlay-color":"","overlay-opacity":"","overlay-gradient":""},"tablet":{"background-color":"","background-image":"","background-repeat":"repeat","background-position":"center center","background-size":"auto","background-attachment":"scroll","background-type":"","background-media":"","overlay-type":"","overlay-color":"","overlay-opacity":"","overlay-gradient":""},"mobile":{"background-color":"","background-image":"","background-repeat":"repeat","background-position":"center center","background-size":"auto","background-attachment":"scroll","background-type":"","background-media":"","overlay-type":"","overlay-color":"","overlay-opacity":"","overlay-gradient":""}},"ast-content-background-meta":{"desktop":{"background-color":"var(--ast-global-color-5)","background-image":"","background-repeat":"repeat","background-position":"center center","background-size":"auto","background-attachment":"scroll","background-type":"","background-media":"","overlay-type":"","overlay-color":"","overlay-opacity":"","overlay-gradient":""},"tablet":{"background-color":"var(--ast-global-color-5)","background-image":"","background-repeat":"repeat","background-position":"center center","background-size":"auto","background-attachment":"scroll","background-type":"","background-media":"","overlay-type":"","overlay-color":"","overlay-opacity":"","overlay-gradient":""},"mobile":{"background-color":"var(--ast-global-color-5)","background-image":"","background-repeat":"repeat","background-position":"center center","background-size":"auto","background-attachment":"scroll","background-type":"","background-media":"","overlay-type":"","overlay-color":"","overlay-opacity":"","overlay-gradient":""}},"footnotes":""},"class_list":["post-12901","page","type-page","status-publish","hentry"],"post_mailing_queue_ids":[],"_links":{"self":[{"href":"https:\/\/agora.xtec.cat\/ceip-mediterrani-ampolla\/wp-json\/wp\/v2\/pages\/12901","targetHints":{"allow":["GET"]}}],"collection":[{"href":"https:\/\/agora.xtec.cat\/ceip-mediterrani-ampolla\/wp-json\/wp\/v2\/pages"}],"about":[{"href":"https:\/\/agora.xtec.cat\/ceip-mediterrani-ampolla\/wp-json\/wp\/v2\/types\/page"}],"author":[{"embeddable":true,"href":"https:\/\/agora.xtec.cat\/ceip-mediterrani-ampolla\/wp-json\/wp\/v2\/users\/1"}],"replies":[{"embeddable":true,"href":"https:\/\/agora.xtec.cat\/ceip-mediterrani-ampolla\/wp-json\/wp\/v2\/comments?post=12901"}],"version-history":[{"count":6,"href":"https:\/\/agora.xtec.cat\/ceip-mediterrani-ampolla\/wp-json\/wp\/v2\/pages\/12901\/revisions"}],"predecessor-version":[{"id":13176,"href":"https:\/\/agora.xtec.cat\/ceip-mediterrani-ampolla\/wp-json\/wp\/v2\/pages\/12901\/revisions\/13176"}],"up":[{"embeddable":true,"href":"https:\/\/agora.xtec.cat\/ceip-mediterrani-ampolla\/wp-json\/wp\/v2\/pages\/66"}],"wp:attachment":[{"href":"https:\/\/agora.xtec.cat\/ceip-mediterrani-ampolla\/wp-json\/wp\/v2\/media?parent=12901"}],"curies":[{"name":"wp","href":"https:\/\/api.w.org\/{rel}","templated":true}]}}