{"id":12567,"date":"2025-06-02T13:23:14","date_gmt":"2025-06-02T11:23:14","guid":{"rendered":"https:\/\/agora.xtec.cat\/ceip-mediterrani-ampolla\/?page_id=12567"},"modified":"2026-03-19T15:11:31","modified_gmt":"2026-03-19T14:11:31","slug":"biblioteca","status":"publish","type":"page","link":"https:\/\/agora.xtec.cat\/ceip-mediterrani-ampolla\/biblioteca\/","title":{"rendered":"Biblioteca"},"content":{"rendered":"\n<p><span style=\"font-weight: 400;\">La nostra biblioteca \u00e9s un espai pensat per despertar el gust per la lectura del nostre alumnat, fomentant la curiositat per aquest m\u00f3n tan m\u00e0gic en un entorn tranquil, mitjan\u00e7ant una gran varietat de llibres, contes, \u00e0lbums il\u00b7lustrats\u2026 \u00c9s un punt de trobada entre la imaginaci\u00f3, el coneixement i el plaer de llegir.&nbsp; A m\u00e9s, tamb\u00e9&nbsp; organitzem activitats l\u00fadiques i pedag\u00f2giques al voltant dels llibres amb la implicaci\u00f3 d\u2019infants, mestres i fam\u00edlies.<\/span><\/p>\n","protected":false},"excerpt":{"rendered":"<p>La nostra biblioteca \u00e9s un espai pensat per despertar el gust per la lectura del nostre alumnat, fomentant la curiositat per aquest m\u00f3n tan m\u00e0gic en un entorn tranquil, mitjan\u00e7ant una gran varietat de llibres, contes, \u00e0lbums il\u00b7lustrats\u2026 \u00c9s un punt de trobada entre la imaginaci\u00f3, el coneixement i el plaer de llegir.&nbsp; A m\u00e9s, [&hellip;]<\/p>\n","protected":false},"author":1,"featured_media":0,"parent":0,"menu_order":0,"comment_status":"closed","ping_status":"closed","template":"","meta":{"_bbp_topic_count":0,"_bbp_reply_count":0,"_bbp_total_topic_count":0,"_bbp_total_reply_count":0,"_bbp_voice_count":0,"_bbp_anonymous_reply_count":0,"_bbp_topic_count_hidden":0,"_bbp_reply_count_hidden":0,"_bbp_forum_subforum_count":0,"site-sidebar-layout":"default","site-content-layout":"","ast-site-content-layout":"default","site-content-style":"default","site-sidebar-style":"default","ast-global-header-display":"","ast-banner-title-visibility":"","ast-main-header-display":"","ast-hfb-above-header-display":"","ast-hfb-below-header-display":"","ast-hfb-mobile-header-display":"","site-post-title":"","ast-breadcrumbs-content":"","ast-featured-img":"","footer-sml-layout":"","theme-transparent-header-meta":"","adv-header-id-meta":"","stick-header-meta":"","header-above-stick-meta":"","header-main-stick-meta":"","header-below-stick-meta":"","astra-migrate-meta-layouts":"set","ast-page-background-enabled":"default","ast-page-background-meta":{"desktop":{"background-color":"var(--ast-global-color-4)","background-image":"","background-repeat":"repeat","background-position":"center center","background-size":"auto","background-attachment":"scroll","background-type":"","background-media":"","overlay-type":"","overlay-color":"","overlay-opacity":"","overlay-gradient":""},"tablet":{"background-color":"","background-image":"","background-repeat":"repeat","background-position":"center center","background-size":"auto","background-attachment":"scroll","background-type":"","background-media":"","overlay-type":"","overlay-color":"","overlay-opacity":"","overlay-gradient":""},"mobile":{"background-color":"","background-image":"","background-repeat":"repeat","background-position":"center center","background-size":"auto","background-attachment":"scroll","background-type":"","background-media":"","overlay-type":"","overlay-color":"","overlay-opacity":"","overlay-gradient":""}},"ast-content-background-meta":{"desktop":{"background-color":"var(--ast-global-color-5)","background-image":"","background-repeat":"repeat","background-position":"center center","background-size":"auto","background-attachment":"scroll","background-type":"","background-media":"","overlay-type":"","overlay-color":"","overlay-opacity":"","overlay-gradient":""},"tablet":{"background-color":"var(--ast-global-color-5)","background-image":"","background-repeat":"repeat","background-position":"center center","background-size":"auto","background-attachment":"scroll","background-type":"","background-media":"","overlay-type":"","overlay-color":"","overlay-opacity":"","overlay-gradient":""},"mobile":{"background-color":"var(--ast-global-color-5)","background-image":"","background-repeat":"repeat","background-position":"center center","background-size":"auto","background-attachment":"scroll","background-type":"","background-media":"","overlay-type":"","overlay-color":"","overlay-opacity":"","overlay-gradient":""}},"footnotes":""},"class_list":["post-12567","page","type-page","status-publish","hentry"],"post_mailing_queue_ids":[],"_links":{"self":[{"href":"https:\/\/agora.xtec.cat\/ceip-mediterrani-ampolla\/wp-json\/wp\/v2\/pages\/12567","targetHints":{"allow":["GET"]}}],"collection":[{"href":"https:\/\/agora.xtec.cat\/ceip-mediterrani-ampolla\/wp-json\/wp\/v2\/pages"}],"about":[{"href":"https:\/\/agora.xtec.cat\/ceip-mediterrani-ampolla\/wp-json\/wp\/v2\/types\/page"}],"author":[{"embeddable":true,"href":"https:\/\/agora.xtec.cat\/ceip-mediterrani-ampolla\/wp-json\/wp\/v2\/users\/1"}],"replies":[{"embeddable":true,"href":"https:\/\/agora.xtec.cat\/ceip-mediterrani-ampolla\/wp-json\/wp\/v2\/comments?post=12567"}],"version-history":[{"count":3,"href":"https:\/\/agora.xtec.cat\/ceip-mediterrani-ampolla\/wp-json\/wp\/v2\/pages\/12567\/revisions"}],"predecessor-version":[{"id":13352,"href":"https:\/\/agora.xtec.cat\/ceip-mediterrani-ampolla\/wp-json\/wp\/v2\/pages\/12567\/revisions\/13352"}],"wp:attachment":[{"href":"https:\/\/agora.xtec.cat\/ceip-mediterrani-ampolla\/wp-json\/wp\/v2\/media?parent=12567"}],"curies":[{"name":"wp","href":"https:\/\/api.w.org\/{rel}","templated":true}]}}