{"id":71,"date":"2014-09-18T12:44:56","date_gmt":"2014-09-18T12:44:56","guid":{"rendered":"http:\/\/agora.xtec.cat\/ceip-mdpatrocini-cardona\/\/?page_id=71"},"modified":"2020-01-21T13:18:48","modified_gmt":"2020-01-21T12:18:48","slug":"serveis-digitals","status":"publish","type":"page","link":"https:\/\/agora.xtec.cat\/ceip-mdpatrocini-cardona\/serveis\/serveis-digitals\/","title":{"rendered":"Internet segura"},"content":{"rendered":"<p><img loading=\"lazy\" decoding=\"async\" class=\"alignnone size-full wp-image-3006\" src=\"http:\/\/agora.xtec.cat\/ceip-mdpatrocini-cardona\/wp-content\/uploads\/usu474\/2018\/04\/Bones-pr\u00e0ctiques-material-inform\u00e0tic-i-compte-de-correu-corporatiu.jpg\" alt=\"\" width=\"533\" height=\"657\" srcset=\"https:\/\/agora.xtec.cat\/ceip-mdpatrocini-cardona\/wp-content\/uploads\/usu474\/2018\/04\/Bones-pr\u00e0ctiques-material-inform\u00e0tic-i-compte-de-correu-corporatiu.jpg 533w, https:\/\/agora.xtec.cat\/ceip-mdpatrocini-cardona\/wp-content\/uploads\/usu474\/2018\/04\/Bones-pr\u00e0ctiques-material-inform\u00e0tic-i-compte-de-correu-corporatiu-243x300.jpg 243w\" sizes=\"auto, (max-width: 533px) 100vw, 533px\" \/><\/p>\n<p><a href=\"http:\/\/agora.xtec.cat\/ceip-mdpatrocini-cardona\/wp-content\/uploads\/usu474\/2017\/09\/CRITERIS-internet.pdf\">Usos Acceptables d&#8217;Internet<\/a><\/p>\n<p><img loading=\"lazy\" decoding=\"async\" class=\"alignnone size-full wp-image-3003\" src=\"http:\/\/agora.xtec.cat\/ceip-mdpatrocini-cardona\/wp-content\/uploads\/usu474\/2018\/04\/Usos-Internet-1.jpg\" alt=\"\" width=\"529\" height=\"657\" srcset=\"https:\/\/agora.xtec.cat\/ceip-mdpatrocini-cardona\/wp-content\/uploads\/usu474\/2018\/04\/Usos-Internet-1.jpg 529w, https:\/\/agora.xtec.cat\/ceip-mdpatrocini-cardona\/wp-content\/uploads\/usu474\/2018\/04\/Usos-Internet-1-242x300.jpg 242w\" sizes=\"auto, (max-width: 529px) 100vw, 529px\" \/><\/p>\n<p><img loading=\"lazy\" decoding=\"async\" class=\"alignnone size-full wp-image-3004\" src=\"http:\/\/agora.xtec.cat\/ceip-mdpatrocini-cardona\/wp-content\/uploads\/usu474\/2018\/04\/Usos-Internet-2.jpg\" alt=\"\" width=\"529\" height=\"658\" srcset=\"https:\/\/agora.xtec.cat\/ceip-mdpatrocini-cardona\/wp-content\/uploads\/usu474\/2018\/04\/Usos-Internet-2.jpg 529w, https:\/\/agora.xtec.cat\/ceip-mdpatrocini-cardona\/wp-content\/uploads\/usu474\/2018\/04\/Usos-Internet-2-241x300.jpg 241w\" sizes=\"auto, (max-width: 529px) 100vw, 529px\" \/><\/p>\n<p><a href=\"http:\/\/agora.xtec.cat\/ceip-mdpatrocini-cardona\/wp-content\/uploads\/usu474\/2017\/09\/drets-autor.jpg\"><img loading=\"lazy\" decoding=\"async\" class=\"size-full wp-image-2455 aligncenter\" src=\"http:\/\/agora.xtec.cat\/ceip-mdpatrocini-cardona\/wp-content\/uploads\/usu474\/2017\/09\/drets-autor.jpg\" alt=\"\" width=\"482\" height=\"680\" srcset=\"https:\/\/agora.xtec.cat\/ceip-mdpatrocini-cardona\/wp-content\/uploads\/usu474\/2017\/09\/drets-autor.jpg 482w, https:\/\/agora.xtec.cat\/ceip-mdpatrocini-cardona\/wp-content\/uploads\/usu474\/2017\/09\/drets-autor-213x300.jpg 213w\" sizes=\"auto, (max-width: 482px) 100vw, 482px\" \/><\/a><\/p>\n<p><span class=\"name\"><strong>Apps<\/strong> per narrar les nostres hist\u00f2ries de la manera m\u00e9s creativa.<\/span> <span class=\"slogan\">Selecci\u00f3 d&#8217;aplicacions \u00fatils per treballar tant les estructures de la narraci\u00f3 textual com la mec\u00e0nica de la narraci\u00f3 audiovisual.<\/span><\/p>\n<p>http:\/\/toolbox.mobileworldcapital.com\/apps\/ios\/metacategory:Storytelling<\/p>\n<p>Aquest v\u00eddeo t&#8217;ofereix pautes per limitar l&#8217;\u00fas de les noves tecnologies als m\u00e9s petits de la casa.<\/p>\n<p><iframe loading=\"lazy\" src=\"\/\/www.youtube.com\/embed\/xaUHBt44lis\" width=\"560\" height=\"315\" frameborder=\"0\" allowfullscreen=\"allowfullscreen\"><\/iframe><\/p>\n<p>Aquest v\u00eddeo sobre el &#8220;sharenting&#8221; (compartir fotos dels fills) alerta sobre aquesta pr\u00e0ctica tan comuna.<\/p>\n<p><a href=\"http:\/\/www.ccma.cat\/324\/sharenting-la-moda-de-compartir-els-fills-a-les-xarxes-genera-debat\/noticia\/2766861\/#.WHKnXbFcAsE.facebook\">http:\/\/www.ccma.cat\/324\/sharenting-la-moda-de-compartir-els-fills-a-les-xarxes-genera-debat\/noticia\/2766861\/#.WHKnXbFcAsE.facebook<\/a><\/p>\n<h3>\u00das i ab\u00fas de les tecnologies<\/h3>\n<div class=\"FW_sEditPro\">\n<p>Els vostres fills han nascut en una societat on les tecnologies de la informaci\u00f3 i de la comunicaci\u00f3 s&#8217;han fet imprescindibles. Amb aquestes tecnologies han aparegut noves maneres de comunicar-se i de relacionar-se. I tot plegat sense sortir de casa.<\/p>\n<p>Aquestes tecnologies no s\u00f3n perilloses en si mateixes i, si se&#8217;n fa un bon \u00fas, poden fins i tot ser molt beneficioses. Per exemple, permeten, entre altres:<\/p>\n<ul>\n<li>Obtenir informaci\u00f3 de manera immediata.<\/li>\n<li>Elaborar coneixements amb molta m\u00e9s facilitat.<\/li>\n<li>Relacionar-se amb persones d&#8217;altres pa\u00efsos.<\/li>\n<\/ul>\n<p>Per\u00f2 l&#8217;\u00fas de les tecnologies tamb\u00e9 t\u00e9 els seus perills. Si els vostres fills les utilitzen sense la vostra supervisi\u00f3 i el vostre control poden, entre altres:<\/p>\n<ul>\n<li>Accedir a continguts i relacions poc apropiats a la seva maduresa.<\/li>\n<li>Afavorir la p\u00e8rdua de temps.<\/li>\n<li>Produir addicci\u00f3.<\/li>\n<\/ul>\n<p>Que de la tecnologia es faci un bon o un mal \u00fas \u00e9s part del problema m\u00e9s general de com fem servir el temps: el temps dels nostres fills, per\u00f2 tamb\u00e9 el temps de fam\u00edlia.<\/p>\n<p>I recordeu que cal educar en el bon \u00fas de les tecnologies digitals predicant amb l&#8217;exemple.<\/p>\n<p>Seguidament trobareu algunes recomanacions que us ajudaran a orientar els vostres fills en l&#8217;\u00fas raonable d&#8217;aquests mitjans.<\/p>\n<p>http:\/\/familiaiescola.gencat.cat\/ca\/educar-creixer-en-familia\/educacio-us-tecnologies\/us-abus-tecnologies\/<\/p>\n<p>&nbsp;<\/p>\n<div class=\"FW_sInfoCanal\">\n<h3>Educar i cr\u00e9ixer en fam\u00edlia<\/h3>\n<div class=\"FW_sArticleFoto\"><\/div>\n<div class=\"FW_sEditPro\">En aquest espai trobareu informaci\u00f3, orientacions i recursos que us poden ser d&#8217;utilitat en la vostra tasca educativa a cada una de les etapes evolutives dels vostres fills.<\/div>\n<div class=\"FW_sEditPro\"><\/div>\n<\/div>\n<p>http:\/\/familiaiescola.gencat.cat\/ca\/educar-creixer-en-familia<\/p>\n<\/div>\n","protected":false},"excerpt":{"rendered":"<p>Usos Acceptables d&#8217;Internet Apps per narrar les nostres hist\u00f2ries de la manera m\u00e9s creativa. Selecci\u00f3 d&#8217;aplicacions \u00fatils per treballar tant les estructures de la narraci\u00f3 textual com la mec\u00e0nica de la narraci\u00f3 audiovisual. http:\/\/toolbox.mobileworldcapital.com\/apps\/ios\/metacategory:Storytelling Aquest v\u00eddeo t&#8217;ofereix pautes per limitar l&#8217;\u00fas de les noves tecnologies als m\u00e9s petits de la casa. Aquest v\u00eddeo sobre el [&hellip;]<\/p>\n","protected":false},"author":2,"featured_media":0,"parent":66,"menu_order":10,"comment_status":"closed","ping_status":"closed","template":"page-templates\/side-menu.php","meta":{"_bbp_topic_count":0,"_bbp_reply_count":0,"_bbp_total_topic_count":0,"_bbp_total_reply_count":0,"_bbp_voice_count":0,"_bbp_anonymous_reply_count":0,"_bbp_topic_count_hidden":0,"_bbp_reply_count_hidden":0,"_bbp_forum_subforum_count":0,"site-sidebar-layout":"default","site-content-layout":"","ast-site-content-layout":"","site-content-style":"default","site-sidebar-style":"default","ast-global-header-display":"","ast-banner-title-visibility":"","ast-main-header-display":"","ast-hfb-above-header-display":"","ast-hfb-below-header-display":"","ast-hfb-mobile-header-display":"","site-post-title":"","ast-breadcrumbs-content":"","ast-featured-img":"","footer-sml-layout":"","theme-transparent-header-meta":"","adv-header-id-meta":"","stick-header-meta":"","header-above-stick-meta":"","header-main-stick-meta":"","header-below-stick-meta":"","astra-migrate-meta-layouts":"default","ast-page-background-enabled":"default","ast-page-background-meta":{"desktop":{"background-color":"var(--ast-global-color-5)","background-image":"","background-repeat":"repeat","background-position":"center center","background-size":"auto","background-attachment":"scroll","background-type":"","background-media":"","overlay-type":"","overlay-color":"","overlay-opacity":"","overlay-gradient":""},"tablet":{"background-color":"","background-image":"","background-repeat":"repeat","background-position":"center center","background-size":"auto","background-attachment":"scroll","background-type":"","background-media":"","overlay-type":"","overlay-color":"","overlay-opacity":"","overlay-gradient":""},"mobile":{"background-color":"","background-image":"","background-repeat":"repeat","background-position":"center center","background-size":"auto","background-attachment":"scroll","background-type":"","background-media":"","overlay-type":"","overlay-color":"","overlay-opacity":"","overlay-gradient":""}},"ast-content-background-meta":{"desktop":{"background-color":"var(--ast-global-color-4)","background-image":"","background-repeat":"repeat","background-position":"center center","background-size":"auto","background-attachment":"scroll","background-type":"","background-media":"","overlay-type":"","overlay-color":"","overlay-opacity":"","overlay-gradient":""},"tablet":{"background-color":"var(--ast-global-color-4)","background-image":"","background-repeat":"repeat","background-position":"center center","background-size":"auto","background-attachment":"scroll","background-type":"","background-media":"","overlay-type":"","overlay-color":"","overlay-opacity":"","overlay-gradient":""},"mobile":{"background-color":"var(--ast-global-color-4)","background-image":"","background-repeat":"repeat","background-position":"center center","background-size":"auto","background-attachment":"scroll","background-type":"","background-media":"","overlay-type":"","overlay-color":"","overlay-opacity":"","overlay-gradient":""}},"footnotes":""},"class_list":["post-71","page","type-page","status-publish","hentry"],"post_mailing_queue_ids":[],"_links":{"self":[{"href":"https:\/\/agora.xtec.cat\/ceip-mdpatrocini-cardona\/wp-json\/wp\/v2\/pages\/71","targetHints":{"allow":["GET"]}}],"collection":[{"href":"https:\/\/agora.xtec.cat\/ceip-mdpatrocini-cardona\/wp-json\/wp\/v2\/pages"}],"about":[{"href":"https:\/\/agora.xtec.cat\/ceip-mdpatrocini-cardona\/wp-json\/wp\/v2\/types\/page"}],"author":[{"embeddable":true,"href":"https:\/\/agora.xtec.cat\/ceip-mdpatrocini-cardona\/wp-json\/wp\/v2\/users\/2"}],"replies":[{"embeddable":true,"href":"https:\/\/agora.xtec.cat\/ceip-mdpatrocini-cardona\/wp-json\/wp\/v2\/comments?post=71"}],"version-history":[{"count":4,"href":"https:\/\/agora.xtec.cat\/ceip-mdpatrocini-cardona\/wp-json\/wp\/v2\/pages\/71\/revisions"}],"predecessor-version":[{"id":4081,"href":"https:\/\/agora.xtec.cat\/ceip-mdpatrocini-cardona\/wp-json\/wp\/v2\/pages\/71\/revisions\/4081"}],"up":[{"embeddable":true,"href":"https:\/\/agora.xtec.cat\/ceip-mdpatrocini-cardona\/wp-json\/wp\/v2\/pages\/66"}],"wp:attachment":[{"href":"https:\/\/agora.xtec.cat\/ceip-mdpatrocini-cardona\/wp-json\/wp\/v2\/media?parent=71"}],"curies":[{"name":"wp","href":"https:\/\/api.w.org\/{rel}","templated":true}]}}