{"id":6827,"date":"2022-10-27T16:24:44","date_gmt":"2022-10-27T14:24:44","guid":{"rendered":"https:\/\/agora.xtec.cat\/ceip-mdpatrocini-cardona\/?page_id=6827"},"modified":"2025-10-01T16:36:23","modified_gmt":"2025-10-01T14:36:23","slug":"equip-docent-i-no-docent","status":"publish","type":"page","link":"https:\/\/agora.xtec.cat\/ceip-mdpatrocini-cardona\/equip-docent-i-no-docent\/","title":{"rendered":"Equip docent i no docent"},"content":{"rendered":"<p><span style=\"text-decoration: underline;\"><strong>PERSONAL DOCENT<\/strong><\/span><\/p>\n<table style=\"height: 122px; width: 79.508%; border-collapse: collapse; background-color: #00c4fa; border-color: #000000; border-style: solid;\">\n<tbody>\n<tr>\n<td style=\"width: 53.865%; text-align: center;\" colspan=\"2\"><strong>EQUIP DIRECTIU<\/strong><\/td>\n<td style=\"width: 51.0499%; text-align: center;\"><strong>CORREU ELECTR\u00d2NIC<\/strong><\/td>\n<\/tr>\n<tr style=\"height: 32px;\">\n<td style=\"width: 15.7648%; height: 32px;\"><strong>DIRECTOR<\/strong><\/td>\n<td style=\"width: 38.1002%; height: 32px; text-align: left;\">MANEL ZAMORA LE\u00d3N<\/td>\n<td style=\"width: 51.0499%; text-align: left;\"><a href=\"mailto:manel.zamora@patrocini.cat\">manel.zamora@patrocini.cat<\/a><\/td>\n<\/tr>\n<tr style=\"height: 32px;\">\n<td style=\"width: 15.7648%; height: 32px;\"><strong>CAP D&#8217;ESTUDIS<\/strong><\/td>\n<td style=\"width: 38.1002%; height: 32px; text-align: left;\">CRISTINA GUZM\u00c1N TORRA<\/td>\n<td style=\"width: 51.0499%; text-align: left;\"><a href=\"mailto:cristina.guzman@patrocini.cat\">cristina.guzman@patrocini.cat<\/a><\/td>\n<\/tr>\n<tr style=\"height: 32px;\">\n<td style=\"width: 15.7648%; height: 32px;\"><strong>SECRETARI<\/strong><\/td>\n<td style=\"width: 38.1002%; height: 32px; text-align: left;\">ORIOL MELERO TORRICO<\/td>\n<td style=\"width: 51.0499%; text-align: left;\"><a href=\"mailto:oriol.melero@patrocini.cat\">oriol.melero@patrocini.cat<\/a><\/td>\n<\/tr>\n<\/tbody>\n<\/table>\n<table style=\"height: 148px; width: 79.5936%; border-collapse: collapse; background-color: #fffcb0; border-style: solid;\">\n<tbody>\n<tr style=\"height: 32px;\">\n<td style=\"height: 32px; text-align: center; width: 53.8239%;\" colspan=\"2\"><strong>COLLA DE MENUTS<\/strong><\/td>\n<td style=\"width: 107.764%; text-align: center; height: 32px;\"><strong>CORREU ELECTR\u00d2NIC<\/strong><\/td>\n<\/tr>\n<tr style=\"height: 32px;\">\n<td style=\"width: 15.6068%; height: 32px;\"><strong>TUTORA I3<\/strong><\/td>\n<td style=\"width: 38.2171%; height: 32px;\">ANNA PUIG COMELLAS<\/td>\n<td style=\"width: 107.764%; height: 32px;\"><a href=\"mailto:anna.puig@patrocini.cat\">anna.puig@patrocini.cat<\/a><\/td>\n<\/tr>\n<tr style=\"height: 32px;\">\n<td style=\"width: 15.6068%; height: 32px;\"><strong>TUTORA I4<\/strong><\/td>\n<td style=\"width: 38.2171%; height: 32px;\">ANNA BERTRAN COMPTE<\/td>\n<td style=\"width: 107.764%; height: 32px;\"><a href=\"mailto:anna.bertran@patrocini.cat\">anna.bertran@patrocini.cat<\/a><\/td>\n<\/tr>\n<tr style=\"height: 32px;\">\n<td style=\"width: 15.6068%; height: 32px;\"><strong>TUTORA I5<\/strong><\/td>\n<td style=\"width: 38.2171%; height: 32px;\">M\u00d2NICA BAENA MU\u00d1OZ<\/td>\n<td style=\"width: 107.764%; height: 32px;\"><a href=\"mailto:monica.baena@patrocini.cat\">monica.baena@patrocini.cat<\/a><\/td>\n<\/tr>\n<tr style=\"height: 32px;\">\n<td style=\"width: 15.6068%; height: 10px;\"><strong>REFOR\u00c7<\/strong><\/td>\n<td style=\"width: 38.2171%; height: 10px;\">ROSA MARI TORRICO CAMPS<\/td>\n<td style=\"width: 107.764%; height: 10px;\"><a href=\"mailto:rosamari.torrico@patrocini.cat\">rosamari.torrico@patrocini.cat<\/a><\/td>\n<\/tr>\n<tr style=\"height: 48px;\">\n<td style=\"width: 15.6068%; height: 10px;\"><\/td>\n<td style=\"width: 38.2171%; height: 10px;\"><\/td>\n<td style=\"width: 107.764%; height: 10px;\"><\/td>\n<\/tr>\n<\/tbody>\n<\/table>\n<table style=\"height: 192px; width: 79.6794%; border-collapse: collapse; background-color: #e4f752; border-color: #00fa92; border-style: solid;\">\n<tbody>\n<tr style=\"height: 32px;\">\n<td style=\"height: 32px; text-align: center; width: 53.8309%;\" colspan=\"2\"><strong>COLLA DE MITJANS<\/strong><\/td>\n<td style=\"width: 126.302%; text-align: center;\"><strong>CORREU ELECTR\u00d2NIC<\/strong><\/td>\n<\/tr>\n<tr>\n<td style=\"width: 15.6408%;\"><strong>TUTORA 1r<\/strong><\/td>\n<td style=\"width: 38.1901%;\">MIREIA CODINA GARRIGA<\/p>\n<p>CHRISTIAN BUENO CASAS<\/td>\n<td style=\"width: 126.302%;\"><a href=\"mailto:mireia.codina@patrocini.cat\">mireia.codina@patrocini.cat<\/a><\/p>\n<p><a href=\"mailto:christian.bueno@patrocini.cat\">christian.bueno@patrocini.cat<\/a><\/td>\n<\/tr>\n<tr style=\"height: 32px;\">\n<td style=\"width: 15.6408%; height: 32px;\"><strong>TUTORA 2n<\/strong><\/td>\n<td style=\"width: 38.1901%; height: 32px;\">TERESA ARDERIU SABATA<\/td>\n<td style=\"width: 126.302%;\"><a href=\"mailto:teresa.arderiu@patrocini.cat\">teresa.arderiu@patrocini.cat<\/a><\/td>\n<\/tr>\n<tr style=\"height: 32px;\">\n<td style=\"width: 15.6408%; height: 32px;\"><strong>TUTORA 3r<\/strong><\/td>\n<td style=\"width: 38.1901%; height: 32px;\">ANNA T\u00c0PIA VALVERDE<\/td>\n<td style=\"width: 126.302%;\"><a href=\"mailto:anna.tapia@patrocini.cat\">anna.tapia@patrocini.cat<\/a><\/td>\n<\/tr>\n<tr style=\"height: 32px;\">\n<td style=\"width: 15.6408%; height: 32px;\"><strong>ANGL\u00c8S<\/strong><\/td>\n<td style=\"width: 38.1901%; height: 32px;\">CRISTINA GARCIA TRAPERO<\/td>\n<td style=\"width: 126.302%;\"><a href=\"mailto:cristina.garcia@patrocini.cat\">cristina.garcia@patrocini.cat<\/a><\/td>\n<\/tr>\n<tr style=\"height: 32px;\">\n<td style=\"width: 15.6408%; height: 32px;\"><strong>REFOR\u00c7<\/strong><\/td>\n<td style=\"width: 38.1901%; height: 32px;\">CRISTINA GUZM\u00c1N TORRA<\/td>\n<td style=\"width: 126.302%;\"><a href=\"mailto:cristina.guzman@patrocini.cat\">cristina.guzman@patrocini.cat<\/a><\/td>\n<\/tr>\n<tr style=\"height: 32px;\">\n<td style=\"width: 15.6408%; height: 32px;\"><strong>REFOR\u00c7<\/strong><\/td>\n<td style=\"width: 38.1901%; height: 32px;\">JUDITH CAPDEVILA PUIGPIQUER<\/td>\n<td style=\"width: 126.302%;\"><a href=\"mailto:judith.capdevila@patrocini.cat\">judith.capdevila@patrocini.cat<\/a><\/td>\n<\/tr>\n<\/tbody>\n<\/table>\n<table style=\"height: 178px; width: 79.7257%; border-collapse: collapse; background-color: #a7fafa; border-color: #08c9ff; border-style: solid;\">\n<tbody>\n<tr style=\"height: 32px;\">\n<td style=\"height: 32px; text-align: center; width: 53.8688%;\" colspan=\"2\"><strong>COLLA DE GRANS<\/strong><\/td>\n<td style=\"width: 99.2389%; text-align: center; height: 32px;\"><strong>CORREU ELECTR\u00d2NIC<\/strong><\/td>\n<\/tr>\n<tr style=\"height: 32px;\">\n<td style=\"width: 14.9408%; height: 32px;\"><strong>TUTORA 4t<\/strong><\/td>\n<td style=\"width: 38.928%; height: 32px;\">CRISTINA COROMINAS SUCARRATS<\/td>\n<td style=\"width: 99.2389%; height: 32px;\"><a href=\"mailto:cristina.sucarrats@patrocini.cat\">cristina.sucarrats@patrocini.cat<\/a><\/td>\n<\/tr>\n<tr style=\"height: 32px;\">\n<td style=\"width: 14.9408%; height: 18px;\"><strong>TUTORS 5\u00e8<\/strong><\/td>\n<td style=\"width: 38.928%; height: 18px;\">PILAR CLUSELLAS MACI\u00c0<\/p>\n<p>AXEL CAMARERO D\u00cdEZ<\/td>\n<td style=\"width: 99.2389%; height: 18px;\"><a href=\"mailto:pili.clusellas@patrocini.cat\">pili.clusellas@patrocini.cat<\/a><\/p>\n<p><a href=\"mailto:axel.camarero@patrocini.cat\">axel.camarero@patrocini.cat<\/a><\/td>\n<\/tr>\n<tr style=\"height: 32px;\">\n<td style=\"width: 14.9408%; height: 32px;\"><strong>TUTOR 6\u00e8<\/strong><\/td>\n<td style=\"width: 38.928%; height: 32px;\">MARC CULEBRAS PONS<\/td>\n<td style=\"width: 99.2389%; height: 32px;\"><a href=\"mailto:marc.culebras@patrocini.cat\">marc.culebras@patrocini.cat<\/a><\/td>\n<\/tr>\n<tr style=\"height: 32px;\">\n<td style=\"width: 14.9408%; height: 32px;\"><\/td>\n<td style=\"width: 38.928%; height: 32px;\"><\/td>\n<td style=\"width: 99.2389%; height: 32px;\"><\/td>\n<\/tr>\n<tr style=\"height: 32px;\">\n<td style=\"width: 14.9408%; height: 32px;\"><strong>CASTELLANO<\/strong><\/td>\n<td style=\"width: 38.928%; height: 32px;\">BLAI GRAG\u00c9S SELVA<\/td>\n<td style=\"width: 99.2389%; height: 32px;\"><a href=\"mailto:blai.grages@patrocini.cat\">blai.grages@patrocini.cat<\/a><\/td>\n<\/tr>\n<\/tbody>\n<\/table>\n<p>&nbsp;<\/p>\n<table style=\"height: 154px; width: 79.4302%; border-collapse: collapse; border-style: solid; border-color: #f70f55; background-color: #fc9f9f;\">\n<tbody>\n<tr style=\"height: 43px;\">\n<td style=\"height: 31px; width: 53.3727%;\" colspan=\"2\"><strong><br \/>\n<\/strong><\/p>\n<p style=\"text-align: center;\"><strong>ESPECIALISTES<\/strong><\/p>\n<\/td>\n<td style=\"width: 184.285%; text-align: center; height: 31px;\"><strong>CORREU ELECTR\u00d2NIC<\/strong><\/td>\n<\/tr>\n<tr style=\"height: 163px;\">\n<td style=\"width: 15.1946%; height: 10px;\"><strong>ANGL\u00c8S<\/strong><\/td>\n<td style=\"width: 38.1781%; height: 10px;\">\n<p style=\"text-align: left;\">ARIADNA VILAFRANCA CARTAGENA<\/p>\n<\/td>\n<td style=\"width: 184.285%; height: 10px;\"><a href=\"mailto:ariadna.vilafranca@patrocini.cat\">ariadna.vilafranca<span class=\"atwho-query\">@patrocini.cat<\/span><\/a><\/td>\n<\/tr>\n<tr style=\"height: 96px;\">\n<td style=\"width: 15.1946%; height: 35px;\"><strong>\u00a0<\/strong><strong>M\u00daSICA<\/strong><\/td>\n<td style=\"width: 38.1781%; height: 35px;\">BLAI GRAG\u00c9S SELVA<\/td>\n<td style=\"width: 184.285%; height: 35px;\"><a href=\"mailto:blai.grages@patrocini.cat\">blai.grages@patrocini.cat<\/a><\/td>\n<\/tr>\n<tr style=\"height: 48px;\">\n<td style=\"width: 15.1946%; height: 35px;\"><strong>EDUCACI\u00d3 F\u00cdSICA<\/strong><\/td>\n<td style=\"width: 38.1781%; height: 35px;\">ORIOL MELERO TORRICO<\/td>\n<td style=\"width: 184.285%; height: 35px;\"><a href=\"mailto:oriol.melero@patrocini.cat\">\u00a0oriol.melero@patrocini.cat<\/a><\/td>\n<\/tr>\n<tr style=\"height: 48px;\">\n<td style=\"width: 15.1946%; height: 11px;\"><strong>PEDAGOGIA TERAP\u00c8UTICA<\/strong><\/td>\n<td style=\"width: 38.1781%; height: 11px;\">\n<p style=\"text-align: left;\">CRISTINA GUZM\u00c1N TORRA<\/p>\n<\/td>\n<td style=\"width: 184.285%; height: 11px;\"><a href=\"mailto:cristina.guzman@patrocini.cat\">\u00a0cristina.guzman@patrocini.cat<\/a><\/td>\n<\/tr>\n<tr style=\"height: 32px;\">\n<td style=\"width: 15.1946%; height: 32px;\"><strong>RELIGI\u00d3<\/strong><\/td>\n<td style=\"width: 38.1781%; height: 32px;\">JUDIT CAPDEVILA PUIGPIQUER<\/td>\n<td style=\"width: 184.285%; height: 32px;\"><a href=\"mailto:judith.capdevila@patrocini.cat\">\u00a0judith.capdevila@patrocini.cat<\/a><\/td>\n<\/tr>\n<\/tbody>\n<\/table>\n<p>&nbsp;<\/p>\n<p><span style=\"text-decoration: underline;\"><strong>PERSONAL NO DOCENT<\/strong><\/span><\/p>\n<table style=\"width: 79.6469%; border-collapse: collapse; background-color: #f7cc5e; border-color: #fa5f05; border-style: solid;\">\n<tbody>\n<tr>\n<td style=\"width: 6.94691%;\"><strong>CONSERGE<\/strong><\/td>\n<td style=\"width: 111.498%;\">CLAUDI PUIG ROCA<\/td>\n<\/tr>\n<tr>\n<td style=\"width: 6.94691%;\"><strong>ADMINISTRATIVA<\/strong><\/td>\n<td style=\"width: 111.498%;\">ROSA ALOY G\u00d3MEZ<\/td>\n<\/tr>\n<\/tbody>\n<\/table>\n","protected":false},"excerpt":{"rendered":"<p>PERSONAL DOCENT EQUIP DIRECTIU CORREU ELECTR\u00d2NIC DIRECTOR MANEL ZAMORA LE\u00d3N manel.zamora@patrocini.cat CAP D&#8217;ESTUDIS CRISTINA GUZM\u00c1N TORRA cristina.guzman@patrocini.cat SECRETARI ORIOL MELERO TORRICO oriol.melero@patrocini.cat COLLA DE MENUTS CORREU ELECTR\u00d2NIC TUTORA I3 ANNA PUIG COMELLAS anna.puig@patrocini.cat TUTORA I4 ANNA BERTRAN COMPTE anna.bertran@patrocini.cat TUTORA I5 M\u00d2NICA BAENA MU\u00d1OZ monica.baena@patrocini.cat REFOR\u00c7 ROSA MARI TORRICO CAMPS rosamari.torrico@patrocini.cat COLLA DE MITJANS CORREU [&hellip;]<\/p>\n","protected":false},"author":1,"featured_media":0,"parent":0,"menu_order":0,"comment_status":"closed","ping_status":"closed","template":"","meta":{"_bbp_topic_count":0,"_bbp_reply_count":0,"_bbp_total_topic_count":0,"_bbp_total_reply_count":0,"_bbp_voice_count":0,"_bbp_anonymous_reply_count":0,"_bbp_topic_count_hidden":0,"_bbp_reply_count_hidden":0,"_bbp_forum_subforum_count":0,"site-sidebar-layout":"default","site-content-layout":"","ast-site-content-layout":"","site-content-style":"default","site-sidebar-style":"default","ast-global-header-display":"","ast-banner-title-visibility":"","ast-main-header-display":"","ast-hfb-above-header-display":"","ast-hfb-below-header-display":"","ast-hfb-mobile-header-display":"","site-post-title":"","ast-breadcrumbs-content":"","ast-featured-img":"","footer-sml-layout":"","theme-transparent-header-meta":"","adv-header-id-meta":"","stick-header-meta":"","header-above-stick-meta":"","header-main-stick-meta":"","header-below-stick-meta":"","astra-migrate-meta-layouts":"default","ast-page-background-enabled":"default","ast-page-background-meta":{"desktop":{"background-color":"var(--ast-global-color-5)","background-image":"","background-repeat":"repeat","background-position":"center center","background-size":"auto","background-attachment":"scroll","background-type":"","background-media":"","overlay-type":"","overlay-color":"","overlay-opacity":"","overlay-gradient":""},"tablet":{"background-color":"","background-image":"","background-repeat":"repeat","background-position":"center center","background-size":"auto","background-attachment":"scroll","background-type":"","background-media":"","overlay-type":"","overlay-color":"","overlay-opacity":"","overlay-gradient":""},"mobile":{"background-color":"","background-image":"","background-repeat":"repeat","background-position":"center center","background-size":"auto","background-attachment":"scroll","background-type":"","background-media":"","overlay-type":"","overlay-color":"","overlay-opacity":"","overlay-gradient":""}},"ast-content-background-meta":{"desktop":{"background-color":"var(--ast-global-color-4)","background-image":"","background-repeat":"repeat","background-position":"center center","background-size":"auto","background-attachment":"scroll","background-type":"","background-media":"","overlay-type":"","overlay-color":"","overlay-opacity":"","overlay-gradient":""},"tablet":{"background-color":"var(--ast-global-color-4)","background-image":"","background-repeat":"repeat","background-position":"center center","background-size":"auto","background-attachment":"scroll","background-type":"","background-media":"","overlay-type":"","overlay-color":"","overlay-opacity":"","overlay-gradient":""},"mobile":{"background-color":"var(--ast-global-color-4)","background-image":"","background-repeat":"repeat","background-position":"center center","background-size":"auto","background-attachment":"scroll","background-type":"","background-media":"","overlay-type":"","overlay-color":"","overlay-opacity":"","overlay-gradient":""}},"footnotes":""},"class_list":["post-6827","page","type-page","status-publish","hentry"],"post_mailing_queue_ids":[],"_links":{"self":[{"href":"https:\/\/agora.xtec.cat\/ceip-mdpatrocini-cardona\/wp-json\/wp\/v2\/pages\/6827","targetHints":{"allow":["GET"]}}],"collection":[{"href":"https:\/\/agora.xtec.cat\/ceip-mdpatrocini-cardona\/wp-json\/wp\/v2\/pages"}],"about":[{"href":"https:\/\/agora.xtec.cat\/ceip-mdpatrocini-cardona\/wp-json\/wp\/v2\/types\/page"}],"author":[{"embeddable":true,"href":"https:\/\/agora.xtec.cat\/ceip-mdpatrocini-cardona\/wp-json\/wp\/v2\/users\/1"}],"replies":[{"embeddable":true,"href":"https:\/\/agora.xtec.cat\/ceip-mdpatrocini-cardona\/wp-json\/wp\/v2\/comments?post=6827"}],"version-history":[{"count":6,"href":"https:\/\/agora.xtec.cat\/ceip-mdpatrocini-cardona\/wp-json\/wp\/v2\/pages\/6827\/revisions"}],"predecessor-version":[{"id":8836,"href":"https:\/\/agora.xtec.cat\/ceip-mdpatrocini-cardona\/wp-json\/wp\/v2\/pages\/6827\/revisions\/8836"}],"wp:attachment":[{"href":"https:\/\/agora.xtec.cat\/ceip-mdpatrocini-cardona\/wp-json\/wp\/v2\/media?parent=6827"}],"curies":[{"name":"wp","href":"https:\/\/api.w.org\/{rel}","templated":true}]}}