{"id":6791,"date":"2022-10-20T10:49:03","date_gmt":"2022-10-20T08:49:03","guid":{"rendered":"https:\/\/agora.xtec.cat\/ceip-mdpatrocini-cardona\/?page_id=6791"},"modified":"2024-11-28T15:05:58","modified_gmt":"2024-11-28T14:05:58","slug":"colla-de-mitjans-activitats-sortides-i-colonies-2","status":"publish","type":"page","link":"https:\/\/agora.xtec.cat\/ceip-mdpatrocini-cardona\/colla-de-mitjans-activitats-sortides-i-colonies-2\/","title":{"rendered":"Colla de grans. Activitats, sortides i col\u00f2nies"},"content":{"rendered":"<table style=\"width: 93.8728%; height: 1310px;\">\n<tbody>\n<tr style=\"height: 71px;\">\n<td style=\"width: 35px; height: 71px;\" width=\"28\">&nbsp;<\/td>\n<td style=\"width: 1016px; height: 71px; text-align: center; vertical-align: top;\" colspan=\"6\" width=\"1025\"><strong>ACTIVITATS COLLA DE GRANS<\/strong><\/td>\n<\/tr>\n<tr style=\"height: 61px;\">\n<td style=\"width: 35px; height: 61px;\" width=\"28\">&nbsp;<\/td>\n<td style=\"width: 164px; height: 61px; text-align: center; vertical-align: top;\" width=\"123\"><strong>FESTA\/ACTIVITAT<\/strong><\/td>\n<td style=\"width: 222px; height: 61px; text-align: center; vertical-align: top;\" width=\"185\"><strong>ACTIVITATS<\/strong><\/p>\n<p>&nbsp;<\/td>\n<td style=\"width: 222px; height: 61px; text-align: center; vertical-align: top;\" width=\"185\"><strong>OBJECTIUS<\/strong><\/td>\n<td style=\"width: 119px; height: 61px; text-align: center; vertical-align: top;\" width=\"98\"><strong>LLOC I DATA<\/strong><\/td>\n<td style=\"width: 127px; height: 61px; text-align: center; vertical-align: top;\" width=\"90\"><strong>PLANIFICACI<\/strong><strong>\u00d3<\/strong><\/p>\n<p>&nbsp;<\/td>\n<td style=\"width: 162px; height: 61px; text-align: center; vertical-align: top;\" width=\"111\"><strong>ACOMPANYANTS<\/strong><\/td>\n<\/tr>\n<tr style=\"height: 98px;\">\n<td style=\"width: 35px; height: 616px;\" rowspan=\"6\" width=\"28\">1r T<\/td>\n<td style=\"width: 164px; height: 98px; text-align: left; vertical-align: top;\" width=\"123\">Sortida 5\u00e8 a l\u2019Ajuntament<\/td>\n<td style=\"width: 222px; height: 98px; text-align: left; vertical-align: top;\" width=\"185\">Sortida del projecte<\/td>\n<td style=\"width: 222px; height: 98px; text-align: left; vertical-align: top;\" width=\"185\">Con\u00e8ixer els gegants de classe i resoldre dubtes sorgits en el projecte.<\/td>\n<td style=\"width: 119px; height: 98px; text-align: left; vertical-align: top;\" width=\"98\">30 de Setembre, Cardona.<\/td>\n<td style=\"width: 127px; height: 98px; text-align: left; vertical-align: top;\" width=\"90\">Tutor<\/td>\n<td style=\"width: 162px; height: 98px; text-align: left; vertical-align: top;\" width=\"111\">Cristina i Marta.<\/td>\n<\/tr>\n<tr style=\"height: 98px;\">\n<td style=\"width: 164px; height: 98px; text-align: left; vertical-align: top;\" width=\"123\">Sortida 6\u00e8 a l\u2019Ajuntament<\/td>\n<td style=\"width: 222px; height: 98px; text-align: left; vertical-align: top;\" width=\"185\">Sortida del projecte<\/td>\n<td style=\"width: 222px; height: 98px; text-align: left; vertical-align: top;\" width=\"185\">Con\u00e8ixer els gegants de la classe Mesurar l\u2019al\u00e7ada dels gegants<\/td>\n<td style=\"width: 119px; height: 98px; text-align: left; vertical-align: top;\" width=\"98\">4 d\u2019octubre<\/td>\n<td style=\"width: 127px; height: 98px; text-align: left; vertical-align: top;\" width=\"90\">Tutor<\/td>\n<td style=\"width: 162px; height: 98px; text-align: left; vertical-align: top;\" width=\"111\">Marc i Oriol<\/td>\n<\/tr>\n<tr style=\"height: 98px;\">\n<td style=\"width: 164px; height: 98px; text-align: left; vertical-align: top;\" width=\"123\">Sortida a la muntanya de sal<\/td>\n<td style=\"width: 222px; height: 98px; text-align: left; vertical-align: top;\" width=\"185\">Sortida del projecte<\/td>\n<td style=\"width: 222px; height: 98px; text-align: left; vertical-align: top;\" width=\"185\">Con\u00e8ixer l\u2019origen de la muntanya i les seves propietats i caracter\u00edstiques<\/td>\n<td style=\"width: 119px; height: 98px; text-align: left; vertical-align: top;\" width=\"98\">11 d\u2019octubre<\/td>\n<td style=\"width: 127px; height: 98px; text-align: left; vertical-align: top;\" width=\"90\">Tutor<\/td>\n<td style=\"width: 162px; height: 98px; text-align: left; vertical-align: top;\" width=\"111\">&nbsp;<\/td>\n<\/tr>\n<tr style=\"height: 98px;\">\n<td style=\"width: 164px; height: 98px; text-align: left; vertical-align: top;\" width=\"123\">sortida a Camadoca<\/td>\n<td style=\"width: 222px; height: 98px; text-align: left; vertical-align: top;\" width=\"185\">Sortida a l\u2019entorn fins al riu i visita del centre Camadoca<\/td>\n<td style=\"width: 222px; height: 98px; text-align: left; vertical-align: top;\" width=\"185\">Con\u00e8ixer un centre de recuperaci\u00f3 de fauna salvatge<\/td>\n<td style=\"width: 119px; height: 98px; text-align: left; vertical-align: top;\" width=\"98\">30 d\u2019octubre Santa Maria de Merl\u00e8s<\/td>\n<td style=\"width: 127px; height: 98px; text-align: left; vertical-align: top;\" width=\"90\">Coordinaci\u00f3 de Prim\u00e0ria<\/td>\n<td style=\"width: 162px; height: 98px; text-align: left; vertical-align: top;\" width=\"111\">Tutors + 1<\/td>\n<\/tr>\n<tr style=\"height: 126px;\">\n<td style=\"width: 164px; height: 126px; text-align: left; vertical-align: top;\" width=\"123\">Sortida a un espectacle<\/td>\n<td style=\"width: 222px; height: 126px; text-align: left; vertical-align: top;\" width=\"185\">Espectacle : \u201cSatisfacshow\u201d<\/td>\n<td style=\"width: 222px; height: 126px; text-align: left; vertical-align: top;\" width=\"185\">Saber estar en un entorn p\u00fablic (teatre). Gaudir d\u2019un espectacle musical.<\/td>\n<td style=\"width: 119px; height: 126px; text-align: left; vertical-align: top;\" width=\"98\">21 de novembre. Conservatori de Manresa<\/td>\n<td style=\"width: 127px; height: 126px; text-align: left; vertical-align: top;\" width=\"90\">Colla de Grans<\/td>\n<td style=\"width: 162px; height: 126px; text-align: left; vertical-align: top;\" width=\"111\">Tutors + 1<\/td>\n<\/tr>\n<tr style=\"height: 98px;\">\n<td style=\"width: 164px; height: 98px; text-align: left; vertical-align: top;\" width=\"123\">Sortida 5\u00e8 al Castell de Cardona<\/td>\n<td style=\"width: 222px; height: 98px; text-align: left; vertical-align: top;\" width=\"185\">Sortida del projecte<\/td>\n<td style=\"width: 222px; height: 98px; text-align: left; vertical-align: top;\" width=\"185\">Con\u00e8ixer el Castell de Cardona i resoldre dubtes sorgits en el projecte.<\/td>\n<td style=\"width: 119px; height: 98px; text-align: left; vertical-align: top;\" width=\"98\">27 de novembre, Cardona.<\/td>\n<td style=\"width: 127px; height: 98px; text-align: left; vertical-align: top;\" width=\"90\">Tutor<\/td>\n<td style=\"width: 162px; height: 98px; text-align: left; vertical-align: top;\" width=\"111\">+1 (falta concretar)<\/td>\n<\/tr>\n<tr style=\"height: 115px;\">\n<td style=\"width: 35px; height: 213px;\" rowspan=\"2\" width=\"28\">2n T.<\/td>\n<td style=\"width: 164px; height: 115px; text-align: left; vertical-align: top;\" width=\"123\">Espectacle adre\u00e7at a les escoles de prim\u00e0ria des de l&#8217;\u00c0rea d&#8217;Igualtat, feminismes i LGTBI.<\/td>\n<td style=\"width: 222px; height: 115px; text-align: left; vertical-align: top;\" width=\"185\">Espectacle de teatre<\/td>\n<td style=\"width: 222px; height: 115px; text-align: left; vertical-align: top;\" width=\"185\">Igualtat, feminismes i LGTBI.<\/td>\n<td style=\"width: 119px; height: 115px; text-align: left; vertical-align: top;\" width=\"98\">10 de mar\u00e7<\/td>\n<td style=\"width: 127px; height: 115px; text-align: left; vertical-align: top;\" width=\"90\">Ajuntament de Cardona<\/td>\n<td style=\"width: 162px; height: 115px; text-align: left; vertical-align: top;\" width=\"111\">Tutors + vetllador<\/td>\n<\/tr>\n<tr style=\"height: 98px;\">\n<td style=\"width: 164px; height: 98px; text-align: left; vertical-align: top;\" width=\"123\">Col\u00f2nies<\/td>\n<td style=\"width: 222px; height: 98px; text-align: left; vertical-align: top;\" width=\"185\">&nbsp;<\/td>\n<td style=\"width: 222px; height: 98px; text-align: left; vertical-align: top;\" width=\"185\">Conviure en entorns diferents. Augmentar l\u2019autonomia.<\/td>\n<td style=\"width: 119px; height: 98px; text-align: left; vertical-align: top;\" width=\"98\">14, 15 i 16 de Maig a Altafulla<\/td>\n<td style=\"width: 127px; height: 98px; text-align: left; vertical-align: top;\" width=\"90\">Colla de Grans<\/td>\n<td style=\"width: 162px; height: 98px; text-align: left; vertical-align: top;\" width=\"111\">Tutors + 2<\/td>\n<\/tr>\n<tr style=\"height: 109px;\">\n<td style=\"width: 35px; height: 109px;\" width=\"28\">&nbsp;<\/td>\n<td style=\"width: 164px; height: 109px; text-align: left; vertical-align: top;\" width=\"123\">Espectacle adre\u00e7at a les escoles de prim\u00e0ria des de l&#8217;\u00c0rea d&#8217;Igualtat, feminismes i LGTBI.<\/td>\n<td style=\"width: 222px; height: 109px; text-align: left; vertical-align: top;\" width=\"185\">Espectacle de teatre<\/td>\n<td style=\"width: 222px; height: 109px; text-align: left; vertical-align: top;\" width=\"185\">Dia Internacional contra la LGTBI f\u00f2bia Relacionar-se entre iguals. Gaudir de les activitats organitzades.<\/td>\n<td style=\"width: 119px; height: 109px; text-align: left; vertical-align: top;\" width=\"98\">19 de maig<\/td>\n<td style=\"width: 127px; height: 109px; text-align: left; vertical-align: top;\" width=\"90\">Ajuntament de Cardona<\/td>\n<td style=\"width: 162px; height: 109px; text-align: left; vertical-align: top;\" width=\"111\">Tutors + vetllador<\/td>\n<\/tr>\n<tr style=\"height: 169px;\">\n<td style=\"width: 35px; height: 169px;\" width=\"28\">3r T.<\/td>\n<td style=\"width: 164px; height: 169px; text-align: left; vertical-align: top;\" width=\"123\">Sortida conjunta de<\/p>\n<p>tota l\u2019escola<\/p>\n<p>a Selva aventura<\/td>\n<td style=\"width: 222px; height: 169px; text-align: left; vertical-align: top;\" width=\"185\">&nbsp;<\/td>\n<td style=\"width: 222px; height: 169px; text-align: left; vertical-align: top;\" width=\"185\">&nbsp;<\/td>\n<td style=\"width: 119px; height: 169px; text-align: left; vertical-align: top;\" width=\"98\">19 de juny Arb\u00facies<\/td>\n<td style=\"width: 127px; height: 169px; text-align: left; vertical-align: top;\" width=\"90\">&nbsp;<\/td>\n<td style=\"width: 162px; height: 169px; text-align: left; vertical-align: top;\" width=\"111\">&nbsp;<\/td>\n<\/tr>\n<tr style=\"height: 71px;\">\n<td style=\"width: 35px; height: 71px;\" width=\"28\">&nbsp;<\/td>\n<td style=\"width: 1016px; height: 71px;\" colspan=\"6\" width=\"1025\">M\u00c9S LES SORTIDES PEL MUNICIPI QUE PUGUIN ANAR SORGINT AL LLARG DEL CURS<\/td>\n<\/tr>\n<\/tbody>\n<\/table>\n<p>&nbsp;<\/p>\n<p>&nbsp;<\/p>\n<p><a href=\"https:\/\/agora.xtec.cat\/ceip-mdpatrocini-cardona\/wp-content\/uploads\/usu474\/2022\/01\/colonies11-1.png\"><img loading=\"lazy\" decoding=\"async\" class=\"size-medium wp-image-6164 aligncenter\" src=\"https:\/\/agora.xtec.cat\/ceip-mdpatrocini-cardona\/wp-content\/uploads\/usu474\/2022\/01\/colonies11-1-300x222.png\" alt=\"\" width=\"300\" height=\"222\" srcset=\"https:\/\/agora.xtec.cat\/ceip-mdpatrocini-cardona\/wp-content\/uploads\/usu474\/2022\/01\/colonies11-1-300x222.png 300w, https:\/\/agora.xtec.cat\/ceip-mdpatrocini-cardona\/wp-content\/uploads\/usu474\/2022\/01\/colonies11-1.png 700w\" sizes=\"auto, (max-width: 300px) 100vw, 300px\" \/><\/a><\/p>\n","protected":false},"excerpt":{"rendered":"<p>&nbsp; ACTIVITATS COLLA DE GRANS &nbsp; FESTA\/ACTIVITAT ACTIVITATS &nbsp; OBJECTIUS LLOC I DATA PLANIFICACI\u00d3 &nbsp; ACOMPANYANTS 1r T Sortida 5\u00e8 a l\u2019Ajuntament Sortida del projecte Con\u00e8ixer els gegants de classe i resoldre dubtes sorgits en el projecte. 30 de Setembre, Cardona. Tutor Cristina i Marta. Sortida 6\u00e8 a l\u2019Ajuntament Sortida del projecte Con\u00e8ixer els gegants [&hellip;]<\/p>\n","protected":false},"author":1,"featured_media":0,"parent":0,"menu_order":0,"comment_status":"closed","ping_status":"closed","template":"","meta":{"_bbp_topic_count":0,"_bbp_reply_count":0,"_bbp_total_topic_count":0,"_bbp_total_reply_count":0,"_bbp_voice_count":0,"_bbp_anonymous_reply_count":0,"_bbp_topic_count_hidden":0,"_bbp_reply_count_hidden":0,"_bbp_forum_subforum_count":0,"site-sidebar-layout":"default","site-content-layout":"","ast-site-content-layout":"","site-content-style":"default","site-sidebar-style":"default","ast-global-header-display":"","ast-banner-title-visibility":"","ast-main-header-display":"","ast-hfb-above-header-display":"","ast-hfb-below-header-display":"","ast-hfb-mobile-header-display":"","site-post-title":"","ast-breadcrumbs-content":"","ast-featured-img":"","footer-sml-layout":"","theme-transparent-header-meta":"","adv-header-id-meta":"","stick-header-meta":"","header-above-stick-meta":"","header-main-stick-meta":"","header-below-stick-meta":"","astra-migrate-meta-layouts":"default","ast-page-background-enabled":"default","ast-page-background-meta":{"desktop":{"background-color":"var(--ast-global-color-5)","background-image":"","background-repeat":"repeat","background-position":"center center","background-size":"auto","background-attachment":"scroll","background-type":"","background-media":"","overlay-type":"","overlay-color":"","overlay-opacity":"","overlay-gradient":""},"tablet":{"background-color":"","background-image":"","background-repeat":"repeat","background-position":"center center","background-size":"auto","background-attachment":"scroll","background-type":"","background-media":"","overlay-type":"","overlay-color":"","overlay-opacity":"","overlay-gradient":""},"mobile":{"background-color":"","background-image":"","background-repeat":"repeat","background-position":"center center","background-size":"auto","background-attachment":"scroll","background-type":"","background-media":"","overlay-type":"","overlay-color":"","overlay-opacity":"","overlay-gradient":""}},"ast-content-background-meta":{"desktop":{"background-color":"var(--ast-global-color-4)","background-image":"","background-repeat":"repeat","background-position":"center center","background-size":"auto","background-attachment":"scroll","background-type":"","background-media":"","overlay-type":"","overlay-color":"","overlay-opacity":"","overlay-gradient":""},"tablet":{"background-color":"var(--ast-global-color-4)","background-image":"","background-repeat":"repeat","background-position":"center center","background-size":"auto","background-attachment":"scroll","background-type":"","background-media":"","overlay-type":"","overlay-color":"","overlay-opacity":"","overlay-gradient":""},"mobile":{"background-color":"var(--ast-global-color-4)","background-image":"","background-repeat":"repeat","background-position":"center center","background-size":"auto","background-attachment":"scroll","background-type":"","background-media":"","overlay-type":"","overlay-color":"","overlay-opacity":"","overlay-gradient":""}},"footnotes":""},"class_list":["post-6791","page","type-page","status-publish","hentry"],"post_mailing_queue_ids":[],"_links":{"self":[{"href":"https:\/\/agora.xtec.cat\/ceip-mdpatrocini-cardona\/wp-json\/wp\/v2\/pages\/6791","targetHints":{"allow":["GET"]}}],"collection":[{"href":"https:\/\/agora.xtec.cat\/ceip-mdpatrocini-cardona\/wp-json\/wp\/v2\/pages"}],"about":[{"href":"https:\/\/agora.xtec.cat\/ceip-mdpatrocini-cardona\/wp-json\/wp\/v2\/types\/page"}],"author":[{"embeddable":true,"href":"https:\/\/agora.xtec.cat\/ceip-mdpatrocini-cardona\/wp-json\/wp\/v2\/users\/1"}],"replies":[{"embeddable":true,"href":"https:\/\/agora.xtec.cat\/ceip-mdpatrocini-cardona\/wp-json\/wp\/v2\/comments?post=6791"}],"version-history":[{"count":7,"href":"https:\/\/agora.xtec.cat\/ceip-mdpatrocini-cardona\/wp-json\/wp\/v2\/pages\/6791\/revisions"}],"predecessor-version":[{"id":8409,"href":"https:\/\/agora.xtec.cat\/ceip-mdpatrocini-cardona\/wp-json\/wp\/v2\/pages\/6791\/revisions\/8409"}],"wp:attachment":[{"href":"https:\/\/agora.xtec.cat\/ceip-mdpatrocini-cardona\/wp-json\/wp\/v2\/media?parent=6791"}],"curies":[{"name":"wp","href":"https:\/\/api.w.org\/{rel}","templated":true}]}}