{"id":6788,"date":"2022-10-20T10:36:53","date_gmt":"2022-10-20T08:36:53","guid":{"rendered":"https:\/\/agora.xtec.cat\/ceip-mdpatrocini-cardona\/?page_id=6788"},"modified":"2024-11-28T15:09:29","modified_gmt":"2024-11-28T14:09:29","slug":"colla-de-mitjans-activitats-sortides-i-colonies","status":"publish","type":"page","link":"https:\/\/agora.xtec.cat\/ceip-mdpatrocini-cardona\/colla-de-mitjans-activitats-sortides-i-colonies\/","title":{"rendered":"Colla de mitjans. Activitats, sortides i col\u00f2nies"},"content":{"rendered":"<table class=\" aligncenter\" style=\"width: 93.6027%; height: 1053px;\">\n<tbody>\n<tr>\n<td style=\"width: 5.79459%;\" width=\"33\">\n<p style=\"text-align: center;\">\n<\/td>\n<td style=\"width: 98.6037%; text-align: center; vertical-align: top;\" colspan=\"6\" width=\"1015\"><strong>ACTIVITATS<\/strong> <strong>COLLA DE MITJANS<\/strong><\/td>\n<\/tr>\n<tr>\n<td style=\"width: 5.79459%;\" width=\"33\"><\/td>\n<td style=\"width: 15.2589%; text-align: center; vertical-align: top;\" width=\"119\"><strong>FESTA\/ACTIVITAT<\/strong><\/td>\n<td style=\"width: 17.7119%; text-align: center; vertical-align: top;\" width=\"183\"><strong>ACTIVITATS<\/strong><\/td>\n<td style=\"width: 19.3998%; text-align: center; vertical-align: top;\" width=\"182\"><strong>OBJECTIUS<\/strong><\/td>\n<td style=\"width: 10.8257%; text-align: center; vertical-align: top;\" width=\"99\"><strong>LLOC I DATA<\/strong><\/td>\n<td style=\"width: 12.7523%; text-align: center; vertical-align: top;\" width=\"96\"><strong>PLANIFICACI\u00d3<\/strong><\/td>\n<td style=\"width: 22.6551%; text-align: center; vertical-align: top;\" width=\"96\"><strong>ACOMPANYANTS<\/strong><\/td>\n<\/tr>\n<tr>\n<td style=\"width: 5.79459%;\" rowspan=\"3\" width=\"33\"><strong>1r T<\/strong><\/td>\n<td style=\"width: 15.2589%; text-align: left; vertical-align: top;\" width=\"119\">Sortida a Camadoca<\/td>\n<td style=\"width: 17.7119%; text-align: left; vertical-align: top;\" width=\"183\">Sortida a l\u2019entorn fins al riu i visita<\/p>\n<p>del centre Camadoca<\/td>\n<td style=\"width: 19.3998%; text-align: left; vertical-align: top;\" width=\"182\">Con\u00e8ixer un centre de recuperaci\u00f3 de fauna salvatge. Fer-se conscient de la import\u00e0ncia d\u2019aquests centres.<\/td>\n<td style=\"width: 10.8257%; text-align: left; vertical-align: top;\" width=\"99\">30 d\u2019octubre Santa<\/p>\n<p>Maria de Merl\u00e8s<\/td>\n<td style=\"width: 12.7523%; text-align: left; vertical-align: top;\" width=\"96\">Coordinadora de Prim\u00e0ria<\/td>\n<td style=\"width: 22.6551%; text-align: left; vertical-align: top;\" width=\"96\">Tutors + 2 + vetlladors<\/td>\n<\/tr>\n<tr>\n<td style=\"width: 15.2589%; text-align: left; vertical-align: top;\" width=\"119\">Jornada Surfskate 1r i 2n<\/td>\n<td style=\"width: 17.7119%; text-align: left; vertical-align: top;\" width=\"183\">Activitat d\u2019educaci\u00f3 f\u00edsica inclusiva<\/td>\n<td style=\"width: 19.3998%; text-align: left; vertical-align: top;\" width=\"182\">Experimentar una activitat inclusiva dins la mat\u00e8ria d\u2019educaci\u00f3 f\u00edsica<\/td>\n<td style=\"width: 10.8257%; text-align: left; vertical-align: top;\" width=\"99\">8 de novembre. Escola<\/td>\n<td style=\"width: 12.7523%; text-align: left; vertical-align: top;\" width=\"96\">Mestre<\/p>\n<p>d\u2019educaci\u00f3 f\u00edsica<\/td>\n<td style=\"width: 22.6551%; text-align: left; vertical-align: top;\" width=\"96\">Teresa i Oriol<\/td>\n<\/tr>\n<tr>\n<td style=\"width: 15.2589%; text-align: left; vertical-align: top;\" width=\"119\">Sortida a un espectacle<\/td>\n<td style=\"width: 17.7119%; text-align: left; vertical-align: top;\" width=\"183\">Espectacle : \u201cLa crisi de la imaginaci\u00f3\u201d<\/td>\n<td style=\"width: 19.3998%; text-align: left; vertical-align: top;\" width=\"182\">Saber estar en un entorn p\u00fablic (teatre).<\/p>\n<p>Gaudir d\u2019un espectacle de dansa i circ.<\/td>\n<td style=\"width: 10.8257%; text-align: left; vertical-align: top;\" width=\"99\">13 de novembre. Conservatori de Manresa<\/td>\n<td style=\"width: 12.7523%; text-align: left; vertical-align: top;\" width=\"96\">Colla de Mitjans<\/td>\n<td style=\"width: 22.6551%; text-align: left; vertical-align: top;\" width=\"96\">Tutors + 2 + vetllador<\/td>\n<\/tr>\n<tr>\n<td style=\"width: 5.79459%;\" rowspan=\"3\" width=\"33\"><strong>2n T<\/strong><\/td>\n<td style=\"width: 15.2589%; text-align: left; vertical-align: top;\" width=\"119\">Sortida a un espectacle 1r i 2n<\/td>\n<td style=\"width: 17.7119%; text-align: left; vertical-align: top;\" width=\"183\">Espectacle : \u201cPetit Univers\u201d<\/td>\n<td style=\"width: 19.3998%; text-align: left; vertical-align: top;\" width=\"182\">Saber estar en un entorn p\u00fablic (teatre).<\/p>\n<p>Gaudir d\u2019un espectacle de clown.<\/td>\n<td style=\"width: 10.8257%; text-align: left; vertical-align: top;\" width=\"99\">4 de febrer. Teatre Els Cat\u00f2lics.<\/td>\n<td style=\"width: 12.7523%; text-align: left; vertical-align: top;\" width=\"96\">Cicle Inicial<\/td>\n<td style=\"width: 22.6551%; text-align: left; vertical-align: top;\" width=\"96\">Tutors + vetllador<\/td>\n<\/tr>\n<tr>\n<td style=\"width: 15.2589%; text-align: left; vertical-align: top;\" width=\"119\">Espectacle adre\u00e7at a les escoles de prim\u00e0ria des de l&#8217;\u00c0rea d&#8217;Igualtat, feminismes i LGTBI.<\/td>\n<td style=\"width: 17.7119%; text-align: left; vertical-align: top;\" width=\"183\">Espectacle de teatre<\/td>\n<td style=\"width: 19.3998%; text-align: left; vertical-align: top;\" width=\"182\">Igualtat, feminismes i LGTBI.<\/td>\n<td style=\"width: 10.8257%; text-align: left; vertical-align: top;\" width=\"99\">10 de mar\u00e7<\/td>\n<td style=\"width: 12.7523%; text-align: left; vertical-align: top;\" width=\"96\">Ajuntament de Cardona<\/td>\n<td style=\"width: 22.6551%; text-align: left; vertical-align: top;\" width=\"96\">Tutors + vetllador<\/td>\n<\/tr>\n<tr>\n<td style=\"width: 15.2589%; text-align: left; vertical-align: top;\" width=\"119\">Col\u00f2nies a Casa Llobeta. Aiguafreda.<\/td>\n<td style=\"width: 17.7119%; text-align: left; vertical-align: top;\" width=\"183\">Col\u00f2nies<\/td>\n<td style=\"width: 19.3998%; text-align: left; vertical-align: top;\" width=\"182\">Conviure en entorns diferents.<\/p>\n<p>Augmentar l\u2019autonomia.<\/p>\n<p>Relacionar-se entre iguals. Gaudir de les activitats<\/p>\n<p>organitzades.<\/td>\n<td style=\"width: 10.8257%; text-align: left; vertical-align: top;\" width=\"99\">12, 13 i 14 de mar\u00e7. Aiguafreda<\/td>\n<td style=\"width: 12.7523%; text-align: left; vertical-align: top;\" width=\"96\">Colla mitjans<\/td>\n<td style=\"width: 22.6551%; text-align: left; vertical-align: top;\" width=\"96\">Tutors + 2<\/td>\n<\/tr>\n<tr>\n<td style=\"width: 5.79459%;\" rowspan=\"3\" width=\"33\"><strong>3r T<\/strong><\/td>\n<td style=\"width: 15.2589%; text-align: left; vertical-align: top;\" width=\"119\">Espectacle adre\u00e7at a les escoles de prim\u00e0ria des de l&#8217;\u00c0rea d&#8217;Igualtat, feminismes i LGTBI.<\/td>\n<td style=\"width: 17.7119%; text-align: left; vertical-align: top;\" width=\"183\">Espectacle de teatre<\/td>\n<td style=\"width: 19.3998%; text-align: left; vertical-align: top;\" width=\"182\">Dia Internacional contra la LGTBI f\u00f2bia<\/td>\n<td style=\"width: 10.8257%; text-align: left; vertical-align: top;\" width=\"99\">19 de maig<\/td>\n<td style=\"width: 12.7523%; text-align: left; vertical-align: top;\" width=\"96\">Ajuntament de Cardona<\/td>\n<td style=\"width: 22.6551%; text-align: left; vertical-align: top;\" width=\"96\">Tutors + vetllador<\/td>\n<\/tr>\n<tr>\n<td style=\"width: 15.2589%; text-align: left; vertical-align: top;\" width=\"119\">Sortida conjunta de tota l\u2019escola a Selva aventura<\/td>\n<td style=\"width: 17.7119%; text-align: left; vertical-align: top;\" width=\"183\">Camina descal\u00e7<\/td>\n<td style=\"width: 19.3998%; text-align: left; vertical-align: top;\" width=\"182\">Gaudir d\u2019activitats d\u2019aventura Compartir una jornada amb tots els companys d\u2019escola.<\/td>\n<td style=\"width: 10.8257%; text-align: left; vertical-align: top;\" width=\"99\">19 de juny Arb\u00facies<\/td>\n<td style=\"width: 12.7523%; text-align: left; vertical-align: top;\" width=\"96\">Coordinadora de prim\u00e0ria<\/td>\n<td style=\"width: 22.6551%; text-align: left; vertical-align: top;\" width=\"96\">tutores + 2 acompanyants + vetlladora<\/td>\n<\/tr>\n<tr>\n<td style=\"width: 98.6037%;\" colspan=\"6\" width=\"1015\">M\u00c9S TOTES LES SORTIDES AL MUNICIPI QUE VAGIN SORGINT I QUE EN AQUEST MOMENT NO TENEN DATA: LES FONTS DEL MUNICIPI (1r) \/ ELS BARRIS DEL MUNICIPI (2n) \/ L\u2019AJUNTAMENT DE CARDONA<\/p>\n<p>(3r). VISITA A LA BIBLIOTECA MARC DE CARDONA (recollir llibres, activitats dinamitzades\u2026)<\/td>\n<\/tr>\n<\/tbody>\n<\/table>\n<p>&nbsp;<\/p>\n<p>&nbsp;<\/p>\n<p>&nbsp;<\/p>\n<p>&nbsp;<\/p>\n<p>&nbsp;<\/p>\n<p>&nbsp;<\/p>\n<p><a href=\"https:\/\/agora.xtec.cat\/ceip-mdpatrocini-cardona\/wp-content\/uploads\/usu474\/2022\/01\/colonies11-1.png\"><img loading=\"lazy\" decoding=\"async\" class=\"aligncenter size-medium wp-image-6164\" src=\"https:\/\/agora.xtec.cat\/ceip-mdpatrocini-cardona\/wp-content\/uploads\/usu474\/2022\/01\/colonies11-1-300x222.png\" alt=\"\" width=\"300\" height=\"222\" srcset=\"https:\/\/agora.xtec.cat\/ceip-mdpatrocini-cardona\/wp-content\/uploads\/usu474\/2022\/01\/colonies11-1-300x222.png 300w, https:\/\/agora.xtec.cat\/ceip-mdpatrocini-cardona\/wp-content\/uploads\/usu474\/2022\/01\/colonies11-1.png 700w\" sizes=\"auto, (max-width: 300px) 100vw, 300px\" \/><\/a><\/p>\n","protected":false},"excerpt":{"rendered":"<p>ACTIVITATS COLLA DE MITJANS FESTA\/ACTIVITAT ACTIVITATS OBJECTIUS LLOC I DATA PLANIFICACI\u00d3 ACOMPANYANTS 1r T Sortida a Camadoca Sortida a l\u2019entorn fins al riu i visita del centre Camadoca Con\u00e8ixer un centre de recuperaci\u00f3 de fauna salvatge. Fer-se conscient de la import\u00e0ncia d\u2019aquests centres. 30 d\u2019octubre Santa Maria de Merl\u00e8s Coordinadora de Prim\u00e0ria Tutors + 2 [&hellip;]<\/p>\n","protected":false},"author":1,"featured_media":0,"parent":0,"menu_order":0,"comment_status":"closed","ping_status":"closed","template":"","meta":{"_bbp_topic_count":0,"_bbp_reply_count":0,"_bbp_total_topic_count":0,"_bbp_total_reply_count":0,"_bbp_voice_count":0,"_bbp_anonymous_reply_count":0,"_bbp_topic_count_hidden":0,"_bbp_reply_count_hidden":0,"_bbp_forum_subforum_count":0,"site-sidebar-layout":"default","site-content-layout":"","ast-site-content-layout":"","site-content-style":"default","site-sidebar-style":"default","ast-global-header-display":"","ast-banner-title-visibility":"","ast-main-header-display":"","ast-hfb-above-header-display":"","ast-hfb-below-header-display":"","ast-hfb-mobile-header-display":"","site-post-title":"","ast-breadcrumbs-content":"","ast-featured-img":"","footer-sml-layout":"","theme-transparent-header-meta":"","adv-header-id-meta":"","stick-header-meta":"","header-above-stick-meta":"","header-main-stick-meta":"","header-below-stick-meta":"","astra-migrate-meta-layouts":"default","ast-page-background-enabled":"default","ast-page-background-meta":{"desktop":{"background-color":"var(--ast-global-color-5)","background-image":"","background-repeat":"repeat","background-position":"center center","background-size":"auto","background-attachment":"scroll","background-type":"","background-media":"","overlay-type":"","overlay-color":"","overlay-opacity":"","overlay-gradient":""},"tablet":{"background-color":"","background-image":"","background-repeat":"repeat","background-position":"center center","background-size":"auto","background-attachment":"scroll","background-type":"","background-media":"","overlay-type":"","overlay-color":"","overlay-opacity":"","overlay-gradient":""},"mobile":{"background-color":"","background-image":"","background-repeat":"repeat","background-position":"center center","background-size":"auto","background-attachment":"scroll","background-type":"","background-media":"","overlay-type":"","overlay-color":"","overlay-opacity":"","overlay-gradient":""}},"ast-content-background-meta":{"desktop":{"background-color":"var(--ast-global-color-4)","background-image":"","background-repeat":"repeat","background-position":"center center","background-size":"auto","background-attachment":"scroll","background-type":"","background-media":"","overlay-type":"","overlay-color":"","overlay-opacity":"","overlay-gradient":""},"tablet":{"background-color":"var(--ast-global-color-4)","background-image":"","background-repeat":"repeat","background-position":"center center","background-size":"auto","background-attachment":"scroll","background-type":"","background-media":"","overlay-type":"","overlay-color":"","overlay-opacity":"","overlay-gradient":""},"mobile":{"background-color":"var(--ast-global-color-4)","background-image":"","background-repeat":"repeat","background-position":"center center","background-size":"auto","background-attachment":"scroll","background-type":"","background-media":"","overlay-type":"","overlay-color":"","overlay-opacity":"","overlay-gradient":""}},"footnotes":""},"class_list":["post-6788","page","type-page","status-publish","hentry"],"post_mailing_queue_ids":[],"_links":{"self":[{"href":"https:\/\/agora.xtec.cat\/ceip-mdpatrocini-cardona\/wp-json\/wp\/v2\/pages\/6788","targetHints":{"allow":["GET"]}}],"collection":[{"href":"https:\/\/agora.xtec.cat\/ceip-mdpatrocini-cardona\/wp-json\/wp\/v2\/pages"}],"about":[{"href":"https:\/\/agora.xtec.cat\/ceip-mdpatrocini-cardona\/wp-json\/wp\/v2\/types\/page"}],"author":[{"embeddable":true,"href":"https:\/\/agora.xtec.cat\/ceip-mdpatrocini-cardona\/wp-json\/wp\/v2\/users\/1"}],"replies":[{"embeddable":true,"href":"https:\/\/agora.xtec.cat\/ceip-mdpatrocini-cardona\/wp-json\/wp\/v2\/comments?post=6788"}],"version-history":[{"count":7,"href":"https:\/\/agora.xtec.cat\/ceip-mdpatrocini-cardona\/wp-json\/wp\/v2\/pages\/6788\/revisions"}],"predecessor-version":[{"id":8414,"href":"https:\/\/agora.xtec.cat\/ceip-mdpatrocini-cardona\/wp-json\/wp\/v2\/pages\/6788\/revisions\/8414"}],"wp:attachment":[{"href":"https:\/\/agora.xtec.cat\/ceip-mdpatrocini-cardona\/wp-json\/wp\/v2\/media?parent=6788"}],"curies":[{"name":"wp","href":"https:\/\/api.w.org\/{rel}","templated":true}]}}