{"id":6746,"date":"2022-10-18T13:03:39","date_gmt":"2022-10-18T11:03:39","guid":{"rendered":"https:\/\/agora.xtec.cat\/ceip-mdpatrocini-cardona\/?page_id=6746"},"modified":"2024-11-28T12:31:31","modified_gmt":"2024-11-28T11:31:31","slug":"colla-de-menuts-activitats-sortides-colonies","status":"publish","type":"page","link":"https:\/\/agora.xtec.cat\/ceip-mdpatrocini-cardona\/colla-de-menuts-activitats-sortides-colonies\/","title":{"rendered":"Colla de menuts. Activitats, sortides, col\u00f2nies"},"content":{"rendered":"<table class=\" aligncenter\" style=\"width: 93.2489%; height: 1236px;\" width=\"993\">\n<tbody>\n<tr>\n<td style=\"width: 5.03524%;\">&nbsp;<\/td>\n<td style=\"width: 108.724%;\" colspan=\"6\"><strong>ACTIVITATS COLLA DE MENUTS<\/strong><\/td>\n<\/tr>\n<tr>\n<td style=\"width: 5.03524%;\"><\/td>\n<td style=\"width: 14.2807%;\"><strong>FESTA\/ACTIVITAT<\/strong><\/td>\n<td style=\"width: 19.0689%;\"><strong>ACTIVITATS<\/strong><\/td>\n<td style=\"width: 21.2418%;\"><strong>OBJECTIUS<\/strong><\/td>\n<td style=\"width: 12.4574%;\"><strong>LLOC I DATA<\/strong><\/td>\n<td style=\"width: 12.585%;\"><strong>PLANIFICACI\u00d3<\/strong><\/td>\n<td style=\"width: 29.0902%;\"><strong>ACOMPANYANTS<\/strong><\/p>\n<p><strong>PREU<\/strong><\/td>\n<\/tr>\n<tr>\n<td style=\"width: 5.03524%;\" rowspan=\"4\">&nbsp;<\/p>\n<p><strong>1r T<\/strong><\/td>\n<td style=\"width: 14.2807%;\" width=\"110\">Sortida al Bosc<\/td>\n<td style=\"width: 19.0689%;\" width=\"182\">Anar a buscar la roba de la castanyera i observar el bosc.<\/td>\n<td style=\"width: 21.2418%;\" width=\"182\">Observar el bosc per tal d\u2019explorar i recon\u00e8ixer elements del mon natural.<\/td>\n<td style=\"width: 12.4574%;\" width=\"99\">29 d\u2019octubre<\/td>\n<td style=\"width: 12.585%;\" width=\"96\">Colla Menuts<\/td>\n<td style=\"width: 29.0902%;\" width=\"96\">5 (tutores +2)<\/td>\n<\/tr>\n<tr>\n<td style=\"width: 14.2807%;\" width=\"110\">Teatre \u201cPot Petit\u201d<\/td>\n<td style=\"width: 19.0689%;\" width=\"182\">Veure l\u2019espectacle del Pot Petit \u201cEl lle\u00f3 vergony\u00f3s\u201d<\/td>\n<td style=\"width: 21.2418%;\" width=\"182\">Gaudir d\u2019un espectacle i treballar l\u2019actitud de silenci i atenci\u00f3 en les representacions.<\/td>\n<td style=\"width: 12.4574%;\" width=\"99\">6 de novembre Conservatori de Manresa<\/td>\n<td style=\"width: 12.585%;\" width=\"96\">Colla Menuts<\/td>\n<td style=\"width: 29.0902%;\" width=\"96\">5 (tutores<\/p>\n<p>+2)<\/td>\n<\/tr>\n<tr>\n<td style=\"width: 14.2807%;\" width=\"110\">Cam\u00ed nou<\/td>\n<td style=\"width: 19.0689%;\" width=\"182\">Visitar el cam\u00ed nou<\/td>\n<td style=\"width: 21.2418%;\" width=\"182\">Observar parcs del<\/p>\n<p>poble, especialment el del Cam\u00ed nou, i les caracter\u00edstiques de la natura a la tardor<\/td>\n<td style=\"width: 12.4574%;\" width=\"99\">Novembre<\/td>\n<td style=\"width: 12.585%;\" width=\"96\">I4<\/td>\n<td style=\"width: 29.0902%;\" width=\"96\">2 (tutora +1)<\/td>\n<\/tr>\n<tr>\n<td style=\"width: 14.2807%;\" width=\"110\">Visita, fotos i an\u00e0lisi de\u00a0tres escultures.<\/td>\n<td style=\"width: 19.0689%;\" width=\"182\">Visitar les escultures de Cardona<\/td>\n<td style=\"width: 21.2418%;\" width=\"182\">Observar directament algunes escultures de Cardona per con\u00e8ixer el patrimoni cultural de la vila.<\/td>\n<td style=\"width: 12.4574%;\" width=\"99\">Novembre<\/td>\n<td style=\"width: 12.585%;\" width=\"96\">I5<\/td>\n<td style=\"width: 29.0902%;\" width=\"96\">2 (tutora +1)<\/td>\n<\/tr>\n<tr>\n<td style=\"width: 5.03524%;\"><strong>\u00a0<\/strong><\/td>\n<td style=\"width: 14.2807%;\" width=\"110\"><\/td>\n<td style=\"width: 19.0689%;\" width=\"182\"><\/td>\n<td style=\"width: 21.2418%;\" width=\"182\"><\/td>\n<td style=\"width: 12.4574%;\" width=\"99\"><\/td>\n<td style=\"width: 12.585%;\" width=\"96\"><\/td>\n<td style=\"width: 29.0902%;\" width=\"96\"><\/td>\n<\/tr>\n<tr>\n<td style=\"width: 5.03524%;\" rowspan=\"3\"><strong>2n T<\/strong><\/td>\n<td style=\"width: 14.2807%;\" width=\"110\">Teatre Marcel Gros<\/td>\n<td style=\"width: 19.0689%;\" width=\"182\"><strong>\u00a0<\/strong>Veure l\u2019espectacle \u201cUnivers\u201d<\/td>\n<td style=\"width: 21.2418%;\" width=\"182\">Gaudir d\u2019un espectacle i\u00a0treballar l\u2019actitud de silenci i atenci\u00f3\u00a0en les representacions.<\/td>\n<td style=\"width: 12.4574%;\" width=\"99\">4 de febrer<\/td>\n<td style=\"width: 12.585%;\" width=\"96\">Colla Menuts<\/td>\n<td style=\"width: 29.0902%;\" width=\"96\">5 (tutores +<\/p>\n<p>2)<\/td>\n<\/tr>\n<tr>\n<td style=\"width: 14.2807%;\" width=\"110\">Visita al Museu de la Sal Josep Arnau.<\/td>\n<td style=\"width: 19.0689%;\" width=\"182\">Anar a veure el museu de la sal<\/td>\n<td style=\"width: 21.2418%;\" width=\"182\">Visitar un museu per tal d\u2019observar escultures de sal, els diferents usos de la sal i el patrimoni de la\u00a0vila de Cardona.<\/td>\n<td style=\"width: 12.4574%;\" width=\"99\">Febrer<\/td>\n<td style=\"width: 12.585%;\" width=\"96\">I5<\/td>\n<td style=\"width: 29.0902%;\" width=\"96\">5 (tutores +<\/p>\n<p>2)<\/td>\n<\/tr>\n<tr>\n<td style=\"width: 14.2807%;\" width=\"110\">Mol\u00ed paperer<\/td>\n<td style=\"width: 19.0689%;\" width=\"182\">Fer un taller + visita al mol\u00ed<\/td>\n<td style=\"width: 21.2418%;\" width=\"182\">Con\u00e8ixer el proc\u00e9s de fabricaci\u00f3 del paper i el funcionament de la roda hidr\u00e0ulica.<\/td>\n<td style=\"width: 12.4574%;\" width=\"99\">31 de mar\u00e7<\/td>\n<td style=\"width: 12.585%;\" width=\"96\">Colla Menuts<\/td>\n<td style=\"width: 29.0902%;\" width=\"96\">5 (tutores +2)<\/td>\n<\/tr>\n<tr>\n<td style=\"width: 5.03524%;\" rowspan=\"4\"><strong>3r T<\/strong><\/td>\n<td style=\"width: 14.2807%;\" width=\"110\">Col\u00f2nies<\/td>\n<td style=\"width: 19.0689%;\" width=\"182\">Anar de col\u00f2nies a la Carral<\/td>\n<td style=\"width: 21.2418%;\" width=\"182\">Fomentar la conviv\u00e8ncia fora del medi escolar, aix\u00ed com els h\u00e0bits d\u2019autonomia.<\/td>\n<td style=\"width: 12.4574%;\" width=\"99\">13 i 14 de maig<\/td>\n<td style=\"width: 12.585%;\" width=\"96\">Colla menuts<\/td>\n<td style=\"width: 29.0902%;\" width=\"96\">6 (tutores +3)<\/td>\n<\/tr>\n<tr>\n<td style=\"width: 14.2807%;\" width=\"110\">Biblioteca<\/td>\n<td style=\"width: 19.0689%;\" width=\"182\">Visita i taller a la Biblioteca<\/td>\n<td style=\"width: 21.2418%;\" width=\"182\">Tenir coneixement del funcionament i els serveis que posa a l\u2019abast de l\u2019alumnat la biblioteca municipal.<\/p>\n<p>Animar a la lectura.<\/td>\n<td style=\"width: 12.4574%;\" width=\"99\">setmana St. Jordi<\/td>\n<td style=\"width: 12.585%;\" width=\"96\">Colla Menuts<\/td>\n<td style=\"width: 29.0902%;\" width=\"96\">5 (tutores +\u00a02)<\/td>\n<\/tr>\n<tr>\n<td style=\"width: 14.2807%;\" width=\"110\">Visita gegants<\/td>\n<td style=\"width: 19.0689%;\" width=\"182\">Visita a l\u2019Ajuntament per veure els<\/p>\n<p>gegants<\/td>\n<td style=\"width: 21.2418%;\" width=\"182\">Observar directament els gegants de Cardona<\/td>\n<td style=\"width: 12.4574%;\" width=\"99\">Maig<\/td>\n<td style=\"width: 12.585%;\" width=\"96\">I3<\/td>\n<td style=\"width: 29.0902%;\" width=\"96\">2 (tutora + acompanya t)<\/td>\n<\/tr>\n<tr>\n<td style=\"width: 108.724%;\" colspan=\"6\">Qualsevol altra sortida que es pugui realitzar dins el terme municipal de Cardona, derivada dels projectes que es portin a terme.<\/td>\n<\/tr>\n<\/tbody>\n<\/table>\n<p>&nbsp;<\/p>\n<p>&nbsp;<\/p>\n<p>&nbsp;<\/p>\n<p>&nbsp;<\/p>\n<p><a href=\"https:\/\/agora.xtec.cat\/ceip-mdpatrocini-cardona\/wp-content\/uploads\/usu474\/2022\/01\/colonies11-1.png\"><img loading=\"lazy\" decoding=\"async\" class=\"aligncenter size-medium wp-image-6164\" src=\"https:\/\/agora.xtec.cat\/ceip-mdpatrocini-cardona\/wp-content\/uploads\/usu474\/2022\/01\/colonies11-1-300x222.png\" alt=\"\" width=\"300\" height=\"222\" srcset=\"https:\/\/agora.xtec.cat\/ceip-mdpatrocini-cardona\/wp-content\/uploads\/usu474\/2022\/01\/colonies11-1-300x222.png 300w, https:\/\/agora.xtec.cat\/ceip-mdpatrocini-cardona\/wp-content\/uploads\/usu474\/2022\/01\/colonies11-1.png 700w\" sizes=\"auto, (max-width: 300px) 100vw, 300px\" \/><\/a><\/p>\n","protected":false},"excerpt":{"rendered":"<p>&nbsp; ACTIVITATS COLLA DE MENUTS FESTA\/ACTIVITAT ACTIVITATS OBJECTIUS LLOC I DATA PLANIFICACI\u00d3 ACOMPANYANTS PREU &nbsp; 1r T Sortida al Bosc Anar a buscar la roba de la castanyera i observar el bosc. Observar el bosc per tal d\u2019explorar i recon\u00e8ixer elements del mon natural. 29 d\u2019octubre Colla Menuts 5 (tutores +2) Teatre \u201cPot Petit\u201d Veure [&hellip;]<\/p>\n","protected":false},"author":1,"featured_media":0,"parent":0,"menu_order":0,"comment_status":"closed","ping_status":"closed","template":"","meta":{"_bbp_topic_count":0,"_bbp_reply_count":0,"_bbp_total_topic_count":0,"_bbp_total_reply_count":0,"_bbp_voice_count":0,"_bbp_anonymous_reply_count":0,"_bbp_topic_count_hidden":0,"_bbp_reply_count_hidden":0,"_bbp_forum_subforum_count":0,"site-sidebar-layout":"default","site-content-layout":"","ast-site-content-layout":"","site-content-style":"default","site-sidebar-style":"default","ast-global-header-display":"","ast-banner-title-visibility":"","ast-main-header-display":"","ast-hfb-above-header-display":"","ast-hfb-below-header-display":"","ast-hfb-mobile-header-display":"","site-post-title":"","ast-breadcrumbs-content":"","ast-featured-img":"","footer-sml-layout":"","theme-transparent-header-meta":"","adv-header-id-meta":"","stick-header-meta":"","header-above-stick-meta":"","header-main-stick-meta":"","header-below-stick-meta":"","astra-migrate-meta-layouts":"default","ast-page-background-enabled":"default","ast-page-background-meta":{"desktop":{"background-color":"var(--ast-global-color-5)","background-image":"","background-repeat":"repeat","background-position":"center center","background-size":"auto","background-attachment":"scroll","background-type":"","background-media":"","overlay-type":"","overlay-color":"","overlay-opacity":"","overlay-gradient":""},"tablet":{"background-color":"","background-image":"","background-repeat":"repeat","background-position":"center center","background-size":"auto","background-attachment":"scroll","background-type":"","background-media":"","overlay-type":"","overlay-color":"","overlay-opacity":"","overlay-gradient":""},"mobile":{"background-color":"","background-image":"","background-repeat":"repeat","background-position":"center center","background-size":"auto","background-attachment":"scroll","background-type":"","background-media":"","overlay-type":"","overlay-color":"","overlay-opacity":"","overlay-gradient":""}},"ast-content-background-meta":{"desktop":{"background-color":"var(--ast-global-color-4)","background-image":"","background-repeat":"repeat","background-position":"center center","background-size":"auto","background-attachment":"scroll","background-type":"","background-media":"","overlay-type":"","overlay-color":"","overlay-opacity":"","overlay-gradient":""},"tablet":{"background-color":"var(--ast-global-color-4)","background-image":"","background-repeat":"repeat","background-position":"center center","background-size":"auto","background-attachment":"scroll","background-type":"","background-media":"","overlay-type":"","overlay-color":"","overlay-opacity":"","overlay-gradient":""},"mobile":{"background-color":"var(--ast-global-color-4)","background-image":"","background-repeat":"repeat","background-position":"center center","background-size":"auto","background-attachment":"scroll","background-type":"","background-media":"","overlay-type":"","overlay-color":"","overlay-opacity":"","overlay-gradient":""}},"footnotes":""},"class_list":["post-6746","page","type-page","status-publish","hentry"],"post_mailing_queue_ids":[],"_links":{"self":[{"href":"https:\/\/agora.xtec.cat\/ceip-mdpatrocini-cardona\/wp-json\/wp\/v2\/pages\/6746","targetHints":{"allow":["GET"]}}],"collection":[{"href":"https:\/\/agora.xtec.cat\/ceip-mdpatrocini-cardona\/wp-json\/wp\/v2\/pages"}],"about":[{"href":"https:\/\/agora.xtec.cat\/ceip-mdpatrocini-cardona\/wp-json\/wp\/v2\/types\/page"}],"author":[{"embeddable":true,"href":"https:\/\/agora.xtec.cat\/ceip-mdpatrocini-cardona\/wp-json\/wp\/v2\/users\/1"}],"replies":[{"embeddable":true,"href":"https:\/\/agora.xtec.cat\/ceip-mdpatrocini-cardona\/wp-json\/wp\/v2\/comments?post=6746"}],"version-history":[{"count":7,"href":"https:\/\/agora.xtec.cat\/ceip-mdpatrocini-cardona\/wp-json\/wp\/v2\/pages\/6746\/revisions"}],"predecessor-version":[{"id":8399,"href":"https:\/\/agora.xtec.cat\/ceip-mdpatrocini-cardona\/wp-json\/wp\/v2\/pages\/6746\/revisions\/8399"}],"wp:attachment":[{"href":"https:\/\/agora.xtec.cat\/ceip-mdpatrocini-cardona\/wp-json\/wp\/v2\/media?parent=6746"}],"curies":[{"name":"wp","href":"https:\/\/api.w.org\/{rel}","templated":true}]}}