{"id":6699,"date":"2022-10-13T15:45:56","date_gmt":"2022-10-13T13:45:56","guid":{"rendered":"https:\/\/agora.xtec.cat\/ceip-mdpatrocini-cardona\/?page_id=6699"},"modified":"2025-10-14T15:52:17","modified_gmt":"2025-10-14T13:52:17","slug":"colla-de-menuts-informacions","status":"publish","type":"page","link":"https:\/\/agora.xtec.cat\/ceip-mdpatrocini-cardona\/colla-de-menuts-informacions\/","title":{"rendered":"Colla de menuts. Informacions  i padlets"},"content":{"rendered":"<p style=\"text-align: center;\"><em><strong><span style=\"color: #ff0000;\">P\u00c0GINA EN PROC\u00c8S D&#8217;ACTUALITZACI\u00d3<\/span><\/strong><\/em><\/p>\n<table style=\"height: 872px; width: 99.167%; border-collapse: collapse; background-color: #fffcb0; border-color: #e3fc00; border-style: solid;\">\n<tbody>\n<tr style=\"height: 279px;\">\n<td style=\"width: 33.8099%; text-align: center; height: 279px;\">\n<h3><img loading=\"lazy\" decoding=\"async\" class=\"aligncenter wp-image-8837\" src=\"https:\/\/agora.xtec.cat\/ceip-mdpatrocini-cardona\/wp-content\/uploads\/usu474\/2025\/10\/I3-1024x734.jpg\" alt=\"\" width=\"437\" height=\"313\" srcset=\"https:\/\/agora.xtec.cat\/ceip-mdpatrocini-cardona\/wp-content\/uploads\/usu474\/2025\/10\/I3-1024x734.jpg 1024w, https:\/\/agora.xtec.cat\/ceip-mdpatrocini-cardona\/wp-content\/uploads\/usu474\/2025\/10\/I3-300x215.jpg 300w, https:\/\/agora.xtec.cat\/ceip-mdpatrocini-cardona\/wp-content\/uploads\/usu474\/2025\/10\/I3-768x550.jpg 768w, https:\/\/agora.xtec.cat\/ceip-mdpatrocini-cardona\/wp-content\/uploads\/usu474\/2025\/10\/I3.jpg 1179w\" sizes=\"auto, (max-width: 437px) 100vw, 437px\" \/><\/h3>\n<h3>EL CUCUT<\/h3>\n<\/td>\n<td style=\"width: 32.7865%; text-align: center; height: 279px;\">\n<h3><img loading=\"lazy\" decoding=\"async\" class=\"aligncenter wp-image-8838\" src=\"https:\/\/agora.xtec.cat\/ceip-mdpatrocini-cardona\/wp-content\/uploads\/usu474\/2025\/10\/I4-1024x768.jpg\" alt=\"\" width=\"417\" height=\"313\" srcset=\"https:\/\/agora.xtec.cat\/ceip-mdpatrocini-cardona\/wp-content\/uploads\/usu474\/2025\/10\/I4-1024x768.jpg 1024w, https:\/\/agora.xtec.cat\/ceip-mdpatrocini-cardona\/wp-content\/uploads\/usu474\/2025\/10\/I4-300x225.jpg 300w, https:\/\/agora.xtec.cat\/ceip-mdpatrocini-cardona\/wp-content\/uploads\/usu474\/2025\/10\/I4-768x576.jpg 768w, https:\/\/agora.xtec.cat\/ceip-mdpatrocini-cardona\/wp-content\/uploads\/usu474\/2025\/10\/I4-1536x1152.jpg 1536w, https:\/\/agora.xtec.cat\/ceip-mdpatrocini-cardona\/wp-content\/uploads\/usu474\/2025\/10\/I4-200x150.jpg 200w, https:\/\/agora.xtec.cat\/ceip-mdpatrocini-cardona\/wp-content\/uploads\/usu474\/2025\/10\/I4.jpg 1600w\" sizes=\"auto, (max-width: 417px) 100vw, 417px\" \/><\/h3>\n<h3>L&#8217;ALMESQUERA<\/h3>\n<\/td>\n<td style=\"width: 34.8333%; text-align: center; height: 279px;\">\n<h3><img loading=\"lazy\" decoding=\"async\" class=\"aligncenter wp-image-8839\" src=\"https:\/\/agora.xtec.cat\/ceip-mdpatrocini-cardona\/wp-content\/uploads\/usu474\/2025\/10\/I5-1024x768.jpg\" alt=\"\" width=\"418\" height=\"313\" srcset=\"https:\/\/agora.xtec.cat\/ceip-mdpatrocini-cardona\/wp-content\/uploads\/usu474\/2025\/10\/I5-1024x768.jpg 1024w, https:\/\/agora.xtec.cat\/ceip-mdpatrocini-cardona\/wp-content\/uploads\/usu474\/2025\/10\/I5-300x225.jpg 300w, https:\/\/agora.xtec.cat\/ceip-mdpatrocini-cardona\/wp-content\/uploads\/usu474\/2025\/10\/I5-768x576.jpg 768w, https:\/\/agora.xtec.cat\/ceip-mdpatrocini-cardona\/wp-content\/uploads\/usu474\/2025\/10\/I5-1536x1152.jpg 1536w, https:\/\/agora.xtec.cat\/ceip-mdpatrocini-cardona\/wp-content\/uploads\/usu474\/2025\/10\/I5-200x150.jpg 200w, https:\/\/agora.xtec.cat\/ceip-mdpatrocini-cardona\/wp-content\/uploads\/usu474\/2025\/10\/I5.jpg 1600w\" sizes=\"auto, (max-width: 418px) 100vw, 418px\" \/><\/h3>\n<h3>EL TRIT\u00d3 DEL MONTSENY<\/h3>\n<\/td>\n<\/tr>\n<tr style=\"height: 96px;\">\n<td style=\"width: 33.8099%; height: 96px;\"><strong>Document informatiu de la reuni\u00f3 de fam\u00edlies:<\/strong><\/p>\n<p>Informaci\u00f3 fam\u00edlies I3<\/td>\n<td style=\"width: 32.7865%; height: 96px;\"><strong>Document informatiu de la reuni\u00f3 de fam\u00edlies:<\/strong><\/p>\n<p>Informaci\u00f3 fam\u00edlies I4<\/td>\n<td style=\"width: 34.8333%; height: 96px;\"><strong>Document informatiu de la reuni\u00f3 de fam\u00edlies:<\/strong><\/p>\n<p>Informaci\u00f3 fam\u00edlies I5<\/td>\n<\/tr>\n<tr style=\"height: 265px;\">\n<td style=\"width: 33.8099%; height: 265px;\"><a href=\"https:\/\/padlet.com\/promocio2021_1\/i3-dimoniets-j0l8co36kvjgfmr6\"><img loading=\"lazy\" decoding=\"async\" class=\"aligncenter wp-image-7983 size-full\" src=\"https:\/\/agora.xtec.cat\/ceip-mdpatrocini-cardona\/wp-content\/uploads\/usu474\/2024\/02\/padlet.png\" alt=\"\" width=\"290\" height=\"174\" \/><\/a><\/p>\n<p style=\"text-align: center;\"><strong>Enlla\u00e7 a la padlet: <span style=\"color: #0000ff;\">Clica la imatge<\/span><\/strong><\/p>\n<\/td>\n<td style=\"width: 32.7865%; height: 265px;\"><a href=\"https:\/\/padlet.com\/promocio2020\/nyitol-i-mic-7iyixlcusdi6741w\"><img loading=\"lazy\" decoding=\"async\" class=\"aligncenter wp-image-7983 size-full\" src=\"https:\/\/agora.xtec.cat\/ceip-mdpatrocini-cardona\/wp-content\/uploads\/usu474\/2024\/02\/padlet.png\" alt=\"\" width=\"290\" height=\"174\" \/><\/a><\/p>\n<p style=\"text-align: center;\"><strong>Enlla\u00e7 a la padlet: <span style=\"color: #0000ff;\">Clica la imatge<\/span><\/strong><\/p>\n<\/td>\n<td style=\"width: 34.8333%; height: 265px;\"><a href=\"https:\/\/padlet.com\/promocio2019\/el-sabater-fraret-m0h0gzord07olb3\"><img loading=\"lazy\" decoding=\"async\" class=\"aligncenter wp-image-7983 size-full\" src=\"https:\/\/agora.xtec.cat\/ceip-mdpatrocini-cardona\/wp-content\/uploads\/usu474\/2024\/02\/padlet.png\" alt=\"\" width=\"290\" height=\"174\" \/><\/a><\/p>\n<p style=\"text-align: center;\"><strong>Enlla\u00e7 a la padlet: <span style=\"color: #0000ff;\">Clica la imatge<\/span><\/strong><\/p>\n<\/td>\n<\/tr>\n<tr style=\"height: 96px;\">\n<td style=\"width: 33.8099%; height: 96px;\"><strong>Contacte amb la tutora: <\/strong><\/p>\n<p><strong>Anna Puig Comellas<\/strong><\/p>\n<p><strong><a href=\"mailto:promocio2021@patrocini.cat\">promocio2021@patrocini.cat<\/a><\/strong><\/td>\n<td style=\"width: 32.7865%; height: 96px;\"><strong>Contacte amb la tutora: <\/strong><\/p>\n<p><strong>Rosa Mari Torrico Camps<\/strong><\/p>\n<p><strong><a href=\"mailto:promocio2020@patrocini.cat\">promocio2020@patrocini.cat<\/a><\/strong><\/td>\n<td style=\"width: 34.8333%; height: 96px;\"><strong>Contacte amb la tutora: <\/strong><\/p>\n<p><strong>Alba Cortada Anglarill<\/strong><\/p>\n<p><strong><a href=\"mailto:promocio2019@patrocini.cat\">promocio2019@patrocini.cat<\/a><\/strong><\/td>\n<\/tr>\n<tr style=\"height: 136px;\">\n<td style=\"width: 101.43%; height: 136px;\" colspan=\"3\"><strong>INFORMACIONS, SORTIDES, CONTACTES: <a href=\"https:\/\/agora.xtec.cat\/ceip-mdpatrocini-cardona\/wp-content\/uploads\/usu474\/2025\/10\/COLLA-MENUTS-Curs-2025-2026_compressed.pdf\">COLLA MENUTS &#8211; Curs 2025-2026<\/a><\/strong><\/td>\n<\/tr>\n<\/tbody>\n<\/table>\n<p>Si no podeu veure I5 amb el m\u00f2bil, posar &#8220;lloc web per ordinador&#8221; als 3 puntets del navegador.<\/p>\n<p>&nbsp;<\/p>\n","protected":false},"excerpt":{"rendered":"<p>P\u00c0GINA EN PROC\u00c8S D&#8217;ACTUALITZACI\u00d3 EL CUCUT L&#8217;ALMESQUERA EL TRIT\u00d3 DEL MONTSENY Document informatiu de la reuni\u00f3 de fam\u00edlies: Informaci\u00f3 fam\u00edlies I3 Document informatiu de la reuni\u00f3 de fam\u00edlies: Informaci\u00f3 fam\u00edlies I4 Document informatiu de la reuni\u00f3 de fam\u00edlies: Informaci\u00f3 fam\u00edlies I5 Enlla\u00e7 a la padlet: Clica la imatge Enlla\u00e7 a la padlet: Clica la imatge [&hellip;]<\/p>\n","protected":false},"author":1,"featured_media":0,"parent":0,"menu_order":0,"comment_status":"closed","ping_status":"closed","template":"","meta":{"_bbp_topic_count":0,"_bbp_reply_count":0,"_bbp_total_topic_count":0,"_bbp_total_reply_count":0,"_bbp_voice_count":0,"_bbp_anonymous_reply_count":0,"_bbp_topic_count_hidden":0,"_bbp_reply_count_hidden":0,"_bbp_forum_subforum_count":0,"site-sidebar-layout":"default","site-content-layout":"","ast-site-content-layout":"","site-content-style":"default","site-sidebar-style":"default","ast-global-header-display":"","ast-banner-title-visibility":"","ast-main-header-display":"","ast-hfb-above-header-display":"","ast-hfb-below-header-display":"","ast-hfb-mobile-header-display":"","site-post-title":"","ast-breadcrumbs-content":"","ast-featured-img":"","footer-sml-layout":"","theme-transparent-header-meta":"","adv-header-id-meta":"","stick-header-meta":"","header-above-stick-meta":"","header-main-stick-meta":"","header-below-stick-meta":"","astra-migrate-meta-layouts":"default","ast-page-background-enabled":"default","ast-page-background-meta":{"desktop":{"background-color":"var(--ast-global-color-5)","background-image":"","background-repeat":"repeat","background-position":"center center","background-size":"auto","background-attachment":"scroll","background-type":"","background-media":"","overlay-type":"","overlay-color":"","overlay-opacity":"","overlay-gradient":""},"tablet":{"background-color":"","background-image":"","background-repeat":"repeat","background-position":"center center","background-size":"auto","background-attachment":"scroll","background-type":"","background-media":"","overlay-type":"","overlay-color":"","overlay-opacity":"","overlay-gradient":""},"mobile":{"background-color":"","background-image":"","background-repeat":"repeat","background-position":"center center","background-size":"auto","background-attachment":"scroll","background-type":"","background-media":"","overlay-type":"","overlay-color":"","overlay-opacity":"","overlay-gradient":""}},"ast-content-background-meta":{"desktop":{"background-color":"var(--ast-global-color-4)","background-image":"","background-repeat":"repeat","background-position":"center center","background-size":"auto","background-attachment":"scroll","background-type":"","background-media":"","overlay-type":"","overlay-color":"","overlay-opacity":"","overlay-gradient":""},"tablet":{"background-color":"var(--ast-global-color-4)","background-image":"","background-repeat":"repeat","background-position":"center center","background-size":"auto","background-attachment":"scroll","background-type":"","background-media":"","overlay-type":"","overlay-color":"","overlay-opacity":"","overlay-gradient":""},"mobile":{"background-color":"var(--ast-global-color-4)","background-image":"","background-repeat":"repeat","background-position":"center center","background-size":"auto","background-attachment":"scroll","background-type":"","background-media":"","overlay-type":"","overlay-color":"","overlay-opacity":"","overlay-gradient":""}},"footnotes":""},"class_list":["post-6699","page","type-page","status-publish","hentry"],"post_mailing_queue_ids":[],"_links":{"self":[{"href":"https:\/\/agora.xtec.cat\/ceip-mdpatrocini-cardona\/wp-json\/wp\/v2\/pages\/6699","targetHints":{"allow":["GET"]}}],"collection":[{"href":"https:\/\/agora.xtec.cat\/ceip-mdpatrocini-cardona\/wp-json\/wp\/v2\/pages"}],"about":[{"href":"https:\/\/agora.xtec.cat\/ceip-mdpatrocini-cardona\/wp-json\/wp\/v2\/types\/page"}],"author":[{"embeddable":true,"href":"https:\/\/agora.xtec.cat\/ceip-mdpatrocini-cardona\/wp-json\/wp\/v2\/users\/1"}],"replies":[{"embeddable":true,"href":"https:\/\/agora.xtec.cat\/ceip-mdpatrocini-cardona\/wp-json\/wp\/v2\/comments?post=6699"}],"version-history":[{"count":8,"href":"https:\/\/agora.xtec.cat\/ceip-mdpatrocini-cardona\/wp-json\/wp\/v2\/pages\/6699\/revisions"}],"predecessor-version":[{"id":8866,"href":"https:\/\/agora.xtec.cat\/ceip-mdpatrocini-cardona\/wp-json\/wp\/v2\/pages\/6699\/revisions\/8866"}],"wp:attachment":[{"href":"https:\/\/agora.xtec.cat\/ceip-mdpatrocini-cardona\/wp-json\/wp\/v2\/media?parent=6699"}],"curies":[{"name":"wp","href":"https:\/\/api.w.org\/{rel}","templated":true}]}}