{"id":6685,"date":"2022-10-13T15:05:05","date_gmt":"2022-10-13T13:05:05","guid":{"rendered":"https:\/\/agora.xtec.cat\/ceip-mdpatrocini-cardona\/?page_id=6685"},"modified":"2023-02-07T13:23:38","modified_gmt":"2023-02-07T12:23:38","slug":"allergies-o-intolerancies","status":"publish","type":"page","link":"https:\/\/agora.xtec.cat\/ceip-mdpatrocini-cardona\/allergies-o-intolerancies\/","title":{"rendered":"Al\u00b7l\u00e8rgies o intoler\u00e0ncies"},"content":{"rendered":"<p>A l&#8217;inici de l&#8217;escolaritat, us demanem que ens informeu si el vostre infant t\u00e9 alguna al\u00b7l\u00e8rgia aliment\u00e0ria i\/o al l\u00e0tex.\u00a0 T<\/p>\n<p>La documentaci\u00f3 que necessitem com a escola \u00e9s:<\/p>\n<p>1-<strong> Informe m\u00e8dic<\/strong>\u00a0signat per l&#8217;equip sanitari responsable, on han de constar totes les dades de la malaltia de l&#8217;infant, les actuacions que cal fer i els tel\u00e8fons dels referents sanitaris.<\/p>\n<p>2- Impr\u00e8s signat amb la\u00a0<strong>recollida d&#8217;informaci\u00f3<\/strong> on es detalla el tipus d&#8217;al\u00b7l\u00e8rgia de l&#8217;alumne, les vies d&#8217;entrada i el tipus de reacci\u00f3.\u00a0 <a href=\"https:\/\/agora.xtec.cat\/ceip-mdpatrocini-cardona\/wp-content\/uploads\/usu474\/2023\/02\/Recollida-informacio-alumnes-allergies.pdf\">Recollida informaci\u00f3 alumnes al\u00b7l\u00e8rgies<\/a><\/p>\n<p>3- Impr\u00e8s de<strong>\u00a0sol\u00b7licitud\u00a0<\/strong>signat i autoritzaci\u00f3 d&#8217;administraci\u00f3 de la medicaci\u00f3 prescrita i l&#8217;atenci\u00f3 espec\u00edfica prescrita i pautada pel metge o metgessa. <a href=\"https:\/\/agora.xtec.cat\/ceip-mdpatrocini-cardona\/wp-content\/uploads\/usu474\/2023\/02\/Sollicitud-i-autoritzacio-dadministracio-de-medicaments.pdf\">Sol\u00b7licitud i autoritzaci\u00f3 d\u2019administraci\u00f3 de medicaments<\/a><\/p>\n<p>&nbsp;<\/p>\n<p>Un cop disposem de tota la documentaci\u00f3, s&#8217;informa al personal del centre, al menjador escolar i a l&#8217;AFA, per tal de que s&#8217;apliquin les mesures necess\u00e0ries. <strong>\u00c9s molt important<\/strong>, si durant el curs escolar es detecta una nova al\u00b7l\u00e8rgia o intoler\u00e0ncia o aquestes desapareixen, informar a l&#8217;escola.<\/p>\n<p><a href=\"https:\/\/agora.xtec.cat\/ceip-mdpatrocini-cardona\/wp-content\/uploads\/usu474\/2022\/10\/ADMINISTRACIO-MEDICAMENTS-2.png\"><img loading=\"lazy\" decoding=\"async\" class=\" wp-image-6620 alignleft\" src=\"https:\/\/agora.xtec.cat\/ceip-mdpatrocini-cardona\/wp-content\/uploads\/usu474\/2022\/10\/ADMINISTRACIO-MEDICAMENTS-2-300x300.png\" alt=\"\" width=\"160\" height=\"160\" srcset=\"https:\/\/agora.xtec.cat\/ceip-mdpatrocini-cardona\/wp-content\/uploads\/usu474\/2022\/10\/ADMINISTRACIO-MEDICAMENTS-2-300x300.png 300w, https:\/\/agora.xtec.cat\/ceip-mdpatrocini-cardona\/wp-content\/uploads\/usu474\/2022\/10\/ADMINISTRACIO-MEDICAMENTS-2-1024x1024.png 1024w, https:\/\/agora.xtec.cat\/ceip-mdpatrocini-cardona\/wp-content\/uploads\/usu474\/2022\/10\/ADMINISTRACIO-MEDICAMENTS-2-150x150.png 150w, https:\/\/agora.xtec.cat\/ceip-mdpatrocini-cardona\/wp-content\/uploads\/usu474\/2022\/10\/ADMINISTRACIO-MEDICAMENTS-2-768x768.png 768w, https:\/\/agora.xtec.cat\/ceip-mdpatrocini-cardona\/wp-content\/uploads\/usu474\/2022\/10\/ADMINISTRACIO-MEDICAMENTS-2.png 1080w\" sizes=\"auto, (max-width: 160px) 100vw, 160px\" \/><\/a><\/p>\n","protected":false},"excerpt":{"rendered":"<p>A l&#8217;inici de l&#8217;escolaritat, us demanem que ens informeu si el vostre infant t\u00e9 alguna al\u00b7l\u00e8rgia aliment\u00e0ria i\/o al l\u00e0tex.\u00a0 T La documentaci\u00f3 que necessitem com a escola \u00e9s: 1- Informe m\u00e8dic\u00a0signat per l&#8217;equip sanitari responsable, on han de constar totes les dades de la malaltia de l&#8217;infant, les actuacions que cal fer i els [&hellip;]<\/p>\n","protected":false},"author":1,"featured_media":0,"parent":0,"menu_order":0,"comment_status":"closed","ping_status":"closed","template":"","meta":{"_bbp_topic_count":0,"_bbp_reply_count":0,"_bbp_total_topic_count":0,"_bbp_total_reply_count":0,"_bbp_voice_count":0,"_bbp_anonymous_reply_count":0,"_bbp_topic_count_hidden":0,"_bbp_reply_count_hidden":0,"_bbp_forum_subforum_count":0,"site-sidebar-layout":"default","site-content-layout":"","ast-site-content-layout":"","site-content-style":"default","site-sidebar-style":"default","ast-global-header-display":"","ast-banner-title-visibility":"","ast-main-header-display":"","ast-hfb-above-header-display":"","ast-hfb-below-header-display":"","ast-hfb-mobile-header-display":"","site-post-title":"","ast-breadcrumbs-content":"","ast-featured-img":"","footer-sml-layout":"","theme-transparent-header-meta":"","adv-header-id-meta":"","stick-header-meta":"","header-above-stick-meta":"","header-main-stick-meta":"","header-below-stick-meta":"","astra-migrate-meta-layouts":"default","ast-page-background-enabled":"default","ast-page-background-meta":{"desktop":{"background-color":"var(--ast-global-color-5)","background-image":"","background-repeat":"repeat","background-position":"center center","background-size":"auto","background-attachment":"scroll","background-type":"","background-media":"","overlay-type":"","overlay-color":"","overlay-opacity":"","overlay-gradient":""},"tablet":{"background-color":"","background-image":"","background-repeat":"repeat","background-position":"center center","background-size":"auto","background-attachment":"scroll","background-type":"","background-media":"","overlay-type":"","overlay-color":"","overlay-opacity":"","overlay-gradient":""},"mobile":{"background-color":"","background-image":"","background-repeat":"repeat","background-position":"center center","background-size":"auto","background-attachment":"scroll","background-type":"","background-media":"","overlay-type":"","overlay-color":"","overlay-opacity":"","overlay-gradient":""}},"ast-content-background-meta":{"desktop":{"background-color":"var(--ast-global-color-4)","background-image":"","background-repeat":"repeat","background-position":"center center","background-size":"auto","background-attachment":"scroll","background-type":"","background-media":"","overlay-type":"","overlay-color":"","overlay-opacity":"","overlay-gradient":""},"tablet":{"background-color":"var(--ast-global-color-4)","background-image":"","background-repeat":"repeat","background-position":"center center","background-size":"auto","background-attachment":"scroll","background-type":"","background-media":"","overlay-type":"","overlay-color":"","overlay-opacity":"","overlay-gradient":""},"mobile":{"background-color":"var(--ast-global-color-4)","background-image":"","background-repeat":"repeat","background-position":"center center","background-size":"auto","background-attachment":"scroll","background-type":"","background-media":"","overlay-type":"","overlay-color":"","overlay-opacity":"","overlay-gradient":""}},"footnotes":""},"class_list":["post-6685","page","type-page","status-publish","hentry"],"post_mailing_queue_ids":[],"_links":{"self":[{"href":"https:\/\/agora.xtec.cat\/ceip-mdpatrocini-cardona\/wp-json\/wp\/v2\/pages\/6685","targetHints":{"allow":["GET"]}}],"collection":[{"href":"https:\/\/agora.xtec.cat\/ceip-mdpatrocini-cardona\/wp-json\/wp\/v2\/pages"}],"about":[{"href":"https:\/\/agora.xtec.cat\/ceip-mdpatrocini-cardona\/wp-json\/wp\/v2\/types\/page"}],"author":[{"embeddable":true,"href":"https:\/\/agora.xtec.cat\/ceip-mdpatrocini-cardona\/wp-json\/wp\/v2\/users\/1"}],"replies":[{"embeddable":true,"href":"https:\/\/agora.xtec.cat\/ceip-mdpatrocini-cardona\/wp-json\/wp\/v2\/comments?post=6685"}],"version-history":[{"count":3,"href":"https:\/\/agora.xtec.cat\/ceip-mdpatrocini-cardona\/wp-json\/wp\/v2\/pages\/6685\/revisions"}],"predecessor-version":[{"id":7305,"href":"https:\/\/agora.xtec.cat\/ceip-mdpatrocini-cardona\/wp-json\/wp\/v2\/pages\/6685\/revisions\/7305"}],"wp:attachment":[{"href":"https:\/\/agora.xtec.cat\/ceip-mdpatrocini-cardona\/wp-json\/wp\/v2\/media?parent=6685"}],"curies":[{"name":"wp","href":"https:\/\/api.w.org\/{rel}","templated":true}]}}