{"id":5972,"date":"2023-02-23T09:05:49","date_gmt":"2023-02-23T08:05:49","guid":{"rendered":"https:\/\/agora.xtec.cat\/ceip-mdpatrocini-cardona\/?page_id=5972"},"modified":"2026-02-27T16:07:33","modified_gmt":"2026-02-27T15:07:33","slug":"preinscripcio-curs-2024-2025","status":"publish","type":"page","link":"https:\/\/agora.xtec.cat\/ceip-mdpatrocini-cardona\/preinscripcio-curs-2024-2025\/","title":{"rendered":"Preinscripci\u00f3 curs 2026-2027"},"content":{"rendered":"<p><a href=\"https:\/\/preinscripcio.gencat.cat\/ca\/inici\/\"><img loading=\"lazy\" decoding=\"async\" class=\"wp-image-9130 size-large aligncenter\" src=\"https:\/\/agora.xtec.cat\/ceip-mdpatrocini-cardona\/wp-content\/uploads\/usu474\/2026\/02\/Generalitat_Preinscripcio_Escolar_Infantil_Generalitat-724x1024.jpg\" alt=\"\" width=\"724\" height=\"1024\" srcset=\"https:\/\/agora.xtec.cat\/ceip-mdpatrocini-cardona\/wp-content\/uploads\/usu474\/2026\/02\/Generalitat_Preinscripcio_Escolar_Infantil_Generalitat-724x1024.jpg 724w, https:\/\/agora.xtec.cat\/ceip-mdpatrocini-cardona\/wp-content\/uploads\/usu474\/2026\/02\/Generalitat_Preinscripcio_Escolar_Infantil_Generalitat-212x300.jpg 212w, https:\/\/agora.xtec.cat\/ceip-mdpatrocini-cardona\/wp-content\/uploads\/usu474\/2026\/02\/Generalitat_Preinscripcio_Escolar_Infantil_Generalitat-768x1086.jpg 768w, https:\/\/agora.xtec.cat\/ceip-mdpatrocini-cardona\/wp-content\/uploads\/usu474\/2026\/02\/Generalitat_Preinscripcio_Escolar_Infantil_Generalitat-1086x1536.jpg 1086w, https:\/\/agora.xtec.cat\/ceip-mdpatrocini-cardona\/wp-content\/uploads\/usu474\/2026\/02\/Generalitat_Preinscripcio_Escolar_Infantil_Generalitat-1448x2048.jpg 1448w, https:\/\/agora.xtec.cat\/ceip-mdpatrocini-cardona\/wp-content\/uploads\/usu474\/2026\/02\/Generalitat_Preinscripcio_Escolar_Infantil_Generalitat.jpg 1684w\" sizes=\"auto, (max-width: 724px) 100vw, 724px\" \/><\/a><\/p>\n<p><img loading=\"lazy\" decoding=\"async\" class=\"size-large wp-image-9078 aligncenter\" src=\"https:\/\/agora.xtec.cat\/ceip-mdpatrocini-cardona\/wp-content\/uploads\/usu474\/2026\/01\/PREINSCRIPCIO-26_27-724x1024.jpg\" alt=\"\" width=\"724\" height=\"1024\" srcset=\"https:\/\/agora.xtec.cat\/ceip-mdpatrocini-cardona\/wp-content\/uploads\/usu474\/2026\/01\/PREINSCRIPCIO-26_27-724x1024.jpg 724w, https:\/\/agora.xtec.cat\/ceip-mdpatrocini-cardona\/wp-content\/uploads\/usu474\/2026\/01\/PREINSCRIPCIO-26_27-212x300.jpg 212w, https:\/\/agora.xtec.cat\/ceip-mdpatrocini-cardona\/wp-content\/uploads\/usu474\/2026\/01\/PREINSCRIPCIO-26_27-768x1086.jpg 768w, https:\/\/agora.xtec.cat\/ceip-mdpatrocini-cardona\/wp-content\/uploads\/usu474\/2026\/01\/PREINSCRIPCIO-26_27-1086x1536.jpg 1086w, https:\/\/agora.xtec.cat\/ceip-mdpatrocini-cardona\/wp-content\/uploads\/usu474\/2026\/01\/PREINSCRIPCIO-26_27-1448x2048.jpg 1448w, https:\/\/agora.xtec.cat\/ceip-mdpatrocini-cardona\/wp-content\/uploads\/usu474\/2026\/01\/PREINSCRIPCIO-26_27.jpg 1587w\" sizes=\"auto, (max-width: 724px) 100vw, 724px\" \/><\/p>\n<h1 class=\"subtitle\" style=\"text-align: center;\" data-crawling=\"principal-title\">A punt per comen\u00e7ar!<\/h1>\n<table style=\"width: 100%; border-collapse: collapse; border-color: #000000;\">\n<tbody>\n<tr>\n<td style=\"width: 50%; text-align: center; border-color: #000000; background-color: #f5b0b0;\">\n<h4 style=\"text-align: center;\"><a href=\"https:\/\/preinscripcio.gencat.cat\/ca\/estudis\/infantil-3-6\/inici\/\">EDUCACI\u00d3 INFANTIL<\/a><\/h4>\n<\/td>\n<td style=\"width: 50%; text-align: center; border-color: #000000; background-color: #f5b0b0;\">\n<h4 style=\"text-align: center;\">\u00a0<a href=\"https:\/\/preinscripcio.gencat.cat\/ca\/estudis\/primaria\/inici\/\">EDUCACI\u00d3 PRIM\u00c0RIA<\/a><\/h4>\n<\/td>\n<\/tr>\n<tr>\n<td style=\"width: 50%; text-align: center; border-color: #000000; background-color: #f5b0b0;\" colspan=\"2\">\n<h4 style=\"text-align: center;\"><a href=\"https:\/\/preinscripcio.gencat.cat\/ca\/estudis\/infantil-3-6\/ajuda\/dubtes-temes\/preinscripcio\/\">CENTRE D&#8217;AJUDA<\/a><\/h4>\n<\/td>\n<\/tr>\n<\/tbody>\n<\/table>\n<h4 style=\"text-align: center;\"><\/h4>\n<div class=\"basic_text col-xs-12 pd-30 off-margin-bottom pd-15\"><\/div>\n<div class=\"basic_text_peq col-xs-12\">\n<div class=\"pd-15x link-dotted\" data-crawling=\"principal-body\">\n<p>Iniciem l&#8217;actualitzaci\u00f3 de tota la informaci\u00f3 que necessites consultar sobre la\u00a0<strong>preinscripci\u00f3 escolar 2026-2027<\/strong>. (<strong>De moment no hi ha m\u00e9s actualitzacions<\/strong>).<\/p>\n<p>Si has de preinscriure el teu fill o filla a educaci\u00f3 infantil (3-6), prim\u00e0ria o secund\u00e0ria obligat\u00f2ria, t&#8217;avancem algunes dates, entre les quals destaquem les de<strong>\u00a0presentaci\u00f3 de sol\u00b7licituds<\/strong>:<\/p>\n<ul>\n<li>educaci\u00f3 infantil (3-6 anys) i prim\u00e0ria, <strong>del 4 al 18 de mar\u00e7.<\/strong><\/li>\n<li>educaci\u00f3 secund\u00e0ria obligat\u00f2ria, <strong>del 6 al 18 de mar\u00e7.<\/strong><\/li>\n<\/ul>\n<p>Altres dates rellevants s\u00f3n les de <strong>publicaci\u00f3 de les llistes<\/strong> de sol\u00b7licituds amb la <strong>puntuaci\u00f3 provisional (dates a concretar)<\/strong>, del termini per <strong>presentar una reclamaci\u00f3 (dates a concretar)<\/strong>, del <strong>sorteig del n\u00famero de desempat (dates a concretar)<\/strong>, de la <strong>llista ordenada de sol\u00b7licituds (dates a concretar)<\/strong> i de la llista d&#8217;alumnes amb <strong>pla\u00e7a assignada (dates a concretar)<\/strong>.<\/p>\n<p>A partir del\u00a0<strong>10 de mar\u00e7<\/strong>\u00a0trobar\u00e0s en aquest web tot all\u00f2 que necessites per fer la preinscripci\u00f3 de tots aquests ensenyaments:<\/p>\n<ul>\n<li>educaci\u00f3 infantil<\/li>\n<li>educaci\u00f3 prim\u00e0ria<\/li>\n<li>educaci\u00f3 secund\u00e0ria obligat\u00f2ria<\/li>\n<li>batxillerat<\/li>\n<li>ensenyaments professionals de m\u00fasica i dansa, i en els centres integrats<\/li>\n<li>estudis art\u00edstics superiors<\/li>\n<\/ul>\n<p>T&#8217;acompanyarem perqu\u00e8 et preparis, coneguis les dates clau, presentis la sol\u00b7licitud i en facis el seguiment, i formalitzis la matr\u00edcula al centre.<\/p>\n<h2 class=\"title-preguntes\">Fes la sol\u00b7licitud de preinscripci\u00f3<\/h2>\n<div class=\"paragraph-preguntes\"><\/div>\n<div id=\"accordion\" class=\"panel-group\">\n<div class=\"panel panel-default faq\" data-category-list-value=\"Si encara tens dubtes..._Fes la sol\u00b7licitud de preinscripci\u00f3\" data-category=\"-_categories-estudis-02-educacio-infantil-3-6-fes-sollicitud---_categories-estudis-03-primaria-fes-sollicitud---_categories-estudis-04-eso-fes-sollicitud---_categories-estudis-05-batxillerat-fes-sollicitud---_categories-estudis-apd-grau-mitja-fes-sollicitud---_categories-estudis-fp-grau-mitja-fes-sollicitud---_categories-estudis-fp-grau-superior-fes-sollicitud---_categories-estudis-pfi-fes-sollicitud\">\n<div class=\"panel-heading\">\n<div class=\"panel-title\"><a class=\"faq-pregunta\" href=\"https:\/\/preinscripcio.gencat.cat\/ca\/estudis\/infantil-3-6\/ajuda\/dubtes-temes\/preinscripcio\/#faq-com-he-de-fer-la-sol-licitud-de-preinscripcio\" data-toggle=\"collapse\" data-parent=\"#accordion\" aria-expanded=\"true\">Com he de fer la sol\u00b7licitud de preinscripci\u00f3?<img decoding=\"async\" src=\"https:\/\/preinscripcio.gencat.cat\/web\/resources\/fwkResponsive\/fpca_preguntesFrequentsCercador\/img\/icona-24-dark-chevron-small-right.svg\" alt=\"Bot\u00f3 mostrar resposta\" \/><\/a><\/div>\n<\/div>\n<div id=\"faq-com-he-de-fer-la-sol-licitud-de-preinscripcio\" class=\"panel-collapse collapse in\">\n<div class=\"panel-body\">\n<div class=\"panel panel-default with-image\">\n<p>En el proc\u00e9s de preinscripci\u00f3, la sol\u00b7licitud de preinscripci\u00f3 \u00e9s electr\u00f2nica i es pot fer des de qualsevol ordinador, tauleta o m\u00f2bil connectats a Internet, accedint al web\u00a0<a title=\"preinscripcio.gencat.cat\" href=\"http:\/\/preinscripcio.gencat.cat\/\">preinscripcio.gencat.cat<\/a><\/p>\n<p>Cal, per\u00f2, establir m\u00e8todes d&#8217;autenticaci\u00f3 que permetin comprovar la identitat de les persones que fan els tr\u00e0mits. Per aix\u00f2, l&#8217;alumne o alumna, o el pare o la mare (si l&#8217;alumne\/a \u00e9s menor d&#8217;edat o no fa els anys durant l&#8217;any en qu\u00e8 es presenta la sol\u00b7licitud) que faci el tr\u00e0mit s&#8217;ha d&#8217;autenticar electr\u00f2nicament.<\/p>\n<p>Per autenticar-te electr\u00f2nicament pots fer-ho amb un certificat digital, com pot ser la T-CAT, amb el DNI electr\u00f2nic, amb el sistema Cl@ve o amb l&#8217;idCAT M\u00f2bil.<\/p>\n<ul>\n<li>La\u00a0<strong>T-CAT<\/strong>\u00a0\u00e9s la targeta del personal de les administracions p\u00fabliques catalanes. Cont\u00e9 certificats digitals reconeguts que permeten garantir la identitat d&#8217;un determinat treballador o treballadora d&#8217;un organisme p\u00fablic per mitjans electr\u00f2nics.<br \/>\nAquest sistema d&#8217;autenticaci\u00f3 \u00e9s v\u00e0lid \u00fanicament per al personal de les administracions p\u00fabliques catalanes i requereix d&#8217;un lector de targeta i la instal\u00b7laci\u00f3 d&#8217;un programari perqu\u00e8 funcioni.<\/li>\n<li>El\u00a0<strong>DNI electr\u00f2nic<\/strong>\u00a0\u00e9s un sistema d&#8217;autenticaci\u00f3 que tamb\u00e9 \u00e9s v\u00e0lid per fer el tr\u00e0mit de la preinscripci\u00f3. L&#8217;evoluci\u00f3 del carnet d&#8217;identitat cl\u00e0ssic ha perm\u00e8s la incorporaci\u00f3 de xips en el document, per integrar-hi diversos certificats electr\u00f2nics, de manera que a m\u00e9s de fer-ne un \u00fas f\u00edsic tamb\u00e9 es pugui emprar en operacions digitals.<br \/>\nPer poder-lo utilitzar, per\u00f2, has d&#8217;haver activat els certificats en els terminals denominats &#8220;Punt d&#8217;actualitzaci\u00f3 del DNI electr\u00f2nic&#8221;, que pots trobar a les comissaries d&#8217;expedici\u00f3 del document d&#8217;identitat, i has d&#8217;haver establert un PIN de seguretat. Es requereix, a m\u00e9s, un aparell lector per connectar el DNI electr\u00f2nic a l&#8217;ordinador i la instal\u00b7laci\u00f3 de programari addicional.<\/li>\n<li><strong>Cl@ve<\/strong>\u00a0\u00e9s un sistema establert per l&#8217;Administraci\u00f3 de l&#8217;Estat per unificar l&#8217;acc\u00e9s de la ciutadania als serveis p\u00fablics. L&#8217;objectiu \u00e9s que el ciutad\u00e0 o ciutadana es pugui identificar davant les administracions p\u00fabliques mitjan\u00e7ant l&#8217;\u00fas de claus concertades, \u00e9s a dir, un \u00fanic usuari i una \u00fanica clau, per accedir als diferents serveis.<br \/>\nPer registrar-te al sistema Cl@ve has de disposar pr\u00e8viament d&#8217;un certificat electr\u00f2nic o b\u00e9, en cas de no disposar-ne, registrar-te al portal\u00a0<a title=\"Cl@ve\" href=\"https:\/\/clave.gob.es\/clave_Home\/ca\/clave.html\" target=\"_blank\" rel=\"noopener\">Cl@ve<\/a>, per videotrucada o demanant una carta d&#8217;invitaci\u00f3, i finalitzar el registre seguint les indicacions.<\/li>\n<li>El m\u00e8tode m\u00e9s r\u00e0pid i senzill, per\u00f2, \u00e9s l&#8217;\u00fas de l&#8217;<strong>idCAT M\u00f2bil<\/strong>, que \u00e9s un mecanisme d&#8217;identificaci\u00f3 i signatura electr\u00f2nica que es pot utilitzar per autenticar-se en la majoria de tr\u00e0mits amb les administracions catalanes, i des de qualsevol dispositiu, perqu\u00e8 no cal fer la instal\u00b7laci\u00f3 de cap programari. Nom\u00e9s cal un tel\u00e8fon m\u00f2bil.El pot obtenir qualsevol persona m\u00e9s gran de 16 anys amb nacionalitat espanyola o persones estrangeres amb TIE (targeta d&#8217;identitat d&#8217;estranger), document identificador d&#8217;un pa\u00eds de la Uni\u00f3 Europea o targeta de resid\u00e8ncia comunit\u00e0ria.Es pot sol\u00b7licitar f\u00e0cilment per Internet al portal\u00a0<a title=\"idcatmobil.seu.cat\" href=\"https:\/\/idcatmobil.seu.cat\/\" target=\"_blank\" rel=\"noopener\">idcatmobil.seu.cat<\/a>.Per utilitzar l&#8217;idCAT M\u00f2bil nom\u00e9s has d&#8217;introduir el n\u00famero de document d&#8217;identitat i el n\u00famero de tel\u00e8fon m\u00f2bil en el web on t&#8217;hagis d&#8217;identificar electr\u00f2nicament per fer un tr\u00e0mit. Tot seguit es rep un missatge al tel\u00e8fon, que cont\u00e9 una clau d&#8217;acc\u00e9s per introduir-la en el web. En aquest cas, al tr\u00e0mit de sol\u00b7licitud de preinscripci\u00f3.<\/li>\n<\/ul>\n<p>Aquelles fam\u00edlies que no h\u00e0giu pogut aconseguir cap m\u00e8tode d&#8217;identificaci\u00f3 electr\u00f2nica podreu fer la sol\u00b7licitud de preinscripci\u00f3 en format electr\u00f2nic sense certificat digital.\u00a0A l&#8217;efecte de validar la identitat, caldr\u00e0 adjuntar, a la sol\u00b7licitud, la certificaci\u00f3 electr\u00f2nica de la inscripci\u00f3 de naixement, el llibre de fam\u00edlia o altres documents de filiaci\u00f3, aix\u00ed com el document d&#8217;identificaci\u00f3 personal dels tutors i de l&#8217;alumne o alumna, si en t\u00e9.<\/p>\n<\/div>\n<\/div>\n<\/div>\n<\/div>\n<\/div>\n<\/div>\n<\/div>\n<p>&nbsp;<\/p>\n","protected":false},"excerpt":{"rendered":"<p>A punt per comen\u00e7ar! EDUCACI\u00d3 INFANTIL \u00a0EDUCACI\u00d3 PRIM\u00c0RIA CENTRE D&#8217;AJUDA Iniciem l&#8217;actualitzaci\u00f3 de tota la informaci\u00f3 que necessites consultar sobre la\u00a0preinscripci\u00f3 escolar 2026-2027. (De moment no hi ha m\u00e9s actualitzacions). Si has de preinscriure el teu fill o filla a educaci\u00f3 infantil (3-6), prim\u00e0ria o secund\u00e0ria obligat\u00f2ria, t&#8217;avancem algunes dates, entre les quals destaquem les [&hellip;]<\/p>\n","protected":false},"author":1,"featured_media":0,"parent":0,"menu_order":0,"comment_status":"closed","ping_status":"closed","template":"","meta":{"_bbp_topic_count":0,"_bbp_reply_count":0,"_bbp_total_topic_count":0,"_bbp_total_reply_count":0,"_bbp_voice_count":0,"_bbp_anonymous_reply_count":0,"_bbp_topic_count_hidden":0,"_bbp_reply_count_hidden":0,"_bbp_forum_subforum_count":0,"site-sidebar-layout":"default","site-content-layout":"","ast-site-content-layout":"default","site-content-style":"default","site-sidebar-style":"default","ast-global-header-display":"","ast-banner-title-visibility":"","ast-main-header-display":"","ast-hfb-above-header-display":"","ast-hfb-below-header-display":"","ast-hfb-mobile-header-display":"","site-post-title":"","ast-breadcrumbs-content":"","ast-featured-img":"","footer-sml-layout":"","theme-transparent-header-meta":"default","adv-header-id-meta":"","stick-header-meta":"","header-above-stick-meta":"","header-main-stick-meta":"","header-below-stick-meta":"","astra-migrate-meta-layouts":"set","ast-page-background-enabled":"default","ast-page-background-meta":{"desktop":{"background-color":"var(--ast-global-color-5)","background-image":"","background-repeat":"repeat","background-position":"center center","background-size":"auto","background-attachment":"scroll","background-type":"","background-media":"","overlay-type":"","overlay-color":"","overlay-opacity":"","overlay-gradient":""},"tablet":{"background-color":"","background-image":"","background-repeat":"repeat","background-position":"center center","background-size":"auto","background-attachment":"scroll","background-type":"","background-media":"","overlay-type":"","overlay-color":"","overlay-opacity":"","overlay-gradient":""},"mobile":{"background-color":"","background-image":"","background-repeat":"repeat","background-position":"center center","background-size":"auto","background-attachment":"scroll","background-type":"","background-media":"","overlay-type":"","overlay-color":"","overlay-opacity":"","overlay-gradient":""}},"ast-content-background-meta":{"desktop":{"background-color":"var(--ast-global-color-4)","background-image":"","background-repeat":"repeat","background-position":"center center","background-size":"auto","background-attachment":"scroll","background-type":"","background-media":"","overlay-type":"","overlay-color":"","overlay-opacity":"","overlay-gradient":""},"tablet":{"background-color":"var(--ast-global-color-4)","background-image":"","background-repeat":"repeat","background-position":"center center","background-size":"auto","background-attachment":"scroll","background-type":"","background-media":"","overlay-type":"","overlay-color":"","overlay-opacity":"","overlay-gradient":""},"mobile":{"background-color":"var(--ast-global-color-4)","background-image":"","background-repeat":"repeat","background-position":"center center","background-size":"auto","background-attachment":"scroll","background-type":"","background-media":"","overlay-type":"","overlay-color":"","overlay-opacity":"","overlay-gradient":""}},"footnotes":""},"class_list":["post-5972","page","type-page","status-publish","hentry"],"post_mailing_queue_ids":[],"_links":{"self":[{"href":"https:\/\/agora.xtec.cat\/ceip-mdpatrocini-cardona\/wp-json\/wp\/v2\/pages\/5972","targetHints":{"allow":["GET"]}}],"collection":[{"href":"https:\/\/agora.xtec.cat\/ceip-mdpatrocini-cardona\/wp-json\/wp\/v2\/pages"}],"about":[{"href":"https:\/\/agora.xtec.cat\/ceip-mdpatrocini-cardona\/wp-json\/wp\/v2\/types\/page"}],"author":[{"embeddable":true,"href":"https:\/\/agora.xtec.cat\/ceip-mdpatrocini-cardona\/wp-json\/wp\/v2\/users\/1"}],"replies":[{"embeddable":true,"href":"https:\/\/agora.xtec.cat\/ceip-mdpatrocini-cardona\/wp-json\/wp\/v2\/comments?post=5972"}],"version-history":[{"count":8,"href":"https:\/\/agora.xtec.cat\/ceip-mdpatrocini-cardona\/wp-json\/wp\/v2\/pages\/5972\/revisions"}],"predecessor-version":[{"id":9132,"href":"https:\/\/agora.xtec.cat\/ceip-mdpatrocini-cardona\/wp-json\/wp\/v2\/pages\/5972\/revisions\/9132"}],"wp:attachment":[{"href":"https:\/\/agora.xtec.cat\/ceip-mdpatrocini-cardona\/wp-json\/wp\/v2\/media?parent=5972"}],"curies":[{"name":"wp","href":"https:\/\/api.w.org\/{rel}","templated":true}]}}