{"id":4398,"date":"2020-02-11T13:26:06","date_gmt":"2020-02-11T12:26:06","guid":{"rendered":"http:\/\/agora.xtec.cat\/ceip-mdpatrocini-cardona\/?page_id=4398"},"modified":"2025-03-11T15:47:08","modified_gmt":"2025-03-11T14:47:08","slug":"nofc","status":"publish","type":"page","link":"https:\/\/agora.xtec.cat\/ceip-mdpatrocini-cardona\/nofc\/","title":{"rendered":"NOFC. Normes d&#8217;Organitzaci\u00f3 i Funcionament de Centre"},"content":{"rendered":"<p>Les Normes d\u2019Organitzaci\u00f3 i Funcionament de Centre (NOFC) s\u00f3n un conjunt d\u2019acords i decisions d\u2019organitzaci\u00f3 i funcionament que s\u2019hi adoptin per fer possible, en el dia a dia, el treball educatiu i de gesti\u00f3 que permeti assolir els objectius proposats en el PEC i en\u00a0 la Programaci\u00f3 General Anual (document que concreta, a partir del Projecte Educatiu de Centre, les actuacions concretes per a cada curs).<\/p>\n<p>Les NOFC regulen aspectes en relaci\u00f3 a:<\/p>\n<ul>\n<li>els \u00f2rgans unipersonals i col\u00b7legiats<\/li>\n<li>l\u2019alumnat, el professorat, el PAS<\/li>\n<li>l\u2019organitzaci\u00f3 de les activitats del centre<\/li>\n<li>el recinte escolar<\/li>\n<li>el suport burocr\u00e0tic<\/li>\n<\/ul>\n<p><strong><em>Consulta aqu\u00ed les nostres NOFC (<span style=\"color: #ff0000;\">Document en revisi\u00f3<\/span>):<\/em><\/strong> <a href=\"https:\/\/agora.xtec.cat\/ceip-mdpatrocini-cardona\/wp-content\/uploads\/usu474\/2024\/11\/NOFC_REVISIO-27-JUNY-2024-1.pdf\">NOFC_REVISI\u00d3 27 JUNY 2024\u00a0<\/a><\/p>\n<table style=\"border-collapse: collapse; width: 100%;\">\n<tbody>\n<tr>\n<td style=\"width: 33.3333%; text-align: center;\" colspan=\"3\"><strong>Revisions<\/strong><\/td>\n<\/tr>\n<tr>\n<td style=\"width: 33.3333%;\">Curs 2023-2024:<\/p>\n<p><a href=\"https:\/\/agora.xtec.cat\/ceip-mdpatrocini-cardona\/wp-content\/uploads\/usu474\/2024\/07\/Punts-NOFC.pdf\">Punts NOFC Aprovats el 27 de juny de 2024<\/a><\/p>\n<p>7.2 Informaci\u00f3 a les fam\u00edlies<\/p>\n<p>7.3. Informaci\u00f3 al professorat<\/p>\n<p>7.4. Associacions de fam\u00edlies d\u2019alumnes (AFA)<\/p>\n<p>7.5. Participaci\u00f3 de l&#8217;alumnat<\/p>\n<p>8. Horaris<\/p>\n<p>9. Servei de menjador<\/p>\n<p><a href=\"https:\/\/agora.xtec.cat\/ceip-mdpatrocini-cardona\/wp-content\/uploads\/usu474\/2025\/03\/NOFC_-Us-dels-telefons-mobils-als-centres-educatius.pdf\">NOFC_ \u00das dels tel\u00e8fons m\u00f2bils als centres educatius<\/a><\/td>\n<td style=\"width: 33.3333%;\">Curs 2024-2025:<\/p>\n<p><a href=\"https:\/\/agora.xtec.cat\/ceip-mdpatrocini-cardona\/wp-content\/uploads\/usu474\/2025\/03\/NORMATIVA-CHROMEBOOKS-1.pdf\">NORMATIVA CHROMEBOOKS (1)<\/a><\/p>\n<p>&nbsp;<\/p>\n<p>&nbsp;<\/p>\n<p>&nbsp;<\/p>\n<p>&nbsp;<\/p>\n<p>&nbsp;<\/p>\n<p>&nbsp;<\/p>\n<p>&nbsp;<\/td>\n<td style=\"width: 33.3333%;\">Curs 2025-2026:<\/p>\n<p>&nbsp;<\/p>\n<p>&nbsp;<\/p>\n<p>&nbsp;<\/p>\n<p>&nbsp;<\/p>\n<p>&nbsp;<\/p>\n<p>&nbsp;<\/p>\n<p>&nbsp;<\/p>\n<p>&nbsp;<\/td>\n<\/tr>\n<tr>\n<td style=\"width: 33.3333%;\">Curs 2026-2027:<\/td>\n<td style=\"width: 33.3333%;\"><\/td>\n<td style=\"width: 33.3333%;\"><\/td>\n<\/tr>\n<tr>\n<td style=\"width: 33.3333%;\"><\/td>\n<td style=\"width: 33.3333%;\"><\/td>\n<td style=\"width: 33.3333%;\"><\/td>\n<\/tr>\n<\/tbody>\n<\/table>\n<p><a href=\"https:\/\/agora.xtec.cat\/ceip-mdpatrocini-cardona\/wp-content\/uploads\/usu474\/2020\/02\/nofc.jpg\"><img loading=\"lazy\" decoding=\"async\" class=\"size-medium wp-image-4400 alignleft\" src=\"https:\/\/agora.xtec.cat\/ceip-mdpatrocini-cardona\/wp-content\/uploads\/usu474\/2020\/02\/nofc-300x211.jpg\" alt=\"\" width=\"300\" height=\"211\" srcset=\"https:\/\/agora.xtec.cat\/ceip-mdpatrocini-cardona\/wp-content\/uploads\/usu474\/2020\/02\/nofc-300x211.jpg 300w, https:\/\/agora.xtec.cat\/ceip-mdpatrocini-cardona\/wp-content\/uploads\/usu474\/2020\/02\/nofc.jpg 497w\" sizes=\"auto, (max-width: 300px) 100vw, 300px\" \/><\/a><\/p>\n","protected":false},"excerpt":{"rendered":"<p>Les Normes d\u2019Organitzaci\u00f3 i Funcionament de Centre (NOFC) s\u00f3n un conjunt d\u2019acords i decisions d\u2019organitzaci\u00f3 i funcionament que s\u2019hi adoptin per fer possible, en el dia a dia, el treball educatiu i de gesti\u00f3 que permeti assolir els objectius proposats en el PEC i en\u00a0 la Programaci\u00f3 General Anual (document que concreta, a partir del [&hellip;]<\/p>\n","protected":false},"author":1,"featured_media":0,"parent":0,"menu_order":0,"comment_status":"closed","ping_status":"closed","template":"","meta":{"_bbp_topic_count":0,"_bbp_reply_count":0,"_bbp_total_topic_count":0,"_bbp_total_reply_count":0,"_bbp_voice_count":0,"_bbp_anonymous_reply_count":0,"_bbp_topic_count_hidden":0,"_bbp_reply_count_hidden":0,"_bbp_forum_subforum_count":0,"site-sidebar-layout":"default","site-content-layout":"","ast-site-content-layout":"","site-content-style":"default","site-sidebar-style":"default","ast-global-header-display":"","ast-banner-title-visibility":"","ast-main-header-display":"","ast-hfb-above-header-display":"","ast-hfb-below-header-display":"","ast-hfb-mobile-header-display":"","site-post-title":"","ast-breadcrumbs-content":"","ast-featured-img":"","footer-sml-layout":"","theme-transparent-header-meta":"","adv-header-id-meta":"","stick-header-meta":"","header-above-stick-meta":"","header-main-stick-meta":"","header-below-stick-meta":"","astra-migrate-meta-layouts":"default","ast-page-background-enabled":"default","ast-page-background-meta":{"desktop":{"background-color":"var(--ast-global-color-5)","background-image":"","background-repeat":"repeat","background-position":"center center","background-size":"auto","background-attachment":"scroll","background-type":"","background-media":"","overlay-type":"","overlay-color":"","overlay-opacity":"","overlay-gradient":""},"tablet":{"background-color":"","background-image":"","background-repeat":"repeat","background-position":"center center","background-size":"auto","background-attachment":"scroll","background-type":"","background-media":"","overlay-type":"","overlay-color":"","overlay-opacity":"","overlay-gradient":""},"mobile":{"background-color":"","background-image":"","background-repeat":"repeat","background-position":"center center","background-size":"auto","background-attachment":"scroll","background-type":"","background-media":"","overlay-type":"","overlay-color":"","overlay-opacity":"","overlay-gradient":""}},"ast-content-background-meta":{"desktop":{"background-color":"var(--ast-global-color-4)","background-image":"","background-repeat":"repeat","background-position":"center center","background-size":"auto","background-attachment":"scroll","background-type":"","background-media":"","overlay-type":"","overlay-color":"","overlay-opacity":"","overlay-gradient":""},"tablet":{"background-color":"var(--ast-global-color-4)","background-image":"","background-repeat":"repeat","background-position":"center center","background-size":"auto","background-attachment":"scroll","background-type":"","background-media":"","overlay-type":"","overlay-color":"","overlay-opacity":"","overlay-gradient":""},"mobile":{"background-color":"var(--ast-global-color-4)","background-image":"","background-repeat":"repeat","background-position":"center center","background-size":"auto","background-attachment":"scroll","background-type":"","background-media":"","overlay-type":"","overlay-color":"","overlay-opacity":"","overlay-gradient":""}},"footnotes":""},"class_list":["post-4398","page","type-page","status-publish","hentry"],"post_mailing_queue_ids":[],"_links":{"self":[{"href":"https:\/\/agora.xtec.cat\/ceip-mdpatrocini-cardona\/wp-json\/wp\/v2\/pages\/4398","targetHints":{"allow":["GET"]}}],"collection":[{"href":"https:\/\/agora.xtec.cat\/ceip-mdpatrocini-cardona\/wp-json\/wp\/v2\/pages"}],"about":[{"href":"https:\/\/agora.xtec.cat\/ceip-mdpatrocini-cardona\/wp-json\/wp\/v2\/types\/page"}],"author":[{"embeddable":true,"href":"https:\/\/agora.xtec.cat\/ceip-mdpatrocini-cardona\/wp-json\/wp\/v2\/users\/1"}],"replies":[{"embeddable":true,"href":"https:\/\/agora.xtec.cat\/ceip-mdpatrocini-cardona\/wp-json\/wp\/v2\/comments?post=4398"}],"version-history":[{"count":6,"href":"https:\/\/agora.xtec.cat\/ceip-mdpatrocini-cardona\/wp-json\/wp\/v2\/pages\/4398\/revisions"}],"predecessor-version":[{"id":8685,"href":"https:\/\/agora.xtec.cat\/ceip-mdpatrocini-cardona\/wp-json\/wp\/v2\/pages\/4398\/revisions\/8685"}],"wp:attachment":[{"href":"https:\/\/agora.xtec.cat\/ceip-mdpatrocini-cardona\/wp-json\/wp\/v2\/media?parent=4398"}],"curies":[{"name":"wp","href":"https:\/\/api.w.org\/{rel}","templated":true}]}}