{"id":4346,"date":"2020-02-06T11:03:05","date_gmt":"2020-02-06T10:03:05","guid":{"rendered":"http:\/\/agora.xtec.cat\/ceip-mdpatrocini-cardona\/?page_id=4346"},"modified":"2024-11-28T09:32:43","modified_gmt":"2024-11-28T08:32:43","slug":"membres-de-lafa-i-contacte","status":"publish","type":"page","link":"https:\/\/agora.xtec.cat\/ceip-mdpatrocini-cardona\/membres-de-lafa-i-contacte\/","title":{"rendered":"Membres de l&#8217;AFA i contacte"},"content":{"rendered":"<p>A l&#8217;escola Patrocini tenim una AFA molt activa i que fa una gran tasca per l&#8217;escola i l&#8217;alumnat. Est\u00e0 adherida a la FaPaC, fet que permet oferir diferents serveis i avantatges com ara: assegurances, formaci\u00f3, informaci\u00f3 i assessorament&#8230; que les fam\u00edlies mitjan\u00e7ant l&#8217;AFA se&#8217;n poden beneficiar.<\/p>\n<p>Per tal de poder desenvolupar millor les seves tasques i tirar endavant els diferents projectes, es formen diferents comissions de treball.<\/p>\n<p><strong>JUNTA DE L&#8217;AFA<\/strong><\/p>\n<table style=\"width: 31.2541%; height: 357px;\">\n<tbody>\n<tr style=\"height: 46px;\">\n<td style=\"width: 44.4118%; height: 46px;\"><strong>Presidenta<\/strong><\/td>\n<td style=\"width: 53.2353%; height: 46px;\">Lourdes Esteve Montilla<\/td>\n<\/tr>\n<tr style=\"height: 31px;\">\n<td style=\"width: 44.4118%; height: 31px;\"><strong>Secretaria<\/strong><\/td>\n<td style=\"width: 53.2353%; height: 31px;\">Maite Puga Fern\u00e1ndez<\/td>\n<\/tr>\n<tr style=\"height: 31px;\">\n<td style=\"width: 44.4118%; height: 31px;\"><strong>Tresorera<\/strong><\/td>\n<td style=\"width: 53.2353%; height: 31px;\">Neus Soler Guix\u00e9<\/td>\n<\/tr>\n<tr>\n<td style=\"width: 44.4118%;\"><strong>Vocals<\/strong><\/td>\n<td style=\"width: 53.2353%;\">Judit Montoriol Garriga<\/td>\n<\/tr>\n<tr>\n<td style=\"width: 44.4118%;\"><\/td>\n<td style=\"width: 53.2353%;\">Maria Acosta Rodr\u00edguez<\/td>\n<\/tr>\n<tr>\n<td style=\"width: 44.4118%;\"><\/td>\n<td style=\"width: 53.2353%;\">Bego Torn\u00e9 Lasso<\/td>\n<\/tr>\n<tr>\n<td style=\"width: 44.4118%;\"><\/td>\n<td style=\"width: 53.2353%;\">Rosa Aloy G\u00f3mez<\/td>\n<\/tr>\n<tr>\n<td style=\"width: 44.4118%;\"><\/td>\n<td style=\"width: 53.2353%;\">Anna Poza Pedrosa<\/td>\n<\/tr>\n<\/tbody>\n<\/table>\n<p>&nbsp;<\/p>\n<p><strong>COMISSIONS DE TREBALL<\/strong><\/p>\n<p><strong>Web i xarxes socials<\/strong>: aquesta comissi\u00f3 s&#8217;encarrega de gestionar les diferents xarxes socials. Si tens dubtes o vols participar en aquesta comissi\u00f3.<\/p>\n<p><strong>Festes-escoles<\/strong>: aquesta comissi\u00f3 col\u00b7labora amb l&#8217;escola i organitza les festes i activitats m\u00e9s l\u00fadiques que es realitzen al centre.<\/p>\n<table>\n<tbody>\n<tr>\n<td><a href=\"https:\/\/agora.xtec.cat\/ceip-mdpatrocini-cardona\/wp-content\/uploads\/usu474\/2020\/02\/PARES.jpg\"><img loading=\"lazy\" decoding=\"async\" class=\"aligncenter size-medium wp-image-4354\" src=\"https:\/\/agora.xtec.cat\/ceip-mdpatrocini-cardona\/wp-content\/uploads\/usu474\/2020\/02\/PARES-294x300.jpg\" alt=\"\" width=\"294\" height=\"300\" srcset=\"https:\/\/agora.xtec.cat\/ceip-mdpatrocini-cardona\/wp-content\/uploads\/usu474\/2020\/02\/PARES-294x300.jpg 294w, https:\/\/agora.xtec.cat\/ceip-mdpatrocini-cardona\/wp-content\/uploads\/usu474\/2020\/02\/PARES.jpg 563w\" sizes=\"auto, (max-width: 294px) 100vw, 294px\" \/><\/a><\/td>\n<td><a href=\"https:\/\/agora.xtec.cat\/ceip-mdpatrocini-cardona\/wp-content\/uploads\/usu474\/2020\/02\/ampa.jpg\"><img loading=\"lazy\" decoding=\"async\" class=\"aligncenter size-medium wp-image-4352\" src=\"https:\/\/agora.xtec.cat\/ceip-mdpatrocini-cardona\/wp-content\/uploads\/usu474\/2020\/02\/ampa-300x219.jpg\" alt=\"\" width=\"300\" height=\"219\" srcset=\"https:\/\/agora.xtec.cat\/ceip-mdpatrocini-cardona\/wp-content\/uploads\/usu474\/2020\/02\/ampa-300x219.jpg 300w, https:\/\/agora.xtec.cat\/ceip-mdpatrocini-cardona\/wp-content\/uploads\/usu474\/2020\/02\/ampa.jpg 569w\" sizes=\"auto, (max-width: 300px) 100vw, 300px\" \/><\/a><\/td>\n<td><a href=\"https:\/\/agora.xtec.cat\/ceip-mdpatrocini-cardona\/wp-content\/uploads\/usu474\/2020\/02\/IMG_3050.jpg\"><img loading=\"lazy\" decoding=\"async\" class=\"aligncenter size-medium wp-image-4375\" src=\"https:\/\/agora.xtec.cat\/ceip-mdpatrocini-cardona\/wp-content\/uploads\/usu474\/2020\/02\/IMG_3050-300x272.jpg\" alt=\"\" width=\"300\" height=\"272\" srcset=\"https:\/\/agora.xtec.cat\/ceip-mdpatrocini-cardona\/wp-content\/uploads\/usu474\/2020\/02\/IMG_3050-300x272.jpg 300w, https:\/\/agora.xtec.cat\/ceip-mdpatrocini-cardona\/wp-content\/uploads\/usu474\/2020\/02\/IMG_3050-768x697.jpg 768w, https:\/\/agora.xtec.cat\/ceip-mdpatrocini-cardona\/wp-content\/uploads\/usu474\/2020\/02\/IMG_3050.jpg 978w\" sizes=\"auto, (max-width: 300px) 100vw, 300px\" \/><\/a><\/td>\n<\/tr>\n<\/tbody>\n<\/table>\n<p>&nbsp;<\/p>\n<p><strong>Extraescolars<\/strong>: la comissi\u00f3 s&#8217;encarrega de gestionar i organitzar les diferents activitats extraescolars que s&#8217;ofereixen als alumnes abans i despr\u00e9s de les classes lectives. Es tenen en compte diversos aspectes de desenvolupament de l&#8217;alumnat i ofereixen activitats d&#8217;aprenentatge de la llengua anglesa, esportives i l\u00fadiques com el teatre &#8220;Pastorets&#8221; i els escacs.\u00a0 Sempre oberts a les demandes i interessos de les fam\u00edlies i ajustant-se als acords establerts en el Consell Escolar.<\/p>\n<p><strong>Material socialitzat<\/strong>: la comissi\u00f3 gestiona el projecte de socialitzaci\u00f3 i reutilitzaci\u00f3 de llibres de text i\/o material com els Chromebooks.<\/p>\n<p><strong>Escoles Verdes<\/strong>: aquesta comissi\u00f3 s&#8217;encarrega d&#8217;engegar accions, amb la complicitat del professorat, que ajudin a millor la sostenibilitat de l&#8217;escola.<\/p>\n<p><strong>Menjador<\/strong>: vetlla per una bona gesti\u00f3 del servei de menjador i de l&#8217;espai de lleure del migdia, perqu\u00e8 els nens i nenes estiguin en un espai a gust i tranquils, on s&#8217;adquireixin h\u00e0bits d&#8217;autonomia, d&#8217;higiene i d&#8217;alimentaci\u00f3 saludable, que puguin reposar fent jocs calmats, compartir tallers o jugar lliurement al pati.<\/p>\n<p>Per qualsevol consulta, dubte o suggeriment ens podeu fer arribar un correu electr\u00f2nic a la seg\u00fcent adre\u00e7a: <strong>afa@patrocini.cat<\/strong><\/p>\n<p>&nbsp;<\/p>\n<p><strong>BLOG<\/strong>:<\/p>\n<p><a href=\"http:\/\/ampamdpatrocini.blogspot.com\/\">http:\/\/ampamdpatrocini.blogspot.com\/<\/a><\/p>\n<p>&nbsp;<\/p>\n","protected":false},"excerpt":{"rendered":"<p>A l&#8217;escola Patrocini tenim una AFA molt activa i que fa una gran tasca per l&#8217;escola i l&#8217;alumnat. Est\u00e0 adherida a la FaPaC, fet que permet oferir diferents serveis i avantatges com ara: assegurances, formaci\u00f3, informaci\u00f3 i assessorament&#8230; que les fam\u00edlies mitjan\u00e7ant l&#8217;AFA se&#8217;n poden beneficiar. Per tal de poder desenvolupar millor les seves tasques [&hellip;]<\/p>\n","protected":false},"author":1,"featured_media":0,"parent":0,"menu_order":0,"comment_status":"closed","ping_status":"closed","template":"","meta":{"_bbp_topic_count":0,"_bbp_reply_count":0,"_bbp_total_topic_count":0,"_bbp_total_reply_count":0,"_bbp_voice_count":0,"_bbp_anonymous_reply_count":0,"_bbp_topic_count_hidden":0,"_bbp_reply_count_hidden":0,"_bbp_forum_subforum_count":0,"site-sidebar-layout":"default","site-content-layout":"","ast-site-content-layout":"","site-content-style":"default","site-sidebar-style":"default","ast-global-header-display":"","ast-banner-title-visibility":"","ast-main-header-display":"","ast-hfb-above-header-display":"","ast-hfb-below-header-display":"","ast-hfb-mobile-header-display":"","site-post-title":"","ast-breadcrumbs-content":"","ast-featured-img":"","footer-sml-layout":"","theme-transparent-header-meta":"","adv-header-id-meta":"","stick-header-meta":"","header-above-stick-meta":"","header-main-stick-meta":"","header-below-stick-meta":"","astra-migrate-meta-layouts":"default","ast-page-background-enabled":"default","ast-page-background-meta":{"desktop":{"background-color":"var(--ast-global-color-5)","background-image":"","background-repeat":"repeat","background-position":"center center","background-size":"auto","background-attachment":"scroll","background-type":"","background-media":"","overlay-type":"","overlay-color":"","overlay-opacity":"","overlay-gradient":""},"tablet":{"background-color":"","background-image":"","background-repeat":"repeat","background-position":"center center","background-size":"auto","background-attachment":"scroll","background-type":"","background-media":"","overlay-type":"","overlay-color":"","overlay-opacity":"","overlay-gradient":""},"mobile":{"background-color":"","background-image":"","background-repeat":"repeat","background-position":"center center","background-size":"auto","background-attachment":"scroll","background-type":"","background-media":"","overlay-type":"","overlay-color":"","overlay-opacity":"","overlay-gradient":""}},"ast-content-background-meta":{"desktop":{"background-color":"var(--ast-global-color-4)","background-image":"","background-repeat":"repeat","background-position":"center center","background-size":"auto","background-attachment":"scroll","background-type":"","background-media":"","overlay-type":"","overlay-color":"","overlay-opacity":"","overlay-gradient":""},"tablet":{"background-color":"var(--ast-global-color-4)","background-image":"","background-repeat":"repeat","background-position":"center center","background-size":"auto","background-attachment":"scroll","background-type":"","background-media":"","overlay-type":"","overlay-color":"","overlay-opacity":"","overlay-gradient":""},"mobile":{"background-color":"var(--ast-global-color-4)","background-image":"","background-repeat":"repeat","background-position":"center center","background-size":"auto","background-attachment":"scroll","background-type":"","background-media":"","overlay-type":"","overlay-color":"","overlay-opacity":"","overlay-gradient":""}},"footnotes":""},"class_list":["post-4346","page","type-page","status-publish","hentry"],"post_mailing_queue_ids":[],"_links":{"self":[{"href":"https:\/\/agora.xtec.cat\/ceip-mdpatrocini-cardona\/wp-json\/wp\/v2\/pages\/4346","targetHints":{"allow":["GET"]}}],"collection":[{"href":"https:\/\/agora.xtec.cat\/ceip-mdpatrocini-cardona\/wp-json\/wp\/v2\/pages"}],"about":[{"href":"https:\/\/agora.xtec.cat\/ceip-mdpatrocini-cardona\/wp-json\/wp\/v2\/types\/page"}],"author":[{"embeddable":true,"href":"https:\/\/agora.xtec.cat\/ceip-mdpatrocini-cardona\/wp-json\/wp\/v2\/users\/1"}],"replies":[{"embeddable":true,"href":"https:\/\/agora.xtec.cat\/ceip-mdpatrocini-cardona\/wp-json\/wp\/v2\/comments?post=4346"}],"version-history":[{"count":7,"href":"https:\/\/agora.xtec.cat\/ceip-mdpatrocini-cardona\/wp-json\/wp\/v2\/pages\/4346\/revisions"}],"predecessor-version":[{"id":7943,"href":"https:\/\/agora.xtec.cat\/ceip-mdpatrocini-cardona\/wp-json\/wp\/v2\/pages\/4346\/revisions\/7943"}],"wp:attachment":[{"href":"https:\/\/agora.xtec.cat\/ceip-mdpatrocini-cardona\/wp-json\/wp\/v2\/media?parent=4346"}],"curies":[{"name":"wp","href":"https:\/\/api.w.org\/{rel}","templated":true}]}}