{"id":4327,"date":"2020-02-04T13:16:56","date_gmt":"2020-02-04T12:16:56","guid":{"rendered":"http:\/\/agora.xtec.cat\/ceip-mdpatrocini-cardona\/?page_id=4327"},"modified":"2025-10-25T10:57:33","modified_gmt":"2025-10-25T08:57:33","slug":"representants-del-consell-dinfants","status":"publish","type":"page","link":"https:\/\/agora.xtec.cat\/ceip-mdpatrocini-cardona\/representants-del-consell-dinfants\/","title":{"rendered":"Consell d&#8217;Infants"},"content":{"rendered":"<p>Els representants de la nostra escola d&#8217;aquest curs 2024\/2025 s\u00f3n:<\/p>\n<ul>\n<li>Aina Gilabert Serra. 6\u00e8 de prim\u00e0ria.<\/li>\n<li>Marc Pujol S\u00e1nchez. 6\u00e8 de prim\u00e0ria.<\/li>\n<li>Abril Serra Raja. 5\u00e8 de prim\u00e0ria.<\/li>\n<li>Marc Guix\u00e9 Puga. 5\u00e8 de prim\u00e0ria.<\/li>\n<\/ul>\n<p>El Consell d\u2019Infants \u00e9s un \u00f2rgan de participaci\u00f3 ciutadana, de car\u00e0cter consultiu, format per\u00a0<strong>nens i nenes de 10 a 12 anys<\/strong> que estudien 5\u00e8 i 6\u00e8 de prim\u00e0ria a les escoles de Cardona.<\/p>\n<p>La seva funci\u00f3 \u00e9s\u00a0<strong>aportar<\/strong>\u00a0als responsables pol\u00edtics del municipi la\u00a0<strong>visi\u00f3\u00a0<\/strong>que tenen els infants sobre Cardona\u00a0<strong>i\u00a0<\/strong>la<strong>\u00a0realitat\u00a0<\/strong>que\u00a0<strong>els envolta<\/strong>, perqu\u00e8 la seva opini\u00f3 es tingui en compte a l\u2019hora de prendre decisions que els afecten com a ciutadans.<\/p>\n<table style=\"border-collapse: collapse; width: 100%;\">\n<tbody>\n<tr>\n<td style=\"width: 50%;\"><img loading=\"lazy\" decoding=\"async\" class=\"alignright size-large wp-image-8957\" src=\"https:\/\/agora.xtec.cat\/ceip-mdpatrocini-cardona\/wp-content\/uploads\/usu474\/2025\/10\/Consell-dels-infants-1024x768.jpg\" alt=\"\" width=\"1024\" height=\"768\" srcset=\"https:\/\/agora.xtec.cat\/ceip-mdpatrocini-cardona\/wp-content\/uploads\/usu474\/2025\/10\/Consell-dels-infants-1024x768.jpg 1024w, https:\/\/agora.xtec.cat\/ceip-mdpatrocini-cardona\/wp-content\/uploads\/usu474\/2025\/10\/Consell-dels-infants-300x225.jpg 300w, https:\/\/agora.xtec.cat\/ceip-mdpatrocini-cardona\/wp-content\/uploads\/usu474\/2025\/10\/Consell-dels-infants-768x576.jpg 768w, https:\/\/agora.xtec.cat\/ceip-mdpatrocini-cardona\/wp-content\/uploads\/usu474\/2025\/10\/Consell-dels-infants-1536x1152.jpg 1536w, https:\/\/agora.xtec.cat\/ceip-mdpatrocini-cardona\/wp-content\/uploads\/usu474\/2025\/10\/Consell-dels-infants.jpg 1600w\" sizes=\"auto, (max-width: 1024px) 100vw, 1024px\" \/><\/td>\n<td style=\"width: 50%;\"><strong>Consell d&#8217;Infants 2025\/2026<\/strong><\/td>\n<\/tr>\n<tr>\n<td style=\"width: 50%;\"><img loading=\"lazy\" decoding=\"async\" class=\"aligncenter size-large wp-image-8377\" src=\"https:\/\/agora.xtec.cat\/ceip-mdpatrocini-cardona\/wp-content\/uploads\/usu474\/2024\/11\/Consell-dels-Infants-2024-2025-1024x768.jpeg\" alt=\"\" width=\"1024\" height=\"768\" srcset=\"https:\/\/agora.xtec.cat\/ceip-mdpatrocini-cardona\/wp-content\/uploads\/usu474\/2024\/11\/Consell-dels-Infants-2024-2025-1024x768.jpeg 1024w, https:\/\/agora.xtec.cat\/ceip-mdpatrocini-cardona\/wp-content\/uploads\/usu474\/2024\/11\/Consell-dels-Infants-2024-2025-300x225.jpeg 300w, https:\/\/agora.xtec.cat\/ceip-mdpatrocini-cardona\/wp-content\/uploads\/usu474\/2024\/11\/Consell-dels-Infants-2024-2025-768x576.jpeg 768w, https:\/\/agora.xtec.cat\/ceip-mdpatrocini-cardona\/wp-content\/uploads\/usu474\/2024\/11\/Consell-dels-Infants-2024-2025-1536x1152.jpeg 1536w, https:\/\/agora.xtec.cat\/ceip-mdpatrocini-cardona\/wp-content\/uploads\/usu474\/2024\/11\/Consell-dels-Infants-2024-2025-200x150.jpeg 200w, https:\/\/agora.xtec.cat\/ceip-mdpatrocini-cardona\/wp-content\/uploads\/usu474\/2024\/11\/Consell-dels-Infants-2024-2025.jpeg 2048w\" sizes=\"auto, (max-width: 1024px) 100vw, 1024px\" \/><\/td>\n<td style=\"width: 50%;\"><strong>Consell d&#8217;Infants 2024\/2025<\/strong><\/td>\n<\/tr>\n<tr>\n<td style=\"width: 50%;\"><img loading=\"lazy\" decoding=\"async\" class=\"aligncenter wp-image-8064 size-large\" src=\"https:\/\/agora.xtec.cat\/ceip-mdpatrocini-cardona\/wp-content\/uploads\/usu474\/2024\/02\/Consell-infants-23-24-1024x768.jpeg\" alt=\"\" width=\"1024\" height=\"768\" \/><\/td>\n<td style=\"width: 50%;\"><strong>Consell d&#8217;Infants 2023\/2024<\/strong><\/td>\n<\/tr>\n<tr>\n<td style=\"width: 50%;\"><a href=\"https:\/\/agora.xtec.cat\/ceip-mdpatrocini-cardona\/wp-content\/uploads\/usu474\/2022\/11\/Consell-infants1.jpg\"><img loading=\"lazy\" decoding=\"async\" class=\"alignleft wp-image-7050 \" src=\"https:\/\/agora.xtec.cat\/ceip-mdpatrocini-cardona\/wp-content\/uploads\/usu474\/2022\/11\/Consell-infants1-300x157.jpg\" alt=\"\" width=\"510\" height=\"267\" \/><\/a><\/td>\n<td style=\"width: 50%;\"><strong>Consell d&#8217;Infants 2022\/2023<\/strong><\/td>\n<\/tr>\n<tr>\n<td style=\"width: 50%;\"><a href=\"https:\/\/agora.xtec.cat\/ceip-mdpatrocini-cardona\/wp-content\/uploads\/usu474\/2021\/03\/159133269_888278135079042_5099091689257765167_n.jpg\"><img loading=\"lazy\" decoding=\"async\" class=\" wp-image-5172 alignleft\" src=\"https:\/\/agora.xtec.cat\/ceip-mdpatrocini-cardona\/wp-content\/uploads\/usu474\/2021\/03\/159133269_888278135079042_5099091689257765167_n-300x157.jpg\" alt=\"\" width=\"510\" height=\"267\" srcset=\"https:\/\/agora.xtec.cat\/ceip-mdpatrocini-cardona\/wp-content\/uploads\/usu474\/2021\/03\/159133269_888278135079042_5099091689257765167_n-300x157.jpg 300w, https:\/\/agora.xtec.cat\/ceip-mdpatrocini-cardona\/wp-content\/uploads\/usu474\/2021\/03\/159133269_888278135079042_5099091689257765167_n-768x402.jpg 768w, https:\/\/agora.xtec.cat\/ceip-mdpatrocini-cardona\/wp-content\/uploads\/usu474\/2021\/03\/159133269_888278135079042_5099091689257765167_n-1024x537.jpg 1024w, https:\/\/agora.xtec.cat\/ceip-mdpatrocini-cardona\/wp-content\/uploads\/usu474\/2021\/03\/159133269_888278135079042_5099091689257765167_n.jpg 1080w\" sizes=\"auto, (max-width: 510px) 100vw, 510px\" \/><\/a><\/td>\n<td style=\"width: 50%;\"><strong>Consell d&#8217;Infants 2020\/2021<\/strong><\/p>\n<p>&nbsp;<\/td>\n<\/tr>\n<tr>\n<td style=\"width: 50%;\"><strong data-wp-editing=\"1\"><a href=\"https:\/\/agora.xtec.cat\/ceip-mdpatrocini-cardona\/wp-content\/uploads\/usu474\/2020\/02\/IMG-20200225-WA0168.jpg\"><img loading=\"lazy\" decoding=\"async\" class=\" wp-image-4495 alignleft\" src=\"https:\/\/agora.xtec.cat\/ceip-mdpatrocini-cardona\/wp-content\/uploads\/usu474\/2020\/02\/IMG-20200225-WA0168-300x135.jpg\" alt=\"\" width=\"509\" height=\"229\" srcset=\"https:\/\/agora.xtec.cat\/ceip-mdpatrocini-cardona\/wp-content\/uploads\/usu474\/2020\/02\/IMG-20200225-WA0168-300x135.jpg 300w, https:\/\/agora.xtec.cat\/ceip-mdpatrocini-cardona\/wp-content\/uploads\/usu474\/2020\/02\/IMG-20200225-WA0168-768x346.jpg 768w, https:\/\/agora.xtec.cat\/ceip-mdpatrocini-cardona\/wp-content\/uploads\/usu474\/2020\/02\/IMG-20200225-WA0168-1024x461.jpg 1024w, https:\/\/agora.xtec.cat\/ceip-mdpatrocini-cardona\/wp-content\/uploads\/usu474\/2020\/02\/IMG-20200225-WA0168.jpg 1600w\" sizes=\"auto, (max-width: 509px) 100vw, 509px\" \/><\/a><\/strong><\/td>\n<td style=\"width: 50%;\"><strong data-wp-editing=\"1\">Consell d&#8217;Infants 2019\/2020<\/strong><\/td>\n<\/tr>\n<\/tbody>\n<\/table>\n<p>&nbsp;<\/p>\n<p>&nbsp;<\/p>\n<p>&nbsp;<\/p>\n<p>&nbsp;<\/p>\n<p>&nbsp;<\/p>\n<p>&nbsp;<\/p>\n<p>&nbsp;<\/p>\n<p>&nbsp;<\/p>\n<p>&nbsp;<\/p>\n<p>&nbsp;<\/p>\n<p>&nbsp;<\/p>\n<p>&nbsp;<\/p>\n<p>&nbsp;<\/p>\n<p>&nbsp;<\/p>\n","protected":false},"excerpt":{"rendered":"<p>Els representants de la nostra escola d&#8217;aquest curs 2024\/2025 s\u00f3n: Aina Gilabert Serra. 6\u00e8 de prim\u00e0ria. Marc Pujol S\u00e1nchez. 6\u00e8 de prim\u00e0ria. Abril Serra Raja. 5\u00e8 de prim\u00e0ria. Marc Guix\u00e9 Puga. 5\u00e8 de prim\u00e0ria. El Consell d\u2019Infants \u00e9s un \u00f2rgan de participaci\u00f3 ciutadana, de car\u00e0cter consultiu, format per\u00a0nens i nenes de 10 a 12 anys [&hellip;]<\/p>\n","protected":false},"author":1,"featured_media":0,"parent":0,"menu_order":0,"comment_status":"closed","ping_status":"closed","template":"","meta":{"_bbp_topic_count":0,"_bbp_reply_count":0,"_bbp_total_topic_count":0,"_bbp_total_reply_count":0,"_bbp_voice_count":0,"_bbp_anonymous_reply_count":0,"_bbp_topic_count_hidden":0,"_bbp_reply_count_hidden":0,"_bbp_forum_subforum_count":0,"site-sidebar-layout":"default","site-content-layout":"","ast-site-content-layout":"default","site-content-style":"default","site-sidebar-style":"default","ast-global-header-display":"","ast-banner-title-visibility":"","ast-main-header-display":"","ast-hfb-above-header-display":"","ast-hfb-below-header-display":"","ast-hfb-mobile-header-display":"","site-post-title":"","ast-breadcrumbs-content":"","ast-featured-img":"","footer-sml-layout":"","theme-transparent-header-meta":"default","adv-header-id-meta":"","stick-header-meta":"","header-above-stick-meta":"","header-main-stick-meta":"","header-below-stick-meta":"","astra-migrate-meta-layouts":"set","ast-page-background-enabled":"default","ast-page-background-meta":{"desktop":{"background-color":"var(--ast-global-color-5)","background-image":"","background-repeat":"repeat","background-position":"center center","background-size":"auto","background-attachment":"scroll","background-type":"","background-media":"","overlay-type":"","overlay-color":"","overlay-opacity":"","overlay-gradient":""},"tablet":{"background-color":"","background-image":"","background-repeat":"repeat","background-position":"center center","background-size":"auto","background-attachment":"scroll","background-type":"","background-media":"","overlay-type":"","overlay-color":"","overlay-opacity":"","overlay-gradient":""},"mobile":{"background-color":"","background-image":"","background-repeat":"repeat","background-position":"center center","background-size":"auto","background-attachment":"scroll","background-type":"","background-media":"","overlay-type":"","overlay-color":"","overlay-opacity":"","overlay-gradient":""}},"ast-content-background-meta":{"desktop":{"background-color":"var(--ast-global-color-4)","background-image":"","background-repeat":"repeat","background-position":"center center","background-size":"auto","background-attachment":"scroll","background-type":"","background-media":"","overlay-type":"","overlay-color":"","overlay-opacity":"","overlay-gradient":""},"tablet":{"background-color":"var(--ast-global-color-4)","background-image":"","background-repeat":"repeat","background-position":"center center","background-size":"auto","background-attachment":"scroll","background-type":"","background-media":"","overlay-type":"","overlay-color":"","overlay-opacity":"","overlay-gradient":""},"mobile":{"background-color":"var(--ast-global-color-4)","background-image":"","background-repeat":"repeat","background-position":"center center","background-size":"auto","background-attachment":"scroll","background-type":"","background-media":"","overlay-type":"","overlay-color":"","overlay-opacity":"","overlay-gradient":""}},"footnotes":""},"class_list":["post-4327","page","type-page","status-publish","hentry"],"post_mailing_queue_ids":[],"_links":{"self":[{"href":"https:\/\/agora.xtec.cat\/ceip-mdpatrocini-cardona\/wp-json\/wp\/v2\/pages\/4327","targetHints":{"allow":["GET"]}}],"collection":[{"href":"https:\/\/agora.xtec.cat\/ceip-mdpatrocini-cardona\/wp-json\/wp\/v2\/pages"}],"about":[{"href":"https:\/\/agora.xtec.cat\/ceip-mdpatrocini-cardona\/wp-json\/wp\/v2\/types\/page"}],"author":[{"embeddable":true,"href":"https:\/\/agora.xtec.cat\/ceip-mdpatrocini-cardona\/wp-json\/wp\/v2\/users\/1"}],"replies":[{"embeddable":true,"href":"https:\/\/agora.xtec.cat\/ceip-mdpatrocini-cardona\/wp-json\/wp\/v2\/comments?post=4327"}],"version-history":[{"count":7,"href":"https:\/\/agora.xtec.cat\/ceip-mdpatrocini-cardona\/wp-json\/wp\/v2\/pages\/4327\/revisions"}],"predecessor-version":[{"id":8958,"href":"https:\/\/agora.xtec.cat\/ceip-mdpatrocini-cardona\/wp-json\/wp\/v2\/pages\/4327\/revisions\/8958"}],"wp:attachment":[{"href":"https:\/\/agora.xtec.cat\/ceip-mdpatrocini-cardona\/wp-json\/wp\/v2\/media?parent=4327"}],"curies":[{"name":"wp","href":"https:\/\/api.w.org\/{rel}","templated":true}]}}