{"id":4255,"date":"2020-01-28T11:01:53","date_gmt":"2020-01-28T10:01:53","guid":{"rendered":"http:\/\/agora.xtec.cat\/ceip-mdpatrocini-cardona\/?page_id=4255"},"modified":"2024-02-23T20:09:58","modified_gmt":"2024-02-23T19:09:58","slug":"ambients-daprenentatge","status":"publish","type":"page","link":"https:\/\/agora.xtec.cat\/ceip-mdpatrocini-cardona\/ambients-daprenentatge\/","title":{"rendered":"Ambients d\u2019aprenentatge a educaci\u00f3 infantil i prim\u00e0ria"},"content":{"rendered":"<p class=\"_04xlpA direction-ltr align-center para-style-body\"><strong><span class=\"S1PPyQ\">ELS AMBIENTS D&#8217;APRENENTATGE ELS DIMARTS I DIJOUS A LA TARDA<br \/>\n<\/span><\/strong><\/p>\n<p class=\"_04xlpA direction-ltr align-center para-style-body\"><em><strong><span class=\"S1PPyQ\">COLLA DE MENUTS (I3 &#8211; I4 &#8211; I5)<\/span><\/strong><\/em><\/p>\n<p class=\"cvGsUA direction-ltr align-justify para-style-body\"><span class=\"OYPEnA text-decoration-none text-strikethrough-none\">A trav\u00e9s del joc, de l\u2019acci\u00f3 del fer i desfer els infants progressen en els seus sabers de manera vivencial. <\/span><span class=\"OYPEnA text-decoration-none text-strikethrough-none\">Els ambients s\u00f3n espais que ofereixen l\u2019oportunitat d\u2019avan\u00e7ar<\/span> <span class=\"OYPEnA text-decoration-none text-strikethrough-none\">en les relacions entre iguals, en l\u2019autoconcepte i l\u2019autoimatge d\u2019un mateix, a m\u00e9s de regular el seu proc\u00e9s d\u2019aprenentatge. <\/span><span class=\"OYPEnA text-decoration-none text-strikethrough-none\">Aix\u00ed mateix, participar en els ambients dona resposta als diferents moments evolutius, necessitats personals i de grup.<\/span><\/p>\n<p class=\"_04xlpA direction-ltr align-center para-style-body\"><span style=\"color: #993366;\"><strong><span class=\"S1PPyQ\">VIDA PR\u00c0CTICA<\/span><\/strong><\/span><\/p>\n<p class=\"_04xlpA direction-ltr align-center para-style-body\"><span class=\"S1PPyQ\"><span class=\"OYPEnA text-decoration-none text-strikethrough-none\">A l\u2019ambient de vida pr\u00e0ctica, els infants realitzen diverses accions de la vida di\u00e0ria que els ajuden a avan\u00e7ar en autonomia personal, const\u00e0ncia, ordre i coordinaci\u00f3 m\u00e0-ull. Les activitats estan relacionades tant amb la cura personal com en les tasques de la llar: cordar i descordar botons, cordons i cremalleres; estendre i plegar roba; tamisar farina, omplir gots, pescar cigrons o girar aliments a la paella&#8230;<\/span><\/span><\/p>\n<p class=\"_04xlpA direction-ltr align-center para-style-body\"><span style=\"color: #993366;\"><strong><span class=\"S1PPyQ\">EXPERIMENTACI\u00d3<\/span><\/strong><\/span><\/p>\n<p class=\"_04xlpA direction-ltr align-center para-style-body\"><span class=\"S1PPyQ\"><span class=\"OYPEnA text-decoration-none text-strikethrough-none\">A l\u2019ambient d&#8217;experimentaci\u00f3 l\u2019infant toca, barreja, crea, classifica, ordena, separa&#8230; accions de lliure creaci\u00f3 que l\u2019aproximen al m\u00f3n cient\u00edfic mitjan\u00e7ant l\u2019assaig error i<\/span> <span class=\"OYPEnA text-decoration-none text-strikethrough-none\">l\u2019observaci\u00f3 directa de fen\u00f2mens. Accions que l\u2019ajuden a crear hip\u00f2tesis.<\/span> <\/span><\/p>\n<p class=\"_04xlpA direction-ltr align-center para-style-body\"><strong><span class=\"S1PPyQ\" style=\"color: #993366;\">JOC SIMB\u00d2LIC<\/span><\/strong><\/p>\n<p class=\"_04xlpA direction-ltr align-center para-style-body\"><span class=\"S1PPyQ\"><span class=\"OYPEnA text-decoration-none text-strikethrough-none\">S\u00f3n espais que permeten als infants recrear experi\u00e8ncies quotidianes, treballar les emocions i la creativitat. Accions que els ajuden a representar rols, accions socials, recrear situacions properes a ells per tal d\u2019incorporar noves realitats mitjan\u00e7ant la interacci\u00f3 amb els seus iguals.<\/span><\/span><\/p>\n<p class=\"_04xlpA direction-ltr align-center para-style-body\"><span style=\"color: #993366;\"><strong><span class=\"S1PPyQ\">ART<\/span><\/strong><\/span><\/p>\n<p class=\"cvGsUA direction-ltr align-justify para-style-body\"><span class=\"OYPEnA text-decoration-none text-strikethrough-none\"> L\u2019ambient d\u2019art es proposen diferents activitats com dibuixar, pintar, modelar, retallar, construir&#8230; les quals permeten als infants aproximar-se a la descoberta del m\u00f3n art\u00edstic. <\/span><span class=\"OYPEnA text-decoration-none text-strikethrough-none\">La descoberta de pintores, t\u00e8cniques pl\u00e0stiques, exercitaci\u00f3 de destreses, coordinacions manuals i l\u2019\u00fas de diferents materials els ajuda a expressar-se a trav\u00e9s de les habilitats creatives.<\/span><\/p>\n<p>&nbsp;<\/p>\n<p class=\"_04xlpA direction-ltr align-center para-style-body\"><em><strong><span class=\"S1PPyQ\">COLLA DE MITJANS I GRANS (1r &#8211; 2n &#8211; 3r &#8211; 4t &#8211; 5\u00e8 i 6\u00e8)<\/span><\/strong><\/em><\/p>\n<p class=\"_04xlpA direction-ltr align-center para-style-body\"><strong><span class=\"S1PPyQ\" style=\"color: #993366;\">3, 2, 1 ACCI\u00d3!<\/span><\/strong><\/p>\n<p><span class=\"OYPEnA text-decoration-none text-strikethrough-none\">En aquest ambient els infants es converteixen en actors i actrius i experimenten amb la m\u00fasica i l&#8217;art esc\u00e8nic tot preparant un espectacle musical que representen davant de tota l\u2019escola l\u2019\u00faltim dia de l\u2019ambient. Ells mateixos son els encarregats d\u2019elaborar els decorats i preparar les coreografies. Llum, c\u00e0mera i acci\u00f3!<br \/>\n<\/span><\/p>\n<p class=\"_04xlpA direction-ltr align-center para-style-body\"><strong><span class=\"S1PPyQ\" style=\"color: #993366;\">CREART<\/span><\/strong><\/p>\n<p class=\"_04xlpA direction-ltr align-center para-style-body\"><span class=\"S1PPyQ\"><span class=\"OYPEnA text-decoration-none text-strikethrough-none\">L&#8217;objectiu d&#8217;aquest ambient \u00e9s descobrir propostes art\u00edstiques diferents per desenvolupar la curiositat, el respecte i el gaudi, i expressar idees, coneixements, sentiments i emocions amb creacions pr\u00f2pies.<\/span><\/span><\/p>\n<p class=\"_04xlpA direction-ltr align-center para-style-body\"><strong><span class=\"S1PPyQ\" style=\"color: #993366;\">JUGUEM AMB LA CI\u00c8NCIA<\/span><\/strong><\/p>\n<p class=\"cvGsUA direction-ltr align-justify para-style-body\"><span class=\"OYPEnA text-decoration-none text-strikethrough-none\">L\u2019objectiu d\u2019aquest ambient \u00e9s aprofundir en el coneixement del vessant cient\u00edfic i fer un conjunt d\u2019experiments seguint el m\u00e8tode cient\u00edfic. A partir d\u2019unes preguntes d\u2019investigaci\u00f3 els infants faran unes hip\u00f2tesis pr\u00e8vies a l\u2019elaboraci\u00f3 dels experiments. Un cop fet l\u2019experiment, compartirem el que hem observat, n\u2019analitzarem les conclusions extretes i veurem si concorden amb la hip\u00f2tesi inicial. <\/span><span class=\"OYPEnA text-decoration-none text-strikethrough-none\">Per finalitzar, coneixerem el fenomen cient\u00edfic que hi ha al darrere de cada un dels experiments.<\/span><\/p>\n<p class=\"_04xlpA direction-ltr align-center para-style-body\"><strong><span class=\"S1PPyQ\" style=\"color: #993366;\">M\u00d3N VIRTUAL<\/span><\/strong><\/p>\n<p class=\"_04xlpA direction-ltr align-center para-style-body\"><span class=\"S1PPyQ\"><span class=\"OYPEnA text-decoration-none text-strikethrough-none\">Dins d\u2019aquest ambient<\/span> <span class=\"OYPEnA text-decoration-none text-strikethrough-none\">es pret\u00e9n desenvolupar la compet\u00e8ncia digital de l\u2019alumnat, a la vegada que es potencia la compet\u00e8ncia ling\u00fc\u00edstica. Per a fer-ho, s\u2019utilitza diferent programari i aplicacions a la vegada que es crea i es reelaboren continguts digitals en diferents formats per tal d\u2019expressar idees i coneixements.<\/span> <\/span><\/p>\n<p><em><span class=\"OYPEnA text-decoration-none text-strikethrough-none\">Evoluciona, explora, juga, somia i creix (maria Montessori)<\/span><\/em><\/p>\n<p>Imatges d&#8217;ambients a educaci\u00f3 infantil.<\/p>\n<table>\n<tbody>\n<tr>\n<td><a href=\"https:\/\/agora.xtec.cat\/ceip-mdpatrocini-cardona\/wp-content\/uploads\/usu474\/2020\/01\/DSC_0229.jpg\"><img loading=\"lazy\" decoding=\"async\" class=\"aligncenter size-medium wp-image-4260\" src=\"https:\/\/agora.xtec.cat\/ceip-mdpatrocini-cardona\/wp-content\/uploads\/usu474\/2020\/01\/DSC_0229-300x169.jpg\" alt=\"\" width=\"300\" height=\"169\" srcset=\"https:\/\/agora.xtec.cat\/ceip-mdpatrocini-cardona\/wp-content\/uploads\/usu474\/2020\/01\/DSC_0229-300x169.jpg 300w, https:\/\/agora.xtec.cat\/ceip-mdpatrocini-cardona\/wp-content\/uploads\/usu474\/2020\/01\/DSC_0229-768x433.jpg 768w, https:\/\/agora.xtec.cat\/ceip-mdpatrocini-cardona\/wp-content\/uploads\/usu474\/2020\/01\/DSC_0229-1024x578.jpg 1024w, https:\/\/agora.xtec.cat\/ceip-mdpatrocini-cardona\/wp-content\/uploads\/usu474\/2020\/01\/DSC_0229.jpg 1574w\" sizes=\"auto, (max-width: 300px) 100vw, 300px\" \/><\/a><\/td>\n<td><a href=\"https:\/\/agora.xtec.cat\/ceip-mdpatrocini-cardona\/wp-content\/uploads\/usu474\/2020\/01\/IMG_20190507_154418_644.jpg\"><img loading=\"lazy\" decoding=\"async\" class=\"aligncenter size-medium wp-image-4261\" src=\"https:\/\/agora.xtec.cat\/ceip-mdpatrocini-cardona\/wp-content\/uploads\/usu474\/2020\/01\/IMG_20190507_154418_644-300x224.jpg\" alt=\"\" width=\"300\" height=\"224\" srcset=\"https:\/\/agora.xtec.cat\/ceip-mdpatrocini-cardona\/wp-content\/uploads\/usu474\/2020\/01\/IMG_20190507_154418_644-300x224.jpg 300w, https:\/\/agora.xtec.cat\/ceip-mdpatrocini-cardona\/wp-content\/uploads\/usu474\/2020\/01\/IMG_20190507_154418_644-768x575.jpg 768w, https:\/\/agora.xtec.cat\/ceip-mdpatrocini-cardona\/wp-content\/uploads\/usu474\/2020\/01\/IMG_20190507_154418_644-1024x766.jpg 1024w, https:\/\/agora.xtec.cat\/ceip-mdpatrocini-cardona\/wp-content\/uploads\/usu474\/2020\/01\/IMG_20190507_154418_644-200x150.jpg 200w, https:\/\/agora.xtec.cat\/ceip-mdpatrocini-cardona\/wp-content\/uploads\/usu474\/2020\/01\/IMG_20190507_154418_644.jpg 1187w\" sizes=\"auto, (max-width: 300px) 100vw, 300px\" \/><\/a><\/td>\n<td><a href=\"https:\/\/agora.xtec.cat\/ceip-mdpatrocini-cardona\/wp-content\/uploads\/usu474\/2020\/01\/DSC_0379.jpg\"><img loading=\"lazy\" decoding=\"async\" class=\"aligncenter size-medium wp-image-4262\" src=\"https:\/\/agora.xtec.cat\/ceip-mdpatrocini-cardona\/wp-content\/uploads\/usu474\/2020\/01\/DSC_0379-300x169.jpg\" alt=\"\" width=\"300\" height=\"169\" srcset=\"https:\/\/agora.xtec.cat\/ceip-mdpatrocini-cardona\/wp-content\/uploads\/usu474\/2020\/01\/DSC_0379-300x169.jpg 300w, https:\/\/agora.xtec.cat\/ceip-mdpatrocini-cardona\/wp-content\/uploads\/usu474\/2020\/01\/DSC_0379-768x433.jpg 768w, https:\/\/agora.xtec.cat\/ceip-mdpatrocini-cardona\/wp-content\/uploads\/usu474\/2020\/01\/DSC_0379-1024x578.jpg 1024w, https:\/\/agora.xtec.cat\/ceip-mdpatrocini-cardona\/wp-content\/uploads\/usu474\/2020\/01\/DSC_0379.jpg 1574w\" sizes=\"auto, (max-width: 300px) 100vw, 300px\" \/><\/a><\/td>\n<\/tr>\n<tr>\n<td><a href=\"https:\/\/agora.xtec.cat\/ceip-mdpatrocini-cardona\/wp-content\/uploads\/usu474\/2020\/01\/DSC_0383.jpg\"><img loading=\"lazy\" decoding=\"async\" class=\"aligncenter size-medium wp-image-4263\" src=\"https:\/\/agora.xtec.cat\/ceip-mdpatrocini-cardona\/wp-content\/uploads\/usu474\/2020\/01\/DSC_0383-300x169.jpg\" alt=\"\" width=\"300\" height=\"169\" srcset=\"https:\/\/agora.xtec.cat\/ceip-mdpatrocini-cardona\/wp-content\/uploads\/usu474\/2020\/01\/DSC_0383-300x169.jpg 300w, https:\/\/agora.xtec.cat\/ceip-mdpatrocini-cardona\/wp-content\/uploads\/usu474\/2020\/01\/DSC_0383-768x433.jpg 768w, https:\/\/agora.xtec.cat\/ceip-mdpatrocini-cardona\/wp-content\/uploads\/usu474\/2020\/01\/DSC_0383-1024x578.jpg 1024w, https:\/\/agora.xtec.cat\/ceip-mdpatrocini-cardona\/wp-content\/uploads\/usu474\/2020\/01\/DSC_0383.jpg 1574w\" sizes=\"auto, (max-width: 300px) 100vw, 300px\" \/><\/a><\/td>\n<td><a href=\"https:\/\/agora.xtec.cat\/ceip-mdpatrocini-cardona\/wp-content\/uploads\/usu474\/2020\/01\/IMG_20191017_154200.jpg\"><img loading=\"lazy\" decoding=\"async\" class=\"aligncenter size-medium wp-image-4264\" src=\"https:\/\/agora.xtec.cat\/ceip-mdpatrocini-cardona\/wp-content\/uploads\/usu474\/2020\/01\/IMG_20191017_154200-300x169.jpg\" alt=\"\" width=\"300\" height=\"169\" srcset=\"https:\/\/agora.xtec.cat\/ceip-mdpatrocini-cardona\/wp-content\/uploads\/usu474\/2020\/01\/IMG_20191017_154200-300x169.jpg 300w, https:\/\/agora.xtec.cat\/ceip-mdpatrocini-cardona\/wp-content\/uploads\/usu474\/2020\/01\/IMG_20191017_154200-768x433.jpg 768w, https:\/\/agora.xtec.cat\/ceip-mdpatrocini-cardona\/wp-content\/uploads\/usu474\/2020\/01\/IMG_20191017_154200-1024x578.jpg 1024w, https:\/\/agora.xtec.cat\/ceip-mdpatrocini-cardona\/wp-content\/uploads\/usu474\/2020\/01\/IMG_20191017_154200.jpg 1574w\" sizes=\"auto, (max-width: 300px) 100vw, 300px\" \/><\/a><\/td>\n<td><a href=\"https:\/\/agora.xtec.cat\/ceip-mdpatrocini-cardona\/wp-content\/uploads\/usu474\/2020\/01\/IMG_20191105_153204.jpg\"><img loading=\"lazy\" decoding=\"async\" class=\"aligncenter size-medium wp-image-4265\" src=\"https:\/\/agora.xtec.cat\/ceip-mdpatrocini-cardona\/wp-content\/uploads\/usu474\/2020\/01\/IMG_20191105_153204-300x169.jpg\" alt=\"\" width=\"300\" height=\"169\" srcset=\"https:\/\/agora.xtec.cat\/ceip-mdpatrocini-cardona\/wp-content\/uploads\/usu474\/2020\/01\/IMG_20191105_153204-300x169.jpg 300w, https:\/\/agora.xtec.cat\/ceip-mdpatrocini-cardona\/wp-content\/uploads\/usu474\/2020\/01\/IMG_20191105_153204-768x433.jpg 768w, https:\/\/agora.xtec.cat\/ceip-mdpatrocini-cardona\/wp-content\/uploads\/usu474\/2020\/01\/IMG_20191105_153204-1024x578.jpg 1024w, https:\/\/agora.xtec.cat\/ceip-mdpatrocini-cardona\/wp-content\/uploads\/usu474\/2020\/01\/IMG_20191105_153204.jpg 1574w\" sizes=\"auto, (max-width: 300px) 100vw, 300px\" \/><\/a><\/td>\n<\/tr>\n<tr>\n<td><a href=\"https:\/\/agora.xtec.cat\/ceip-mdpatrocini-cardona\/wp-content\/uploads\/usu474\/2020\/01\/IMG_20191114_153716-1.jpg\"><img loading=\"lazy\" decoding=\"async\" class=\"aligncenter size-medium wp-image-4267\" src=\"https:\/\/agora.xtec.cat\/ceip-mdpatrocini-cardona\/wp-content\/uploads\/usu474\/2020\/01\/IMG_20191114_153716-1-300x169.jpg\" alt=\"\" width=\"300\" height=\"169\" srcset=\"https:\/\/agora.xtec.cat\/ceip-mdpatrocini-cardona\/wp-content\/uploads\/usu474\/2020\/01\/IMG_20191114_153716-1-300x169.jpg 300w, https:\/\/agora.xtec.cat\/ceip-mdpatrocini-cardona\/wp-content\/uploads\/usu474\/2020\/01\/IMG_20191114_153716-1-768x433.jpg 768w, https:\/\/agora.xtec.cat\/ceip-mdpatrocini-cardona\/wp-content\/uploads\/usu474\/2020\/01\/IMG_20191114_153716-1-1024x578.jpg 1024w, https:\/\/agora.xtec.cat\/ceip-mdpatrocini-cardona\/wp-content\/uploads\/usu474\/2020\/01\/IMG_20191114_153716-1.jpg 1574w\" sizes=\"auto, (max-width: 300px) 100vw, 300px\" \/><\/a><\/td>\n<td><a href=\"https:\/\/agora.xtec.cat\/ceip-mdpatrocini-cardona\/wp-content\/uploads\/usu474\/2020\/01\/IMG_20191105_093411.jpg\"><img loading=\"lazy\" decoding=\"async\" class=\"aligncenter size-medium wp-image-4269\" src=\"https:\/\/agora.xtec.cat\/ceip-mdpatrocini-cardona\/wp-content\/uploads\/usu474\/2020\/01\/IMG_20191105_093411-300x169.jpg\" alt=\"\" width=\"300\" height=\"169\" srcset=\"https:\/\/agora.xtec.cat\/ceip-mdpatrocini-cardona\/wp-content\/uploads\/usu474\/2020\/01\/IMG_20191105_093411-300x169.jpg 300w, https:\/\/agora.xtec.cat\/ceip-mdpatrocini-cardona\/wp-content\/uploads\/usu474\/2020\/01\/IMG_20191105_093411-768x433.jpg 768w, https:\/\/agora.xtec.cat\/ceip-mdpatrocini-cardona\/wp-content\/uploads\/usu474\/2020\/01\/IMG_20191105_093411-1024x578.jpg 1024w, https:\/\/agora.xtec.cat\/ceip-mdpatrocini-cardona\/wp-content\/uploads\/usu474\/2020\/01\/IMG_20191105_093411.jpg 1574w\" sizes=\"auto, (max-width: 300px) 100vw, 300px\" \/><\/a><\/td>\n<td><a href=\"https:\/\/agora.xtec.cat\/ceip-mdpatrocini-cardona\/wp-content\/uploads\/usu474\/2020\/01\/IMG_20181120_153341.jpg\"><img loading=\"lazy\" decoding=\"async\" class=\"aligncenter size-medium wp-image-4270\" src=\"https:\/\/agora.xtec.cat\/ceip-mdpatrocini-cardona\/wp-content\/uploads\/usu474\/2020\/01\/IMG_20181120_153341-300x225.jpg\" alt=\"\" width=\"300\" height=\"225\" srcset=\"https:\/\/agora.xtec.cat\/ceip-mdpatrocini-cardona\/wp-content\/uploads\/usu474\/2020\/01\/IMG_20181120_153341-300x225.jpg 300w, https:\/\/agora.xtec.cat\/ceip-mdpatrocini-cardona\/wp-content\/uploads\/usu474\/2020\/01\/IMG_20181120_153341-768x576.jpg 768w, https:\/\/agora.xtec.cat\/ceip-mdpatrocini-cardona\/wp-content\/uploads\/usu474\/2020\/01\/IMG_20181120_153341-1024x768.jpg 1024w, https:\/\/agora.xtec.cat\/ceip-mdpatrocini-cardona\/wp-content\/uploads\/usu474\/2020\/01\/IMG_20181120_153341-200x150.jpg 200w, https:\/\/agora.xtec.cat\/ceip-mdpatrocini-cardona\/wp-content\/uploads\/usu474\/2020\/01\/IMG_20181120_153341.jpg 1184w\" sizes=\"auto, (max-width: 300px) 100vw, 300px\" \/><\/a><\/td>\n<\/tr>\n<\/tbody>\n<\/table>\n<p>&nbsp;<\/p>\n<p>&nbsp;<\/p>\n<p>&nbsp;<\/p>\n<p>&nbsp;<\/p>\n","protected":false},"excerpt":{"rendered":"<p>ELS AMBIENTS D&#8217;APRENENTATGE ELS DIMARTS I DIJOUS A LA TARDA COLLA DE MENUTS (I3 &#8211; I4 &#8211; I5) A trav\u00e9s del joc, de l\u2019acci\u00f3 del fer i desfer els infants progressen en els seus sabers de manera vivencial. Els ambients s\u00f3n espais que ofereixen l\u2019oportunitat d\u2019avan\u00e7ar en les relacions entre iguals, en l\u2019autoconcepte i l\u2019autoimatge [&hellip;]<\/p>\n","protected":false},"author":1,"featured_media":0,"parent":0,"menu_order":0,"comment_status":"closed","ping_status":"closed","template":"","meta":{"_bbp_topic_count":0,"_bbp_reply_count":0,"_bbp_total_topic_count":0,"_bbp_total_reply_count":0,"_bbp_voice_count":0,"_bbp_anonymous_reply_count":0,"_bbp_topic_count_hidden":0,"_bbp_reply_count_hidden":0,"_bbp_forum_subforum_count":0,"site-sidebar-layout":"default","site-content-layout":"","ast-site-content-layout":"","site-content-style":"default","site-sidebar-style":"default","ast-global-header-display":"","ast-banner-title-visibility":"","ast-main-header-display":"","ast-hfb-above-header-display":"","ast-hfb-below-header-display":"","ast-hfb-mobile-header-display":"","site-post-title":"","ast-breadcrumbs-content":"","ast-featured-img":"","footer-sml-layout":"","theme-transparent-header-meta":"","adv-header-id-meta":"","stick-header-meta":"","header-above-stick-meta":"","header-main-stick-meta":"","header-below-stick-meta":"","astra-migrate-meta-layouts":"default","ast-page-background-enabled":"default","ast-page-background-meta":{"desktop":{"background-color":"var(--ast-global-color-5)","background-image":"","background-repeat":"repeat","background-position":"center center","background-size":"auto","background-attachment":"scroll","background-type":"","background-media":"","overlay-type":"","overlay-color":"","overlay-opacity":"","overlay-gradient":""},"tablet":{"background-color":"","background-image":"","background-repeat":"repeat","background-position":"center center","background-size":"auto","background-attachment":"scroll","background-type":"","background-media":"","overlay-type":"","overlay-color":"","overlay-opacity":"","overlay-gradient":""},"mobile":{"background-color":"","background-image":"","background-repeat":"repeat","background-position":"center center","background-size":"auto","background-attachment":"scroll","background-type":"","background-media":"","overlay-type":"","overlay-color":"","overlay-opacity":"","overlay-gradient":""}},"ast-content-background-meta":{"desktop":{"background-color":"var(--ast-global-color-4)","background-image":"","background-repeat":"repeat","background-position":"center center","background-size":"auto","background-attachment":"scroll","background-type":"","background-media":"","overlay-type":"","overlay-color":"","overlay-opacity":"","overlay-gradient":""},"tablet":{"background-color":"var(--ast-global-color-4)","background-image":"","background-repeat":"repeat","background-position":"center center","background-size":"auto","background-attachment":"scroll","background-type":"","background-media":"","overlay-type":"","overlay-color":"","overlay-opacity":"","overlay-gradient":""},"mobile":{"background-color":"var(--ast-global-color-4)","background-image":"","background-repeat":"repeat","background-position":"center center","background-size":"auto","background-attachment":"scroll","background-type":"","background-media":"","overlay-type":"","overlay-color":"","overlay-opacity":"","overlay-gradient":""}},"footnotes":""},"class_list":["post-4255","page","type-page","status-publish","hentry"],"post_mailing_queue_ids":[],"_links":{"self":[{"href":"https:\/\/agora.xtec.cat\/ceip-mdpatrocini-cardona\/wp-json\/wp\/v2\/pages\/4255","targetHints":{"allow":["GET"]}}],"collection":[{"href":"https:\/\/agora.xtec.cat\/ceip-mdpatrocini-cardona\/wp-json\/wp\/v2\/pages"}],"about":[{"href":"https:\/\/agora.xtec.cat\/ceip-mdpatrocini-cardona\/wp-json\/wp\/v2\/types\/page"}],"author":[{"embeddable":true,"href":"https:\/\/agora.xtec.cat\/ceip-mdpatrocini-cardona\/wp-json\/wp\/v2\/users\/1"}],"replies":[{"embeddable":true,"href":"https:\/\/agora.xtec.cat\/ceip-mdpatrocini-cardona\/wp-json\/wp\/v2\/comments?post=4255"}],"version-history":[{"count":7,"href":"https:\/\/agora.xtec.cat\/ceip-mdpatrocini-cardona\/wp-json\/wp\/v2\/pages\/4255\/revisions"}],"predecessor-version":[{"id":8052,"href":"https:\/\/agora.xtec.cat\/ceip-mdpatrocini-cardona\/wp-json\/wp\/v2\/pages\/4255\/revisions\/8052"}],"wp:attachment":[{"href":"https:\/\/agora.xtec.cat\/ceip-mdpatrocini-cardona\/wp-json\/wp\/v2\/media?parent=4255"}],"curies":[{"name":"wp","href":"https:\/\/api.w.org\/{rel}","templated":true}]}}