{"id":4089,"date":"2020-01-23T16:01:12","date_gmt":"2020-01-23T15:01:12","guid":{"rendered":"http:\/\/agora.xtec.cat\/ceip-mdpatrocini-cardona\/?page_id=4089"},"modified":"2022-11-03T16:50:53","modified_gmt":"2022-11-03T15:50:53","slug":"salut-integral-programa-si","status":"publish","type":"page","link":"https:\/\/agora.xtec.cat\/ceip-mdpatrocini-cardona\/salut-integral-programa-si\/","title":{"rendered":"Salut Integral. Programa Si!"},"content":{"rendered":"<p>L\u2019escola promou la salut des de la inf\u00e0ncia amb l&#8217;adquisici\u00f3 d&#8217;h\u00e0bits saludables que redueixin els riscos de la malaltia cardiovascular i millorin la qualitat de vida a l&#8217;edat adulta. S\u2019incideix en quatre aspectes b\u00e0sics: l&#8217;adquisici\u00f3 d&#8217;h\u00e0bits d&#8217;alimentaci\u00f3 saludable, la pr\u00e0ctica d&#8217;activitat f\u00edsica, el coneixement del funcionament del cos i del cor i el desenvolupament dels factors de protecci\u00f3 davant les addiccions. Per aquest motiu participem en el programa de Salut Integral (SI!), de la Fundaci\u00f3 SHE, des del curs 2008\/2009.<\/p>\n<p><a href=\"https:\/\/www.programasi.org\/\">https:\/\/www.programasi.org\/<\/a><\/p>\n<table>\n<tbody>\n<tr>\n<td><a href=\"https:\/\/agora.xtec.cat\/ceip-mdpatrocini-cardona\/wp-content\/uploads\/usu474\/2020\/01\/IMG_20190405_121206_234.jpg\"><img loading=\"lazy\" decoding=\"async\" class=\"aligncenter size-medium wp-image-4246\" src=\"https:\/\/agora.xtec.cat\/ceip-mdpatrocini-cardona\/wp-content\/uploads\/usu474\/2020\/01\/IMG_20190405_121206_234-300x169.jpg\" alt=\"\" width=\"300\" height=\"169\" srcset=\"https:\/\/agora.xtec.cat\/ceip-mdpatrocini-cardona\/wp-content\/uploads\/usu474\/2020\/01\/IMG_20190405_121206_234-300x169.jpg 300w, https:\/\/agora.xtec.cat\/ceip-mdpatrocini-cardona\/wp-content\/uploads\/usu474\/2020\/01\/IMG_20190405_121206_234-768x432.jpg 768w, https:\/\/agora.xtec.cat\/ceip-mdpatrocini-cardona\/wp-content\/uploads\/usu474\/2020\/01\/IMG_20190405_121206_234-1024x576.jpg 1024w, https:\/\/agora.xtec.cat\/ceip-mdpatrocini-cardona\/wp-content\/uploads\/usu474\/2020\/01\/IMG_20190405_121206_234.jpg 1579w\" sizes=\"auto, (max-width: 300px) 100vw, 300px\" \/><\/a><\/td>\n<td><\/td>\n<td><\/td>\n<\/tr>\n<\/tbody>\n<\/table>\n<p><iframe loading=\"lazy\" src=\"\/\/www.youtube.com\/embed\/wRf9WPW-jEI\" width=\"560\" height=\"314\" allowfullscreen=\"allowfullscreen\"><\/iframe><\/p>\n<p>&nbsp;<\/p>\n<p><strong>JORNADES DE SALUT<\/strong><\/p>\n<p>Durant la primera setmana d&#8217;abril, i coincidint amb la caminada que organitza el CAP Cardona on participen totes les escoles i l&#8217;Institut, i la festa del Programa SI!, celebrem les jornades de salut.<\/p>\n<p>&nbsp;<\/p>\n<p><strong>ESMORZARS SALUDABLES<\/strong><\/p>\n<p>Insistim en que els esmorzars siguin saludables. Els dimecres es recomana que tots els alumnes de l&#8217;escola portin fruita.<\/p>\n<p>&nbsp;<\/p>\n<p><strong>TALLERS DE LA DIPUTACI\u00d3<\/strong><\/p>\n<p>La Diputaci\u00f3 de Barcelona ens ofereix cada any tallers d&#8217;alimentaci\u00f3 per tots els cicles.<\/p>\n<p>&nbsp;<\/p>\n<p><strong>COL\u00b7LABORACI\u00d3 AMB LA FUNDACI\u00d3 GASOL<\/strong><\/p>\n<p>Hem col\u00b7laborat en l&#8217;estudi de la Foundation Gasol sobre salut i esport dels nens.<\/p>\n","protected":false},"excerpt":{"rendered":"<p>L\u2019escola promou la salut des de la inf\u00e0ncia amb l&#8217;adquisici\u00f3 d&#8217;h\u00e0bits saludables que redueixin els riscos de la malaltia cardiovascular i millorin la qualitat de vida a l&#8217;edat adulta. S\u2019incideix en quatre aspectes b\u00e0sics: l&#8217;adquisici\u00f3 d&#8217;h\u00e0bits d&#8217;alimentaci\u00f3 saludable, la pr\u00e0ctica d&#8217;activitat f\u00edsica, el coneixement del funcionament del cos i del cor i el desenvolupament dels [&hellip;]<\/p>\n","protected":false},"author":1,"featured_media":0,"parent":0,"menu_order":0,"comment_status":"closed","ping_status":"closed","template":"","meta":{"_bbp_topic_count":0,"_bbp_reply_count":0,"_bbp_total_topic_count":0,"_bbp_total_reply_count":0,"_bbp_voice_count":0,"_bbp_anonymous_reply_count":0,"_bbp_topic_count_hidden":0,"_bbp_reply_count_hidden":0,"_bbp_forum_subforum_count":0,"site-sidebar-layout":"default","site-content-layout":"","ast-site-content-layout":"","site-content-style":"default","site-sidebar-style":"default","ast-global-header-display":"","ast-banner-title-visibility":"","ast-main-header-display":"","ast-hfb-above-header-display":"","ast-hfb-below-header-display":"","ast-hfb-mobile-header-display":"","site-post-title":"","ast-breadcrumbs-content":"","ast-featured-img":"","footer-sml-layout":"","theme-transparent-header-meta":"","adv-header-id-meta":"","stick-header-meta":"","header-above-stick-meta":"","header-main-stick-meta":"","header-below-stick-meta":"","astra-migrate-meta-layouts":"default","ast-page-background-enabled":"default","ast-page-background-meta":{"desktop":{"background-color":"var(--ast-global-color-5)","background-image":"","background-repeat":"repeat","background-position":"center center","background-size":"auto","background-attachment":"scroll","background-type":"","background-media":"","overlay-type":"","overlay-color":"","overlay-opacity":"","overlay-gradient":""},"tablet":{"background-color":"","background-image":"","background-repeat":"repeat","background-position":"center center","background-size":"auto","background-attachment":"scroll","background-type":"","background-media":"","overlay-type":"","overlay-color":"","overlay-opacity":"","overlay-gradient":""},"mobile":{"background-color":"","background-image":"","background-repeat":"repeat","background-position":"center center","background-size":"auto","background-attachment":"scroll","background-type":"","background-media":"","overlay-type":"","overlay-color":"","overlay-opacity":"","overlay-gradient":""}},"ast-content-background-meta":{"desktop":{"background-color":"var(--ast-global-color-4)","background-image":"","background-repeat":"repeat","background-position":"center center","background-size":"auto","background-attachment":"scroll","background-type":"","background-media":"","overlay-type":"","overlay-color":"","overlay-opacity":"","overlay-gradient":""},"tablet":{"background-color":"var(--ast-global-color-4)","background-image":"","background-repeat":"repeat","background-position":"center center","background-size":"auto","background-attachment":"scroll","background-type":"","background-media":"","overlay-type":"","overlay-color":"","overlay-opacity":"","overlay-gradient":""},"mobile":{"background-color":"var(--ast-global-color-4)","background-image":"","background-repeat":"repeat","background-position":"center center","background-size":"auto","background-attachment":"scroll","background-type":"","background-media":"","overlay-type":"","overlay-color":"","overlay-opacity":"","overlay-gradient":""}},"footnotes":""},"class_list":["post-4089","page","type-page","status-publish","hentry"],"post_mailing_queue_ids":[],"_links":{"self":[{"href":"https:\/\/agora.xtec.cat\/ceip-mdpatrocini-cardona\/wp-json\/wp\/v2\/pages\/4089","targetHints":{"allow":["GET"]}}],"collection":[{"href":"https:\/\/agora.xtec.cat\/ceip-mdpatrocini-cardona\/wp-json\/wp\/v2\/pages"}],"about":[{"href":"https:\/\/agora.xtec.cat\/ceip-mdpatrocini-cardona\/wp-json\/wp\/v2\/types\/page"}],"author":[{"embeddable":true,"href":"https:\/\/agora.xtec.cat\/ceip-mdpatrocini-cardona\/wp-json\/wp\/v2\/users\/1"}],"replies":[{"embeddable":true,"href":"https:\/\/agora.xtec.cat\/ceip-mdpatrocini-cardona\/wp-json\/wp\/v2\/comments?post=4089"}],"version-history":[{"count":3,"href":"https:\/\/agora.xtec.cat\/ceip-mdpatrocini-cardona\/wp-json\/wp\/v2\/pages\/4089\/revisions"}],"predecessor-version":[{"id":6854,"href":"https:\/\/agora.xtec.cat\/ceip-mdpatrocini-cardona\/wp-json\/wp\/v2\/pages\/4089\/revisions\/6854"}],"wp:attachment":[{"href":"https:\/\/agora.xtec.cat\/ceip-mdpatrocini-cardona\/wp-json\/wp\/v2\/media?parent=4089"}],"curies":[{"name":"wp","href":"https:\/\/api.w.org\/{rel}","templated":true}]}}