{"id":4082,"date":"2019-02-23T15:34:59","date_gmt":"2019-02-23T14:34:59","guid":{"rendered":"http:\/\/agora.xtec.cat\/ceip-mdpatrocini-cardona\/?page_id=4082"},"modified":"2025-01-21T10:01:32","modified_gmt":"2025-01-21T09:01:32","slug":"escola-verda","status":"publish","type":"page","link":"https:\/\/agora.xtec.cat\/ceip-mdpatrocini-cardona\/escola-verda\/","title":{"rendered":"Escola Verda"},"content":{"rendered":"<p>La nostra escola \u00e9s <strong>Escola Verda<\/strong> des del curs 2004\/2005. Aix\u00f2 promou un canvi en la cultura de centre. El proc\u00e9s educatiu que provoca aquest canvi no nom\u00e9s es d\u00f3na a l&#8217;aula, sin\u00f3 tamb\u00e9 en tots els moments i espais de la vida escolar. L&#8217;educaci\u00f3 per a la sostenibilitat potencia els grups de treball i la realitzaci\u00f3 de projectes compartits i contextualitzats. Aix\u00f2 provoca un canvi en l&#8217;\u00e0mbit de la vida al centre i el clima escolar, que facilita la implicaci\u00f3 de tota la comunitat educativa (professorat, alumnat, fam\u00edlies, personal no docent,&#8230;) en la presa de decisions i en l&#8217;acci\u00f3.<\/p>\n<p><strong>COMIT\u00c8 AMBIENTAL<\/strong><\/p>\n<p>Disposem d&#8217;un comit\u00e8 ambiental format per mestres, personal de serveis, un\u00a0 membre de l&#8217;Ajuntament, pares i alumnes, on es fa un seguiment de tots els aspectes relacionats amb el reciclatge, l&#8217;estalvi energ\u00e8tic i d&#8217;aigua, entre d&#8217;altres. Tamb\u00e9 participem al f\u00f2rum d&#8217;escoles verdes de la Catalunya Central.<\/p>\n<p>Aquest curs 2024\/2025 el Comit\u00e8 Ambiental est\u00e0 format per:<\/p>\n<ul>\n<li>Claudi Puig Roca\u00a0 (Representant personal PAS)<\/li>\n<li>Estephania Bernal Clemente (Representant fam\u00edlies)<\/li>\n<li>Maria Camps Fern\u00e1ndez\u00a0 (Representant Ajuntament)<\/li>\n<li>Martina Malagarriga Seuba (Representant alumnat)<\/li>\n<li>Roc Company Aloy (Representant alumnat)<\/li>\n<li>Blai Grag\u00e9s Selva\u00a0 \u00a0(Representant professorat)<\/li>\n<li>Cristina Guzm\u00e1n Torra (Representat Equip Directiu)<\/li>\n<\/ul>\n<table>\n<tbody>\n<tr>\n<td><a href=\"https:\/\/agora.xtec.cat\/ceip-mdpatrocini-cardona\/wp-content\/uploads\/usu474\/2020\/01\/IMG_20190411_122709.jpg\"><img loading=\"lazy\" decoding=\"async\" class=\"aligncenter size-medium wp-image-4228\" src=\"https:\/\/agora.xtec.cat\/ceip-mdpatrocini-cardona\/wp-content\/uploads\/usu474\/2020\/01\/IMG_20190411_122709-300x225.jpg\" alt=\"\" width=\"300\" height=\"225\" srcset=\"https:\/\/agora.xtec.cat\/ceip-mdpatrocini-cardona\/wp-content\/uploads\/usu474\/2020\/01\/IMG_20190411_122709-300x225.jpg 300w, https:\/\/agora.xtec.cat\/ceip-mdpatrocini-cardona\/wp-content\/uploads\/usu474\/2020\/01\/IMG_20190411_122709-768x576.jpg 768w, https:\/\/agora.xtec.cat\/ceip-mdpatrocini-cardona\/wp-content\/uploads\/usu474\/2020\/01\/IMG_20190411_122709-1024x768.jpg 1024w, https:\/\/agora.xtec.cat\/ceip-mdpatrocini-cardona\/wp-content\/uploads\/usu474\/2020\/01\/IMG_20190411_122709-200x150.jpg 200w, https:\/\/agora.xtec.cat\/ceip-mdpatrocini-cardona\/wp-content\/uploads\/usu474\/2020\/01\/IMG_20190411_122709.jpg 1184w\" sizes=\"auto, (max-width: 300px) 100vw, 300px\" \/><\/a><\/td>\n<td><a href=\"https:\/\/agora.xtec.cat\/ceip-mdpatrocini-cardona\/wp-content\/uploads\/usu474\/2020\/01\/escola-verda.jpg\"><img loading=\"lazy\" decoding=\"async\" class=\"aligncenter size-medium wp-image-4229\" src=\"https:\/\/agora.xtec.cat\/ceip-mdpatrocini-cardona\/wp-content\/uploads\/usu474\/2020\/01\/escola-verda-300x172.jpg\" alt=\"\" width=\"300\" height=\"172\" srcset=\"https:\/\/agora.xtec.cat\/ceip-mdpatrocini-cardona\/wp-content\/uploads\/usu474\/2020\/01\/escola-verda-300x172.jpg 300w, https:\/\/agora.xtec.cat\/ceip-mdpatrocini-cardona\/wp-content\/uploads\/usu474\/2020\/01\/escola-verda.jpg 572w\" sizes=\"auto, (max-width: 300px) 100vw, 300px\" \/><\/a><\/td>\n<td><img loading=\"lazy\" decoding=\"async\" class=\"size-medium wp-image-4086 alignleft\" src=\"https:\/\/agora.xtec.cat\/ceip-mdpatrocini-cardona\/wp-content\/uploads\/usu474\/2020\/01\/stop-plastics-220x300.jpg\" alt=\"\" width=\"220\" height=\"300\" srcset=\"https:\/\/agora.xtec.cat\/ceip-mdpatrocini-cardona\/wp-content\/uploads\/usu474\/2020\/01\/stop-plastics-220x300.jpg 220w, https:\/\/agora.xtec.cat\/ceip-mdpatrocini-cardona\/wp-content\/uploads\/usu474\/2020\/01\/stop-plastics.jpg 434w\" sizes=\"auto, (max-width: 220px) 100vw, 220px\" \/><\/td>\n<\/tr>\n<\/tbody>\n<\/table>\n<p style=\"text-align: center;\"><strong><a href=\"https:\/\/agora.xtec.cat\/ceip-mdpatrocini-cardona\/wp-content\/uploads\/usu474\/2020\/01\/stop-plastics.jpg\">\u00a0 \u00a0 \u00a0 \u00a0 \u00a0 \u00a0 \u00a0 \u00a0 \u00a0 \u00a0 \u00a0 \u00a0 \u00a0 \u00a0 \u00a0 \u00a0 \u00a0 \u00a0 <span style=\"color: #000000;\">\u00a0 \u00a0 \u00a0 \u00a0 \u00a0 \u00a0 Art in English, sculpture.<\/span><br \/>\n<span style=\"color: #000000;\">Final project &#8220;Stop Plastics!&#8221;, please don&#8217;t throw plastics to sea.(04\/12\/2019)<\/span><\/a><\/strong><\/p>\n<p>&nbsp;<\/p>\n<div style=\"width: 640px;\" class=\"wp-video\"><!--[if lt IE 9]><script>document.createElement('video');<\/script><![endif]-->\n<video class=\"wp-video-shortcode\" id=\"video-4082-1\" width=\"640\" height=\"360\" preload=\"metadata\" controls=\"controls\"><source type=\"video\/mp4\" src=\"https:\/\/agora.xtec.cat\/ceip-mdpatrocini-cardona\/wp-content\/uploads\/usu474\/2020\/01\/70418683_389401245060058_3515220904944581580_n.mp4?_=1\" \/><a href=\"https:\/\/agora.xtec.cat\/ceip-mdpatrocini-cardona\/wp-content\/uploads\/usu474\/2020\/01\/70418683_389401245060058_3515220904944581580_n.mp4\">https:\/\/agora.xtec.cat\/ceip-mdpatrocini-cardona\/wp-content\/uploads\/usu474\/2020\/01\/70418683_389401245060058_3515220904944581580_n.mp4<\/a><\/video><\/div>\n<p>&nbsp;<\/p>\n<p><iframe loading=\"lazy\" src=\"\/\/www.youtube.com\/embed\/M6Yjmzy1dXs\" width=\"560\" height=\"314\"><\/iframe><\/p>\n<p><iframe loading=\"lazy\" src=\"\/\/www.youtube.com\/embed\/kCXIiVtNaFk\" width=\"560\" height=\"314\"><\/iframe><\/p>\n<p>&nbsp;<\/p>\n<p style=\"text-align: center;\"><strong><a href=\"https:\/\/agora.xtec.cat\/ceip-mdpatrocini-cardona\/wp-content\/uploads\/usu474\/2020\/01\/stop-plastics.jpg\">\u00a0 \u00a0 \u00a0 \u00a0 \u00a0 \u00a0 \u00a0 \u00a0 \u00a0 \u00a0 \u00a0 \u00a0 \u00a0 \u00a0 \u00a0 \u00a0 \u00a0 \u00a0 <span style=\"color: #000000;\">\u00a0 \u00a0 \u00a0 \u00a0 \u00a0<\/span><\/a><\/strong><\/p>\n<p>&nbsp;<\/p>\n<p>&nbsp;<\/p>\n<p>&nbsp;<\/p>\n","protected":false},"excerpt":{"rendered":"<p>La nostra escola \u00e9s Escola Verda des del curs 2004\/2005. Aix\u00f2 promou un canvi en la cultura de centre. El proc\u00e9s educatiu que provoca aquest canvi no nom\u00e9s es d\u00f3na a l&#8217;aula, sin\u00f3 tamb\u00e9 en tots els moments i espais de la vida escolar. L&#8217;educaci\u00f3 per a la sostenibilitat potencia els grups de treball i [&hellip;]<\/p>\n","protected":false},"author":1,"featured_media":0,"parent":0,"menu_order":0,"comment_status":"closed","ping_status":"closed","template":"","meta":{"_bbp_topic_count":0,"_bbp_reply_count":0,"_bbp_total_topic_count":0,"_bbp_total_reply_count":0,"_bbp_voice_count":0,"_bbp_anonymous_reply_count":0,"_bbp_topic_count_hidden":0,"_bbp_reply_count_hidden":0,"_bbp_forum_subforum_count":0,"site-sidebar-layout":"default","site-content-layout":"","ast-site-content-layout":"","site-content-style":"default","site-sidebar-style":"default","ast-global-header-display":"","ast-banner-title-visibility":"","ast-main-header-display":"","ast-hfb-above-header-display":"","ast-hfb-below-header-display":"","ast-hfb-mobile-header-display":"","site-post-title":"","ast-breadcrumbs-content":"","ast-featured-img":"","footer-sml-layout":"","theme-transparent-header-meta":"","adv-header-id-meta":"","stick-header-meta":"","header-above-stick-meta":"","header-main-stick-meta":"","header-below-stick-meta":"","astra-migrate-meta-layouts":"default","ast-page-background-enabled":"default","ast-page-background-meta":{"desktop":{"background-color":"var(--ast-global-color-5)","background-image":"","background-repeat":"repeat","background-position":"center center","background-size":"auto","background-attachment":"scroll","background-type":"","background-media":"","overlay-type":"","overlay-color":"","overlay-opacity":"","overlay-gradient":""},"tablet":{"background-color":"","background-image":"","background-repeat":"repeat","background-position":"center center","background-size":"auto","background-attachment":"scroll","background-type":"","background-media":"","overlay-type":"","overlay-color":"","overlay-opacity":"","overlay-gradient":""},"mobile":{"background-color":"","background-image":"","background-repeat":"repeat","background-position":"center center","background-size":"auto","background-attachment":"scroll","background-type":"","background-media":"","overlay-type":"","overlay-color":"","overlay-opacity":"","overlay-gradient":""}},"ast-content-background-meta":{"desktop":{"background-color":"var(--ast-global-color-4)","background-image":"","background-repeat":"repeat","background-position":"center center","background-size":"auto","background-attachment":"scroll","background-type":"","background-media":"","overlay-type":"","overlay-color":"","overlay-opacity":"","overlay-gradient":""},"tablet":{"background-color":"var(--ast-global-color-4)","background-image":"","background-repeat":"repeat","background-position":"center center","background-size":"auto","background-attachment":"scroll","background-type":"","background-media":"","overlay-type":"","overlay-color":"","overlay-opacity":"","overlay-gradient":""},"mobile":{"background-color":"var(--ast-global-color-4)","background-image":"","background-repeat":"repeat","background-position":"center center","background-size":"auto","background-attachment":"scroll","background-type":"","background-media":"","overlay-type":"","overlay-color":"","overlay-opacity":"","overlay-gradient":""}},"footnotes":""},"class_list":["post-4082","page","type-page","status-publish","hentry"],"post_mailing_queue_ids":[],"_links":{"self":[{"href":"https:\/\/agora.xtec.cat\/ceip-mdpatrocini-cardona\/wp-json\/wp\/v2\/pages\/4082","targetHints":{"allow":["GET"]}}],"collection":[{"href":"https:\/\/agora.xtec.cat\/ceip-mdpatrocini-cardona\/wp-json\/wp\/v2\/pages"}],"about":[{"href":"https:\/\/agora.xtec.cat\/ceip-mdpatrocini-cardona\/wp-json\/wp\/v2\/types\/page"}],"author":[{"embeddable":true,"href":"https:\/\/agora.xtec.cat\/ceip-mdpatrocini-cardona\/wp-json\/wp\/v2\/users\/1"}],"replies":[{"embeddable":true,"href":"https:\/\/agora.xtec.cat\/ceip-mdpatrocini-cardona\/wp-json\/wp\/v2\/comments?post=4082"}],"version-history":[{"count":5,"href":"https:\/\/agora.xtec.cat\/ceip-mdpatrocini-cardona\/wp-json\/wp\/v2\/pages\/4082\/revisions"}],"predecessor-version":[{"id":8505,"href":"https:\/\/agora.xtec.cat\/ceip-mdpatrocini-cardona\/wp-json\/wp\/v2\/pages\/4082\/revisions\/8505"}],"wp:attachment":[{"href":"https:\/\/agora.xtec.cat\/ceip-mdpatrocini-cardona\/wp-json\/wp\/v2\/media?parent=4082"}],"curies":[{"name":"wp","href":"https:\/\/api.w.org\/{rel}","templated":true}]}}