{"id":28,"date":"2021-12-09T12:29:35","date_gmt":"2021-12-09T11:29:35","guid":{"rendered":"http:\/\/agora.xtec.cat\/ceip-mdpatrocini-cardona\/\/?page_id=28"},"modified":"2025-12-16T10:55:54","modified_gmt":"2025-12-16T09:55:54","slug":"consell-escolar","status":"publish","type":"page","link":"https:\/\/agora.xtec.cat\/ceip-mdpatrocini-cardona\/consell-escolar\/","title":{"rendered":"Consell Escolar"},"content":{"rendered":"<h1 style=\"text-align: center;\"><\/h1>\n<table style=\"height: 1000px; width: 100.191%; border-collapse: collapse; border-style: solid; border-color: #030202; background-color: #c9c9f5;\">\n<tbody>\n<tr>\n<td style=\"width: 44.1713%; border-style: solid; border-color: #050505; text-align: center;\">PERSONA<\/td>\n<td style=\"width: 17.9655%; border-style: solid; border-color: #050505; text-align: center;\">C\u00c0RREC<\/td>\n<td style=\"width: 37.8634%; border-style: solid; border-color: #000000; text-align: center;\" colspan=\"4\">COMISSIONS<\/td>\n<\/tr>\n<tr>\n<td style=\"width: 44.1713%; border-style: solid; border-color: #050505; text-align: center;\"><\/td>\n<td style=\"width: 17.9655%; border-style: solid; border-color: #050505; text-align: center;\"><\/td>\n<td style=\"width: 8.20441%; border-style: solid; border-color: #000000; text-align: center;\">Econ\u00f2mica<\/td>\n<td style=\"width: 10.18%; border-style: solid; border-color: #000000; text-align: center;\">Conviv\u00e8ncia<\/td>\n<td style=\"width: 8.98294%; border-style: solid; border-color: #000000; text-align: center;\">Permanent<\/td>\n<td style=\"width: 10.496%; border-style: solid; border-color: #000000; text-align: center;\">Consell Municipal<\/td>\n<\/tr>\n<tr>\n<td style=\"width: 44.1713%; border-style: solid; border-color: #050505; text-align: center;\" width=\"21%\">Manuel Zamora Le\u00f3n<\/td>\n<td style=\"width: 17.9655%; border-style: solid; border-color: #050505; text-align: center;\" width=\"23%\">Director<\/td>\n<td style=\"width: 8.20441%; border-style: solid; border-color: #000000; text-align: center;\" width=\"13%\">X<\/td>\n<td style=\"width: 10.18%; border-style: solid; border-color: #000000; text-align: center;\" width=\"13%\">X<\/td>\n<td style=\"width: 8.98294%; border-style: solid; border-color: #000000; text-align: center;\" width=\"13%\">X<\/td>\n<td style=\"width: 10.496%; border-style: solid; border-color: #000000; text-align: center;\" width=\"13%\">X<\/td>\n<\/tr>\n<tr>\n<td style=\"width: 44.1713%; border-style: solid; border-color: #050505; text-align: center;\" width=\"21%\">Cristina Guzm\u00e1n Torra<\/td>\n<td style=\"width: 17.9655%; border-style: solid; border-color: #050505; text-align: center;\" width=\"23%\">Cap d\u2019estudis<\/td>\n<td style=\"width: 8.20441%; border-style: solid; border-color: #000000; background-color: #000000; text-align: center;\" width=\"13%\"><\/td>\n<td style=\"width: 10.18%; border-style: solid; border-color: #000000; text-align: center;\" width=\"13%\">X<\/td>\n<td style=\"width: 8.98294%; border-style: solid; border-color: #000000; text-align: center;\" width=\"13%\">X<\/td>\n<td style=\"width: 10.496%; border-style: solid; border-color: #000000; background-color: #000000; text-align: center;\" width=\"13%\"><\/td>\n<\/tr>\n<tr>\n<td style=\"width: 44.1713%; border-style: solid; border-color: #050505; text-align: center;\" width=\"21%\">Oriol Melero Torrico<\/td>\n<td style=\"width: 17.9655%; border-style: solid; border-color: #050505; text-align: center;\" width=\"23%\">Secretari<\/td>\n<td style=\"width: 8.20441%; border-style: solid; border-color: #000000; text-align: center;\" width=\"13%\">X<\/td>\n<td style=\"width: 10.18%; border-style: solid; border-color: #000000; background-color: #000000; text-align: center;\" width=\"13%\"><\/td>\n<td style=\"width: 8.98294%; border-style: solid; border-color: #000000; text-align: center;\" width=\"13%\">X<\/td>\n<td style=\"width: 10.496%; border-style: solid; border-color: #000000; background-color: #000000; text-align: center;\" width=\"13%\"><\/td>\n<\/tr>\n<tr>\n<td style=\"width: 44.1713%; border-style: solid; border-color: #050505; text-align: center;\" width=\"21%\">Mireia Codina Garriga<\/td>\n<td style=\"width: 17.9655%; border-style: solid; border-color: #050505; text-align: center;\" width=\"23%\">Sector mestres<\/td>\n<td style=\"width: 8.20441%; border-style: solid; border-color: #000000; background-color: #000000; text-align: center;\" width=\"13%\"><\/td>\n<td style=\"width: 10.18%; border-style: solid; border-color: #000000; background-color: #000000; text-align: center;\" width=\"13%\"><\/td>\n<td style=\"width: 8.98294%; border-style: solid; border-color: #000000; text-align: center;\" width=\"13%\">X<\/td>\n<td style=\"width: 10.496%; border-style: solid; border-color: #000000; background-color: #000000; text-align: center;\" width=\"13%\"><\/td>\n<\/tr>\n<tr>\n<td style=\"width: 44.1713%; border-style: solid; border-color: #050505; text-align: center;\" width=\"21%\">Cristina Garcia Trapero<\/td>\n<td style=\"width: 17.9655%; border-style: solid; border-color: #050505; text-align: center;\" width=\"23%\">Sector mestres<\/td>\n<td style=\"width: 8.20441%; border-style: solid; border-color: #000000; background-color: #000000; text-align: center;\" width=\"13%\"><\/td>\n<td style=\"width: 10.18%; border-style: solid; border-color: #000000; text-align: center;\" width=\"13%\">X<\/td>\n<td style=\"width: 8.98294%; border-style: solid; border-color: #000000; background-color: #000000; text-align: center;\" width=\"13%\"><\/td>\n<td style=\"width: 10.496%; border-style: solid; border-color: #000000; background-color: #000000; text-align: center;\" width=\"13%\"><\/td>\n<\/tr>\n<tr>\n<td style=\"width: 44.1713%; border-style: solid; border-color: #050505; text-align: center;\" width=\"21%\">Blai Grag\u00e9s Selva<\/td>\n<td style=\"width: 17.9655%; border-style: solid; border-color: #050505; text-align: center;\" width=\"23%\">Sector mestres<\/td>\n<td style=\"width: 8.20441%; border-style: solid; border-color: #000000; text-align: center;\" width=\"13%\">X<\/td>\n<td style=\"width: 10.18%; border-style: solid; border-color: #000000; background-color: #000000; text-align: center;\" width=\"13%\"><\/td>\n<td style=\"width: 8.98294%; border-style: solid; border-color: #000000; background-color: #000000; text-align: center;\" width=\"13%\"><\/td>\n<td style=\"width: 10.496%; border-style: solid; border-color: #000000; background-color: #000000; text-align: center;\" width=\"13%\"><\/td>\n<\/tr>\n<tr>\n<td style=\"width: 44.1713%; border-style: solid; border-color: #050505; text-align: center;\">Anna Puig Comellas<\/td>\n<td style=\"width: 17.9655%; border-style: solid; border-color: #050505; text-align: center;\">Sector mestres<\/td>\n<td style=\"width: 8.20441%; border-style: solid; border-color: #000000; background-color: #000000; text-align: center;\"><\/td>\n<td style=\"width: 10.18%; border-style: solid; border-color: #000000; background-color: #c9c9f5; text-align: center;\">X<\/td>\n<td style=\"width: 8.98294%; border-style: solid; border-color: #000000; text-align: center; background-color: #000000;\"><\/td>\n<td style=\"width: 10.496%; border-style: solid; border-color: #000000; text-align: center; background-color: #000000;\"><\/td>\n<\/tr>\n<tr>\n<td style=\"width: 44.1713%; border-style: solid; border-color: #050505; text-align: center;\" width=\"21%\">Ariadna Vilafranca Cartagena<\/td>\n<td style=\"width: 17.9655%; border-style: solid; border-color: #050505; text-align: center;\" width=\"23%\">Sector mestres<\/td>\n<td style=\"width: 8.20441%; border-style: solid; border-color: #000000; background-color: #000000; text-align: center;\" width=\"13%\"><\/td>\n<td style=\"width: 10.18%; border-style: solid; border-color: #000000; background-color: #000000; text-align: center;\" width=\"13%\"><\/td>\n<td style=\"width: 8.98294%; border-style: solid; border-color: #000000; background-color: #000000; text-align: center;\" width=\"13%\"><\/td>\n<td style=\"width: 10.496%; border-style: solid; border-color: #000000; text-align: center;\" width=\"13%\">X<\/td>\n<\/tr>\n<tr>\n<td style=\"width: 44.1713%; border-style: solid; border-color: #050505; text-align: center;\" width=\"21%\">Cristina G\u00f3mez Torrens<\/td>\n<td style=\"width: 17.9655%; border-style: solid; border-color: #050505; text-align: center;\" width=\"23%\">Sector fam\u00edlies<\/td>\n<td style=\"width: 8.20441%; border-style: solid; border-color: #000000; background-color: #000000; text-align: center;\" width=\"13%\"><\/td>\n<td style=\"width: 10.18%; border-style: solid; border-color: #000000; text-align: center;\" width=\"13%\">X<\/td>\n<td style=\"width: 8.98294%; border-style: solid; border-color: #000000; background-color: #000000; text-align: center;\" width=\"13%\"><\/td>\n<td style=\"width: 10.496%; border-style: solid; border-color: #000000; background-color: #000000; text-align: center;\" width=\"13%\"><\/td>\n<\/tr>\n<tr>\n<td style=\"width: 44.1713%; border-style: solid; border-color: #050505; text-align: center;\" width=\"21%\">Josep Malagarriga Seuba<\/td>\n<td style=\"width: 17.9655%; border-style: solid; border-color: #050505; text-align: center;\" width=\"23%\">Sector fam\u00edlies<\/td>\n<td style=\"width: 8.20441%; border-style: solid; border-color: #000000; background-color: #000000; text-align: center;\" width=\"13%\"><\/td>\n<td style=\"width: 10.18%; border-style: solid; border-color: #000000; background-color: #000000; text-align: center;\" width=\"13%\"><\/td>\n<td style=\"width: 8.98294%; border-style: solid; border-color: #000000; text-align: center;\" width=\"13%\">X<\/td>\n<td style=\"width: 10.496%; border-style: solid; border-color: #000000; background-color: #000000; text-align: center;\" width=\"13%\"><\/td>\n<\/tr>\n<tr>\n<td style=\"width: 44.1713%; border-style: solid; border-color: #050505; text-align: center;\" width=\"21%\">Xavier Feliu Urbano<\/td>\n<td style=\"width: 17.9655%; border-style: solid; border-color: #050505; text-align: center;\" width=\"23%\">Sector fam\u00edlies<\/td>\n<td style=\"width: 8.20441%; border-style: solid; border-color: #000000; text-align: center;\" width=\"13%\">X<\/td>\n<td style=\"width: 10.18%; border-style: solid; border-color: #000000; background-color: #000000; text-align: center;\" width=\"13%\"><\/td>\n<td style=\"width: 8.98294%; border-style: solid; border-color: #000000; background-color: #000000; text-align: center;\" width=\"13%\"><\/td>\n<td style=\"width: 10.496%; border-style: solid; border-color: #000000; background-color: #000000; text-align: center;\" width=\"13%\"><\/td>\n<\/tr>\n<tr>\n<td style=\"width: 44.1713%; border-style: solid; border-color: #050505; text-align: center;\">Sara Babi\u00e0 Ull\u00e9<\/td>\n<td style=\"width: 17.9655%; border-style: solid; border-color: #050505; text-align: center;\">Sector fam\u00edlies<\/td>\n<td style=\"width: 8.20441%; border-style: solid; border-color: #000000; background-color: #000000; text-align: center;\"><\/td>\n<td style=\"width: 10.18%; border-style: solid; border-color: #000000; background-color: #c9c9f5; text-align: center;\">X<\/td>\n<td style=\"width: 8.98294%; border-style: solid; border-color: #000000; text-align: center; background-color: #000000;\"><\/td>\n<td style=\"width: 10.496%; border-style: solid; border-color: #000000; text-align: center; background-color: #000000;\"><\/td>\n<\/tr>\n<tr>\n<td style=\"width: 44.1713%; border-style: solid; border-color: #050505; text-align: center;\" width=\"21%\">Ana Fern\u00e1ndez Arias<\/td>\n<td style=\"width: 17.9655%; border-style: solid; border-color: #050505; text-align: center;\" width=\"23%\">Representant AFA<\/td>\n<td style=\"width: 8.20441%; border-style: solid; border-color: #000000; background-color: #000000; text-align: center;\" width=\"13%\"><\/td>\n<td style=\"width: 10.18%; border-style: solid; border-color: #000000; background-color: #000000; text-align: center;\" width=\"13%\"><\/td>\n<td style=\"width: 8.98294%; border-style: solid; border-color: #000000; background-color: #000000; text-align: center;\" width=\"13%\"><\/td>\n<td style=\"width: 10.496%; border-style: solid; border-color: #000000; text-align: center;\" width=\"13%\">X<\/td>\n<\/tr>\n<tr>\n<td style=\"width: 44.1713%; border-style: solid; border-color: #050505; text-align: center;\" width=\"21%\">Maria Camps Fern\u00e1ndez<\/td>\n<td style=\"width: 17.9655%; border-style: solid; border-color: #050505; text-align: center;\" width=\"23%\">Representant Ajuntament<\/td>\n<td style=\"width: 8.20441%; border-style: solid; border-color: #000000; background-color: #000000; text-align: center;\" width=\"13%\"><\/td>\n<td style=\"width: 10.18%; border-style: solid; border-color: #000000; background-color: #000000; text-align: center;\" width=\"13%\"><\/td>\n<td style=\"width: 8.98294%; border-style: solid; border-color: #000000; background-color: #000000; text-align: center;\" width=\"13%\"><\/td>\n<td style=\"width: 10.496%; border-style: solid; border-color: #000000; text-align: center;\" width=\"13%\">X<\/td>\n<\/tr>\n<tr>\n<td style=\"width: 44.1713%; border-style: solid; border-color: #050505; text-align: center;\" width=\"21%\">Claudi Puig Roca<\/td>\n<td style=\"width: 17.9655%; border-style: solid; border-color: #050505; text-align: center;\" width=\"23%\">Representant PAS<\/td>\n<td style=\"width: 8.20441%; border-style: solid; border-color: #000000; background-color: #000000; text-align: center;\" width=\"13%\"><\/td>\n<td style=\"width: 10.18%; border-style: solid; border-color: #000000; background-color: #000000; text-align: center;\" width=\"13%\"><\/td>\n<td style=\"width: 8.98294%; border-style: solid; border-color: #000000; background-color: #000000; text-align: center;\" width=\"13%\"><\/td>\n<td style=\"width: 10.496%; border-style: solid; border-color: #000000; text-align: center;\" width=\"13%\">X<\/td>\n<\/tr>\n<\/tbody>\n<\/table>\n<table style=\"width: 100%; border-collapse: collapse; border-style: solid; border-color: #000000; background-color: #cff707;\">\n<tbody>\n<tr style=\"height: 53px;\">\n<td style=\"width: 50%; height: 53px; border-color: #000000; border-style: solid;\"><strong>Composici\u00f3:<\/strong><\/td>\n<\/tr>\n<tr style=\"height: 10px;\">\n<td style=\"width: 50%; height: 20px; border-color: #000000; border-style: solid;\"><b>\u2013 Representants de fam\u00edlies:<\/b><\/p>\n<ul>\n<li><span style=\"font-weight: 400;\">Cristina Gomez Torrens<\/span><span style=\"font-weight: 400;\">\u00a0<\/span><\/li>\n<li>Sara Babi\u00e0 Ull\u00e9<\/li>\n<li><span style=\"font-weight: 400;\">Josep Malagarriga Auguets<\/span><\/li>\n<li><span style=\"font-weight: 400;\">Xavier Feliu Urbano<\/span><\/li>\n<\/ul>\n<p><b>\u2013 Representant de l\u2019AFA:<\/b><\/p>\n<ul>\n<li><span style=\"font-weight: 400;\">Ana Fern\u00e1ndez Arias<\/span><span style=\"font-weight: 400;\">\u00a0<\/span><\/li>\n<\/ul>\n<p><b>\u2013 Representant de l\u2019Ajuntament:<\/b><\/p>\n<ul>\n<li><span style=\"font-weight: 400;\">Maria Camps Fern\u00e1ndez\u00a0<\/span><\/li>\n<\/ul>\n<p><b>\u2013 Representants dels mestres:<\/b><\/p>\n<ul>\n<li><span style=\"font-weight: 400;\">Mireia Codina Garriga<\/span><span style=\"font-weight: 400;\">\u00a0<\/span><\/li>\n<li><span style=\"font-weight: 400;\">Cristina Garcia Trapero<\/span><span style=\"font-weight: 400;\">\u00a0<\/span><\/li>\n<li>Anna Puig Comellas<\/li>\n<li><span style=\"font-weight: 400;\">Ariadna Vilafranca Cartagena\u00a0<\/span><\/li>\n<li><span style=\"font-weight: 400;\">Blai Grag\u00e9s Selva<\/span><\/li>\n<\/ul>\n<p><b>\u2013 Representant del personal d\u2019administraci\u00f3 i serveis:<\/b><\/p>\n<ul>\n<li><span style=\"font-weight: 400;\">Claudi Puig Roca<\/span><\/li>\n<\/ul>\n<p><b>\u2013 Equip directiu:<\/b><\/p>\n<ul>\n<li><span style=\"font-weight: 400;\">Manuel Zamora Le\u00f3n<\/span><span style=\"font-weight: 400;\"> (Director)<\/span><\/li>\n<li><span style=\"font-weight: 400;\">Cristina Guzm\u00e1n Torra<\/span><span style=\"font-weight: 400;\"> (Cap d\u2019estudis) (Referent de conviv\u00e8ncia i benestar)<\/span><\/li>\n<li><span style=\"font-weight: 400;\">Oriol Melero Torrico<\/span><span style=\"font-weight: 400;\"> (Secretari)<\/span><span style=\"font-weight: 400;\"><br \/>\n<\/span><\/li>\n<\/ul>\n<p>&nbsp;<\/td>\n<\/tr>\n<\/tbody>\n<\/table>\n<table style=\"width: 100%; border-collapse: collapse; border-style: solid; background-color: #fff899; border-color: #000000; height: 73px;\">\n<tbody>\n<tr style=\"height: 53px;\">\n<td style=\"width: 50%; height: 53px; border-style: solid; border-color: #000000;\"><strong>Funcions del Consell Escolar<\/strong><\/td>\n<\/tr>\n<tr style=\"height: 10px;\">\n<td style=\"width: 50%; height: 20px; border-style: solid; border-color: #000000;\" rowspan=\"2\">\n<ul>\n<li style=\"text-align: left;\">Aprovar el projecte educatiu i les modificacions corresponents per una majoria de tres cinquenes parts dels membres.<\/li>\n<li>Aprovar la programaci\u00f3 general anual del centre i avaluar-ne el desenvolupament i els resultats.<\/li>\n<li>Aprovar les propostes d&#8217;acords de corresponsabilitat, convenis i altres acords de col\u00b7laboraci\u00f3 del centre amb entitats o institucions.<\/li>\n<li>Aprovar les normes d&#8217;organitzaci\u00f3 i funcionament i les modificacions corresponents.<\/li>\n<li>Aprovar la carta de comprom\u00eds educatiu.<\/li>\n<li>Aprovar el pressupost del centre i el rendiment de comptes.<\/li>\n<li>Intervenir en el procediment d&#8217;admissi\u00f3 d&#8217;alumnes.<\/li>\n<li>Participar en el procediment de selecci\u00f3 i en la proposta de cessament del director o directora.<\/li>\n<li>Intervenir en la resoluci\u00f3 dels conflictes i, si escau, revisar les sancions als alumnes.<\/li>\n<li>Aprovar les directrius per a la programaci\u00f3 d&#8217;activitats escolars complement\u00e0ries i d&#8217;activitats extraescolars, i avaluar-ne el desenvolupament.<\/li>\n<li>Participar en les an\u00e0lisis i les avaluacions del funcionament general del centre i con\u00e8ixer l&#8217;evoluci\u00f3 del rendiment escolar.<\/li>\n<li>Aprovar els criteris de col\u00b7laboraci\u00f3 amb altres centres i amb l&#8217;entorn.<\/li>\n<li>Qualsevol altra que li sigui atribu\u00efda per les normes legals o reglament\u00e0ries.<\/li>\n<\/ul>\n<p><strong>Altres dades importants:<\/strong><\/p>\n<p>&#8211; Els i les representants del Consell Escolar s\u00f3n elegides per un per\u00edode de quatre anys i es renoven per meitats cada dos anys.<br \/>\n&#8211; Les eleccions per a la constituci\u00f3 o renovaci\u00f3 de membres del Consell Escolar, les convoca la directora del centre.<br \/>\n&#8211; Les vacants del Consell Escolar s&#8217;han d&#8217;ocupar pel procediment establert a les normes d&#8217;organitzaci\u00f3 i funcionament del centre.<br \/>\n&#8211; La condici\u00f3 de membre del Consell Escolar es perd quan es deixa el c\u00e0rrec que comporta ser-ne membre, quan es deixa de complir algun dels requisits per ser elegible o quan l&#8217;\u00f2rgan que l&#8217;ha designat en revoca la designaci\u00f3.<br \/>\n&#8211; El consell escolar es reunir\u00e0, com a m\u00ednim, a l\u2019inici de curs i far\u00e0 una reuni\u00f3 cada trimestre i una al final de curs.<\/td>\n<\/tr>\n<\/tbody>\n<\/table>\n<p>&nbsp;<\/p>\n<table style=\"border-collapse: collapse; width: 36.6933%; height: 364px;\">\n<tbody>\n<tr style=\"height: 48px;\">\n<td style=\"width: 20.1233%; height: 48px;\"><strong>Orientacions representants Consell Escolar<\/strong><\/td>\n<td style=\"width: 21.619%; height: 48px;\"><strong>Funcions representants\u00a0 \u00a0 \u00a0 \u00a0 \u00a0 Consell Escolar<\/strong><\/td>\n<\/tr>\n<tr style=\"height: 316px;\">\n<td style=\"width: 20.1233%; height: 316px;\"><a href=\"https:\/\/agora.xtec.cat\/ceip-mdpatrocini-cardona\/wp-content\/uploads\/usu474\/2021\/11\/Orientacions-representants-Consell-Escolar.jpg\"><img loading=\"lazy\" decoding=\"async\" class=\"aligncenter size-medium wp-image-5764\" src=\"https:\/\/agora.xtec.cat\/ceip-mdpatrocini-cardona\/wp-content\/uploads\/usu474\/2021\/11\/Orientacions-representants-Consell-Escolar-205x300.jpg\" alt=\"\" width=\"205\" height=\"300\" srcset=\"https:\/\/agora.xtec.cat\/ceip-mdpatrocini-cardona\/wp-content\/uploads\/usu474\/2021\/11\/Orientacions-representants-Consell-Escolar-205x300.jpg 205w, https:\/\/agora.xtec.cat\/ceip-mdpatrocini-cardona\/wp-content\/uploads\/usu474\/2021\/11\/Orientacions-representants-Consell-Escolar.jpg 623w\" sizes=\"auto, (max-width: 205px) 100vw, 205px\" \/><\/a><\/td>\n<td style=\"width: 21.619%; height: 316px;\"><a href=\"https:\/\/agora.xtec.cat\/ceip-mdpatrocini-cardona\/wp-content\/uploads\/usu474\/2021\/11\/consell-escolar-funcions.jpg\"><img loading=\"lazy\" decoding=\"async\" class=\"aligncenter size-medium wp-image-5762\" src=\"https:\/\/agora.xtec.cat\/ceip-mdpatrocini-cardona\/wp-content\/uploads\/usu474\/2021\/11\/consell-escolar-funcions-217x300.jpg\" alt=\"\" width=\"217\" height=\"300\" srcset=\"https:\/\/agora.xtec.cat\/ceip-mdpatrocini-cardona\/wp-content\/uploads\/usu474\/2021\/11\/consell-escolar-funcions-217x300.jpg 217w, https:\/\/agora.xtec.cat\/ceip-mdpatrocini-cardona\/wp-content\/uploads\/usu474\/2021\/11\/consell-escolar-funcions.jpg 607w\" sizes=\"auto, (max-width: 217px) 100vw, 217px\" \/><\/a><\/td>\n<\/tr>\n<\/tbody>\n<\/table>\n<p>&nbsp;<\/p>\n<p>&nbsp;<\/p>\n<p>&nbsp;<\/p>\n<p>&nbsp;<\/p>\n","protected":false},"excerpt":{"rendered":"<p>PERSONA C\u00c0RREC COMISSIONS Econ\u00f2mica Conviv\u00e8ncia Permanent Consell Municipal Manuel Zamora Le\u00f3n Director X X X X Cristina Guzm\u00e1n Torra Cap d\u2019estudis X X Oriol Melero Torrico Secretari X X Mireia Codina Garriga Sector mestres X Cristina Garcia Trapero Sector mestres X Blai Grag\u00e9s Selva Sector mestres X Anna Puig Comellas Sector mestres X Ariadna Vilafranca [&hellip;]<\/p>\n","protected":false},"author":2,"featured_media":0,"parent":0,"menu_order":30,"comment_status":"closed","ping_status":"closed","template":"","meta":{"_bbp_topic_count":0,"_bbp_reply_count":0,"_bbp_total_topic_count":0,"_bbp_total_reply_count":0,"_bbp_voice_count":0,"_bbp_anonymous_reply_count":0,"_bbp_topic_count_hidden":0,"_bbp_reply_count_hidden":0,"_bbp_forum_subforum_count":0,"site-sidebar-layout":"default","site-content-layout":"","ast-site-content-layout":"default","site-content-style":"default","site-sidebar-style":"default","ast-global-header-display":"","ast-banner-title-visibility":"","ast-main-header-display":"","ast-hfb-above-header-display":"","ast-hfb-below-header-display":"","ast-hfb-mobile-header-display":"","site-post-title":"","ast-breadcrumbs-content":"","ast-featured-img":"","footer-sml-layout":"","theme-transparent-header-meta":"default","adv-header-id-meta":"","stick-header-meta":"","header-above-stick-meta":"","header-main-stick-meta":"","header-below-stick-meta":"","astra-migrate-meta-layouts":"set","ast-page-background-enabled":"default","ast-page-background-meta":{"desktop":{"background-color":"var(--ast-global-color-5)","background-image":"","background-repeat":"repeat","background-position":"center center","background-size":"auto","background-attachment":"scroll","background-type":"","background-media":"","overlay-type":"","overlay-color":"","overlay-opacity":"","overlay-gradient":""},"tablet":{"background-color":"","background-image":"","background-repeat":"repeat","background-position":"center center","background-size":"auto","background-attachment":"scroll","background-type":"","background-media":"","overlay-type":"","overlay-color":"","overlay-opacity":"","overlay-gradient":""},"mobile":{"background-color":"","background-image":"","background-repeat":"repeat","background-position":"center center","background-size":"auto","background-attachment":"scroll","background-type":"","background-media":"","overlay-type":"","overlay-color":"","overlay-opacity":"","overlay-gradient":""}},"ast-content-background-meta":{"desktop":{"background-color":"var(--ast-global-color-4)","background-image":"","background-repeat":"repeat","background-position":"center center","background-size":"auto","background-attachment":"scroll","background-type":"","background-media":"","overlay-type":"","overlay-color":"","overlay-opacity":"","overlay-gradient":""},"tablet":{"background-color":"var(--ast-global-color-4)","background-image":"","background-repeat":"repeat","background-position":"center center","background-size":"auto","background-attachment":"scroll","background-type":"","background-media":"","overlay-type":"","overlay-color":"","overlay-opacity":"","overlay-gradient":""},"mobile":{"background-color":"var(--ast-global-color-4)","background-image":"","background-repeat":"repeat","background-position":"center center","background-size":"auto","background-attachment":"scroll","background-type":"","background-media":"","overlay-type":"","overlay-color":"","overlay-opacity":"","overlay-gradient":""}},"footnotes":""},"class_list":["post-28","page","type-page","status-publish","hentry"],"post_mailing_queue_ids":[],"_links":{"self":[{"href":"https:\/\/agora.xtec.cat\/ceip-mdpatrocini-cardona\/wp-json\/wp\/v2\/pages\/28","targetHints":{"allow":["GET"]}}],"collection":[{"href":"https:\/\/agora.xtec.cat\/ceip-mdpatrocini-cardona\/wp-json\/wp\/v2\/pages"}],"about":[{"href":"https:\/\/agora.xtec.cat\/ceip-mdpatrocini-cardona\/wp-json\/wp\/v2\/types\/page"}],"author":[{"embeddable":true,"href":"https:\/\/agora.xtec.cat\/ceip-mdpatrocini-cardona\/wp-json\/wp\/v2\/users\/2"}],"replies":[{"embeddable":true,"href":"https:\/\/agora.xtec.cat\/ceip-mdpatrocini-cardona\/wp-json\/wp\/v2\/comments?post=28"}],"version-history":[{"count":9,"href":"https:\/\/agora.xtec.cat\/ceip-mdpatrocini-cardona\/wp-json\/wp\/v2\/pages\/28\/revisions"}],"predecessor-version":[{"id":9067,"href":"https:\/\/agora.xtec.cat\/ceip-mdpatrocini-cardona\/wp-json\/wp\/v2\/pages\/28\/revisions\/9067"}],"wp:attachment":[{"href":"https:\/\/agora.xtec.cat\/ceip-mdpatrocini-cardona\/wp-json\/wp\/v2\/media?parent=28"}],"curies":[{"name":"wp","href":"https:\/\/api.w.org\/{rel}","templated":true}]}}