{"id":991,"date":"2018-09-06T09:40:02","date_gmt":"2018-09-06T07:40:02","guid":{"rendered":"http:\/\/agora.xtec.cat\/ceip-mdomingo-tarragona\/?page_id=991"},"modified":"2018-09-06T09:40:02","modified_gmt":"2018-09-06T07:40:02","slug":"material-pel-menjador","status":"publish","type":"page","link":"https:\/\/agora.xtec.cat\/ceip-mdomingo-tarragona\/ampa\/serveis\/menjador-escolar\/material-pel-menjador\/","title":{"rendered":"MATERIAL PEL MENJADOR"},"content":{"rendered":"<p>El material que necessiten els infants que fan \u00fas del servei de menjador \u00e9s el seg\u00fcent:<\/p>\n<ul>\n<li><strong>Alumnes de P3:<\/strong><u>Llen\u00e7olet per migdiada<\/u>, <u>manteta<\/u>(opcional), <u>bata del menjador<\/u> (a partir d\u2019octubre). Qualsevol model amb botons.<\/li>\n<\/ul>\n<p>Muda de recanvi complerta.<\/p>\n<p>Recordeu que tots el material i roba ha d\u2019anar marcat amb el nom de l\u2019infant i la bata ha de disposar de beta d\u2019uns 20 cm per poder penjar-la. Cal dur tot el material dins d\u2019una bossa de roba marcada els dilluns.Divendres les monitores de menjador us la retornaran. Tamb\u00e9 us recomanem que el llen\u00e7ol el marqueu \u00a0amb el nom en gran perqu\u00e8 els infants el reconeguin amb facilitat.<\/p>\n<ul>\n<li><strong>Alumnes de P4 a 1er:<\/strong><u>Bata del menjador<\/u> (a partir d\u2019octubre).Qualsevol model amb botons), <strong>n<u>ecesser amb raspall i pasta de dents<\/u><\/strong>.<\/li>\n<\/ul>\n<p>La bata de menjador cal dur-la els dilluns i es retornar\u00e0 divendres. El necesser es retornar\u00e0 cada mes aproximadament<strong>. Cal que tot estigui marcat amb el nom<\/strong>.<\/p>\n<p><strong>Alumnes de 2n a 6\u00e8:<\/strong><u>Necesser amb raspall i pasta de dents<\/u>.<strong>Cal que estigui marcat amb el nom.<\/strong><\/p>\n","protected":false},"excerpt":{"rendered":"<p>El material que necessiten els infants que fan \u00fas del servei de menjador \u00e9s el seg\u00fcent: Alumnes de P3:Llen\u00e7olet per migdiada, manteta(opcional), bata del menjador (a partir d\u2019octubre). Qualsevol model amb botons. Muda de recanvi complerta. Recordeu que tots el material i roba ha d\u2019anar marcat amb el nom de l\u2019infant i la bata ha [&hellip;]<\/p>\n","protected":false},"author":1,"featured_media":0,"parent":73,"menu_order":2,"comment_status":"closed","ping_status":"closed","template":"page-templates\/side-menu.php","meta":{"_bbp_topic_count":0,"_bbp_reply_count":0,"_bbp_total_topic_count":0,"_bbp_total_reply_count":0,"_bbp_voice_count":0,"_bbp_anonymous_reply_count":0,"_bbp_topic_count_hidden":0,"_bbp_reply_count_hidden":0,"_bbp_forum_subforum_count":0,"site-sidebar-layout":"default","site-content-layout":"","ast-site-content-layout":"","site-content-style":"default","site-sidebar-style":"default","ast-global-header-display":"","ast-banner-title-visibility":"","ast-main-header-display":"","ast-hfb-above-header-display":"","ast-hfb-below-header-display":"","ast-hfb-mobile-header-display":"","site-post-title":"","ast-breadcrumbs-content":"","ast-featured-img":"","footer-sml-layout":"","theme-transparent-header-meta":"","adv-header-id-meta":"","stick-header-meta":"","header-above-stick-meta":"","header-main-stick-meta":"","header-below-stick-meta":"","astra-migrate-meta-layouts":"default","ast-page-background-enabled":"default","ast-page-background-meta":{"desktop":{"background-color":"var(--ast-global-color-4)","background-image":"","background-repeat":"repeat","background-position":"center center","background-size":"auto","background-attachment":"scroll","background-type":"","background-media":"","overlay-type":"","overlay-color":"","overlay-opacity":"","overlay-gradient":""},"tablet":{"background-color":"","background-image":"","background-repeat":"repeat","background-position":"center center","background-size":"auto","background-attachment":"scroll","background-type":"","background-media":"","overlay-type":"","overlay-color":"","overlay-opacity":"","overlay-gradient":""},"mobile":{"background-color":"","background-image":"","background-repeat":"repeat","background-position":"center center","background-size":"auto","background-attachment":"scroll","background-type":"","background-media":"","overlay-type":"","overlay-color":"","overlay-opacity":"","overlay-gradient":""}},"ast-content-background-meta":{"desktop":{"background-color":"var(--ast-global-color-5)","background-image":"","background-repeat":"repeat","background-position":"center center","background-size":"auto","background-attachment":"scroll","background-type":"","background-media":"","overlay-type":"","overlay-color":"","overlay-opacity":"","overlay-gradient":""},"tablet":{"background-color":"var(--ast-global-color-5)","background-image":"","background-repeat":"repeat","background-position":"center center","background-size":"auto","background-attachment":"scroll","background-type":"","background-media":"","overlay-type":"","overlay-color":"","overlay-opacity":"","overlay-gradient":""},"mobile":{"background-color":"var(--ast-global-color-5)","background-image":"","background-repeat":"repeat","background-position":"center center","background-size":"auto","background-attachment":"scroll","background-type":"","background-media":"","overlay-type":"","overlay-color":"","overlay-opacity":"","overlay-gradient":""}},"footnotes":""},"class_list":["post-991","page","type-page","status-publish","hentry"],"post_mailing_queue_ids":[],"_links":{"self":[{"href":"https:\/\/agora.xtec.cat\/ceip-mdomingo-tarragona\/wp-json\/wp\/v2\/pages\/991","targetHints":{"allow":["GET"]}}],"collection":[{"href":"https:\/\/agora.xtec.cat\/ceip-mdomingo-tarragona\/wp-json\/wp\/v2\/pages"}],"about":[{"href":"https:\/\/agora.xtec.cat\/ceip-mdomingo-tarragona\/wp-json\/wp\/v2\/types\/page"}],"author":[{"embeddable":true,"href":"https:\/\/agora.xtec.cat\/ceip-mdomingo-tarragona\/wp-json\/wp\/v2\/users\/1"}],"replies":[{"embeddable":true,"href":"https:\/\/agora.xtec.cat\/ceip-mdomingo-tarragona\/wp-json\/wp\/v2\/comments?post=991"}],"version-history":[{"count":1,"href":"https:\/\/agora.xtec.cat\/ceip-mdomingo-tarragona\/wp-json\/wp\/v2\/pages\/991\/revisions"}],"predecessor-version":[{"id":992,"href":"https:\/\/agora.xtec.cat\/ceip-mdomingo-tarragona\/wp-json\/wp\/v2\/pages\/991\/revisions\/992"}],"up":[{"embeddable":true,"href":"https:\/\/agora.xtec.cat\/ceip-mdomingo-tarragona\/wp-json\/wp\/v2\/pages\/73"}],"wp:attachment":[{"href":"https:\/\/agora.xtec.cat\/ceip-mdomingo-tarragona\/wp-json\/wp\/v2\/media?parent=991"}],"curies":[{"name":"wp","href":"https:\/\/api.w.org\/{rel}","templated":true}]}}