{"id":988,"date":"2018-09-06T09:37:34","date_gmt":"2018-09-06T07:37:34","guid":{"rendered":"http:\/\/agora.xtec.cat\/ceip-mdomingo-tarragona\/?page_id=988"},"modified":"2018-09-06T10:07:53","modified_gmt":"2018-09-06T08:07:53","slug":"preus-cobraments-i-domiciliacions","status":"publish","type":"page","link":"https:\/\/agora.xtec.cat\/ceip-mdomingo-tarragona\/ampa\/serveis\/menjador-escolar\/preus-cobraments-i-domiciliacions\/","title":{"rendered":"PREUS, COBRAMENTS I DOMICILIACIONS"},"content":{"rendered":"<p>El cobrament del servei de menjador escolar es realitzar\u00e0 entre el dia 1 i 5 de cada mes mitjan\u00e7ant <u>domiciliaci\u00f3 banc\u00e0ria a mes ven\u00e7ut repartides en 10 mensualitats<\/u>, cosa per la que la Fundaci\u00f3 En Xarxa demana les dades banc\u00e0ries a les fam\u00edlies. Tamb\u00e9 s\u2019ofereix la possibilitat de fer els pagaments dels rebuts en met\u00e0l\u00b7lic i en m\u00e0 a l\u2019escola als alumnes que fan \u00fas del menjador de manera espor\u00e0dica i puntual.<\/p>\n<p>En el cas dels alumnes fixes, el pagament dels rebuts del servei est\u00e0 prorratejat els mesos d\u2019octubre a maig (ambd\u00f3s inclosos) i els mesos de setembre i juny es cobren pel n\u00famero de dies lectius.<\/p>\n<table>\n<tbody>\n<tr>\n<td width=\"201\">MESOS<\/td>\n<td width=\"189\">PREU ALUMNE D\u2019EDUCACI\u00d3 INFANTIL I PRIM\u00c0RIA<\/td>\n<td width=\"189\">PREU ALUMNE AMB BECA DEL 50%<\/td>\n<\/tr>\n<tr>\n<td width=\"201\">Setembre\u201918<\/td>\n<td width=\"189\">74,40\u20ac<\/td>\n<td width=\"189\">37,20\u20ac<\/td>\n<\/tr>\n<tr>\n<td width=\"201\">Octubre\u201918<\/td>\n<td width=\"189\">116,25\u20ac<\/td>\n<td width=\"189\">58,13\u20ac<\/td>\n<\/tr>\n<tr>\n<td width=\"201\">Novembre\u201918<\/td>\n<td width=\"189\">116,25 \u20ac<\/td>\n<td width=\"189\">58,13 \u20ac<\/td>\n<\/tr>\n<tr>\n<td width=\"201\">Desembre\u201918<\/td>\n<td width=\"189\">116,25 \u20ac<\/td>\n<td width=\"189\">58,13 \u20ac<\/td>\n<\/tr>\n<tr>\n<td width=\"201\">Gener\u201919<\/td>\n<td width=\"189\">116,25 \u20ac<\/td>\n<td width=\"189\">58,13 \u20ac<\/td>\n<\/tr>\n<tr>\n<td width=\"201\">Febrer\u201919<\/td>\n<td width=\"189\">116,25 \u20ac<\/td>\n<td width=\"189\">58,13 \u20ac<\/td>\n<\/tr>\n<tr>\n<td width=\"201\">Mar\u00e7\u201919<\/td>\n<td width=\"189\">116,25 \u20ac<\/td>\n<td width=\"189\">58,13 \u20ac<\/td>\n<\/tr>\n<tr>\n<td width=\"201\">Abril\u201919<\/td>\n<td width=\"189\">116,25 \u20ac<\/td>\n<td width=\"189\">58,13 \u20ac<\/td>\n<\/tr>\n<tr>\n<td width=\"201\">Maig\u201919<\/td>\n<td width=\"189\">116,25 \u20ac<\/td>\n<td width=\"189\">58,13 \u20ac<\/td>\n<\/tr>\n<tr>\n<td width=\"201\">Juny\u201919<\/td>\n<td width=\"189\">93,00\u20ac<\/td>\n<td width=\"189\">46,50\u20ac<\/td>\n<\/tr>\n<\/tbody>\n<\/table>\n<p>&nbsp;<\/p>\n<p>El preu del servei de menjador \u00e9s de <u>6.20 \u20ac per alumnes fixes <\/u>, <u>6.80 \u20ac per alumnes eventuals.<\/u><\/p>\n<p>Les fam\u00edlies que hagin sol\u00b7licitat beca de menjador hauran de pagar el preu normal fins rebre la notificaci\u00f3 oficial de la concessi\u00f3 de l\u2019ajut. En el moment que el Consell comarcal comuniqui la concessi\u00f3, la Fundaci\u00f3 En Xarxa retornar\u00e0 la difer\u00e8ncia i cobrar\u00e0 les mensualitats d\u2019acord amb l\u2019ajut.<\/p>\n<p>\u00c9s molt important que les fam\u00edlies tinguin present que:<\/p>\n<ul>\n<li>\u00e9s imprescindible que les fam\u00edlies inscrigueu als vostres fills\/es al menjador tot omplint la fitxa d\u2019inscripci\u00f3.<\/li>\n<li>el preu per mes dels alumen fixes \u00e9s el resultat d\u2019un prorrateig (dies totals del curs multiplicat pel cost del dia i dividit pels 10 mesos lectius)<\/li>\n<li>cada fam\u00edlia podr\u00e0 venir a dinar amb el seu\/s fill\/s <u>un cop al curs d\u2019octubre a maig<\/u> tot reservant a la coordinadora amb almenys una setmana d\u2019antelaci\u00f3.<\/li>\n<li>en cas de no assist\u00e8ncia al menjador es retornar\u00e0 la part proporcional del men\u00fa (3,10 \u20ac) nom\u00e9s en cas d\u2019avisar a la coordinadora del servei <strong>abans de les 10 hores del mateix dia<\/strong> de l\u2019abs\u00e8ncia. En cas que no es comuniqui la falta es cobrar\u00e0 el preu \u00edntegre del dia.<\/li>\n<li>en cas de malaltia hi ha una franqu\u00edcia de 3 dies. A partir del tercer dia consecutiu de falta comunicada es retornar\u00e0 el cost \u00edntegre.<\/li>\n<li>les fam\u00edlies poden sol\u00b7licitar dieta astringent o tova de manera puntual sempre i quan es comuniqui abans de les 10 hores a la coordinadora del servei.<\/li>\n<li>qualsevol informaci\u00f3 o comunicat relatiu al servei de menjador cal notificar-lo sempre a la responsable del servei.<\/li>\n<li>en de necessitat d\u2019adaptar el men\u00fa per al\u00b7l\u00e8rgia o intoler\u00e0ncia aliment\u00e0ria, la fam\u00edlia ha de facilitar un informe m\u00e8dic a la coordinadora.<\/li>\n<li><span style=\"font-family: inherit; font-size: 1em; line-height: 1.6;\">Els monitors\/es de menjador no administraran medicaci\u00f3 de cap tipus si no \u00e9s sol\u00b7licitada per la fam\u00edlia i acompanyada d\u2019una autoritzaci\u00f3 i un justificant m\u00e8dic<\/span><\/li>\n<\/ul>\n","protected":false},"excerpt":{"rendered":"<p>El cobrament del servei de menjador escolar es realitzar\u00e0 entre el dia 1 i 5 de cada mes mitjan\u00e7ant domiciliaci\u00f3 banc\u00e0ria a mes ven\u00e7ut repartides en 10 mensualitats, cosa per la que la Fundaci\u00f3 En Xarxa demana les dades banc\u00e0ries a les fam\u00edlies. Tamb\u00e9 s\u2019ofereix la possibilitat de fer els pagaments dels rebuts en met\u00e0l\u00b7lic [&hellip;]<\/p>\n","protected":false},"author":1,"featured_media":0,"parent":73,"menu_order":1,"comment_status":"closed","ping_status":"closed","template":"page-templates\/side-menu.php","meta":{"_bbp_topic_count":0,"_bbp_reply_count":0,"_bbp_total_topic_count":0,"_bbp_total_reply_count":0,"_bbp_voice_count":0,"_bbp_anonymous_reply_count":0,"_bbp_topic_count_hidden":0,"_bbp_reply_count_hidden":0,"_bbp_forum_subforum_count":0,"site-sidebar-layout":"default","site-content-layout":"","ast-site-content-layout":"","site-content-style":"default","site-sidebar-style":"default","ast-global-header-display":"","ast-banner-title-visibility":"","ast-main-header-display":"","ast-hfb-above-header-display":"","ast-hfb-below-header-display":"","ast-hfb-mobile-header-display":"","site-post-title":"","ast-breadcrumbs-content":"","ast-featured-img":"","footer-sml-layout":"","theme-transparent-header-meta":"","adv-header-id-meta":"","stick-header-meta":"","header-above-stick-meta":"","header-main-stick-meta":"","header-below-stick-meta":"","astra-migrate-meta-layouts":"default","ast-page-background-enabled":"default","ast-page-background-meta":{"desktop":{"background-color":"var(--ast-global-color-4)","background-image":"","background-repeat":"repeat","background-position":"center center","background-size":"auto","background-attachment":"scroll","background-type":"","background-media":"","overlay-type":"","overlay-color":"","overlay-opacity":"","overlay-gradient":""},"tablet":{"background-color":"","background-image":"","background-repeat":"repeat","background-position":"center center","background-size":"auto","background-attachment":"scroll","background-type":"","background-media":"","overlay-type":"","overlay-color":"","overlay-opacity":"","overlay-gradient":""},"mobile":{"background-color":"","background-image":"","background-repeat":"repeat","background-position":"center center","background-size":"auto","background-attachment":"scroll","background-type":"","background-media":"","overlay-type":"","overlay-color":"","overlay-opacity":"","overlay-gradient":""}},"ast-content-background-meta":{"desktop":{"background-color":"var(--ast-global-color-5)","background-image":"","background-repeat":"repeat","background-position":"center center","background-size":"auto","background-attachment":"scroll","background-type":"","background-media":"","overlay-type":"","overlay-color":"","overlay-opacity":"","overlay-gradient":""},"tablet":{"background-color":"var(--ast-global-color-5)","background-image":"","background-repeat":"repeat","background-position":"center center","background-size":"auto","background-attachment":"scroll","background-type":"","background-media":"","overlay-type":"","overlay-color":"","overlay-opacity":"","overlay-gradient":""},"mobile":{"background-color":"var(--ast-global-color-5)","background-image":"","background-repeat":"repeat","background-position":"center center","background-size":"auto","background-attachment":"scroll","background-type":"","background-media":"","overlay-type":"","overlay-color":"","overlay-opacity":"","overlay-gradient":""}},"footnotes":""},"class_list":["post-988","page","type-page","status-publish","hentry"],"post_mailing_queue_ids":[],"_links":{"self":[{"href":"https:\/\/agora.xtec.cat\/ceip-mdomingo-tarragona\/wp-json\/wp\/v2\/pages\/988","targetHints":{"allow":["GET"]}}],"collection":[{"href":"https:\/\/agora.xtec.cat\/ceip-mdomingo-tarragona\/wp-json\/wp\/v2\/pages"}],"about":[{"href":"https:\/\/agora.xtec.cat\/ceip-mdomingo-tarragona\/wp-json\/wp\/v2\/types\/page"}],"author":[{"embeddable":true,"href":"https:\/\/agora.xtec.cat\/ceip-mdomingo-tarragona\/wp-json\/wp\/v2\/users\/1"}],"replies":[{"embeddable":true,"href":"https:\/\/agora.xtec.cat\/ceip-mdomingo-tarragona\/wp-json\/wp\/v2\/comments?post=988"}],"version-history":[{"count":2,"href":"https:\/\/agora.xtec.cat\/ceip-mdomingo-tarragona\/wp-json\/wp\/v2\/pages\/988\/revisions"}],"predecessor-version":[{"id":990,"href":"https:\/\/agora.xtec.cat\/ceip-mdomingo-tarragona\/wp-json\/wp\/v2\/pages\/988\/revisions\/990"}],"up":[{"embeddable":true,"href":"https:\/\/agora.xtec.cat\/ceip-mdomingo-tarragona\/wp-json\/wp\/v2\/pages\/73"}],"wp:attachment":[{"href":"https:\/\/agora.xtec.cat\/ceip-mdomingo-tarragona\/wp-json\/wp\/v2\/media?parent=988"}],"curies":[{"name":"wp","href":"https:\/\/api.w.org\/{rel}","templated":true}]}}