{"id":986,"date":"2018-09-06T09:25:13","date_gmt":"2018-09-06T07:25:13","guid":{"rendered":"http:\/\/agora.xtec.cat\/ceip-mdomingo-tarragona\/?page_id=986"},"modified":"2018-09-07T10:08:36","modified_gmt":"2018-09-07T08:08:36","slug":"informacio-general","status":"publish","type":"page","link":"https:\/\/agora.xtec.cat\/ceip-mdomingo-tarragona\/ampa\/serveis\/menjador-escolar\/informacio-general\/","title":{"rendered":"INFORMACI\u00d3 GENERAL"},"content":{"rendered":"<p>Benvolgudes fam\u00edlies,<\/p>\n<p>Al servei de menjador de l\u2019Escola Marcel\u00b7l\u00ed Domingo atenem als infants un equip de 9 professionals del lleure de la <strong>Fundaci\u00f3 Privada En Xarxa<\/strong>. L\u2019horari de menjador \u00e9s de 12:30 a 15:00 hores i de 13:00 a 15:30 hores en jornada intensiva. Seguint les l\u00ednies pedag\u00f2giques de l\u2019escola, al menjador treballem tamb\u00e9 diferents \u00e0rees educatives que van molt m\u00e9s enll\u00e0 de l\u2019\u00e0pat i basades en valors, emocions, autonomia i afecte. Coneix el que fem a l\u2019apartat de menjador del web de l\u2019escola i no dubteu en posar-vos en contacte amb nosaltres per qualsevol dubte que tingueu respecte el servei.<\/p>\n<p>&nbsp;<\/p>\n<p><strong>INSCRIPCIONS<\/strong><\/p>\n<p>Per poder fer \u00fas del servei de menjador \u00e9s imprescindible omplir la <u>fitxa d\u2019inscripci\u00f3<\/u> que us adjuntem<strong>,nom\u00e9s els alumnes de nova inscripci\u00f3 o per algun canvi de dades<\/strong>. La fitxa ha d\u2019estar ben emplenada i recordeu a adjuntar un <u>informe m\u00e8dic<\/u> en cas d\u2019observaci\u00f3 m\u00e8dica rellevant i\/o d\u2019al\u00b7l\u00e8rgia\/ intoler\u00e0ncia aliment\u00e0ria que requereixi una adaptaci\u00f3 del men\u00fa ordinari. Recordeu de facilitar-nos la inscripci\u00f3 de menjador el m\u00e9s aviat possible.<\/p>\n<p><strong><span style=\"text-decoration: underline;\"><a href=\"http:\/\/agora.xtec.cat\/ceip-mdomingo-tarragona\/wp-content\/uploads\/usu1782\/2018\/09\/Inscripci\u00f3-menjador.docx\">Inscripci\u00f3 menjador<\/a><\/span><\/strong><\/p>\n<p>Rebeu una abra\u00e7ada de l\u2019equip de monitors i monitores i especialment als infants i fam\u00edlies noves.<\/p>\n<p>Bon curs!<\/p>\n","protected":false},"excerpt":{"rendered":"<p>Benvolgudes fam\u00edlies, Al servei de menjador de l\u2019Escola Marcel\u00b7l\u00ed Domingo atenem als infants un equip de 9 professionals del lleure de la Fundaci\u00f3 Privada En Xarxa. L\u2019horari de menjador \u00e9s de 12:30 a 15:00 hores i de 13:00 a 15:30 hores en jornada intensiva. Seguint les l\u00ednies pedag\u00f2giques de l\u2019escola, al menjador treballem tamb\u00e9 diferents [&hellip;]<\/p>\n","protected":false},"author":1,"featured_media":0,"parent":73,"menu_order":0,"comment_status":"closed","ping_status":"closed","template":"page-templates\/side-menu.php","meta":{"_bbp_topic_count":0,"_bbp_reply_count":0,"_bbp_total_topic_count":0,"_bbp_total_reply_count":0,"_bbp_voice_count":0,"_bbp_anonymous_reply_count":0,"_bbp_topic_count_hidden":0,"_bbp_reply_count_hidden":0,"_bbp_forum_subforum_count":0,"site-sidebar-layout":"default","site-content-layout":"","ast-site-content-layout":"","site-content-style":"default","site-sidebar-style":"default","ast-global-header-display":"","ast-banner-title-visibility":"","ast-main-header-display":"","ast-hfb-above-header-display":"","ast-hfb-below-header-display":"","ast-hfb-mobile-header-display":"","site-post-title":"","ast-breadcrumbs-content":"","ast-featured-img":"","footer-sml-layout":"","theme-transparent-header-meta":"","adv-header-id-meta":"","stick-header-meta":"","header-above-stick-meta":"","header-main-stick-meta":"","header-below-stick-meta":"","astra-migrate-meta-layouts":"default","ast-page-background-enabled":"default","ast-page-background-meta":{"desktop":{"background-color":"var(--ast-global-color-4)","background-image":"","background-repeat":"repeat","background-position":"center center","background-size":"auto","background-attachment":"scroll","background-type":"","background-media":"","overlay-type":"","overlay-color":"","overlay-opacity":"","overlay-gradient":""},"tablet":{"background-color":"","background-image":"","background-repeat":"repeat","background-position":"center center","background-size":"auto","background-attachment":"scroll","background-type":"","background-media":"","overlay-type":"","overlay-color":"","overlay-opacity":"","overlay-gradient":""},"mobile":{"background-color":"","background-image":"","background-repeat":"repeat","background-position":"center center","background-size":"auto","background-attachment":"scroll","background-type":"","background-media":"","overlay-type":"","overlay-color":"","overlay-opacity":"","overlay-gradient":""}},"ast-content-background-meta":{"desktop":{"background-color":"var(--ast-global-color-5)","background-image":"","background-repeat":"repeat","background-position":"center center","background-size":"auto","background-attachment":"scroll","background-type":"","background-media":"","overlay-type":"","overlay-color":"","overlay-opacity":"","overlay-gradient":""},"tablet":{"background-color":"var(--ast-global-color-5)","background-image":"","background-repeat":"repeat","background-position":"center center","background-size":"auto","background-attachment":"scroll","background-type":"","background-media":"","overlay-type":"","overlay-color":"","overlay-opacity":"","overlay-gradient":""},"mobile":{"background-color":"var(--ast-global-color-5)","background-image":"","background-repeat":"repeat","background-position":"center center","background-size":"auto","background-attachment":"scroll","background-type":"","background-media":"","overlay-type":"","overlay-color":"","overlay-opacity":"","overlay-gradient":""}},"footnotes":""},"class_list":["post-986","page","type-page","status-publish","hentry"],"post_mailing_queue_ids":[],"_links":{"self":[{"href":"https:\/\/agora.xtec.cat\/ceip-mdomingo-tarragona\/wp-json\/wp\/v2\/pages\/986","targetHints":{"allow":["GET"]}}],"collection":[{"href":"https:\/\/agora.xtec.cat\/ceip-mdomingo-tarragona\/wp-json\/wp\/v2\/pages"}],"about":[{"href":"https:\/\/agora.xtec.cat\/ceip-mdomingo-tarragona\/wp-json\/wp\/v2\/types\/page"}],"author":[{"embeddable":true,"href":"https:\/\/agora.xtec.cat\/ceip-mdomingo-tarragona\/wp-json\/wp\/v2\/users\/1"}],"replies":[{"embeddable":true,"href":"https:\/\/agora.xtec.cat\/ceip-mdomingo-tarragona\/wp-json\/wp\/v2\/comments?post=986"}],"version-history":[{"count":3,"href":"https:\/\/agora.xtec.cat\/ceip-mdomingo-tarragona\/wp-json\/wp\/v2\/pages\/986\/revisions"}],"predecessor-version":[{"id":1031,"href":"https:\/\/agora.xtec.cat\/ceip-mdomingo-tarragona\/wp-json\/wp\/v2\/pages\/986\/revisions\/1031"}],"up":[{"embeddable":true,"href":"https:\/\/agora.xtec.cat\/ceip-mdomingo-tarragona\/wp-json\/wp\/v2\/pages\/73"}],"wp:attachment":[{"href":"https:\/\/agora.xtec.cat\/ceip-mdomingo-tarragona\/wp-json\/wp\/v2\/media?parent=986"}],"curies":[{"name":"wp","href":"https:\/\/api.w.org\/{rel}","templated":true}]}}