{"id":73,"date":"2014-09-18T14:01:51","date_gmt":"2014-09-18T13:01:51","guid":{"rendered":"http:\/\/agora.xtec.cat\/ceip-mdomingo-tarragona\/?page_id=73"},"modified":"2026-01-31T20:03:59","modified_gmt":"2026-01-31T19:03:59","slug":"menjador-escolar","status":"publish","type":"page","link":"https:\/\/agora.xtec.cat\/ceip-mdomingo-tarragona\/ampa\/serveis\/menjador-escolar\/","title":{"rendered":"Menjador escolar"},"content":{"rendered":"\n<p class=\"font_7\"><span class=\"color_14\"><span style=\"color: #ff0000;\">COORDINADORA DE\u00a0MENJADOR<\/span><\/span>:   Adriana Fern\u00e1ndez<\/p>\n\n\n\n<p>Diptic Informaci\u00f3 General Servei Menjador:<\/p>\n\n\n\n<figure class=\"wp-block-image size-large\"><a href=\"https:\/\/agora.xtec.cat\/ceip-mdomingo-tarragona\/wp-content\/uploads\/usu1782\/2026\/01\/Diseno-sin-titulo.jpg\"><img loading=\"lazy\" decoding=\"async\" width=\"1024\" height=\"724\" src=\"https:\/\/agora.xtec.cat\/ceip-mdomingo-tarragona\/wp-content\/uploads\/usu1782\/2026\/01\/Diseno-sin-titulo-1024x724.jpg\" alt=\"\" class=\"wp-image-5030\" srcset=\"https:\/\/agora.xtec.cat\/ceip-mdomingo-tarragona\/wp-content\/uploads\/usu1782\/2026\/01\/Diseno-sin-titulo-1024x724.jpg 1024w, https:\/\/agora.xtec.cat\/ceip-mdomingo-tarragona\/wp-content\/uploads\/usu1782\/2026\/01\/Diseno-sin-titulo-300x212.jpg 300w, https:\/\/agora.xtec.cat\/ceip-mdomingo-tarragona\/wp-content\/uploads\/usu1782\/2026\/01\/Diseno-sin-titulo-768x543.jpg 768w, https:\/\/agora.xtec.cat\/ceip-mdomingo-tarragona\/wp-content\/uploads\/usu1782\/2026\/01\/Diseno-sin-titulo-1536x1086.jpg 1536w, https:\/\/agora.xtec.cat\/ceip-mdomingo-tarragona\/wp-content\/uploads\/usu1782\/2026\/01\/Diseno-sin-titulo.jpg 1755w\" sizes=\"auto, (max-width: 1024px) 100vw, 1024px\" \/><\/a><\/figure>\n\n\n\n<figure class=\"wp-block-image size-large\"><a href=\"https:\/\/agora.xtec.cat\/ceip-mdomingo-tarragona\/wp-content\/uploads\/usu1782\/2026\/01\/Menjador_page-0002.jpg\"><img loading=\"lazy\" decoding=\"async\" width=\"1024\" height=\"724\" src=\"https:\/\/agora.xtec.cat\/ceip-mdomingo-tarragona\/wp-content\/uploads\/usu1782\/2026\/01\/Menjador_page-0002-1024x724.jpg\" alt=\"\" class=\"wp-image-5029\" srcset=\"https:\/\/agora.xtec.cat\/ceip-mdomingo-tarragona\/wp-content\/uploads\/usu1782\/2026\/01\/Menjador_page-0002-1024x724.jpg 1024w, https:\/\/agora.xtec.cat\/ceip-mdomingo-tarragona\/wp-content\/uploads\/usu1782\/2026\/01\/Menjador_page-0002-300x212.jpg 300w, https:\/\/agora.xtec.cat\/ceip-mdomingo-tarragona\/wp-content\/uploads\/usu1782\/2026\/01\/Menjador_page-0002-768x543.jpg 768w, https:\/\/agora.xtec.cat\/ceip-mdomingo-tarragona\/wp-content\/uploads\/usu1782\/2026\/01\/Menjador_page-0002-1536x1086.jpg 1536w, https:\/\/agora.xtec.cat\/ceip-mdomingo-tarragona\/wp-content\/uploads\/usu1782\/2026\/01\/Menjador_page-0002.jpg 1755w\" sizes=\"auto, (max-width: 1024px) 100vw, 1024px\" \/><\/a><\/figure>\n\n\n\n<p><strong>Per qualsevol dubte o q\u00fcesti\u00f3 poseu-vos en contacte\u00a0 amb la coordinadora del menjador. Disposeu d\u2019horari d\u2019atenci\u00f3 a l\u2019escola de dilluns a divendres de 9:00 a 12:00 hores. Tamb\u00e9 podeu escriure a l\u2019adre\u00e7a electr\u00f2nica\u00a0<a href=\"mailto:adri@enxarxa.cat\"><em>adri@enxarxa.cat<\/em><\/a>, trucar al tel\u00e8fon 679780139 i enviar\u00a0<em>whatsapp<\/em>.<\/strong><\/p>\n\n\n\n<p><\/p>\n","protected":false},"excerpt":{"rendered":"<p>COORDINADORA DE\u00a0MENJADOR: Adriana Fern\u00e1ndez Diptic Informaci\u00f3 General Servei Menjador: Per qualsevol dubte o q\u00fcesti\u00f3 poseu-vos en contacte\u00a0 amb la coordinadora del menjador. Disposeu d\u2019horari d\u2019atenci\u00f3 a l\u2019escola de dilluns a divendres de 9:00 a 12:00 hores. Tamb\u00e9 podeu escriure a l\u2019adre\u00e7a electr\u00f2nica\u00a0adri@enxarxa.cat, trucar al tel\u00e8fon 679780139 i enviar\u00a0whatsapp.<\/p>\n","protected":false},"author":1,"featured_media":0,"parent":66,"menu_order":30,"comment_status":"closed","ping_status":"closed","template":"","meta":{"_bbp_topic_count":0,"_bbp_reply_count":0,"_bbp_total_topic_count":0,"_bbp_total_reply_count":0,"_bbp_voice_count":0,"_bbp_anonymous_reply_count":0,"_bbp_topic_count_hidden":0,"_bbp_reply_count_hidden":0,"_bbp_forum_subforum_count":0,"site-sidebar-layout":"default","site-content-layout":"","ast-site-content-layout":"default","site-content-style":"default","site-sidebar-style":"default","ast-global-header-display":"","ast-banner-title-visibility":"","ast-main-header-display":"","ast-hfb-above-header-display":"","ast-hfb-below-header-display":"","ast-hfb-mobile-header-display":"","site-post-title":"","ast-breadcrumbs-content":"","ast-featured-img":"","footer-sml-layout":"","theme-transparent-header-meta":"","adv-header-id-meta":"","stick-header-meta":"","header-above-stick-meta":"","header-main-stick-meta":"","header-below-stick-meta":"","astra-migrate-meta-layouts":"set","ast-page-background-enabled":"default","ast-page-background-meta":{"desktop":{"background-color":"var(--ast-global-color-4)","background-image":"","background-repeat":"repeat","background-position":"center center","background-size":"auto","background-attachment":"scroll","background-type":"","background-media":"","overlay-type":"","overlay-color":"","overlay-opacity":"","overlay-gradient":""},"tablet":{"background-color":"","background-image":"","background-repeat":"repeat","background-position":"center center","background-size":"auto","background-attachment":"scroll","background-type":"","background-media":"","overlay-type":"","overlay-color":"","overlay-opacity":"","overlay-gradient":""},"mobile":{"background-color":"","background-image":"","background-repeat":"repeat","background-position":"center center","background-size":"auto","background-attachment":"scroll","background-type":"","background-media":"","overlay-type":"","overlay-color":"","overlay-opacity":"","overlay-gradient":""}},"ast-content-background-meta":{"desktop":{"background-color":"var(--ast-global-color-5)","background-image":"","background-repeat":"repeat","background-position":"center center","background-size":"auto","background-attachment":"scroll","background-type":"","background-media":"","overlay-type":"","overlay-color":"","overlay-opacity":"","overlay-gradient":""},"tablet":{"background-color":"var(--ast-global-color-5)","background-image":"","background-repeat":"repeat","background-position":"center center","background-size":"auto","background-attachment":"scroll","background-type":"","background-media":"","overlay-type":"","overlay-color":"","overlay-opacity":"","overlay-gradient":""},"mobile":{"background-color":"var(--ast-global-color-5)","background-image":"","background-repeat":"repeat","background-position":"center center","background-size":"auto","background-attachment":"scroll","background-type":"","background-media":"","overlay-type":"","overlay-color":"","overlay-opacity":"","overlay-gradient":""}},"footnotes":""},"class_list":["post-73","page","type-page","status-publish","hentry"],"post_mailing_queue_ids":[],"_links":{"self":[{"href":"https:\/\/agora.xtec.cat\/ceip-mdomingo-tarragona\/wp-json\/wp\/v2\/pages\/73","targetHints":{"allow":["GET"]}}],"collection":[{"href":"https:\/\/agora.xtec.cat\/ceip-mdomingo-tarragona\/wp-json\/wp\/v2\/pages"}],"about":[{"href":"https:\/\/agora.xtec.cat\/ceip-mdomingo-tarragona\/wp-json\/wp\/v2\/types\/page"}],"author":[{"embeddable":true,"href":"https:\/\/agora.xtec.cat\/ceip-mdomingo-tarragona\/wp-json\/wp\/v2\/users\/1"}],"replies":[{"embeddable":true,"href":"https:\/\/agora.xtec.cat\/ceip-mdomingo-tarragona\/wp-json\/wp\/v2\/comments?post=73"}],"version-history":[{"count":5,"href":"https:\/\/agora.xtec.cat\/ceip-mdomingo-tarragona\/wp-json\/wp\/v2\/pages\/73\/revisions"}],"predecessor-version":[{"id":5031,"href":"https:\/\/agora.xtec.cat\/ceip-mdomingo-tarragona\/wp-json\/wp\/v2\/pages\/73\/revisions\/5031"}],"up":[{"embeddable":true,"href":"https:\/\/agora.xtec.cat\/ceip-mdomingo-tarragona\/wp-json\/wp\/v2\/pages\/66"}],"wp:attachment":[{"href":"https:\/\/agora.xtec.cat\/ceip-mdomingo-tarragona\/wp-json\/wp\/v2\/media?parent=73"}],"curies":[{"name":"wp","href":"https:\/\/api.w.org\/{rel}","templated":true}]}}