{"id":635,"date":"2018-03-02T12:06:22","date_gmt":"2018-03-02T11:06:22","guid":{"rendered":"http:\/\/agora.xtec.cat\/ceip-mdomingo-tarragona\/?page_id=635"},"modified":"2020-09-04T09:44:16","modified_gmt":"2020-09-04T07:44:16","slug":"preinscripcio-i-matricula","status":"publish","type":"page","link":"https:\/\/agora.xtec.cat\/ceip-mdomingo-tarragona\/funcionament\/preinscripcio-i-matricula\/","title":{"rendered":"Preinscripci\u00f3 i matr\u00edcula"},"content":{"rendered":"<p><strong>Calendari: <\/strong><\/p>\n<p>Preinscripci\u00f3: S&#8217;informar\u00e0 de les dates quan surtin publicades a la Generalitat.<\/p>\n<p><strong>Horari: <\/strong><\/p>\n<p><strong>Documentaci\u00f3 a presentar per fer la preinscripci\u00f3:\u00a0<\/strong><\/p>\n<ul>\n<li>Impr\u00e8s de preinscripci\u00f3.<\/li>\n<li>Fotoc\u00f2pia del llibre de fam\u00edlia.<\/li>\n<li>Fotoc\u00f2pia del DNI\/NIE del pare\/mare o tutor\/a legal.<\/li>\n<li>Fotoc\u00f2pia del DNI\/NIE de l&#8217;alumne\/a si en t\u00e9.<\/li>\n<li>Certificat d&#8217;empadronament, nom\u00e9s en el cas que l&#8217;adre\u00e7a del DNI no sigui la de la sol\u00b7licitud.<\/li>\n<li>Carnet vigent de Fam\u00edlia nombrosa o monoparentral, si s&#8217;escau.<\/li>\n<li>Carnet de vacunacions.<\/li>\n<li>Fotoc\u00f2pia de la Targeta Sanit\u00e0ria.<\/li>\n<\/ul>\n<h5><strong>MATR\u00cdCULA<\/strong><\/h5>\n<p><strong>DOCUMENTACI\u00d3 QUE CAL PRESENTAR PER A FORMALITZAR LA MATR\u00cdCULA:<\/strong><\/p>\n<p>(NOM\u00c9S PER A ALUMNES DE NOVA INCORPORACI\u00d3)<\/p>\n<p>\u2013 2 fotografies (mida carnet).<\/p>\n<p>\u2013 Haver lliurat la documentaci\u00f3 de la preinscripci\u00f3. Si a la preinscripci\u00f3 no vau lliurar la fotoc\u00f2pia del DNI dels 2 pares, a la matr\u00edcula cal lliurar la fotoc\u00f2pia del DNI del pare que falti.<\/p>\n<p>\u2013 Justificant d\u2019ingr\u00e9s material cooperatiu de classe.<\/p>\n<p>\u2013 Omplir els fulls de dades personals que us facilitaran a la secretaria del centre.<\/p>\n<p>\u2013 Si l\u2019alumnat procedeix d\u2019un altre centre, necessita la baixa pr\u00e8via del centre anterior.<\/p>\n<p>\u2013 Cal presentar el DNI renovat amb la nova adre\u00e7a si no es va poder presentar amb la sol\u00b7licitud de preinscripci\u00f3.<\/p>\n<p><strong>Alumnes d&#8217;Educaci\u00f3 Prim\u00e0ria:<\/strong><\/p>\n<ul>\n<li>Autoritzaci\u00f3 per formar part del projecte de socialitzaci\u00f3 de llibres.<\/li>\n<li>Nom\u00e9s 4t, 5\u00e8 i 6\u00e8, autoritzaci\u00f3 per sortir sol\/a.<\/li>\n<\/ul>\n","protected":false},"excerpt":{"rendered":"<p>Calendari: Preinscripci\u00f3: S&#8217;informar\u00e0 de les dates quan surtin publicades a la Generalitat. Horari: Documentaci\u00f3 a presentar per fer la preinscripci\u00f3:\u00a0 Impr\u00e8s de preinscripci\u00f3. Fotoc\u00f2pia del llibre de fam\u00edlia. Fotoc\u00f2pia del DNI\/NIE del pare\/mare o tutor\/a legal. Fotoc\u00f2pia del DNI\/NIE de l&#8217;alumne\/a si en t\u00e9. Certificat d&#8217;empadronament, nom\u00e9s en el cas que l&#8217;adre\u00e7a del DNI no [&hellip;]<\/p>\n","protected":false},"author":1,"featured_media":0,"parent":633,"menu_order":1,"comment_status":"closed","ping_status":"closed","template":"page-templates\/side-menu.php","meta":{"_bbp_topic_count":0,"_bbp_reply_count":0,"_bbp_total_topic_count":0,"_bbp_total_reply_count":0,"_bbp_voice_count":0,"_bbp_anonymous_reply_count":0,"_bbp_topic_count_hidden":0,"_bbp_reply_count_hidden":0,"_bbp_forum_subforum_count":0,"site-sidebar-layout":"default","site-content-layout":"","ast-site-content-layout":"","site-content-style":"default","site-sidebar-style":"default","ast-global-header-display":"","ast-banner-title-visibility":"","ast-main-header-display":"","ast-hfb-above-header-display":"","ast-hfb-below-header-display":"","ast-hfb-mobile-header-display":"","site-post-title":"","ast-breadcrumbs-content":"","ast-featured-img":"","footer-sml-layout":"","theme-transparent-header-meta":"","adv-header-id-meta":"","stick-header-meta":"","header-above-stick-meta":"","header-main-stick-meta":"","header-below-stick-meta":"","astra-migrate-meta-layouts":"default","ast-page-background-enabled":"default","ast-page-background-meta":{"desktop":{"background-color":"var(--ast-global-color-4)","background-image":"","background-repeat":"repeat","background-position":"center center","background-size":"auto","background-attachment":"scroll","background-type":"","background-media":"","overlay-type":"","overlay-color":"","overlay-opacity":"","overlay-gradient":""},"tablet":{"background-color":"","background-image":"","background-repeat":"repeat","background-position":"center center","background-size":"auto","background-attachment":"scroll","background-type":"","background-media":"","overlay-type":"","overlay-color":"","overlay-opacity":"","overlay-gradient":""},"mobile":{"background-color":"","background-image":"","background-repeat":"repeat","background-position":"center center","background-size":"auto","background-attachment":"scroll","background-type":"","background-media":"","overlay-type":"","overlay-color":"","overlay-opacity":"","overlay-gradient":""}},"ast-content-background-meta":{"desktop":{"background-color":"var(--ast-global-color-5)","background-image":"","background-repeat":"repeat","background-position":"center center","background-size":"auto","background-attachment":"scroll","background-type":"","background-media":"","overlay-type":"","overlay-color":"","overlay-opacity":"","overlay-gradient":""},"tablet":{"background-color":"var(--ast-global-color-5)","background-image":"","background-repeat":"repeat","background-position":"center center","background-size":"auto","background-attachment":"scroll","background-type":"","background-media":"","overlay-type":"","overlay-color":"","overlay-opacity":"","overlay-gradient":""},"mobile":{"background-color":"var(--ast-global-color-5)","background-image":"","background-repeat":"repeat","background-position":"center center","background-size":"auto","background-attachment":"scroll","background-type":"","background-media":"","overlay-type":"","overlay-color":"","overlay-opacity":"","overlay-gradient":""}},"footnotes":""},"class_list":["post-635","page","type-page","status-publish","hentry"],"post_mailing_queue_ids":[],"_links":{"self":[{"href":"https:\/\/agora.xtec.cat\/ceip-mdomingo-tarragona\/wp-json\/wp\/v2\/pages\/635","targetHints":{"allow":["GET"]}}],"collection":[{"href":"https:\/\/agora.xtec.cat\/ceip-mdomingo-tarragona\/wp-json\/wp\/v2\/pages"}],"about":[{"href":"https:\/\/agora.xtec.cat\/ceip-mdomingo-tarragona\/wp-json\/wp\/v2\/types\/page"}],"author":[{"embeddable":true,"href":"https:\/\/agora.xtec.cat\/ceip-mdomingo-tarragona\/wp-json\/wp\/v2\/users\/1"}],"replies":[{"embeddable":true,"href":"https:\/\/agora.xtec.cat\/ceip-mdomingo-tarragona\/wp-json\/wp\/v2\/comments?post=635"}],"version-history":[{"count":4,"href":"https:\/\/agora.xtec.cat\/ceip-mdomingo-tarragona\/wp-json\/wp\/v2\/pages\/635\/revisions"}],"predecessor-version":[{"id":2502,"href":"https:\/\/agora.xtec.cat\/ceip-mdomingo-tarragona\/wp-json\/wp\/v2\/pages\/635\/revisions\/2502"}],"up":[{"embeddable":true,"href":"https:\/\/agora.xtec.cat\/ceip-mdomingo-tarragona\/wp-json\/wp\/v2\/pages\/633"}],"wp:attachment":[{"href":"https:\/\/agora.xtec.cat\/ceip-mdomingo-tarragona\/wp-json\/wp\/v2\/media?parent=635"}],"curies":[{"name":"wp","href":"https:\/\/api.w.org\/{rel}","templated":true}]}}