{"id":32,"date":"2014-09-18T12:31:33","date_gmt":"2014-09-18T11:31:33","guid":{"rendered":"http:\/\/agora.xtec.cat\/ceip-mdomingo-tarragona\/?page_id=32"},"modified":"2026-01-02T17:50:35","modified_gmt":"2026-01-02T16:50:35","slug":"calendari-del-curs","status":"publish","type":"page","link":"https:\/\/agora.xtec.cat\/ceip-mdomingo-tarragona\/funcionament\/calendari-del-curs\/","title":{"rendered":"Calendari del curs"},"content":{"rendered":"<p><a href=\"https:\/\/agora.xtec.cat\/ceip-mdomingo-tarragona\/wp-content\/uploads\/usu1782\/2026\/01\/Calendari-curs-2025-26_page-0001.jpg\"><img loading=\"lazy\" decoding=\"async\" class=\"alignleft  wp-image-4880\" src=\"https:\/\/agora.xtec.cat\/ceip-mdomingo-tarragona\/wp-content\/uploads\/usu1782\/2026\/01\/Calendari-curs-2025-26_page-0001-300x231.jpg\" alt=\"\" width=\"481\" height=\"370\" srcset=\"https:\/\/agora.xtec.cat\/ceip-mdomingo-tarragona\/wp-content\/uploads\/usu1782\/2026\/01\/Calendari-curs-2025-26_page-0001-300x231.jpg 300w, https:\/\/agora.xtec.cat\/ceip-mdomingo-tarragona\/wp-content\/uploads\/usu1782\/2026\/01\/Calendari-curs-2025-26_page-0001-1024x790.jpg 1024w, https:\/\/agora.xtec.cat\/ceip-mdomingo-tarragona\/wp-content\/uploads\/usu1782\/2026\/01\/Calendari-curs-2025-26_page-0001-768x593.jpg 768w, https:\/\/agora.xtec.cat\/ceip-mdomingo-tarragona\/wp-content\/uploads\/usu1782\/2026\/01\/Calendari-curs-2025-26_page-0001-1536x1185.jpg 1536w, https:\/\/agora.xtec.cat\/ceip-mdomingo-tarragona\/wp-content\/uploads\/usu1782\/2026\/01\/Calendari-curs-2025-26_page-0001.jpg 1559w\" sizes=\"auto, (max-width: 481px) 100vw, 481px\" \/><\/a><\/p>\n<h4><\/h4>\n<h4><\/h4>\n<h4><\/h4>\n<h4><\/h4>\n<h4><\/h4>\n<h4><\/h4>\n<h4><\/h4>\n<h4><\/h4>\n<h4><strong>Inici de curs:<\/strong><\/h4>\n<p>08 de setembre de 2025<\/p>\n<h4><strong>Vacances:<\/strong><\/h4>\n<p>Nadal del 20 de desembre de 2025 al 8 de gener de 2026\u00a0 (ambd\u00f3s inclosos)<\/p>\n<p>Setmana Santa : Del 28 de mar\u00e7 al 6 d\u2019abril de 2026 (ambd\u00f3s inclosos)<\/p>\n<p>Estiu: A partir del 19 de juny de 2026.<\/p>\n<h4><strong>Dies festius i de lliure disposici\u00f3:<\/strong><\/h4>\n<ul>\n<li>Dilluns 22 de setembre de 2025<\/li>\n<li>Dimarts 23 de setembre de 2025<\/li>\n<li>Dilluns 3 de novembre de 2025<\/li>\n<li class=\"p2\">Divendres 5 de desembre de 2025<\/li>\n<li>Dilluns 8 de desembre de 2025<\/li>\n<li>Dilluns 16 de febrer de 2026 (dilluns de Carnaval)<\/li>\n<li class=\"p2\">Divendres 1 de maig de 2026<\/li>\n<li class=\"p2\">Dilluns\u00a0 4 de maig de 2026<\/li>\n<\/ul>\n<h4><strong>Jornada continuada:<\/strong><\/h4>\n<p>19 de desembre de 2025 i del 8 al 19 de juny de 2026 (ambd\u00f3s inclosos)<\/p>\n<p>L\u2019<b>horari lectiu<\/b> del centre \u00e9s de 9 a 12,30 h i de 15,00 a 16,30 h per a tots els alumnes del centre. El dia 19 de desembre de 2025 i a partir del 8 de juny de 2026 es realitza horari compactat de 9 a 13h. (Els alumnes que utilitzen el servei de menjador surten a les 15:00h.)<\/p>\n<p>Per als alumnes que inicien l\u2019escolaritzaci\u00f3 a I3 s\u2019organitza un breu per\u00edode d\u2019adaptaci\u00f3 que suposa una certa modificaci\u00f3 dels horaris dels dos primers dies de classe, i que es fa saber a les fam\u00edlies en les reunions pr\u00e8vies corresponents.<\/p>\n","protected":false},"excerpt":{"rendered":"<p>Inici de curs: 08 de setembre de 2025 Vacances: Nadal del 20 de desembre de 2025 al 8 de gener de 2026\u00a0 (ambd\u00f3s inclosos) Setmana Santa : Del 28 de mar\u00e7 al 6 d\u2019abril de 2026 (ambd\u00f3s inclosos) Estiu: A partir del 19 de juny de 2026. Dies festius i de lliure disposici\u00f3: Dilluns 22 [&hellip;]<\/p>\n","protected":false},"author":1,"featured_media":0,"parent":633,"menu_order":3,"comment_status":"closed","ping_status":"closed","template":"page-templates\/side-menu.php","meta":{"_bbp_topic_count":0,"_bbp_reply_count":0,"_bbp_total_topic_count":0,"_bbp_total_reply_count":0,"_bbp_voice_count":0,"_bbp_anonymous_reply_count":0,"_bbp_topic_count_hidden":0,"_bbp_reply_count_hidden":0,"_bbp_forum_subforum_count":0,"site-sidebar-layout":"default","site-content-layout":"","ast-site-content-layout":"","site-content-style":"default","site-sidebar-style":"default","ast-global-header-display":"","ast-banner-title-visibility":"","ast-main-header-display":"","ast-hfb-above-header-display":"","ast-hfb-below-header-display":"","ast-hfb-mobile-header-display":"","site-post-title":"","ast-breadcrumbs-content":"","ast-featured-img":"","footer-sml-layout":"","theme-transparent-header-meta":"","adv-header-id-meta":"","stick-header-meta":"","header-above-stick-meta":"","header-main-stick-meta":"","header-below-stick-meta":"","astra-migrate-meta-layouts":"default","ast-page-background-enabled":"default","ast-page-background-meta":{"desktop":{"background-color":"var(--ast-global-color-4)","background-image":"","background-repeat":"repeat","background-position":"center center","background-size":"auto","background-attachment":"scroll","background-type":"","background-media":"","overlay-type":"","overlay-color":"","overlay-opacity":"","overlay-gradient":""},"tablet":{"background-color":"","background-image":"","background-repeat":"repeat","background-position":"center center","background-size":"auto","background-attachment":"scroll","background-type":"","background-media":"","overlay-type":"","overlay-color":"","overlay-opacity":"","overlay-gradient":""},"mobile":{"background-color":"","background-image":"","background-repeat":"repeat","background-position":"center center","background-size":"auto","background-attachment":"scroll","background-type":"","background-media":"","overlay-type":"","overlay-color":"","overlay-opacity":"","overlay-gradient":""}},"ast-content-background-meta":{"desktop":{"background-color":"var(--ast-global-color-5)","background-image":"","background-repeat":"repeat","background-position":"center center","background-size":"auto","background-attachment":"scroll","background-type":"","background-media":"","overlay-type":"","overlay-color":"","overlay-opacity":"","overlay-gradient":""},"tablet":{"background-color":"var(--ast-global-color-5)","background-image":"","background-repeat":"repeat","background-position":"center center","background-size":"auto","background-attachment":"scroll","background-type":"","background-media":"","overlay-type":"","overlay-color":"","overlay-opacity":"","overlay-gradient":""},"mobile":{"background-color":"var(--ast-global-color-5)","background-image":"","background-repeat":"repeat","background-position":"center center","background-size":"auto","background-attachment":"scroll","background-type":"","background-media":"","overlay-type":"","overlay-color":"","overlay-opacity":"","overlay-gradient":""}},"footnotes":""},"class_list":["post-32","page","type-page","status-publish","hentry"],"post_mailing_queue_ids":[],"_links":{"self":[{"href":"https:\/\/agora.xtec.cat\/ceip-mdomingo-tarragona\/wp-json\/wp\/v2\/pages\/32","targetHints":{"allow":["GET"]}}],"collection":[{"href":"https:\/\/agora.xtec.cat\/ceip-mdomingo-tarragona\/wp-json\/wp\/v2\/pages"}],"about":[{"href":"https:\/\/agora.xtec.cat\/ceip-mdomingo-tarragona\/wp-json\/wp\/v2\/types\/page"}],"author":[{"embeddable":true,"href":"https:\/\/agora.xtec.cat\/ceip-mdomingo-tarragona\/wp-json\/wp\/v2\/users\/1"}],"replies":[{"embeddable":true,"href":"https:\/\/agora.xtec.cat\/ceip-mdomingo-tarragona\/wp-json\/wp\/v2\/comments?post=32"}],"version-history":[{"count":5,"href":"https:\/\/agora.xtec.cat\/ceip-mdomingo-tarragona\/wp-json\/wp\/v2\/pages\/32\/revisions"}],"predecessor-version":[{"id":4881,"href":"https:\/\/agora.xtec.cat\/ceip-mdomingo-tarragona\/wp-json\/wp\/v2\/pages\/32\/revisions\/4881"}],"up":[{"embeddable":true,"href":"https:\/\/agora.xtec.cat\/ceip-mdomingo-tarragona\/wp-json\/wp\/v2\/pages\/633"}],"wp:attachment":[{"href":"https:\/\/agora.xtec.cat\/ceip-mdomingo-tarragona\/wp-json\/wp\/v2\/media?parent=32"}],"curies":[{"name":"wp","href":"https:\/\/api.w.org\/{rel}","templated":true}]}}