{"id":28,"date":"2014-09-18T12:29:35","date_gmt":"2014-09-18T11:29:35","guid":{"rendered":"http:\/\/agora.xtec.cat\/ceip-mdomingo-tarragona\/?page_id=28"},"modified":"2026-01-22T14:05:09","modified_gmt":"2026-01-22T13:05:09","slug":"consell-escolar","status":"publish","type":"page","link":"https:\/\/agora.xtec.cat\/ceip-mdomingo-tarragona\/lescola\/consell-escolar\/","title":{"rendered":"Consell escolar"},"content":{"rendered":"<p><span style=\"text-decoration: underline;\"><strong>Membres del Consell Escolar<\/strong><\/span><\/p>\n<table style=\"height: 645px; width: 100%; border-collapse: collapse; border-style: solid; border-color: #000000;\" border=\"1\">\n<tbody>\n<tr style=\"height: 30px;\">\n<td style=\"width: 50%; height: 30px;\"><strong><span style=\"color: #3366ff;\">Directora<\/span><\/strong><\/td>\n<td style=\"width: 50%; height: 30px;\">Dolors Cano Jim\u00e9nez<\/td>\n<\/tr>\n<tr style=\"height: 30px;\">\n<td style=\"width: 50%; height: 30px;\"><strong><span style=\"color: #3366ff;\">Cap d\u2019Estudis<\/span><\/strong><\/td>\n<td style=\"width: 50%; height: 30px;\">B\u00e0rbara Pintado Duch<\/td>\n<\/tr>\n<tr style=\"height: 30px;\">\n<td style=\"width: 50%; height: 30px;\"><strong><span style=\"color: #3366ff;\">Secret\u00e0ria <\/span><\/strong><\/td>\n<td style=\"width: 50%; height: 30px;\">Vict\u00f2ria \u00a0Balagu\u00e9 L\u00f3pez<\/td>\n<\/tr>\n<tr style=\"height: 30px;\">\n<td style=\"width: 50%; height: 30px;\"><strong><span style=\"color: #3366ff;\">Representant de l\u2019Ajuntament <\/span><\/strong><\/td>\n<td style=\"width: 50%; height: 30px;\">Ina Mart\u00ednez Sim\u00f3n<\/td>\n<\/tr>\n<tr style=\"height: 228px;\">\n<td style=\"width: 50%; height: 228px;\"><strong><span style=\"color: #3366ff;\">Representants del professorat <\/span><\/strong><\/td>\n<td style=\"width: 50%; height: 228px;\">N\u00faria Prunera SasM\u00f3nica Ribas mart\u00ednez<\/p>\n<p>Alberto Santiago Peces<\/p>\n<p>Juanjo Borr\u00e0s Albiol<\/p>\n<p>Cristina Mart\u00ednez Sienes<\/p>\n<p>Gemma Garrido Lara<\/td>\n<\/tr>\n<tr style=\"height: 54px;\">\n<td style=\"width: 50%; height: 54px;\"><strong><span style=\"color: #3366ff;\">Representant del PAS<\/span><\/strong><\/td>\n<td style=\"width: 50%; height: 54px;\">Elisabeth Jornet G\u00f3mez<\/td>\n<\/tr>\n<tr style=\"height: 30px;\">\n<td style=\"width: 50%; height: 30px;\"><strong><span style=\"color: #3366ff;\">Representant \u00a0de\u00a0 l\u2019AFA<\/span><\/strong><\/td>\n<td style=\"width: 50%; height: 30px;\">Esteve Torres Asensio<\/td>\n<\/tr>\n<tr style=\"height: 213px;\">\n<td style=\"width: 50%; height: 213px;\"><strong><span style=\"color: #3366ff;\">Representants pares i mares<\/span><\/strong><\/td>\n<td style=\"width: 50%; height: 213px;\">Montserrat\u00a0 Sambr\u00f3 RiusAna Mar\u00eda Rodr\u00edguez Mirall<\/p>\n<p>Natalia Romero Parga<\/p>\n<p>\u00c0lex Sambr\u00f3 Rius<\/p>\n<p>Elena Silvia Brichius<\/p>\n<p>Silvia G\u00f3mez Gonz\u00e1lez<\/td>\n<\/tr>\n<\/tbody>\n<\/table>\n","protected":false},"excerpt":{"rendered":"<p>Membres del Consell Escolar Directora Dolors Cano Jim\u00e9nez Cap d\u2019Estudis B\u00e0rbara Pintado Duch Secret\u00e0ria Vict\u00f2ria \u00a0Balagu\u00e9 L\u00f3pez Representant de l\u2019Ajuntament Ina Mart\u00ednez Sim\u00f3n Representants del professorat N\u00faria Prunera SasM\u00f3nica Ribas mart\u00ednez Alberto Santiago Peces Juanjo Borr\u00e0s Albiol Cristina Mart\u00ednez Sienes Gemma Garrido Lara Representant del PAS Elisabeth Jornet G\u00f3mez Representant \u00a0de\u00a0 l\u2019AFA Esteve Torres Asensio [&hellip;]<\/p>\n","protected":false},"author":1,"featured_media":0,"parent":22,"menu_order":30,"comment_status":"closed","ping_status":"closed","template":"","meta":{"_bbp_topic_count":0,"_bbp_reply_count":0,"_bbp_total_topic_count":0,"_bbp_total_reply_count":0,"_bbp_voice_count":0,"_bbp_anonymous_reply_count":0,"_bbp_topic_count_hidden":0,"_bbp_reply_count_hidden":0,"_bbp_forum_subforum_count":0,"site-sidebar-layout":"default","site-content-layout":"","ast-site-content-layout":"default","site-content-style":"default","site-sidebar-style":"default","ast-global-header-display":"","ast-banner-title-visibility":"","ast-main-header-display":"","ast-hfb-above-header-display":"","ast-hfb-below-header-display":"","ast-hfb-mobile-header-display":"","site-post-title":"","ast-breadcrumbs-content":"","ast-featured-img":"","footer-sml-layout":"","theme-transparent-header-meta":"","adv-header-id-meta":"","stick-header-meta":"","header-above-stick-meta":"","header-main-stick-meta":"","header-below-stick-meta":"","astra-migrate-meta-layouts":"set","ast-page-background-enabled":"default","ast-page-background-meta":{"desktop":{"background-color":"var(--ast-global-color-4)","background-image":"","background-repeat":"repeat","background-position":"center center","background-size":"auto","background-attachment":"scroll","background-type":"","background-media":"","overlay-type":"","overlay-color":"","overlay-opacity":"","overlay-gradient":""},"tablet":{"background-color":"","background-image":"","background-repeat":"repeat","background-position":"center center","background-size":"auto","background-attachment":"scroll","background-type":"","background-media":"","overlay-type":"","overlay-color":"","overlay-opacity":"","overlay-gradient":""},"mobile":{"background-color":"","background-image":"","background-repeat":"repeat","background-position":"center center","background-size":"auto","background-attachment":"scroll","background-type":"","background-media":"","overlay-type":"","overlay-color":"","overlay-opacity":"","overlay-gradient":""}},"ast-content-background-meta":{"desktop":{"background-color":"var(--ast-global-color-5)","background-image":"","background-repeat":"repeat","background-position":"center center","background-size":"auto","background-attachment":"scroll","background-type":"","background-media":"","overlay-type":"","overlay-color":"","overlay-opacity":"","overlay-gradient":""},"tablet":{"background-color":"var(--ast-global-color-5)","background-image":"","background-repeat":"repeat","background-position":"center center","background-size":"auto","background-attachment":"scroll","background-type":"","background-media":"","overlay-type":"","overlay-color":"","overlay-opacity":"","overlay-gradient":""},"mobile":{"background-color":"var(--ast-global-color-5)","background-image":"","background-repeat":"repeat","background-position":"center center","background-size":"auto","background-attachment":"scroll","background-type":"","background-media":"","overlay-type":"","overlay-color":"","overlay-opacity":"","overlay-gradient":""}},"footnotes":""},"class_list":["post-28","page","type-page","status-publish","hentry"],"post_mailing_queue_ids":[],"_links":{"self":[{"href":"https:\/\/agora.xtec.cat\/ceip-mdomingo-tarragona\/wp-json\/wp\/v2\/pages\/28","targetHints":{"allow":["GET"]}}],"collection":[{"href":"https:\/\/agora.xtec.cat\/ceip-mdomingo-tarragona\/wp-json\/wp\/v2\/pages"}],"about":[{"href":"https:\/\/agora.xtec.cat\/ceip-mdomingo-tarragona\/wp-json\/wp\/v2\/types\/page"}],"author":[{"embeddable":true,"href":"https:\/\/agora.xtec.cat\/ceip-mdomingo-tarragona\/wp-json\/wp\/v2\/users\/1"}],"replies":[{"embeddable":true,"href":"https:\/\/agora.xtec.cat\/ceip-mdomingo-tarragona\/wp-json\/wp\/v2\/comments?post=28"}],"version-history":[{"count":5,"href":"https:\/\/agora.xtec.cat\/ceip-mdomingo-tarragona\/wp-json\/wp\/v2\/pages\/28\/revisions"}],"predecessor-version":[{"id":4948,"href":"https:\/\/agora.xtec.cat\/ceip-mdomingo-tarragona\/wp-json\/wp\/v2\/pages\/28\/revisions\/4948"}],"up":[{"embeddable":true,"href":"https:\/\/agora.xtec.cat\/ceip-mdomingo-tarragona\/wp-json\/wp\/v2\/pages\/22"}],"wp:attachment":[{"href":"https:\/\/agora.xtec.cat\/ceip-mdomingo-tarragona\/wp-json\/wp\/v2\/media?parent=28"}],"curies":[{"name":"wp","href":"https:\/\/api.w.org\/{rel}","templated":true}]}}