{"id":1001,"date":"2018-09-06T10:13:48","date_gmt":"2018-09-06T08:13:48","guid":{"rendered":"http:\/\/agora.xtec.cat\/ceip-mdomingo-tarragona\/?page_id=1001"},"modified":"2026-02-02T10:00:17","modified_gmt":"2026-02-02T09:00:17","slug":"ampa","status":"publish","type":"page","link":"https:\/\/agora.xtec.cat\/ceip-mdomingo-tarragona\/ampa\/","title":{"rendered":"AFA"},"content":{"rendered":"\n<figure class=\"wp-block-image aligncenter size-medium is-resized\"><a href=\"https:\/\/agora.xtec.cat\/ceip-mdomingo-tarragona\/wp-content\/uploads\/usu1782\/2026\/02\/Logo-AFA-Png.jpg\"><img loading=\"lazy\" decoding=\"async\" width=\"300\" height=\"300\" src=\"https:\/\/agora.xtec.cat\/ceip-mdomingo-tarragona\/wp-content\/uploads\/usu1782\/2026\/02\/Logo-AFA-Png-300x300.jpg\" alt=\"\" class=\"wp-image-5038\" style=\"width:272px;height:auto\" srcset=\"https:\/\/agora.xtec.cat\/ceip-mdomingo-tarragona\/wp-content\/uploads\/usu1782\/2026\/02\/Logo-AFA-Png-300x300.jpg 300w, https:\/\/agora.xtec.cat\/ceip-mdomingo-tarragona\/wp-content\/uploads\/usu1782\/2026\/02\/Logo-AFA-Png-1024x1024.jpg 1024w, https:\/\/agora.xtec.cat\/ceip-mdomingo-tarragona\/wp-content\/uploads\/usu1782\/2026\/02\/Logo-AFA-Png-150x150.jpg 150w, https:\/\/agora.xtec.cat\/ceip-mdomingo-tarragona\/wp-content\/uploads\/usu1782\/2026\/02\/Logo-AFA-Png-768x768.jpg 768w, https:\/\/agora.xtec.cat\/ceip-mdomingo-tarragona\/wp-content\/uploads\/usu1782\/2026\/02\/Logo-AFA-Png-1536x1536.jpg 1536w, https:\/\/agora.xtec.cat\/ceip-mdomingo-tarragona\/wp-content\/uploads\/usu1782\/2026\/02\/Logo-AFA-Png.jpg 2000w\" sizes=\"auto, (max-width: 300px) 100vw, 300px\" \/><\/a><\/figure>\n\n\n\n<p class=\"has-text-align-center\"><strong><span style=\"color: #ff0000;\">HORARI D\u2019ATENCI\u00d3<\/span><\/strong><\/p>\n\n\n\n<figure class=\"wp-block-image aligncenter size-medium is-resized\"><a href=\"https:\/\/agora.xtec.cat\/ceip-mdomingo-tarragona\/wp-content\/uploads\/usu1782\/2026\/02\/Horari-AFA.jpg\"><img loading=\"lazy\" decoding=\"async\" width=\"284\" height=\"300\" src=\"https:\/\/agora.xtec.cat\/ceip-mdomingo-tarragona\/wp-content\/uploads\/usu1782\/2026\/02\/Horari-AFA-284x300.jpg\" alt=\"\" class=\"wp-image-5035\" style=\"width:284px;height:auto\" srcset=\"https:\/\/agora.xtec.cat\/ceip-mdomingo-tarragona\/wp-content\/uploads\/usu1782\/2026\/02\/Horari-AFA-284x300.jpg 284w, https:\/\/agora.xtec.cat\/ceip-mdomingo-tarragona\/wp-content\/uploads\/usu1782\/2026\/02\/Horari-AFA-969x1024.jpg 969w, https:\/\/agora.xtec.cat\/ceip-mdomingo-tarragona\/wp-content\/uploads\/usu1782\/2026\/02\/Horari-AFA-768x811.jpg 768w, https:\/\/agora.xtec.cat\/ceip-mdomingo-tarragona\/wp-content\/uploads\/usu1782\/2026\/02\/Horari-AFA-1454x1536.jpg 1454w, https:\/\/agora.xtec.cat\/ceip-mdomingo-tarragona\/wp-content\/uploads\/usu1782\/2026\/02\/Horari-AFA.jpg 1502w\" sizes=\"auto, (max-width: 284px) 100vw, 284px\" \/><\/a><\/figure>\n\n\n\n<p class=\"has-text-align-center\"><span style=\"color: #0000ff;\"><strong>&nbsp;CONCERTAR VISITA&nbsp;<\/strong><\/span><\/p>\n\n\n\n<p>&nbsp;<\/p>\n\n\n\n<h6 class=\"wp-block-heading has-text-align-center\"><strong>Activitats de l&#8217;AFA<\/strong><\/h6>\n\n\n\n<p><\/p>\n\n\n\n<h6 class=\"wp-block-heading has-text-align-center\"><strong><span style=\"color: #000000;\">Correu electr\u00f2nic:<\/span><\/strong><\/h6>\n\n\n\n<p class=\"has-text-align-center\">ampamarcelidomingo2018@gmail.com<\/p>\n\n\n\n<p class=\"has-text-align-center\"><strong>Facebook:<\/strong><\/p>\n\n\n\n<p class=\"has-text-align-center\">AMPA ESCOLA MARCEL\u00b7L\u00cd DOMINGO<\/p>\n\n\n\n<p class=\"has-text-align-center\">(grup tancat, heu de demanar l&#8217;acc\u00e9s a la mateixa p\u00e0gina de Facebook)<\/p>\n\n\n\n<p class=\"has-text-align-center\"><strong>Instagram:<\/strong><\/p>\n\n\n\n<p class=\"has-text-align-center\">@ampamarcelidomingo<\/p>\n\n\n\n<p class=\"has-text-align-center\"><strong>Tel\u00e8fon:<\/strong><\/p>\n\n\n\n<p class=\"has-text-align-center\">977225465<\/p>\n","protected":false},"excerpt":{"rendered":"<p>HORARI D\u2019ATENCI\u00d3 &nbsp;CONCERTAR VISITA&nbsp; &nbsp; Activitats de l&#8217;AFA Correu electr\u00f2nic: ampamarcelidomingo2018@gmail.com Facebook: AMPA ESCOLA MARCEL\u00b7L\u00cd DOMINGO (grup tancat, heu de demanar l&#8217;acc\u00e9s a la mateixa p\u00e0gina de Facebook) Instagram: @ampamarcelidomingo Tel\u00e8fon: 977225465<\/p>\n","protected":false},"author":1,"featured_media":0,"parent":0,"menu_order":0,"comment_status":"closed","ping_status":"closed","template":"","meta":{"_bbp_topic_count":0,"_bbp_reply_count":0,"_bbp_total_topic_count":0,"_bbp_total_reply_count":0,"_bbp_voice_count":0,"_bbp_anonymous_reply_count":0,"_bbp_topic_count_hidden":0,"_bbp_reply_count_hidden":0,"_bbp_forum_subforum_count":0,"site-sidebar-layout":"default","site-content-layout":"","ast-site-content-layout":"default","site-content-style":"default","site-sidebar-style":"default","ast-global-header-display":"","ast-banner-title-visibility":"","ast-main-header-display":"","ast-hfb-above-header-display":"","ast-hfb-below-header-display":"","ast-hfb-mobile-header-display":"","site-post-title":"","ast-breadcrumbs-content":"","ast-featured-img":"","footer-sml-layout":"","theme-transparent-header-meta":"","adv-header-id-meta":"","stick-header-meta":"","header-above-stick-meta":"","header-main-stick-meta":"","header-below-stick-meta":"","astra-migrate-meta-layouts":"set","ast-page-background-enabled":"default","ast-page-background-meta":{"desktop":{"background-color":"var(--ast-global-color-4)","background-image":"","background-repeat":"repeat","background-position":"center center","background-size":"auto","background-attachment":"scroll","background-type":"","background-media":"","overlay-type":"","overlay-color":"","overlay-opacity":"","overlay-gradient":""},"tablet":{"background-color":"","background-image":"","background-repeat":"repeat","background-position":"center center","background-size":"auto","background-attachment":"scroll","background-type":"","background-media":"","overlay-type":"","overlay-color":"","overlay-opacity":"","overlay-gradient":""},"mobile":{"background-color":"","background-image":"","background-repeat":"repeat","background-position":"center center","background-size":"auto","background-attachment":"scroll","background-type":"","background-media":"","overlay-type":"","overlay-color":"","overlay-opacity":"","overlay-gradient":""}},"ast-content-background-meta":{"desktop":{"background-color":"var(--ast-global-color-5)","background-image":"","background-repeat":"repeat","background-position":"center center","background-size":"auto","background-attachment":"scroll","background-type":"","background-media":"","overlay-type":"","overlay-color":"","overlay-opacity":"","overlay-gradient":""},"tablet":{"background-color":"var(--ast-global-color-5)","background-image":"","background-repeat":"repeat","background-position":"center center","background-size":"auto","background-attachment":"scroll","background-type":"","background-media":"","overlay-type":"","overlay-color":"","overlay-opacity":"","overlay-gradient":""},"mobile":{"background-color":"var(--ast-global-color-5)","background-image":"","background-repeat":"repeat","background-position":"center center","background-size":"auto","background-attachment":"scroll","background-type":"","background-media":"","overlay-type":"","overlay-color":"","overlay-opacity":"","overlay-gradient":""}},"footnotes":""},"class_list":["post-1001","page","type-page","status-publish","hentry"],"post_mailing_queue_ids":[],"_links":{"self":[{"href":"https:\/\/agora.xtec.cat\/ceip-mdomingo-tarragona\/wp-json\/wp\/v2\/pages\/1001","targetHints":{"allow":["GET"]}}],"collection":[{"href":"https:\/\/agora.xtec.cat\/ceip-mdomingo-tarragona\/wp-json\/wp\/v2\/pages"}],"about":[{"href":"https:\/\/agora.xtec.cat\/ceip-mdomingo-tarragona\/wp-json\/wp\/v2\/types\/page"}],"author":[{"embeddable":true,"href":"https:\/\/agora.xtec.cat\/ceip-mdomingo-tarragona\/wp-json\/wp\/v2\/users\/1"}],"replies":[{"embeddable":true,"href":"https:\/\/agora.xtec.cat\/ceip-mdomingo-tarragona\/wp-json\/wp\/v2\/comments?post=1001"}],"version-history":[{"count":5,"href":"https:\/\/agora.xtec.cat\/ceip-mdomingo-tarragona\/wp-json\/wp\/v2\/pages\/1001\/revisions"}],"predecessor-version":[{"id":5041,"href":"https:\/\/agora.xtec.cat\/ceip-mdomingo-tarragona\/wp-json\/wp\/v2\/pages\/1001\/revisions\/5041"}],"wp:attachment":[{"href":"https:\/\/agora.xtec.cat\/ceip-mdomingo-tarragona\/wp-json\/wp\/v2\/media?parent=1001"}],"curies":[{"name":"wp","href":"https:\/\/api.w.org\/{rel}","templated":true}]}}