{"id":1524,"date":"2022-06-07T14:12:26","date_gmt":"2022-06-07T12:12:26","guid":{"rendered":"https:\/\/agora.xtec.cat\/ceip-mddmontserrat-horta\/?page_id=1524"},"modified":"2023-02-15T16:00:21","modified_gmt":"2023-02-15T15:00:21","slug":"diagnosi","status":"publish","type":"page","link":"https:\/\/agora.xtec.cat\/ceip-mddmontserrat-horta\/estrategia-digital-de-centre-edc\/diagnosi\/diagnosi\/","title":{"rendered":"Diagnosi"},"content":{"rendered":"<p class=\"CDt4Ke zfr3Q\" dir=\"ltr\">L&#8217;escola ha fet servir l&#8217;eina <span class=\" aw5Odc\"><a class=\"XqQF9c\" href=\"https:\/\/www.google.com\/url?q=https%3A%2F%2Feducation.ec.europa.eu%2Fes%2Fnode%2F1736&amp;sa=D&amp;sntz=1&amp;usg=AOvVaw3z_zoQR6U9FhNZRG4QmRb2\" target=\"_blank\" rel=\"noopener\"><strong>SELFIE<\/strong><\/a><\/span> amb l&#8217;objectiu de fomentar la reflexi\u00f3 personal en relaci\u00f3 amb l&#8217;\u00fas de les tecnologies digitals per al doc\u00e8ncia i l&#8217;aprenentatge. SELFIE ha sigut desenvolupat per la Comissi\u00f3 Europea amb un equip internacional d&#8217;experts.<\/p>\n<p dir=\"ltr\"><a href=\"https:\/\/drive.google.com\/file\/d\/1HNoimR-nPe4KEZPzaWh2MFxcjKQ1opMq\/view?usp=sharing\" target=\"_blank\" rel=\"noopener\"><img loading=\"lazy\" decoding=\"async\" class=\"wp-image-1467 size-full aligncenter\" src=\"https:\/\/agora.xtec.cat\/ceip-mddmontserrat-horta\/wp-content\/uploads\/usu2443\/2022\/05\/selfie-mooc.png\" alt=\"\" width=\"862\" height=\"320\" srcset=\"https:\/\/agora.xtec.cat\/ceip-mddmontserrat-horta\/wp-content\/uploads\/usu2443\/2022\/05\/selfie-mooc.png 862w, https:\/\/agora.xtec.cat\/ceip-mddmontserrat-horta\/wp-content\/uploads\/usu2443\/2022\/05\/selfie-mooc-300x111.png 300w, https:\/\/agora.xtec.cat\/ceip-mddmontserrat-horta\/wp-content\/uploads\/usu2443\/2022\/05\/selfie-mooc-768x285.png 768w\" sizes=\"auto, (max-width: 862px) 100vw, 862px\" \/><\/a><\/p>\n<p class=\"CDt4Ke zfr3Q\" dir=\"ltr\">Les dades obtingudes permeten <span class=\" aw5Odc\">extreure conclusions<\/span> per a fer un diagn\u00f2stic de l&#8217;estat actual i tamb\u00e9 per a plantejar-nos objectius a assolir en l&#8217;\u00e0mbit digital.<\/p>\n<p class=\"CDt4Ke zfr3Q\" dir=\"ltr\">L&#8217;eina SELFIE es va passar al mar\u00e7 del curs 2021 &#8211; 22.<\/p>\n","protected":false},"excerpt":{"rendered":"<p>L&#8217;escola ha fet servir l&#8217;eina SELFIE amb l&#8217;objectiu de fomentar la reflexi\u00f3 personal en relaci\u00f3 amb l&#8217;\u00fas de les tecnologies digitals per al doc\u00e8ncia i l&#8217;aprenentatge. SELFIE ha sigut desenvolupat per la Comissi\u00f3 Europea amb un equip internacional d&#8217;experts. Les dades obtingudes permeten extreure conclusions per a fer un diagn\u00f2stic de l&#8217;estat actual i tamb\u00e9 [&hellip;]<\/p>\n","protected":false},"author":1,"featured_media":0,"parent":1519,"menu_order":0,"comment_status":"closed","ping_status":"closed","template":"page-templates\/side-menu.php","meta":{"_bbp_topic_count":0,"_bbp_reply_count":0,"_bbp_total_topic_count":0,"_bbp_total_reply_count":0,"_bbp_voice_count":0,"_bbp_anonymous_reply_count":0,"_bbp_topic_count_hidden":0,"_bbp_reply_count_hidden":0,"_bbp_forum_subforum_count":0,"site-sidebar-layout":"default","site-content-layout":"","ast-site-content-layout":"","site-content-style":"default","site-sidebar-style":"default","ast-global-header-display":"","ast-banner-title-visibility":"","ast-main-header-display":"","ast-hfb-above-header-display":"","ast-hfb-below-header-display":"","ast-hfb-mobile-header-display":"","site-post-title":"","ast-breadcrumbs-content":"","ast-featured-img":"","footer-sml-layout":"","theme-transparent-header-meta":"","adv-header-id-meta":"","stick-header-meta":"","header-above-stick-meta":"","header-main-stick-meta":"","header-below-stick-meta":"","astra-migrate-meta-layouts":"default","ast-page-background-enabled":"default","ast-page-background-meta":{"desktop":{"background-color":"var(--ast-global-color-4)","background-image":"","background-repeat":"repeat","background-position":"center center","background-size":"auto","background-attachment":"scroll","background-type":"","background-media":"","overlay-type":"","overlay-color":"","overlay-opacity":"","overlay-gradient":""},"tablet":{"background-color":"","background-image":"","background-repeat":"repeat","background-position":"center center","background-size":"auto","background-attachment":"scroll","background-type":"","background-media":"","overlay-type":"","overlay-color":"","overlay-opacity":"","overlay-gradient":""},"mobile":{"background-color":"","background-image":"","background-repeat":"repeat","background-position":"center center","background-size":"auto","background-attachment":"scroll","background-type":"","background-media":"","overlay-type":"","overlay-color":"","overlay-opacity":"","overlay-gradient":""}},"ast-content-background-meta":{"desktop":{"background-color":"var(--ast-global-color-5)","background-image":"","background-repeat":"repeat","background-position":"center center","background-size":"auto","background-attachment":"scroll","background-type":"","background-media":"","overlay-type":"","overlay-color":"","overlay-opacity":"","overlay-gradient":""},"tablet":{"background-color":"var(--ast-global-color-5)","background-image":"","background-repeat":"repeat","background-position":"center center","background-size":"auto","background-attachment":"scroll","background-type":"","background-media":"","overlay-type":"","overlay-color":"","overlay-opacity":"","overlay-gradient":""},"mobile":{"background-color":"var(--ast-global-color-5)","background-image":"","background-repeat":"repeat","background-position":"center center","background-size":"auto","background-attachment":"scroll","background-type":"","background-media":"","overlay-type":"","overlay-color":"","overlay-opacity":"","overlay-gradient":""}},"footnotes":""},"class_list":["post-1524","page","type-page","status-publish","hentry"],"post_mailing_queue_ids":[],"_links":{"self":[{"href":"https:\/\/agora.xtec.cat\/ceip-mddmontserrat-horta\/wp-json\/wp\/v2\/pages\/1524","targetHints":{"allow":["GET"]}}],"collection":[{"href":"https:\/\/agora.xtec.cat\/ceip-mddmontserrat-horta\/wp-json\/wp\/v2\/pages"}],"about":[{"href":"https:\/\/agora.xtec.cat\/ceip-mddmontserrat-horta\/wp-json\/wp\/v2\/types\/page"}],"author":[{"embeddable":true,"href":"https:\/\/agora.xtec.cat\/ceip-mddmontserrat-horta\/wp-json\/wp\/v2\/users\/1"}],"replies":[{"embeddable":true,"href":"https:\/\/agora.xtec.cat\/ceip-mddmontserrat-horta\/wp-json\/wp\/v2\/comments?post=1524"}],"version-history":[{"count":3,"href":"https:\/\/agora.xtec.cat\/ceip-mddmontserrat-horta\/wp-json\/wp\/v2\/pages\/1524\/revisions"}],"predecessor-version":[{"id":1877,"href":"https:\/\/agora.xtec.cat\/ceip-mddmontserrat-horta\/wp-json\/wp\/v2\/pages\/1524\/revisions\/1877"}],"up":[{"embeddable":true,"href":"https:\/\/agora.xtec.cat\/ceip-mddmontserrat-horta\/wp-json\/wp\/v2\/pages\/1519"}],"wp:attachment":[{"href":"https:\/\/agora.xtec.cat\/ceip-mddmontserrat-horta\/wp-json\/wp\/v2\/media?parent=1524"}],"curies":[{"name":"wp","href":"https:\/\/api.w.org\/{rel}","templated":true}]}}