{"id":8951,"date":"2022-11-04T16:25:38","date_gmt":"2022-11-04T15:25:38","guid":{"rendered":"https:\/\/agora.xtec.cat\/ceip-mcinto-verdaguer\/?page_id=8951"},"modified":"2023-06-29T19:49:13","modified_gmt":"2023-06-29T17:49:13","slug":"fotos-2022-23","status":"publish","type":"page","link":"https:\/\/agora.xtec.cat\/ceip-mcinto-verdaguer\/fotos-i-videos\/fotos\/fotos-2022-23\/","title":{"rendered":"Fotos 2022-23"},"content":{"rendered":"<p><a href=\"https:\/\/photos.app.goo.gl\/ytNa5XvdpP7F8Wmr8\" target=\"_blank\" rel=\"noopener\">Cloenda T\u00e0ndem <\/a> Comunitat educativa Juny 2023 <span style=\"background-color: #ffff00;\">NOU!<\/span><br \/>\n<a href=\"https:\/\/photos.app.goo.gl\/fu3QYR1Uyis4N9fE9\" target=\"_blank\" rel=\"noopener\">Gestos extraordinaris <\/a> Alumnes de I5 Juny 2023 <span style=\"background-color: #ffff00;\">NOU!<\/span><br \/>\n<a href=\"https:\/\/photos.app.goo.gl\/ijn8o3wTY34hkPXn7\" target=\"_blank\" rel=\"noopener\">Col\u00f2nies <\/a> Alumnes de I5 Maig 2023 <span style=\"background-color: #ffff00;\">NOU!<\/span><br \/>\n<a href=\"https:\/\/photos.app.goo.gl\/qMLDNDw9upkAVrEw9\" target=\"_blank\" rel=\"noopener\">Jocs Florals de districte <\/a>  Maig 2023 <span style=\"background-color: #ffff00;\">NOU!<\/span><br \/>\n<a href=\"https:\/\/photos.app.goo.gl\/fgDxWEZiyDGpdPbG8\" target=\"_blank\" rel=\"noopener\">Sant Pon\u00e7 <\/a> Comunitat de mitjans Maig 2023 <span style=\"background-color: #ffff00;\">NOU!<\/span><br \/>\n<a href=\"https:\/\/photos.app.goo.gl\/i5sri5dPnZ3ThrUa7\" target=\"_blank\" rel=\"noopener\">Jocs Florals <\/a> Tota l&#8217;escola Abril 2023 <span style=\"background-color: #ffff00;\">NOU!<\/span><br \/>\n<a href=\"https:\/\/photos.app.goo.gl\/JBEvf7s6LPuoEvxM6\" target=\"_blank\" rel=\"noopener\">Dansa Ara <\/a> Alumnes de 2n Abril 2023 <span style=\"background-color: #ffff00;\">NOU!<\/span><br \/>\n<a href=\"https:\/\/photos.app.goo.gl\/8iKhZ5dC54Vadn9J9\" target=\"_blank\" rel=\"noopener\">Joc Perdut <\/a> Alumnes de I5 Abril 2023 <span style=\"background-color: #ffff00;\">NOU!<\/span><br \/>\n<a href=\"https:\/\/photos.app.goo.gl\/Rq8BPiSGup451DRY8\" target=\"_blank\" rel=\"noopener\">Visita d&#8217;una bi\u00f2loga <\/a> Alumnes de 3r Mar\u00e7 2023 <span style=\"background-color: #ffff00;\">NOU!<\/span><br \/>\n<a href=\"https:\/\/photos.app.goo.gl\/xzr3w22fsJTo1tsbA\" target=\"_blank\" rel=\"noopener\">Punt verd m\u00f2bil <\/a> Tota l&#8217;escola Mar\u00e7 2023 <span style=\"background-color: #ffff00;\">NOU!<\/span><br \/>\n<a href=\"https:\/\/photos.app.goo.gl\/qipBYzUUjNYpfFWZ8\" target=\"_blank\" rel=\"noopener\">La ciutat de Barcelona <\/a> Alumnes de 3r Febrer 2023 <span style=\"background-color: #ffff00;\">NOU!<\/span><br \/>\n<a href=\"https:\/\/photos.app.goo.gl\/YVibf2Xb1pDEip556\" target=\"_blank\" rel=\"noopener\">Planetari bombolla <\/a> Alumnes de I5 Febrer 2023 <span style=\"background-color: #ffff00;\">NOU!<\/span><br \/>\n<a href=\"https:\/\/photos.app.goo.gl\/UyRgaNvv1EUuKdt3A\" target=\"_blank\" rel=\"noopener\">Carnaval <\/a> Comunitat de mitjans Febrer 2023 <span style=\"background-color: #ffff00;\">NOU!<\/span><br \/>\n<a href=\"https:\/\/photos.app.goo.gl\/xgRURHbKfrD68ruH8\" target=\"_blank\" rel=\"noopener\">Dia de la Pau <\/a> Tota l&#8217;escola Gener 2023 <span style=\"background-color: #ffff00;\">NOU!<\/span><br \/>\n<a href=\"https:\/\/photos.app.goo.gl\/joXSH8Ly5nCs2vR29\" target=\"_blank\" rel=\"noopener\">Activitats Xamfr\u00e0 <\/a> Infants i fam\u00edlies I3 Gener 2023 <span style=\"background-color: #ffff00;\">NOU!<\/span><br \/>\n<a href=\"https:\/\/photos.app.goo.gl\/SNrWC6wdy4tP9v9w7\" target=\"_blank\" rel=\"noopener\">Tallers Steam <\/a> Tota l&#8217;escola Gener 2023 <span style=\"background-color: #ffff00;\">NOU!<\/span><br \/>\n<a href=\"https:\/\/photos.app.goo.gl\/Z4EFCArPV4CMGnPe7\" target=\"_blank\" rel=\"noopener\">Aqu\u00ed STEAM<\/a> Alumnes de 6\u00e8 Gener 2023<br \/>\n<a href=\"https:\/\/photos.app.goo.gl\/bFrHvSVv11J9HmWu8\" target=\"_blank\" rel=\"noopener\">Globus 2.0<\/a> Alumnes d&#8217;EI5 Gener 2023<br \/>\n<a href=\"https:\/\/photos.app.goo.gl\/SJMorVMxjkWLqnpq9\" target=\"_blank\" rel=\"noopener\">Fem cagar el ti\u00f3!<\/a> Comunitat de mitjans Desembre 2022<br \/>\nNadal:<\/p>\n<p style=\"padding-left: 40px;\"><a href=\"https:\/\/photos.app.goo.gl\/wbLA7UsGnteWsub3A\" target=\"_blank\" rel=\"noopener\">Volem un canvi<\/a> Alumnes de 6\u00e8 Desembre 2021<\/p>\n<p style=\"padding-left: 40px;\"><a href=\"https:\/\/photos.app.goo.gl\/3YMRhYQWxTrCqC1j8\" target=\"_blank\" rel=\"noopener\">Volem que el nou any&#8230;<\/a> Alumnes de 5\u00e8 Desembre 2021<\/p>\n<p style=\"padding-left: 40px;\"><a href=\"https:\/\/photos.app.goo.gl\/xWw3v9aPA5LAY27MA\" target=\"_blank\" rel=\"noopener\">\u00c9s Nadal al Verdaguer<\/a> Alumnes de 4t Desembre 2022<\/p>\n<p style=\"padding-left: 40px;\"><a href=\"https:\/\/photos.app.goo.gl\/791cdNv44p3kb6M18\" target=\"_blank\" rel=\"noopener\">Els Pastorets<\/a> Alumnes de 3r Desembre 2022<\/p>\n<p style=\"padding-left: 40px;\"><a href=\"https:\/\/photos.app.goo.gl\/AVeGNugkdh8ndDJW9\" target=\"_blank\" rel=\"noopener\">El til\u00b7ler<\/a> Alumnes de 2n Desembre 2022<\/p>\n<p style=\"padding-left: 40px;\"><a href=\"https:\/\/photos.app.goo.gl\/XqCT3bdxJ5kcRAMp9\" target=\"_blank\" rel=\"noopener\">Els borreguets<\/a> Alumnes de 1r Desembre 2022<\/p>\n<p style=\"padding-left: 40px;\"><a href=\"https:\/\/photos.app.goo.gl\/JrY8C84m7dFuatyu5\" target=\"_blank\" rel=\"noopener\">He fet un ninot de neu<\/a> Alumnes d&#8217;EI5 Desembre 2021<\/p>\n<p style=\"padding-left: 40px;\"><a href=\"https:\/\/photos.app.goo.gl\/MaGshDhMxCjbmpDS7\" target=\"_blank\" rel=\"noopener\">Primer ve el Nadal<\/a> Alumnes d&#8217;EI4 Desembre 2021<\/p>\n<p style=\"padding-left: 40px;\"><a href=\"https:\/\/photos.app.goo.gl\/hfB95mLbGiUgr8dp8\" target=\"_blank\" rel=\"noopener\">L&#8217;hivern ja ha arribat<\/a> Alumnes d&#8217;EI3 Desembre 2021<\/p>\n<p>\u00a0 \u00a0 \u00a0 \u00a0 <a href=\"https:\/\/photos.app.goo.gl\/9znU6uhDbEng5Ns49\" target=\"_blank\" rel=\"noopener\">\u00a0Constipat<\/a> Alumnes de EI3 i 6\u00e8 Desembre 2021<\/p>\n<p><a href=\"https:\/\/photos.app.goo.gl\/Ay5Gp2jPhvx8uKWw7\" target=\"_blank\" rel=\"noopener\">Preparaci\u00f3 Pastorets<\/a> Alumnes de 3r Desembre 2022<br \/>\n<a href=\"https:\/\/photos.app.goo.gl\/8CdrBbfg5QCLs4Zc8\" target=\"_blank\" rel=\"noopener\">Museu Mar\u00edtim<\/a> Alumnes de 6\u00e8 Desembre 2022<br \/>\n<a href=\"https:\/\/photos.app.goo.gl\/EBFq6FfdgNSEVUZ8A\" target=\"_blank\" rel=\"noopener\">Xerrada \u00c0lex Roca <\/a> Alumnes de 5\u00e8 i 6\u00e8 Novembre 2022<br \/>\n<a href=\"https:\/\/photos.app.goo.gl\/7KpFoZ7c7k1rpBtA9\" target=\"_blank\" rel=\"noopener\">Santa Cec\u00edlia<\/a> Tota l&#8217;escola Novembre 2022<br \/>\n<a href=\"https:\/\/photos.app.goo.gl\/jRJPxoDYKKeV94ED9\" target=\"_blank\" rel=\"noopener\">Sortida Can Mas<\/a> Alumnes d&#8217;EI5 Novembre 2022<br \/>\n<a href=\"https:\/\/photos.app.goo.gl\/XcjsoCSE4nSN24yR7\" target=\"_blank\" rel=\"noopener\">Col\u00f2nies<\/a> Alumnes de 6\u00e8 Octubre 2022<br \/>\n<a href=\"https:\/\/photos.app.goo.gl\/xmPAR3FZ8TbfCwqz9\" target=\"_blank\" rel=\"noopener\">Col\u00f2nies<\/a> Alumnes de 4t Octubre 2022<br \/>\n<a href=\"https:\/\/photos.app.goo.gl\/Ac4XBw3FuMzSjCpbA\" target=\"_blank\" rel=\"noopener\">Castanyada<\/a> Comunitat educativa Octubre 2022<br \/>\n<a href=\"https:\/\/photos.app.goo.gl\/ebU21pEbsFUxqiVc8\" target=\"_blank\" rel=\"noopener\">Col\u00f2nies<\/a> Alumnes de 2n Octubre 2022<\/p>\n","protected":false},"excerpt":{"rendered":"<p>Cloenda T\u00e0ndem Comunitat educativa Juny 2023 NOU! Gestos extraordinaris Alumnes de I5 Juny 2023 NOU! Col\u00f2nies Alumnes de I5 Maig 2023 NOU! Jocs Florals de districte Maig 2023 NOU! Sant Pon\u00e7 Comunitat de mitjans Maig 2023 NOU! Jocs Florals Tota l&#8217;escola Abril 2023 NOU! Dansa Ara Alumnes de 2n Abril 2023 NOU! Joc Perdut Alumnes [&hellip;]<\/p>\n","protected":false},"author":1,"featured_media":0,"parent":321,"menu_order":10,"comment_status":"closed","ping_status":"closed","template":"","meta":{"_bbp_topic_count":0,"_bbp_reply_count":0,"_bbp_total_topic_count":0,"_bbp_total_reply_count":0,"_bbp_voice_count":0,"_bbp_anonymous_reply_count":0,"_bbp_topic_count_hidden":0,"_bbp_reply_count_hidden":0,"_bbp_forum_subforum_count":0,"site-sidebar-layout":"default","site-content-layout":"","ast-site-content-layout":"","site-content-style":"default","site-sidebar-style":"default","ast-global-header-display":"","ast-banner-title-visibility":"","ast-main-header-display":"","ast-hfb-above-header-display":"","ast-hfb-below-header-display":"","ast-hfb-mobile-header-display":"","site-post-title":"","ast-breadcrumbs-content":"","ast-featured-img":"","footer-sml-layout":"","theme-transparent-header-meta":"","adv-header-id-meta":"","stick-header-meta":"","header-above-stick-meta":"","header-main-stick-meta":"","header-below-stick-meta":"","astra-migrate-meta-layouts":"default","ast-page-background-enabled":"default","ast-page-background-meta":{"desktop":{"background-color":"var(--ast-global-color-4)","background-image":"","background-repeat":"repeat","background-position":"center center","background-size":"auto","background-attachment":"scroll","background-type":"","background-media":"","overlay-type":"","overlay-color":"","overlay-opacity":"","overlay-gradient":""},"tablet":{"background-color":"","background-image":"","background-repeat":"repeat","background-position":"center center","background-size":"auto","background-attachment":"scroll","background-type":"","background-media":"","overlay-type":"","overlay-color":"","overlay-opacity":"","overlay-gradient":""},"mobile":{"background-color":"","background-image":"","background-repeat":"repeat","background-position":"center center","background-size":"auto","background-attachment":"scroll","background-type":"","background-media":"","overlay-type":"","overlay-color":"","overlay-opacity":"","overlay-gradient":""}},"ast-content-background-meta":{"desktop":{"background-color":"var(--ast-global-color-5)","background-image":"","background-repeat":"repeat","background-position":"center center","background-size":"auto","background-attachment":"scroll","background-type":"","background-media":"","overlay-type":"","overlay-color":"","overlay-opacity":"","overlay-gradient":""},"tablet":{"background-color":"var(--ast-global-color-5)","background-image":"","background-repeat":"repeat","background-position":"center center","background-size":"auto","background-attachment":"scroll","background-type":"","background-media":"","overlay-type":"","overlay-color":"","overlay-opacity":"","overlay-gradient":""},"mobile":{"background-color":"var(--ast-global-color-5)","background-image":"","background-repeat":"repeat","background-position":"center center","background-size":"auto","background-attachment":"scroll","background-type":"","background-media":"","overlay-type":"","overlay-color":"","overlay-opacity":"","overlay-gradient":""}},"footnotes":""},"class_list":["post-8951","page","type-page","status-publish","hentry"],"post_mailing_queue_ids":[],"_links":{"self":[{"href":"https:\/\/agora.xtec.cat\/ceip-mcinto-verdaguer\/wp-json\/wp\/v2\/pages\/8951","targetHints":{"allow":["GET"]}}],"collection":[{"href":"https:\/\/agora.xtec.cat\/ceip-mcinto-verdaguer\/wp-json\/wp\/v2\/pages"}],"about":[{"href":"https:\/\/agora.xtec.cat\/ceip-mcinto-verdaguer\/wp-json\/wp\/v2\/types\/page"}],"author":[{"embeddable":true,"href":"https:\/\/agora.xtec.cat\/ceip-mcinto-verdaguer\/wp-json\/wp\/v2\/users\/1"}],"replies":[{"embeddable":true,"href":"https:\/\/agora.xtec.cat\/ceip-mcinto-verdaguer\/wp-json\/wp\/v2\/comments?post=8951"}],"version-history":[{"count":3,"href":"https:\/\/agora.xtec.cat\/ceip-mcinto-verdaguer\/wp-json\/wp\/v2\/pages\/8951\/revisions"}],"predecessor-version":[{"id":9013,"href":"https:\/\/agora.xtec.cat\/ceip-mcinto-verdaguer\/wp-json\/wp\/v2\/pages\/8951\/revisions\/9013"}],"up":[{"embeddable":true,"href":"https:\/\/agora.xtec.cat\/ceip-mcinto-verdaguer\/wp-json\/wp\/v2\/pages\/321"}],"wp:attachment":[{"href":"https:\/\/agora.xtec.cat\/ceip-mcinto-verdaguer\/wp-json\/wp\/v2\/media?parent=8951"}],"curies":[{"name":"wp","href":"https:\/\/api.w.org\/{rel}","templated":true}]}}