{"id":8178,"date":"2021-12-12T20:43:37","date_gmt":"2021-12-12T19:43:37","guid":{"rendered":"https:\/\/agora.xtec.cat\/ceip-mcinto-verdaguer\/?page_id=8178"},"modified":"2021-12-21T15:36:17","modified_gmt":"2021-12-21T14:36:17","slug":"recursos-audiovisuals-per-quan-plou-en-temps-de-migdia","status":"publish","type":"page","link":"https:\/\/agora.xtec.cat\/ceip-mcinto-verdaguer\/serveis\/menjador-escolar\/recursos-audiovisuals-per-quan-plou-en-temps-de-migdia\/","title":{"rendered":"Recursos audiovisuals pels dies de pluja"},"content":{"rendered":"<p><a href=\"https:\/\/www.ccma.cat\/tv3\/super3\/cercador\/?q=les+tres+bessones\" target=\"_blank\" rel=\"noopener\">Les tres bessones\u00a0<\/a><\/p>\n<p><a href=\"https:\/\/www.ccma.cat\/tv3\/super3\/una-ma-de-contes\/tots-els-contes\/\" target=\"_blank\" rel=\"noopener\">Una m\u00e0 de contes\u00a0<\/a><\/p>\n<p><a href=\"https:\/\/www.ccma.cat\/tv3\/super3\/pelicules-super3\/totes-les-pelicules\/\" target=\"_blank\" rel=\"noopener\">Les pel\u00b7l\u00edcules del S\u00faper3<\/a><\/p>\n<p><a href=\"https:\/\/www.damarisgelabert.com\/videos\/\" target=\"_blank\" rel=\"noopener\">V\u00eddeos de la Damaris Gelabert<\/a><\/p>\n<p><a href=\"https:\/\/www.damarisgelabert.com\/videos\/\" target=\"_blank\" rel=\"noopener\">V\u00eddeos del pot petit<\/a><\/p>\n<p><a href=\"https:\/\/lacolla.apuntmedia.es\/alacarta\/els-contes-de-llorenc-gimenez\" target=\"_blank\" rel=\"noopener\">\u00c0udiocontes<\/a><\/p>\n<p><a href=\"https:\/\/www.youtube.com\/watch?v=gbNSF3jBsGs\" target=\"_blank\" rel=\"noopener\">Abecedari fon\u00e8tic<\/a><\/p>\n","protected":false},"excerpt":{"rendered":"<p>Les tres bessones\u00a0 Una m\u00e0 de contes\u00a0 Les pel\u00b7l\u00edcules del S\u00faper3 V\u00eddeos de la Damaris Gelabert V\u00eddeos del pot petit \u00c0udiocontes Abecedari fon\u00e8tic<\/p>\n","protected":false},"author":1,"featured_media":0,"parent":73,"menu_order":0,"comment_status":"closed","ping_status":"closed","template":"","meta":{"_bbp_topic_count":0,"_bbp_reply_count":0,"_bbp_total_topic_count":0,"_bbp_total_reply_count":0,"_bbp_voice_count":0,"_bbp_anonymous_reply_count":0,"_bbp_topic_count_hidden":0,"_bbp_reply_count_hidden":0,"_bbp_forum_subforum_count":0,"site-sidebar-layout":"default","site-content-layout":"","ast-site-content-layout":"","site-content-style":"default","site-sidebar-style":"default","ast-global-header-display":"","ast-banner-title-visibility":"","ast-main-header-display":"","ast-hfb-above-header-display":"","ast-hfb-below-header-display":"","ast-hfb-mobile-header-display":"","site-post-title":"","ast-breadcrumbs-content":"","ast-featured-img":"","footer-sml-layout":"","theme-transparent-header-meta":"","adv-header-id-meta":"","stick-header-meta":"","header-above-stick-meta":"","header-main-stick-meta":"","header-below-stick-meta":"","astra-migrate-meta-layouts":"default","ast-page-background-enabled":"default","ast-page-background-meta":{"desktop":{"background-color":"var(--ast-global-color-4)","background-image":"","background-repeat":"repeat","background-position":"center center","background-size":"auto","background-attachment":"scroll","background-type":"","background-media":"","overlay-type":"","overlay-color":"","overlay-opacity":"","overlay-gradient":""},"tablet":{"background-color":"","background-image":"","background-repeat":"repeat","background-position":"center center","background-size":"auto","background-attachment":"scroll","background-type":"","background-media":"","overlay-type":"","overlay-color":"","overlay-opacity":"","overlay-gradient":""},"mobile":{"background-color":"","background-image":"","background-repeat":"repeat","background-position":"center center","background-size":"auto","background-attachment":"scroll","background-type":"","background-media":"","overlay-type":"","overlay-color":"","overlay-opacity":"","overlay-gradient":""}},"ast-content-background-meta":{"desktop":{"background-color":"var(--ast-global-color-5)","background-image":"","background-repeat":"repeat","background-position":"center center","background-size":"auto","background-attachment":"scroll","background-type":"","background-media":"","overlay-type":"","overlay-color":"","overlay-opacity":"","overlay-gradient":""},"tablet":{"background-color":"var(--ast-global-color-5)","background-image":"","background-repeat":"repeat","background-position":"center center","background-size":"auto","background-attachment":"scroll","background-type":"","background-media":"","overlay-type":"","overlay-color":"","overlay-opacity":"","overlay-gradient":""},"mobile":{"background-color":"var(--ast-global-color-5)","background-image":"","background-repeat":"repeat","background-position":"center center","background-size":"auto","background-attachment":"scroll","background-type":"","background-media":"","overlay-type":"","overlay-color":"","overlay-opacity":"","overlay-gradient":""}},"footnotes":""},"class_list":["post-8178","page","type-page","status-publish","hentry"],"post_mailing_queue_ids":[],"_links":{"self":[{"href":"https:\/\/agora.xtec.cat\/ceip-mcinto-verdaguer\/wp-json\/wp\/v2\/pages\/8178","targetHints":{"allow":["GET"]}}],"collection":[{"href":"https:\/\/agora.xtec.cat\/ceip-mcinto-verdaguer\/wp-json\/wp\/v2\/pages"}],"about":[{"href":"https:\/\/agora.xtec.cat\/ceip-mcinto-verdaguer\/wp-json\/wp\/v2\/types\/page"}],"author":[{"embeddable":true,"href":"https:\/\/agora.xtec.cat\/ceip-mcinto-verdaguer\/wp-json\/wp\/v2\/users\/1"}],"replies":[{"embeddable":true,"href":"https:\/\/agora.xtec.cat\/ceip-mcinto-verdaguer\/wp-json\/wp\/v2\/comments?post=8178"}],"version-history":[{"count":3,"href":"https:\/\/agora.xtec.cat\/ceip-mcinto-verdaguer\/wp-json\/wp\/v2\/pages\/8178\/revisions"}],"predecessor-version":[{"id":8240,"href":"https:\/\/agora.xtec.cat\/ceip-mcinto-verdaguer\/wp-json\/wp\/v2\/pages\/8178\/revisions\/8240"}],"up":[{"embeddable":true,"href":"https:\/\/agora.xtec.cat\/ceip-mcinto-verdaguer\/wp-json\/wp\/v2\/pages\/73"}],"wp:attachment":[{"href":"https:\/\/agora.xtec.cat\/ceip-mcinto-verdaguer\/wp-json\/wp\/v2\/media?parent=8178"}],"curies":[{"name":"wp","href":"https:\/\/api.w.org\/{rel}","templated":true}]}}