{"id":8024,"date":"2021-11-04T10:18:46","date_gmt":"2021-11-04T09:18:46","guid":{"rendered":"https:\/\/agora.xtec.cat\/ceip-mcinto-verdaguer\/?page_id=8024"},"modified":"2022-05-23T13:33:27","modified_gmt":"2022-05-23T11:33:27","slug":"videos-2021-22","status":"publish","type":"page","link":"https:\/\/agora.xtec.cat\/ceip-mcinto-verdaguer\/fotos-i-videos\/videos\/videos-2021-22\/","title":{"rendered":"V\u00eddeos 2021-22"},"content":{"rendered":"<p style=\"padding-left: 40px;\"><a href=\"https:\/\/youtu.be\/HpTBRmbiDo0\" target=\"_blank\" rel=\"noopener\">Dansa Ara<\/a> Alumnes de 2n Abril 2022 <span style=\"background-color: #ffff00;\">NOU!<\/span><\/p>\n<p style=\"padding-left: 40px;\"><a href=\"https:\/\/youtu.be\/x1hAP--ms1w\" target=\"_blank\" rel=\"noopener\">Cim de les \u00c0ligues<\/a> Alumnes de 3r Mar\u00e7 2022 <span style=\"background-color: #ffff00;\">NOU!<\/span><\/p>\n<p style=\"padding-left: 40px;\"><a href=\"https:\/\/youtu.be\/KFWAkRKgl7A\" target=\"_blank\" rel=\"noopener\">1r berenar musical<\/a> Comunitat educativa Desembre 2021 <span style=\"background-color: #ffff00;\">NOU!<\/span><\/p>\n<p>Nadal:<\/p>\n<p style=\"padding-left: 40px;\"><a href=\"https:\/\/youtu.be\/PfEHH4RhjIw\" target=\"_blank\" rel=\"noopener\">Banaha<\/a> Alumnes de 6\u00e8 Desembre 2021<\/p>\n<p style=\"padding-left: 40px;\"><a href=\"https:\/\/youtu.be\/AfIFXrWLK0w\" target=\"_blank\" rel=\"noopener\">M\u00f3n<\/a> Alumnes de 5\u00e8 Desembre 2021<\/p>\n<p style=\"padding-left: 40px;\"><a href=\"https:\/\/youtu.be\/9_1ZFJjN-VA\" target=\"_blank\" rel=\"noopener\">Aquest any al ti\u00f3 li volem demanar<\/a> Alumnes de 4t Desembre 2021<\/p>\n<p style=\"padding-left: 40px;\"><a href=\"https:\/\/www.youtube.com\/watch?v=keVgG08OZMg\" target=\"_blank\" rel=\"noopener\">Els Pastorets<\/a> Alumnes de 3r Desembre 2021<\/p>\n<p style=\"padding-left: 40px;\"><a href=\"https:\/\/www.youtube.com\/watch?v=2hdXV426LmI\" target=\"_blank\" rel=\"noopener\">L&#8217;hivern<\/a> Alumnes de 2n Desembre 2021<\/p>\n<p style=\"padding-left: 40px;\"><a href=\"https:\/\/www.youtube.com\/watch?v=dy7U84tAQYs\" target=\"_blank\" rel=\"noopener\">Ja venen els Reis<\/a> Alumnes de 1r Desembre 2021<\/p>\n<p style=\"padding-left: 40px;\"><a href=\"https:\/\/youtu.be\/Sx7ngG6NH24\" target=\"_blank\" rel=\"noopener\">Nadal de colors<\/a> Alumnes de P5 Desembre 2021<\/p>\n<p>\u00a0 \u00a0 \u00a0 \u00a0 <a href=\"https:\/\/youtu.be\/1IcrQXODXgc\" target=\"_blank\" rel=\"noopener\">\u00a0Dansa improvisada<\/a>. P5<\/p>\n<p style=\"padding-left: 40px;\"><a href=\"https:\/\/youtu.be\/WahxUFHneEI\" target=\"_blank\" rel=\"noopener\">La can\u00e7\u00f3 de la felicitat<\/a> Alumnes de P4 Desembre 2021<\/p>\n<p style=\"padding-left: 40px;\"><a href=\"https:\/\/youtu.be\/JlwDctffoig\" target=\"_blank\" rel=\"noopener\">Una estrella jo far\u00e9<\/a> Alumnes de P3 Desembre 2021<\/p>\n<p><a href=\"https:\/\/youtu.be\/UG9E5WA82dI\" target=\"_blank\" rel=\"noopener\"><strong>\u00a0 \u00a0 \u00a0 \u00a0 \u00a0LA COMUNITAT PETITA REGALA PETONS\u00a0\u00a0\u00a0\u00a0\u00a0\u00a0\u00a0\u00a0\u00a0\u00a0\u00a0\u00a0\u00a0\u00a0\u00a0\u00a0\u00a0\u00a0\u00a0\u00a0\u00a0\u00a0\u00a0\u00a0\u00a0\u00a0\u00a0\u00a0\u00a0\u00a0\u00a0<\/strong><\/a><\/p>\n","protected":false},"excerpt":{"rendered":"<p>Dansa Ara Alumnes de 2n Abril 2022 NOU! Cim de les \u00c0ligues Alumnes de 3r Mar\u00e7 2022 NOU! 1r berenar musical Comunitat educativa Desembre 2021 NOU! Nadal: Banaha Alumnes de 6\u00e8 Desembre 2021 M\u00f3n Alumnes de 5\u00e8 Desembre 2021 Aquest any al ti\u00f3 li volem demanar Alumnes de 4t Desembre 2021 Els Pastorets Alumnes de [&hellip;]<\/p>\n","protected":false},"author":1,"featured_media":0,"parent":323,"menu_order":9,"comment_status":"closed","ping_status":"closed","template":"","meta":{"_bbp_topic_count":0,"_bbp_reply_count":0,"_bbp_total_topic_count":0,"_bbp_total_reply_count":0,"_bbp_voice_count":0,"_bbp_anonymous_reply_count":0,"_bbp_topic_count_hidden":0,"_bbp_reply_count_hidden":0,"_bbp_forum_subforum_count":0,"site-sidebar-layout":"default","site-content-layout":"","ast-site-content-layout":"","site-content-style":"default","site-sidebar-style":"default","ast-global-header-display":"","ast-banner-title-visibility":"","ast-main-header-display":"","ast-hfb-above-header-display":"","ast-hfb-below-header-display":"","ast-hfb-mobile-header-display":"","site-post-title":"","ast-breadcrumbs-content":"","ast-featured-img":"","footer-sml-layout":"","theme-transparent-header-meta":"","adv-header-id-meta":"","stick-header-meta":"","header-above-stick-meta":"","header-main-stick-meta":"","header-below-stick-meta":"","astra-migrate-meta-layouts":"default","ast-page-background-enabled":"default","ast-page-background-meta":{"desktop":{"background-color":"var(--ast-global-color-4)","background-image":"","background-repeat":"repeat","background-position":"center center","background-size":"auto","background-attachment":"scroll","background-type":"","background-media":"","overlay-type":"","overlay-color":"","overlay-opacity":"","overlay-gradient":""},"tablet":{"background-color":"","background-image":"","background-repeat":"repeat","background-position":"center center","background-size":"auto","background-attachment":"scroll","background-type":"","background-media":"","overlay-type":"","overlay-color":"","overlay-opacity":"","overlay-gradient":""},"mobile":{"background-color":"","background-image":"","background-repeat":"repeat","background-position":"center center","background-size":"auto","background-attachment":"scroll","background-type":"","background-media":"","overlay-type":"","overlay-color":"","overlay-opacity":"","overlay-gradient":""}},"ast-content-background-meta":{"desktop":{"background-color":"var(--ast-global-color-5)","background-image":"","background-repeat":"repeat","background-position":"center center","background-size":"auto","background-attachment":"scroll","background-type":"","background-media":"","overlay-type":"","overlay-color":"","overlay-opacity":"","overlay-gradient":""},"tablet":{"background-color":"var(--ast-global-color-5)","background-image":"","background-repeat":"repeat","background-position":"center center","background-size":"auto","background-attachment":"scroll","background-type":"","background-media":"","overlay-type":"","overlay-color":"","overlay-opacity":"","overlay-gradient":""},"mobile":{"background-color":"var(--ast-global-color-5)","background-image":"","background-repeat":"repeat","background-position":"center center","background-size":"auto","background-attachment":"scroll","background-type":"","background-media":"","overlay-type":"","overlay-color":"","overlay-opacity":"","overlay-gradient":""}},"footnotes":""},"class_list":["post-8024","page","type-page","status-publish","hentry"],"post_mailing_queue_ids":[],"_links":{"self":[{"href":"https:\/\/agora.xtec.cat\/ceip-mcinto-verdaguer\/wp-json\/wp\/v2\/pages\/8024","targetHints":{"allow":["GET"]}}],"collection":[{"href":"https:\/\/agora.xtec.cat\/ceip-mcinto-verdaguer\/wp-json\/wp\/v2\/pages"}],"about":[{"href":"https:\/\/agora.xtec.cat\/ceip-mcinto-verdaguer\/wp-json\/wp\/v2\/types\/page"}],"author":[{"embeddable":true,"href":"https:\/\/agora.xtec.cat\/ceip-mcinto-verdaguer\/wp-json\/wp\/v2\/users\/1"}],"replies":[{"embeddable":true,"href":"https:\/\/agora.xtec.cat\/ceip-mcinto-verdaguer\/wp-json\/wp\/v2\/comments?post=8024"}],"version-history":[{"count":3,"href":"https:\/\/agora.xtec.cat\/ceip-mcinto-verdaguer\/wp-json\/wp\/v2\/pages\/8024\/revisions"}],"predecessor-version":[{"id":8684,"href":"https:\/\/agora.xtec.cat\/ceip-mcinto-verdaguer\/wp-json\/wp\/v2\/pages\/8024\/revisions\/8684"}],"up":[{"embeddable":true,"href":"https:\/\/agora.xtec.cat\/ceip-mcinto-verdaguer\/wp-json\/wp\/v2\/pages\/323"}],"wp:attachment":[{"href":"https:\/\/agora.xtec.cat\/ceip-mcinto-verdaguer\/wp-json\/wp\/v2\/media?parent=8024"}],"curies":[{"name":"wp","href":"https:\/\/api.w.org\/{rel}","templated":true}]}}