{"id":8022,"date":"2021-11-04T10:17:33","date_gmt":"2021-11-04T09:17:33","guid":{"rendered":"https:\/\/agora.xtec.cat\/ceip-mcinto-verdaguer\/?page_id=8022"},"modified":"2022-11-04T16:24:23","modified_gmt":"2022-11-04T15:24:23","slug":"fotos-2021-22","status":"publish","type":"page","link":"https:\/\/agora.xtec.cat\/ceip-mcinto-verdaguer\/fotos-i-videos\/fotos\/fotos-2021-22\/","title":{"rendered":"Fotos 2021-22"},"content":{"rendered":"<p><a href=\"https:\/\/photos.app.goo.gl\/DTq9NeQbpGdsprQV7\" target=\"_blank\" rel=\"noopener\">Cloenda projecte T\u00e0ndem<\/a> Comunitat petits Juny 2022<br \/>\n<a href=\"https:\/\/photos.app.goo.gl\/Jn8g9Jvb8vWHoFQFA\" target=\"_blank\" rel=\"noopener\">Cloenda projecte T\u00e0ndem<\/a> Comunitat mitjans Juny 2022<br \/>\n<a href=\"https:\/\/photos.app.goo.gl\/JpHarcPPf3WvnbXW7\" target=\"_blank\" rel=\"noopener\">Cloenda projecte T\u00e0ndem<\/a> Comunitat grans Juny 2022<br \/>\n<a href=\"https:\/\/photos.app.goo.gl\/V1ztaqCopW9avPJAA\" target=\"_blank\" rel=\"noopener\">Carnets Patrimonia&#8217;m<\/a> Alumnes 5\u00e8 Juny 2022<br \/>\n<a href=\"https:\/\/photos.app.goo.gl\/qNz3kAHLUEbZXjMX6\" target=\"_blank\" rel=\"noopener\">Visita al Planetari<\/a> Alumnes 4t Juny 2022<br \/>\n<a href=\"https:\/\/photos.app.goo.gl\/bVfy8VmtmFxXYB1i8\" target=\"_blank\" rel=\"noopener\">Patina amb ritme<\/a> Alumnes 3r Maig 2022<br \/>\n<a href=\"https:\/\/photos.app.goo.gl\/znus5hgsr7rdK1GF7\" target=\"_blank\" rel=\"noopener\">Cloenda Apadrina el teu equipament<\/a> Alumnes 6\u00e8 Maig 2022<br \/>\n<a href=\"https:\/\/photos.app.goo.gl\/WpTk6XzRjhymUQnY9\" target=\"_blank\" rel=\"noopener\">Taller de r\u00e0dio<\/a> Alumnes 4t Maig 2022<br \/>\n<a href=\"https:\/\/photos.app.goo.gl\/644vsQmniSsYs8jf6\" target=\"_blank\" rel=\"noopener\">Fira de Sant Pon\u00e7<\/a> Comunitat educativa Maig 2022<br \/>\n<a href=\"https:\/\/photos.app.goo.gl\/Ayp3Rf6fVLd7Kyq7A\" target=\"_blank\" rel=\"noopener\">Preparant Sant Pon\u00e7<\/a> Alumnes de 1r Maig 2022<br \/>\n<a href=\"https:\/\/photos.app.goo.gl\/hP7hNjtc5gzFxQpv5\" target=\"_blank\" rel=\"noopener\">Els sentits a la platja<\/a> Alumnes 1r Abril 2022<br \/>\n<a href=\"https:\/\/photos.app.goo.gl\/3AUngBvju5QU2Wkv8\" target=\"_blank\" rel=\"noopener\">Joc perdut<\/a> Alumnes P5 Abril 2022<br \/>\n<a href=\"https:\/\/photos.app.goo.gl\/PghLgK1KUC5fo6rM7\" target=\"_blank\" rel=\"noopener\">Jornada esportiva grans<\/a> Alumnes comunitat grans Abril 2022<br \/>\n<a href=\"https:\/\/photos.app.goo.gl\/G926CgrCA4Jzv5FQ9\" target=\"_blank\" rel=\"noopener\">Jornada esportiva petits<\/a> Alumnes comunitat petits Abril 2022<br \/>\n<a href=\"https:\/\/photos.app.goo.gl\/q81Nbg98kZpTJMFB7\" target=\"_blank\" rel=\"noopener\">Dansa Ara<\/a> Alumnes 2n Abril 2022<br \/>\n<a href=\"https:\/\/photos.app.goo.gl\/ZcDLg4xuMpdyF9qq5\" target=\"_blank\" rel=\"noopener\">Col\u00f2nies<\/a> Alumnes P5 Abril 2022<br \/>\n<a href=\"https:\/\/photos.app.goo.gl\/PTLeQgqWjBiCrQVs7\" target=\"_blank\" rel=\"noopener\">Cim de les \u00c0ligues<\/a> Alumnes 3r Mar\u00e7 2022<br \/>\n<a href=\"https:\/\/photos.app.goo.gl\/GSsa2ij6v8QZAe1E7\" target=\"_blank\" rel=\"noopener\">Planetari bombolla<\/a> Alumnes P5 Febrer 2022<br \/>\n<a href=\"https:\/\/photos.app.goo.gl\/hYL38iWxugXTYMtj9\" target=\"_blank\" rel=\"noopener\">Sortida al MAC<\/a> Alumnes 4t Febrer 2022<br \/>\n<a href=\"https:\/\/photos.app.goo.gl\/ibdG6Ekmbw3Y7Ecn6\" target=\"_blank\" rel=\"noopener\">STEAM <\/a> Alumnes 1r i 2n Gener 2022<br \/>\nNadal:<\/p>\n<p style=\"padding-left: 40px;\"><a href=\"https:\/\/photos.app.goo.gl\/JgeDMNJbYBBK6GuM7\" target=\"_blank\" rel=\"noopener\">Banaha<\/a> Alumnes de 6\u00e8 Desembre 2021<\/p>\n<p style=\"padding-left: 40px;\"><a href=\"https:\/\/photos.app.goo.gl\/Mx9yjP5v2xdy2CVU9\" target=\"_blank\" rel=\"noopener\">M\u00f3n<\/a> Alumnes de 5\u00e8 Desembre 2021<\/p>\n<p style=\"padding-left: 40px;\"><a href=\"https:\/\/photos.app.goo.gl\/NrcXP6dZ1sxyYQi67\" target=\"_blank\" rel=\"noopener\">Aquest any al ti\u00f3 li volem demanar<\/a> Alumnes de 4t Desembre 2021<\/p>\n<p style=\"padding-left: 40px;\"><a href=\"https:\/\/photos.app.goo.gl\/jLZafPyauR49wfru5\" target=\"_blank\" rel=\"noopener\">Els Pastorets<\/a> Alumnes de 3r Desembre 2021<\/p>\n<p style=\"padding-left: 40px;\"><a href=\"https:\/\/photos.app.goo.gl\/jkikVqYwF3781a5h9\" target=\"_blank\" rel=\"noopener\">L&#8217;hivern<\/a> Alumnes de 2n Desembre 2021<\/p>\n<p style=\"padding-left: 40px;\"><a href=\"https:\/\/photos.app.goo.gl\/ZyY8QB3iet9dfnsR8\" target=\"_blank\" rel=\"noopener\">Ja venen els Reis<\/a> Alumnes de 1r Desembre 2021<\/p>\n<p style=\"padding-left: 40px;\"><a href=\"https:\/\/photos.app.goo.gl\/syMwmDB9kdWRhdyo7\" target=\"_blank\" rel=\"noopener\">Nadal de colors<\/a> Alumnes de P5 Desembre 2021<\/p>\n<p style=\"padding-left: 40px;\"><a href=\"https:\/\/photos.app.goo.gl\/V1Q8kMWki9s86yNV8\" target=\"_blank\" rel=\"noopener\">La can\u00e7\u00f3 de la felicitat<\/a> Alumnes de P4 Desembre 2021<\/p>\n<p style=\"padding-left: 40px;\"><a href=\"https:\/\/photos.app.goo.gl\/FDUqG9m9HybYSzwT6\" target=\"_blank\" rel=\"noopener\">Una estrella jo far\u00e9<\/a> Alumnes de P3 Desembre 2021<\/p>\n<p><a href=\"https:\/\/photos.app.goo.gl\/DH7jYLjdccDmrZ5q8\" target=\"_blank\" rel=\"noopener\">Sortida al Born<\/a> Alumnes 6\u00e8 Desembre 2021<br \/>\n<a href=\"https:\/\/photos.app.goo.gl\/qbRMpKPTWxsWz2sZ9\" target=\"_blank\" rel=\"noopener\">Globus 2.0<\/a> Alumnes P5 Desembre 2021<br \/>\n<a href=\"https:\/\/photos.app.goo.gl\/xjRg8jgc8rVcgwNC7\" target=\"_blank\" rel=\"noopener\">Treball del cos<\/a> Alumnes 1r Novembre 2021<br \/>\n<a href=\"https:\/\/photos.app.goo.gl\/VDmB4kcX2NuBKPco6\" target=\"_blank\" rel=\"noopener\">Poble Espanyol<\/a> Alumnes P5 Novembre 2021<br \/>\n<a href=\"https:\/\/photos.app.goo.gl\/2af2uFcFKrjhidhm8\" target=\"_blank\" rel=\"noopener\">Castanyada<\/a> Alumnes de tota l\u2019escola Octubre 2021<br \/>\n<a href=\"https:\/\/photos.app.goo.gl\/knp2gmfrmsrLi96D9\" target=\"_blank\" rel=\"noopener\">Col\u00f2nies 6\u00e8<\/a> Alumnes de 6\u00e8 Octubre 2021<br \/>\n<a href=\"https:\/\/photos.app.goo.gl\/CrG8cpRNL4PBbtWj6\" target=\"_blank\" rel=\"noopener\">Col\u00f2nies 4t<\/a> Alumnes de 4t Octubre 2021<br \/>\n<a href=\"https:\/\/photos.app.goo.gl\/P9S5xPDc8uvNUSZv8\" target=\"_blank\" rel=\"noopener\">Col\u00f2nies 2n<\/a> Alumnes de 2n Octubre 2021<br \/>\n<a href=\"https:\/\/photos.app.goo.gl\/s6vWzFov3NGBbrwn8&quot;\" target=\"_blank\" rel=\"noopener\">Primera setmana de curs<\/a> Alumnes de tota l&#8217;escola Setembre 2021<\/p>\n","protected":false},"excerpt":{"rendered":"<p>Cloenda projecte T\u00e0ndem Comunitat petits Juny 2022 Cloenda projecte T\u00e0ndem Comunitat mitjans Juny 2022 Cloenda projecte T\u00e0ndem Comunitat grans Juny 2022 Carnets Patrimonia&#8217;m Alumnes 5\u00e8 Juny 2022 Visita al Planetari Alumnes 4t Juny 2022 Patina amb ritme Alumnes 3r Maig 2022 Cloenda Apadrina el teu equipament Alumnes 6\u00e8 Maig 2022 Taller de r\u00e0dio Alumnes 4t [&hellip;]<\/p>\n","protected":false},"author":1,"featured_media":0,"parent":321,"menu_order":9,"comment_status":"closed","ping_status":"closed","template":"","meta":{"_bbp_topic_count":0,"_bbp_reply_count":0,"_bbp_total_topic_count":0,"_bbp_total_reply_count":0,"_bbp_voice_count":0,"_bbp_anonymous_reply_count":0,"_bbp_topic_count_hidden":0,"_bbp_reply_count_hidden":0,"_bbp_forum_subforum_count":0,"site-sidebar-layout":"default","site-content-layout":"","ast-site-content-layout":"","site-content-style":"default","site-sidebar-style":"default","ast-global-header-display":"","ast-banner-title-visibility":"","ast-main-header-display":"","ast-hfb-above-header-display":"","ast-hfb-below-header-display":"","ast-hfb-mobile-header-display":"","site-post-title":"","ast-breadcrumbs-content":"","ast-featured-img":"","footer-sml-layout":"","theme-transparent-header-meta":"","adv-header-id-meta":"","stick-header-meta":"","header-above-stick-meta":"","header-main-stick-meta":"","header-below-stick-meta":"","astra-migrate-meta-layouts":"default","ast-page-background-enabled":"default","ast-page-background-meta":{"desktop":{"background-color":"var(--ast-global-color-4)","background-image":"","background-repeat":"repeat","background-position":"center center","background-size":"auto","background-attachment":"scroll","background-type":"","background-media":"","overlay-type":"","overlay-color":"","overlay-opacity":"","overlay-gradient":""},"tablet":{"background-color":"","background-image":"","background-repeat":"repeat","background-position":"center center","background-size":"auto","background-attachment":"scroll","background-type":"","background-media":"","overlay-type":"","overlay-color":"","overlay-opacity":"","overlay-gradient":""},"mobile":{"background-color":"","background-image":"","background-repeat":"repeat","background-position":"center center","background-size":"auto","background-attachment":"scroll","background-type":"","background-media":"","overlay-type":"","overlay-color":"","overlay-opacity":"","overlay-gradient":""}},"ast-content-background-meta":{"desktop":{"background-color":"var(--ast-global-color-5)","background-image":"","background-repeat":"repeat","background-position":"center center","background-size":"auto","background-attachment":"scroll","background-type":"","background-media":"","overlay-type":"","overlay-color":"","overlay-opacity":"","overlay-gradient":""},"tablet":{"background-color":"var(--ast-global-color-5)","background-image":"","background-repeat":"repeat","background-position":"center center","background-size":"auto","background-attachment":"scroll","background-type":"","background-media":"","overlay-type":"","overlay-color":"","overlay-opacity":"","overlay-gradient":""},"mobile":{"background-color":"var(--ast-global-color-5)","background-image":"","background-repeat":"repeat","background-position":"center center","background-size":"auto","background-attachment":"scroll","background-type":"","background-media":"","overlay-type":"","overlay-color":"","overlay-opacity":"","overlay-gradient":""}},"footnotes":""},"class_list":["post-8022","page","type-page","status-publish","hentry"],"post_mailing_queue_ids":[],"_links":{"self":[{"href":"https:\/\/agora.xtec.cat\/ceip-mcinto-verdaguer\/wp-json\/wp\/v2\/pages\/8022","targetHints":{"allow":["GET"]}}],"collection":[{"href":"https:\/\/agora.xtec.cat\/ceip-mcinto-verdaguer\/wp-json\/wp\/v2\/pages"}],"about":[{"href":"https:\/\/agora.xtec.cat\/ceip-mcinto-verdaguer\/wp-json\/wp\/v2\/types\/page"}],"author":[{"embeddable":true,"href":"https:\/\/agora.xtec.cat\/ceip-mcinto-verdaguer\/wp-json\/wp\/v2\/users\/1"}],"replies":[{"embeddable":true,"href":"https:\/\/agora.xtec.cat\/ceip-mcinto-verdaguer\/wp-json\/wp\/v2\/comments?post=8022"}],"version-history":[{"count":4,"href":"https:\/\/agora.xtec.cat\/ceip-mcinto-verdaguer\/wp-json\/wp\/v2\/pages\/8022\/revisions"}],"predecessor-version":[{"id":8952,"href":"https:\/\/agora.xtec.cat\/ceip-mcinto-verdaguer\/wp-json\/wp\/v2\/pages\/8022\/revisions\/8952"}],"up":[{"embeddable":true,"href":"https:\/\/agora.xtec.cat\/ceip-mcinto-verdaguer\/wp-json\/wp\/v2\/pages\/321"}],"wp:attachment":[{"href":"https:\/\/agora.xtec.cat\/ceip-mcinto-verdaguer\/wp-json\/wp\/v2\/media?parent=8022"}],"curies":[{"name":"wp","href":"https:\/\/api.w.org\/{rel}","templated":true}]}}