{"id":717,"date":"2015-11-15T20:31:24","date_gmt":"2015-11-15T19:31:24","guid":{"rendered":"http:\/\/agora.xtec.cat\/ceip-mcinto-verdaguer\/?page_id=717"},"modified":"2019-11-02T23:06:57","modified_gmt":"2019-11-02T22:06:57","slug":"videos-2015-16","status":"publish","type":"page","link":"https:\/\/agora.xtec.cat\/ceip-mcinto-verdaguer\/fotos-i-videos\/videos\/videos-2015-16\/","title":{"rendered":"V\u00eddeos 2015-16"},"content":{"rendered":"<div style=\"text-align: center;\" align=\"left\">\n<pre style=\"text-align: justify;\"><a href=\"https:\/\/youtu.be\/QuRGRIuADtk\" target=\"_blank\" rel=\"noopener noreferrer\">Curts muts al Poble Sec <\/a> Cloenda T\u00e0ndem Alumnes de Sis\u00e8 Juny 2016 \r\n\r\n<\/pre>\n<div style=\"text-align: center;\" align=\"left\">\n<pre style=\"text-align: justify;\"><a href=\"https:\/\/youtu.be\/w7lZAxROsAU\" target=\"_blank\" rel=\"noopener noreferrer\">Tastet de Cant\u00e0nia \"Babaua\" <\/a> Cloenda T\u00e0ndem Alumnes de Quart Juny 2016 \r\n\r\n<\/pre>\n<div style=\"text-align: center;\" align=\"left\">\n<pre style=\"text-align: justify;\"><a href=\"https:\/\/youtu.be\/fxTwEpBUhyc\" target=\"_blank\" rel=\"noopener noreferrer\">Recordem els Pastorets <\/a> Cloenda T\u00e0ndem Alumnes de Tercer Juny 2016 \r\n\r\n<\/pre>\n<div style=\"text-align: center;\" align=\"left\">\n<pre style=\"text-align: justify;\"><a href=\"https:\/\/youtu.be\/Cqq2ovFSfVU\" target=\"_blank\" rel=\"noopener noreferrer\">Verdura i peix <\/a> Cloenda T\u00e0ndem Alumnes de Cicle Inicial Juny 2016 \r\n\r\n<\/pre>\n<div style=\"text-align: center;\" align=\"left\">\n<pre style=\"text-align: justify;\"><a href=\"https:\/\/youtu.be\/r8PdSq5yvyA\" target=\"_blank\" rel=\"noopener noreferrer\">Els planetes <\/a> Cloenda T\u00e0ndem Alumnes de P5 Juny 2016 \r\n\r\n<\/pre>\n<div style=\"text-align: center;\" align=\"left\">\n<pre style=\"text-align: justify;\"><a href=\"https:\/\/youtu.be\/c_uSDk2fEdg\" target=\"_blank\" rel=\"noopener noreferrer\">L'Edat Mitjana <\/a> Cloenda T\u00e0ndem Alumnes de P4 Juny 2016 \r\n\r\n<\/pre>\n<div style=\"text-align: center;\" align=\"left\">\n<pre style=\"text-align: justify;\"><a href=\"https:\/\/vimeo.com\/173638296\" target=\"_blank\" rel=\"noopener noreferrer\">Els animals de la granja <\/a> Cloenda T\u00e0ndem Alumnes de P3 Juny 2016 \r\n\r\n<\/pre>\n<div style=\"text-align: center;\" align=\"left\">\n<pre style=\"text-align: justify;\"><a href=\"https:\/\/www.youtube.com\/watch?v=rqaBYcPKswM\" target=\"_blank\" rel=\"noopener noreferrer\">Teatre extraescolars <\/a> Cloenda T\u00e0ndem Grup de petits Juny 2016 \r\n\r\n<\/pre>\n<div style=\"text-align: center;\" align=\"left\">\n<pre style=\"text-align: justify;\"><a href=\"https:\/\/youtu.be\/uElOOJVtEbY\" target=\"_blank\" rel=\"noopener noreferrer\">Tallers de corda <\/a> Cloenda T\u00e0ndem  Juny 2016 \r\n\r\n<\/pre>\n<div style=\"text-align: center;\" align=\"left\">\n<pre style=\"text-align: justify;\"><a href=\"https:\/\/youtu.be\/kw8sUqXiu-Q\" target=\"_blank\" rel=\"noopener noreferrer\">Inauguraci\u00f3 edifici nou<\/a> Comunitat educativa Mar\u00e7 2016 \r\n\r\n<\/pre>\n<div style=\"text-align: center;\" align=\"left\">\n<pre style=\"text-align: justify;\"><a href=\"https:\/\/vimeo.com\/169698129\" target=\"_blank\" rel=\"noopener noreferrer\">Cant\u00e0nia<\/a> Alumnes de 4t Juny 2016 \r\n\r\n<\/pre>\n<div style=\"text-align: center;\" align=\"left\">\n<pre style=\"text-align: justify;\"><a href=\"https:\/\/vimeo.com\/164062800\" target=\"_blank\" rel=\"noopener noreferrer\">Dansa Ara<\/a> Alumnes de 2n Abril 2016 \r\n\r\n<\/pre>\n<div style=\"text-align: center;\" align=\"left\">\n<pre style=\"text-align: justify;\"><a href=\"https:\/\/youtu.be\/TpJnrDsDad0\">L'escola creix<\/a> Comunitat educativa Mar\u00e7 2016 \r\n\r\n<\/pre>\n<div style=\"text-align: center;\" align=\"left\">\n<pre style=\"text-align: justify;\"><a href=\"https:\/\/youtu.be\/b3u2rMRHvkc\" target=\"_blank\" rel=\"noopener noreferrer\">Oh benvinguts al Verdaguer<\/a> Comunitat educativa Febrer 2016 \r\n\r\n<\/pre>\n<div style=\"text-align: center;\" align=\"left\">\n<pre style=\"text-align: justify;\"><a href=\"https:\/\/youtu.be\/47tYheWI1zk\" target=\"_blank\" rel=\"noopener noreferrer\">Patrimoniem la domus<\/a> Alumnes de 5\u00e8 Febrer 2016 \r\n\r\n<\/pre>\n<div style=\"text-align: center;\" align=\"left\">\n<pre style=\"text-align: justify;\"><a href=\"https:\/\/youtu.be\/YA7PblXzwyU\" target=\"_blank\" rel=\"noopener noreferrer\">El cicle de l'aigua dansat<\/a> Alumnes de 2n Gener 2016 \r\n\r\n<\/pre>\n<div style=\"text-align: center;\" align=\"left\">\n<pre style=\"text-align: justify;\"><a href=\"https:\/\/www.youtube.com\/watch?v=RemWKfYu5XE\" target=\"_blank\" rel=\"noopener noreferrer\">Concert de corals infantils a la Onze<\/a> Alumnes de 6\u00e8 Gener 2016 \r\n\r\n<\/pre>\n<pre style=\"text-align: justify;\">Nadal 2015:\r\n<a href=\"https:\/\/youtu.be\/CVdoclWYF_8\">\r\nActuaci\u00f3 taller de corda<\/a> Nadal 2015 \r\n\r\n<\/pre>\n<pre style=\"text-align: justify;\"><a href=\"https:\/\/youtu.be\/Rt_NhTVjZh4\">\"Happy day\"<\/a> Tota l'escola canta. Nadal 2015 \r\n\r\n<\/pre>\n<pre style=\"text-align: justify;\"><a href=\"https:\/\/youtu.be\/VQYJUHryLns\">\"Ara ve Nadal\"<\/a> Alunnes de P3 Nadal 2015 \r\n\r\n<\/pre>\n<pre style=\"text-align: justify;\"><a href=\"https:\/\/youtu.be\/m55X3NadbD8\">\"Una estrella\"<\/a> Alumnes de P4 Nadal 2015 \r\n\r\n<\/pre>\n<pre style=\"text-align: justify;\"><a href=\"https:\/\/youtu.be\/xnNzDnz5XKo\">\"A Betlem van dos pastors\"<\/a> Alumnes de P5 Nadal 2015 \r\n\r\n<a href=\"https:\/\/youtu.be\/_3RlxF6tuzo\">\r\n\"El ninot de neu\"<\/a> Alumnes de 1r Nadal 2015\u00a0\r\n\r\n<\/pre>\n<pre style=\"text-align: justify;\"><a href=\"https:\/\/youtu.be\/bWUj6liLKSI\">\" Ja ve Nadal\"<\/a> Alumnes de 2n Nadal 2015 \r\n\r\n\r\n<a href=\"https:\/\/youtu.be\/hX6-SMbntB0\">\"Teatre els Pastorets\"<\/a> Alumnes de 3r Nadal 2015 \r\n\r\n<\/pre>\n<pre style=\"text-align: justify;\"><a href=\"https:\/\/youtu.be\/UD509xcJ7hs\">\"Un camell d'Orient\"<\/a> Alumnes de 4t Nadal 2015\u00a0 \r\n\r\n<\/pre>\n<pre style=\"text-align: justify;\"><a href=\"https:\/\/youtu.be\/fl9s05wqv-c\">\"\u00c9s un desig\"<\/a> Alumnes de 5\u00e8 Nadal 2015\u00a0 \r\n\r\n<a href=\"https:\/\/youtu.be\/WI8qGvpIlC0\">\"Beatles Mashap\"<\/a> Alumnes de 6\u00e8 Nadal 2015 \r\n\r\nCastanyada 2015:\r\n\r\n<a title=\"Rama Lama Ding Dong\" href=\"https:\/\/vimeo.com\/146224643\" target=\"_blank\" rel=\"noopener noreferrer\">\"Rama Lama Ding Dong\"<\/a> Alumnes de 4t Octubre 2015\r\n\r\n <a title=\"El rap de la castanya\" href=\"https:\/\/vimeo.com\/145614387\" target=\"_blank\" rel=\"noopener noreferrer\">\"El rap de la castanya\"<\/a> Alumnes de 3r Octubre 2015\r\n\r\n <a title=\"La dansa dels amics\" href=\"https:\/\/vimeo.com\/145614328\" target=\"_blank\" rel=\"noopener noreferrer\">\"La dansa dels amics\"<\/a> Alumnes de 2n Octubre 2015\r\n\r\n <a title=\"Ball del Rogle\" href=\"https:\/\/vimeo.com\/146224631\" target=\"_blank\" rel=\"noopener noreferrer\">\"Ball del Rogle\"<\/a> Alumnes de 1r Octubre 2015 \r\n\r\n <a title=\"El ball de la castanya\" href=\"https:\/\/vimeo.com\/145613863\" target=\"_blank\" rel=\"noopener noreferrer\">\"El ball de la castanya\"<\/a> Alumnes de P5 Octubre 2015 \r\n\r\n <a title=\"Marrameu\" href=\"https:\/\/vimeo.com\/145614309\" target=\"_blank\" rel=\"noopener noreferrer\">\"Marrameu\"<\/a> Alumnes de P4 Octubre 2015\r\n\r\n <a title=\"La castanyera\" href=\"https:\/\/vimeo.com\/145614287\" target=\"_blank\" rel=\"noopener noreferrer\">\"La castanyera\"<\/a> Alumnes de P3 Octubre 2015<\/pre>\n<\/div>\n<\/div>\n<\/div>\n<\/div>\n<\/div>\n<\/div>\n<\/div>\n<\/div>\n<\/div>\n<\/div>\n<\/div>\n<\/div>\n<\/div>\n<\/div>\n<\/div>\n<\/div>\n<\/div>\n","protected":false},"excerpt":{"rendered":"<p>Curts muts al Poble Sec Cloenda T\u00e0ndem Alumnes de Sis\u00e8 Juny 2016 Tastet de Cant\u00e0nia &#8220;Babaua&#8221; Cloenda T\u00e0ndem Alumnes de Quart Juny 2016 Recordem els Pastorets Cloenda T\u00e0ndem Alumnes de Tercer Juny 2016 Verdura i peix Cloenda T\u00e0ndem Alumnes de Cicle Inicial Juny 2016 Els planetes Cloenda T\u00e0ndem Alumnes de P5 Juny 2016 L&#8217;Edat Mitjana [&hellip;]<\/p>\n","protected":false},"author":3,"featured_media":0,"parent":323,"menu_order":3,"comment_status":"closed","ping_status":"closed","template":"","meta":{"_bbp_topic_count":0,"_bbp_reply_count":0,"_bbp_total_topic_count":0,"_bbp_total_reply_count":0,"_bbp_voice_count":0,"_bbp_anonymous_reply_count":0,"_bbp_topic_count_hidden":0,"_bbp_reply_count_hidden":0,"_bbp_forum_subforum_count":0,"site-sidebar-layout":"default","site-content-layout":"","ast-site-content-layout":"","site-content-style":"default","site-sidebar-style":"default","ast-global-header-display":"","ast-banner-title-visibility":"","ast-main-header-display":"","ast-hfb-above-header-display":"","ast-hfb-below-header-display":"","ast-hfb-mobile-header-display":"","site-post-title":"","ast-breadcrumbs-content":"","ast-featured-img":"","footer-sml-layout":"","theme-transparent-header-meta":"","adv-header-id-meta":"","stick-header-meta":"","header-above-stick-meta":"","header-main-stick-meta":"","header-below-stick-meta":"","astra-migrate-meta-layouts":"default","ast-page-background-enabled":"default","ast-page-background-meta":{"desktop":{"background-color":"var(--ast-global-color-4)","background-image":"","background-repeat":"repeat","background-position":"center center","background-size":"auto","background-attachment":"scroll","background-type":"","background-media":"","overlay-type":"","overlay-color":"","overlay-opacity":"","overlay-gradient":""},"tablet":{"background-color":"","background-image":"","background-repeat":"repeat","background-position":"center center","background-size":"auto","background-attachment":"scroll","background-type":"","background-media":"","overlay-type":"","overlay-color":"","overlay-opacity":"","overlay-gradient":""},"mobile":{"background-color":"","background-image":"","background-repeat":"repeat","background-position":"center center","background-size":"auto","background-attachment":"scroll","background-type":"","background-media":"","overlay-type":"","overlay-color":"","overlay-opacity":"","overlay-gradient":""}},"ast-content-background-meta":{"desktop":{"background-color":"var(--ast-global-color-5)","background-image":"","background-repeat":"repeat","background-position":"center center","background-size":"auto","background-attachment":"scroll","background-type":"","background-media":"","overlay-type":"","overlay-color":"","overlay-opacity":"","overlay-gradient":""},"tablet":{"background-color":"var(--ast-global-color-5)","background-image":"","background-repeat":"repeat","background-position":"center center","background-size":"auto","background-attachment":"scroll","background-type":"","background-media":"","overlay-type":"","overlay-color":"","overlay-opacity":"","overlay-gradient":""},"mobile":{"background-color":"var(--ast-global-color-5)","background-image":"","background-repeat":"repeat","background-position":"center center","background-size":"auto","background-attachment":"scroll","background-type":"","background-media":"","overlay-type":"","overlay-color":"","overlay-opacity":"","overlay-gradient":""}},"footnotes":""},"class_list":["post-717","page","type-page","status-publish","hentry"],"post_mailing_queue_ids":[],"_links":{"self":[{"href":"https:\/\/agora.xtec.cat\/ceip-mcinto-verdaguer\/wp-json\/wp\/v2\/pages\/717","targetHints":{"allow":["GET"]}}],"collection":[{"href":"https:\/\/agora.xtec.cat\/ceip-mcinto-verdaguer\/wp-json\/wp\/v2\/pages"}],"about":[{"href":"https:\/\/agora.xtec.cat\/ceip-mcinto-verdaguer\/wp-json\/wp\/v2\/types\/page"}],"author":[{"embeddable":true,"href":"https:\/\/agora.xtec.cat\/ceip-mcinto-verdaguer\/wp-json\/wp\/v2\/users\/3"}],"replies":[{"embeddable":true,"href":"https:\/\/agora.xtec.cat\/ceip-mcinto-verdaguer\/wp-json\/wp\/v2\/comments?post=717"}],"version-history":[{"count":5,"href":"https:\/\/agora.xtec.cat\/ceip-mcinto-verdaguer\/wp-json\/wp\/v2\/pages\/717\/revisions"}],"predecessor-version":[{"id":5839,"href":"https:\/\/agora.xtec.cat\/ceip-mcinto-verdaguer\/wp-json\/wp\/v2\/pages\/717\/revisions\/5839"}],"up":[{"embeddable":true,"href":"https:\/\/agora.xtec.cat\/ceip-mcinto-verdaguer\/wp-json\/wp\/v2\/pages\/323"}],"wp:attachment":[{"href":"https:\/\/agora.xtec.cat\/ceip-mcinto-verdaguer\/wp-json\/wp\/v2\/media?parent=717"}],"curies":[{"name":"wp","href":"https:\/\/api.w.org\/{rel}","templated":true}]}}