{"id":71,"date":"2014-09-18T12:44:56","date_gmt":"2014-09-18T12:44:56","guid":{"rendered":"http:\/\/agora.xtec.cat\/ceip-mcinto-verdaguer\/\/?page_id=71"},"modified":"2021-06-07T13:09:30","modified_gmt":"2021-06-07T11:09:30","slug":"serveis-digitals","status":"publish","type":"page","link":"https:\/\/agora.xtec.cat\/ceip-mcinto-verdaguer\/serveis\/serveis-digitals\/","title":{"rendered":"Serveis digitals"},"content":{"rendered":"<p>L&#8217;escola disposa d&#8217;un domini propi d&#8217;internet on est\u00e0 vinculat <a href=\"https:\/\/sites.google.com\/a\/escolamcinto-poblesec.cat\/appsescola\/\" target=\"_blank\" rel=\"noopener noreferrer\"><em>Google Apps for Education.<\/em><\/a><\/p>\n<p>Tots els mestres i els alumnes de prim\u00e0ria disposen d&#8217;un usuari i un compte de correu electr\u00f2nic que els hi permet utilitzar les eines pr\u00f2pies de Google amb finalitats educatives. Aquest us t\u00e9 lloc dins d&#8217;un entorn controlat i gestionat per l&#8217;escola.<\/p>\n<p>La utilitzaci\u00f3 de <em>Google Apps <\/em>ens permet avan\u00e7ar en el treball col\u00b7laboratiu, en l&#8217;\u00fas de documents compartits, en la implementaci\u00f3 d&#8217;eines inform\u00e0tiques per a l&#8217;aprenentatge continuat.<\/p>\n<p>L&#8217;escola disposa tamb\u00e9 d&#8217;una p\u00e0gina de\u00a0 <a href=\"https:\/\/www.facebook.com\/mcintoverdaguer\/\" target=\"_blank\" rel=\"noopener noreferrer\"><em>Facebook, <\/em><\/a>un compte de <em><a href=\"https:\/\/twitter.com\/mcintoverdaguer\" target=\"_blank\" rel=\"noopener noreferrer\">Twitter<\/a><\/em> i un d&#8217;<em><a href=\"https:\/\/www.instagram.com\/mcintoverdaguer\/\" target=\"_blank\" rel=\"noopener noreferrer\">Instagram<\/a><\/em> on podeu seguir l&#8217;actualitat del centre.<\/p>\n","protected":false},"excerpt":{"rendered":"<p>L&#8217;escola disposa d&#8217;un domini propi d&#8217;internet on est\u00e0 vinculat Google Apps for Education. Tots els mestres i els alumnes de prim\u00e0ria disposen d&#8217;un usuari i un compte de correu electr\u00f2nic que els hi permet utilitzar les eines pr\u00f2pies de Google amb finalitats educatives. Aquest us t\u00e9 lloc dins d&#8217;un entorn controlat i gestionat per l&#8217;escola. [&hellip;]<\/p>\n","protected":false},"author":2,"featured_media":0,"parent":66,"menu_order":10,"comment_status":"closed","ping_status":"closed","template":"page-templates\/side-menu.php","meta":{"_bbp_topic_count":0,"_bbp_reply_count":0,"_bbp_total_topic_count":0,"_bbp_total_reply_count":0,"_bbp_voice_count":0,"_bbp_anonymous_reply_count":0,"_bbp_topic_count_hidden":0,"_bbp_reply_count_hidden":0,"_bbp_forum_subforum_count":0,"site-sidebar-layout":"default","site-content-layout":"","ast-site-content-layout":"","site-content-style":"default","site-sidebar-style":"default","ast-global-header-display":"","ast-banner-title-visibility":"","ast-main-header-display":"","ast-hfb-above-header-display":"","ast-hfb-below-header-display":"","ast-hfb-mobile-header-display":"","site-post-title":"","ast-breadcrumbs-content":"","ast-featured-img":"","footer-sml-layout":"","theme-transparent-header-meta":"","adv-header-id-meta":"","stick-header-meta":"","header-above-stick-meta":"","header-main-stick-meta":"","header-below-stick-meta":"","astra-migrate-meta-layouts":"default","ast-page-background-enabled":"default","ast-page-background-meta":{"desktop":{"background-color":"var(--ast-global-color-4)","background-image":"","background-repeat":"repeat","background-position":"center center","background-size":"auto","background-attachment":"scroll","background-type":"","background-media":"","overlay-type":"","overlay-color":"","overlay-opacity":"","overlay-gradient":""},"tablet":{"background-color":"","background-image":"","background-repeat":"repeat","background-position":"center center","background-size":"auto","background-attachment":"scroll","background-type":"","background-media":"","overlay-type":"","overlay-color":"","overlay-opacity":"","overlay-gradient":""},"mobile":{"background-color":"","background-image":"","background-repeat":"repeat","background-position":"center center","background-size":"auto","background-attachment":"scroll","background-type":"","background-media":"","overlay-type":"","overlay-color":"","overlay-opacity":"","overlay-gradient":""}},"ast-content-background-meta":{"desktop":{"background-color":"var(--ast-global-color-5)","background-image":"","background-repeat":"repeat","background-position":"center center","background-size":"auto","background-attachment":"scroll","background-type":"","background-media":"","overlay-type":"","overlay-color":"","overlay-opacity":"","overlay-gradient":""},"tablet":{"background-color":"var(--ast-global-color-5)","background-image":"","background-repeat":"repeat","background-position":"center center","background-size":"auto","background-attachment":"scroll","background-type":"","background-media":"","overlay-type":"","overlay-color":"","overlay-opacity":"","overlay-gradient":""},"mobile":{"background-color":"var(--ast-global-color-5)","background-image":"","background-repeat":"repeat","background-position":"center center","background-size":"auto","background-attachment":"scroll","background-type":"","background-media":"","overlay-type":"","overlay-color":"","overlay-opacity":"","overlay-gradient":""}},"footnotes":""},"class_list":["post-71","page","type-page","status-publish","hentry"],"post_mailing_queue_ids":[],"_links":{"self":[{"href":"https:\/\/agora.xtec.cat\/ceip-mcinto-verdaguer\/wp-json\/wp\/v2\/pages\/71","targetHints":{"allow":["GET"]}}],"collection":[{"href":"https:\/\/agora.xtec.cat\/ceip-mcinto-verdaguer\/wp-json\/wp\/v2\/pages"}],"about":[{"href":"https:\/\/agora.xtec.cat\/ceip-mcinto-verdaguer\/wp-json\/wp\/v2\/types\/page"}],"author":[{"embeddable":true,"href":"https:\/\/agora.xtec.cat\/ceip-mcinto-verdaguer\/wp-json\/wp\/v2\/users\/2"}],"replies":[{"embeddable":true,"href":"https:\/\/agora.xtec.cat\/ceip-mcinto-verdaguer\/wp-json\/wp\/v2\/comments?post=71"}],"version-history":[{"count":4,"href":"https:\/\/agora.xtec.cat\/ceip-mcinto-verdaguer\/wp-json\/wp\/v2\/pages\/71\/revisions"}],"predecessor-version":[{"id":7769,"href":"https:\/\/agora.xtec.cat\/ceip-mcinto-verdaguer\/wp-json\/wp\/v2\/pages\/71\/revisions\/7769"}],"up":[{"embeddable":true,"href":"https:\/\/agora.xtec.cat\/ceip-mcinto-verdaguer\/wp-json\/wp\/v2\/pages\/66"}],"wp:attachment":[{"href":"https:\/\/agora.xtec.cat\/ceip-mcinto-verdaguer\/wp-json\/wp\/v2\/media?parent=71"}],"curies":[{"name":"wp","href":"https:\/\/api.w.org\/{rel}","templated":true}]}}