{"id":7044,"date":"2020-12-10T20:33:56","date_gmt":"2020-12-10T19:33:56","guid":{"rendered":"http:\/\/agora.xtec.cat\/ceip-mcinto-verdaguer\/?page_id=7044"},"modified":"2021-12-15T12:12:29","modified_gmt":"2021-12-15T11:12:29","slug":"videos-2020-21","status":"publish","type":"page","link":"https:\/\/agora.xtec.cat\/ceip-mcinto-verdaguer\/fotos-i-videos\/videos\/videos-2020-21\/","title":{"rendered":"V\u00eddeos 2020-21"},"content":{"rendered":"<p>Final de curs 2021:<\/p>\n<p style=\"padding-left: 40px;\"><a href=\"https:\/\/youtu.be\/UIgiAIUgb2s\" target=\"_blank\" rel=\"noopener noreferrer\">Comiat alumnes de 6\u00e8 (2)<\/a> Tota l&#8217;escola Juny 2021<\/p>\n<p style=\"padding-left: 40px;\"><a href=\"https:\/\/youtu.be\/spNNooQYZzg\" target=\"_blank\" rel=\"noopener noreferrer\">Comiat alumnes de 6\u00e8 (1)<\/a> Tota l&#8217;escola Juny 2021<\/p>\n<p style=\"padding-left: 40px;\"><a href=\"https:\/\/youtu.be\/H0cQF8edXPc\" target=\"_blank\" rel=\"noopener noreferrer\">Fan de qui dona sang (2)<\/a> Alumnes de 6\u00e8 Juny 2021<\/p>\n<p style=\"padding-left: 40px;\"><a href=\"https:\/\/youtu.be\/j5QgRDwZVRs\" target=\"_blank\" rel=\"noopener noreferrer\">Fan de qui dona sang (1)<\/a> Alumnes de 6\u00e8 Juny 2021<\/p>\n<p style=\"padding-left: 40px;\"><a href=\"https:\/\/youtu.be\/Cna-plyjYn0\" target=\"_blank\" rel=\"noopener noreferrer\">Cant\u00e0nia 2019-2021: El m\u00f3n digital (2)<\/a> Alumnes de 5\u00e8 Juny 2021<\/p>\n<p style=\"padding-left: 40px;\"><a href=\"https:\/\/youtu.be\/j5kL4Scr2d4\" target=\"_blank\" rel=\"noopener noreferrer\">Cant\u00e0nia 2019-2021: El m\u00f3n digital (1)<\/a> Alumnes de 5\u00e8 Juny 2021<\/p>\n<p style=\"padding-left: 40px;\"><a href=\"https:\/\/youtu.be\/_KESid7dFwk\" target=\"_blank\" rel=\"noopener noreferrer\">Cantata: El meu cos (2)<\/a> Alumnes de 4t Juny 2021<\/p>\n<p style=\"padding-left: 40px;\"><a href=\"https:\/\/youtu.be\/bxhH2Y1WFDQ\" target=\"_blank\" rel=\"noopener noreferrer\">Cantata: El meu cos (1)<\/a> Alumnes de 4t Juny 2021<\/p>\n<p style=\"padding-left: 40px;\"><a href=\"https:\/\/youtu.be\/XpEUPaMtyQo\" target=\"_blank\" rel=\"noopener noreferrer\">Danses tradicionals catalanes (2)<\/a> Alumnes de 3r Juny 2021<\/p>\n<p style=\"padding-left: 40px;\"><a href=\"https:\/\/youtu.be\/MKacLLmfjic\" target=\"_blank\" rel=\"noopener noreferrer\">Danses tradicionals catalanes (1)<\/a> Alumnes de 3r Juny 2021<\/p>\n<p style=\"padding-left: 40px;\"><a href=\"https:\/\/youtu.be\/6wALR1eHwx0\" target=\"_blank\" rel=\"noopener noreferrer\">Dansa ARA (3)<\/a> Alumnes de 2n Juny 2021<\/p>\n<p style=\"padding-left: 40px;\"><a href=\"https:\/\/youtu.be\/5effBSNRDts\" target=\"_blank\" rel=\"noopener noreferrer\">Dansa ARA (2)<\/a> Alumnes de 2n Juny 2021<\/p>\n<p style=\"padding-left: 40px;\"><a href=\"https:\/\/youtu.be\/_ZMfaost1hs\" target=\"_blank\" rel=\"noopener noreferrer\">Dansa ARA (1)<\/a> Alumnes de 2n Juny 2021<\/p>\n<p style=\"padding-left: 40px;\"><a href=\"https:\/\/youtu.be\/O8D4Yv6pV2w\" target=\"_blank\" rel=\"noopener noreferrer\">Cantata: La F\u00e0brica de colors (3)<\/a> Alumnes de 1r Juny 2021<\/p>\n<p style=\"padding-left: 40px;\"><a href=\"https:\/\/youtu.be\/O8D4Yv6pV2w\" target=\"_blank\" rel=\"noopener noreferrer\">Cantata: La F\u00e0brica de colors (3)<\/a> Alumnes de 1r Juny 2021<\/p>\n<p style=\"padding-left: 40px;\"><a href=\"https:\/\/youtu.be\/FYh5k_r9K38\" target=\"_blank\" rel=\"noopener noreferrer\">Cantata: La F\u00e0brica de colors (2)<\/a> Alumnes de 1r Juny 2021<\/p>\n<p style=\"padding-left: 40px;\"><a href=\"https:\/\/youtu.be\/iFQqsXF36Bw\" target=\"_blank\" rel=\"noopener noreferrer\">Cantata: La F\u00e0brica de colors (1)<\/a> Alumnes de 1r Juny 2021<\/p>\n<p style=\"padding-left: 40px;\"><a href=\"https:\/\/youtu.be\/Ol_83kE333Y\" target=\"_blank\" rel=\"noopener noreferrer\">L&#8217;h\u00e0bitat de les plantes (3)<\/a> Alumnes de P5 Juny 2021<\/p>\n<p style=\"padding-left: 40px;\"><a href=\"https:\/\/youtu.be\/sRNe2Q2X4xk\" target=\"_blank\" rel=\"noopener noreferrer\">L&#8217;h\u00e0bitat de les plantes (2)<\/a> Alumnes de P5 Juny 2021<\/p>\n<p style=\"padding-left: 40px;\"><a href=\"https:\/\/youtu.be\/TYsave-nmO4\" target=\"_blank\" rel=\"noopener noreferrer\">L&#8217;h\u00e0bitat de les plantes (1)<\/a> Alumnes de P5 Juny 2021<\/p>\n<p style=\"padding-left: 40px;\"><a href=\"https:\/\/youtu.be\/vFmZJKwdUPU\" target=\"_blank\" rel=\"noopener noreferrer\">L&#8217;aigua \u00e9s vital per les plantes<\/a> Alumnes de P4 Juny 2021<\/p>\n<p style=\"padding-left: 40px;\"><a href=\"https:\/\/youtu.be\/_lfSts44QlI\" target=\"_blank\" rel=\"noopener noreferrer\">Un dia de la vida d&#8217;una planta (2)<\/a> Alumnes de P3 Juny 2021<\/p>\n<p style=\"padding-left: 40px;\"><a href=\"https:\/\/youtu.be\/5ufvA0lMSBo\" target=\"_blank\" rel=\"noopener noreferrer\">Un dia de la vida d&#8217;una planta<\/a> Alumnes de P3 Juny 2021<\/p>\n<p><a href=\"https:\/\/youtu.be\/mYWiPXGlfPg\" target=\"_blank\" rel=\"noopener noreferrer\">Carnaval<\/a> Alumnes de la comunitat de petits Febrer 2021<\/p>\n<p>Nadal 2020:<\/p>\n<p style=\"padding-left: 40px;\"><a href=\"https:\/\/youtu.be\/1QkPm2G2x0U\" target=\"_blank\" rel=\"noopener noreferrer\">Ballant en la foscor<\/a> Alumnes de 6\u00e8 Desembre 2020<\/p>\n<p style=\"padding-left: 40px;\"><a href=\"https:\/\/youtu.be\/x-eVbbAP02k\" target=\"_blank\" rel=\"noopener noreferrer\">Regals virtuals<\/a> Alumnes de 5\u00e8 Desembre 2020<\/p>\n<p style=\"padding-left: 40px;\"><a href=\"https:\/\/youtu.be\/v9aW6WBsC38\" target=\"_blank\" rel=\"noopener noreferrer\">S\u00f3c fort!<\/a> Alumnes de 4t Desembre 2020<\/p>\n<p style=\"padding-left: 40px;\"><a href=\"https:\/\/youtu.be\/-lUa1sqbVqM\" target=\"_blank\" rel=\"noopener noreferrer\">Els Pastorets<\/a> Alumnes de 3r Desembre 2020<\/p>\n<p style=\"padding-left: 40px;\"><a href=\"https:\/\/youtu.be\/yWIpActeViY\" target=\"_blank\" rel=\"noopener noreferrer\">El m\u00f3n seria<\/a> Alumnes de 2n Desembre 2020<\/p>\n<p style=\"padding-left: 40px;\"><a href=\"https:\/\/youtu.be\/vT95ZlaziMQ\" target=\"_blank\" rel=\"noopener noreferrer\">A Betlem me&#8217;n vull anar<\/a> Alumnes de 1r Desembre 2020<\/p>\n<p style=\"padding-left: 40px;\"><a href=\"https:\/\/youtu.be\/KaDT-kehYyE\" target=\"_blank\" rel=\"noopener noreferrer\">Potpurr\u00ed Christmas songs<\/a> Alumnes de P5 Desembre 2020<\/p>\n<p style=\"padding-left: 40px;\"><a href=\"https:\/\/youtu.be\/LKNKgHqJSN4\" target=\"_blank\" rel=\"noopener noreferrer\">El ninot de neu<\/a> Alumnes de P4 Desembre 2020<\/p>\n<p style=\"padding-left: 40px;\">\u00a0<a href=\"https:\/\/youtu.be\/yW_sFFGSxvA\" target=\"_blank\" rel=\"noopener noreferrer\">Una estrella jo far\u00e9<\/a> Alumnes de P3 Desembre 2020<\/p>\n<p>&nbsp;<\/p>\n<p><a href=\"https:\/\/youtu.be\/TbvQmkfQVhs\" target=\"_blank\" rel=\"noopener noreferrer\">El projecte del so<\/a> Alumnes de 3r Desembre 2020<\/p>\n<p>&nbsp;<\/p>\n<p>Castanyada 2020:<\/p>\n<p style=\"padding-left: 40px;\"><a href=\"https:\/\/youtu.be\/TOFpTEIwuPA\" target=\"_blank\" rel=\"noopener noreferrer\">Evolution of dance<\/a> Alumnes de 6\u00e8 Octubre 2020<\/p>\n<p style=\"padding-left: 40px;\"><a href=\"https:\/\/youtu.be\/hmFeLlMQUOc\" target=\"_blank\" rel=\"noopener noreferrer\">Rock and roll<\/a> Alumnes de 5\u00e8 Octubre 2020<\/p>\n<p style=\"padding-left: 40px;\"><a href=\"https:\/\/youtu.be\/yJV0wZJMMw4\" target=\"_blank\" rel=\"noopener noreferrer\">Jai ho<\/a> Alumnes de 4t Octubre 2020<\/p>\n<p style=\"padding-left: 40px;\"><a href=\"https:\/\/youtu.be\/g-huPvVZ2Jg\" target=\"_blank\" rel=\"noopener noreferrer\">Oh Susanna<\/a> Alumnes de 3r Octubre 2020<\/p>\n<p style=\"padding-left: 40px;\"><a href=\"https:\/\/youtu.be\/ILN9Re1NqUI\" target=\"_blank\" rel=\"noopener noreferrer\">Le branle du rat<\/a> Alumnes de 2n Octubre 2020<\/p>\n<p style=\"padding-left: 40px;\"><a href=\"https:\/\/youtu.be\/OCZNlVr_aBI\" target=\"_blank\" rel=\"noopener noreferrer\">Le badoise<\/a> Alumnes de 1r Octubre 2020<\/p>\n<p style=\"padding-left: 40px;\"><a href=\"https:\/\/youtu.be\/d8nPDJEd4lY\" target=\"_blank\" rel=\"noopener noreferrer\">Rumba de les castanyes<\/a> Alumnes de P5 Octubre 2020<\/p>\n<p style=\"padding-left: 40px;\"><a href=\"https:\/\/youtu.be\/ZDJ3GBgPAZA\" target=\"_blank\" rel=\"noopener noreferrer\">Boggie<\/a> Alumnes de P4 Octubre 2020<\/p>\n<p style=\"padding-left: 40px;\"><a href=\"https:\/\/youtu.be\/9zaldzMP8QI\" target=\"_blank\" rel=\"noopener noreferrer\">Cargol<\/a> Alumnes de P3 Octubre 2020<\/p>\n","protected":false},"excerpt":{"rendered":"<p>Final de curs 2021: Comiat alumnes de 6\u00e8 (2) Tota l&#8217;escola Juny 2021 Comiat alumnes de 6\u00e8 (1) Tota l&#8217;escola Juny 2021 Fan de qui dona sang (2) Alumnes de 6\u00e8 Juny 2021 Fan de qui dona sang (1) Alumnes de 6\u00e8 Juny 2021 Cant\u00e0nia 2019-2021: El m\u00f3n digital (2) Alumnes de 5\u00e8 Juny 2021 [&hellip;]<\/p>\n","protected":false},"author":1,"featured_media":0,"parent":323,"menu_order":8,"comment_status":"closed","ping_status":"closed","template":"","meta":{"_bbp_topic_count":0,"_bbp_reply_count":0,"_bbp_total_topic_count":0,"_bbp_total_reply_count":0,"_bbp_voice_count":0,"_bbp_anonymous_reply_count":0,"_bbp_topic_count_hidden":0,"_bbp_reply_count_hidden":0,"_bbp_forum_subforum_count":0,"site-sidebar-layout":"default","site-content-layout":"","ast-site-content-layout":"","site-content-style":"default","site-sidebar-style":"default","ast-global-header-display":"","ast-banner-title-visibility":"","ast-main-header-display":"","ast-hfb-above-header-display":"","ast-hfb-below-header-display":"","ast-hfb-mobile-header-display":"","site-post-title":"","ast-breadcrumbs-content":"","ast-featured-img":"","footer-sml-layout":"","theme-transparent-header-meta":"","adv-header-id-meta":"","stick-header-meta":"","header-above-stick-meta":"","header-main-stick-meta":"","header-below-stick-meta":"","astra-migrate-meta-layouts":"default","ast-page-background-enabled":"default","ast-page-background-meta":{"desktop":{"background-color":"var(--ast-global-color-4)","background-image":"","background-repeat":"repeat","background-position":"center center","background-size":"auto","background-attachment":"scroll","background-type":"","background-media":"","overlay-type":"","overlay-color":"","overlay-opacity":"","overlay-gradient":""},"tablet":{"background-color":"","background-image":"","background-repeat":"repeat","background-position":"center center","background-size":"auto","background-attachment":"scroll","background-type":"","background-media":"","overlay-type":"","overlay-color":"","overlay-opacity":"","overlay-gradient":""},"mobile":{"background-color":"","background-image":"","background-repeat":"repeat","background-position":"center center","background-size":"auto","background-attachment":"scroll","background-type":"","background-media":"","overlay-type":"","overlay-color":"","overlay-opacity":"","overlay-gradient":""}},"ast-content-background-meta":{"desktop":{"background-color":"var(--ast-global-color-5)","background-image":"","background-repeat":"repeat","background-position":"center center","background-size":"auto","background-attachment":"scroll","background-type":"","background-media":"","overlay-type":"","overlay-color":"","overlay-opacity":"","overlay-gradient":""},"tablet":{"background-color":"var(--ast-global-color-5)","background-image":"","background-repeat":"repeat","background-position":"center center","background-size":"auto","background-attachment":"scroll","background-type":"","background-media":"","overlay-type":"","overlay-color":"","overlay-opacity":"","overlay-gradient":""},"mobile":{"background-color":"var(--ast-global-color-5)","background-image":"","background-repeat":"repeat","background-position":"center center","background-size":"auto","background-attachment":"scroll","background-type":"","background-media":"","overlay-type":"","overlay-color":"","overlay-opacity":"","overlay-gradient":""}},"footnotes":""},"class_list":["post-7044","page","type-page","status-publish","hentry"],"post_mailing_queue_ids":[],"_links":{"self":[{"href":"https:\/\/agora.xtec.cat\/ceip-mcinto-verdaguer\/wp-json\/wp\/v2\/pages\/7044","targetHints":{"allow":["GET"]}}],"collection":[{"href":"https:\/\/agora.xtec.cat\/ceip-mcinto-verdaguer\/wp-json\/wp\/v2\/pages"}],"about":[{"href":"https:\/\/agora.xtec.cat\/ceip-mcinto-verdaguer\/wp-json\/wp\/v2\/types\/page"}],"author":[{"embeddable":true,"href":"https:\/\/agora.xtec.cat\/ceip-mcinto-verdaguer\/wp-json\/wp\/v2\/users\/1"}],"replies":[{"embeddable":true,"href":"https:\/\/agora.xtec.cat\/ceip-mcinto-verdaguer\/wp-json\/wp\/v2\/comments?post=7044"}],"version-history":[{"count":4,"href":"https:\/\/agora.xtec.cat\/ceip-mcinto-verdaguer\/wp-json\/wp\/v2\/pages\/7044\/revisions"}],"predecessor-version":[{"id":8207,"href":"https:\/\/agora.xtec.cat\/ceip-mcinto-verdaguer\/wp-json\/wp\/v2\/pages\/7044\/revisions\/8207"}],"up":[{"embeddable":true,"href":"https:\/\/agora.xtec.cat\/ceip-mcinto-verdaguer\/wp-json\/wp\/v2\/pages\/323"}],"wp:attachment":[{"href":"https:\/\/agora.xtec.cat\/ceip-mcinto-verdaguer\/wp-json\/wp\/v2\/media?parent=7044"}],"curies":[{"name":"wp","href":"https:\/\/api.w.org\/{rel}","templated":true}]}}