{"id":7042,"date":"2020-12-10T20:04:38","date_gmt":"2020-12-10T19:04:38","guid":{"rendered":"http:\/\/agora.xtec.cat\/ceip-mcinto-verdaguer\/?page_id=7042"},"modified":"2021-11-04T10:51:38","modified_gmt":"2021-11-04T09:51:38","slug":"fotos-2020-21","status":"publish","type":"page","link":"https:\/\/agora.xtec.cat\/ceip-mcinto-verdaguer\/fotos-i-videos\/fotos\/fotos-2020-21\/","title":{"rendered":"Fotos 2020-21"},"content":{"rendered":"<p><a href=\"https:\/\/photos.app.goo.gl\/tkJUnXGrNGxk48n1A\" target=\"_blank\" rel=\"noopener noreferrer\">Cloenda T\u00e0ndem<\/a> Alumnes de tota l&#8217;escola Juny 2021<br \/>\n<a href=\"https:\/\/photos.app.goo.gl\/Nt1ML2KicGJXhenm6\" target=\"_blank\" rel=\"noopener noreferrer\">Roc\u00f2drom<\/a> Alumnes de 1r Juny 2021<br \/>\n<a href=\"https:\/\/photos.app.goo.gl\/ZsejYkyhHnzYfajr5\" target=\"_blank\" rel=\"noopener noreferrer\">Cant\u00e0nia<\/a> Alumnes de 5\u00e8 Maig 2021<br \/>\n<a href=\"https:\/\/photos.app.goo.gl\/3abmEo7gySeJF15W8\" target=\"_blank\" rel=\"noopener noreferrer\">Teixim el pati<\/a> Alumnes de 2n Maig 2021<br \/>\n<a href=\"https:\/\/photos.app.goo.gl\/9aMAruXETbrfbACW9\" target=\"_blank\" rel=\"noopener noreferrer\">Fundaci\u00f3 Mir\u00f3<\/a> Alumnes de 2n Maig 2021<br \/>\n<a href=\"https:\/\/photos.app.goo.gl\/qYzqDreYFJ3mKW6v7\" target=\"_blank\" rel=\"noopener noreferrer\">Sortida a Can Pou<\/a> Alumnes de 1r i 2n Maig 2021<br \/>\n<a href=\"\/\/photos.app.goo.gl\/qFU9CUVYx6vaxvae9\" target=\"_blank\" rel=\"noopener noreferrer\">Sortida a Can Rigol<\/a> Alumnes de P3 Maig 2021<br \/>\n<a href=\"https:\/\/photos.app.goo.gl\/9JpJ5RpU23Mh731r5\" target=\"_blank\" rel=\"noopener noreferrer\">Sortida a Can Mas<\/a> Alumnes de P4 Maig 2021<br \/>\n<a href=\"https:\/\/photos.app.goo.gl\/mTqSirtnBzDJeLfbA\" target=\"_blank\" rel=\"noopener noreferrer\">Els horts de la Font Trobada<\/a> Alumnes de 3r Abril 2021<br \/>\n<a href=\"https:\/\/photos.app.goo.gl\/Q6q4Jjj8ACpAKDSE6\" target=\"_blank\" rel=\"noopener noreferrer\">Fem r\u00e0dio<\/a> Alumnes de 2n Abril 2021<br \/>\n<a href=\"https:\/\/photos.app.goo.gl\/Jh2FdeNd9VQN4ifAA\" target=\"_blank\" rel=\"noopener noreferrer\">Jocs Florals 2021<\/a> Comunitat de grans Abril 2021<br \/>\n<a href=\"https:\/\/photos.app.goo.gl\/XyzzVJD9U6fHYSkc9\" target=\"_blank\" rel=\"noopener noreferrer\">Jocs Florals 2021<\/a> Comunitat de mitjans Abril 2021<br \/>\n<a href=\"https:\/\/photos.app.goo.gl\/wGbgUcpw8meiLT2v9\" target=\"_blank\" rel=\"noopener noreferrer\">Jocs Florals 2021<\/a> Comunitat de petits Abril 2021<br \/>\n<a href=\"https:\/\/photos.app.goo.gl\/mjizo3GY5pEk8qEG6\" target=\"_blank\" rel=\"noopener noreferrer\">Dansa Ara<\/a> Alumnes de 2n Abril 2021<br \/>\n<a href=\"https:\/\/photos.app.goo.gl\/zwQSzJ46jZ6Mt6F9A\" target=\"_blank\" rel=\"noopener noreferrer\">ExpoArt<\/a> Alumnes de 1r Mar\u00e7 2021<br \/>\n<a href=\"https:\/\/photos.app.goo.gl\/TnzBevnjHiVcgvyE7\" target=\"_blank\" rel=\"noopener noreferrer\">Jard\u00ed Bot\u00e0nic<\/a> Alumnes de 6\u00e8 Febrer 2021<br \/>\n<a href=\"https:\/\/photos.app.goo.gl\/LyzgRPanxXLtwAab6\" target=\"_blank\" rel=\"noopener noreferrer\">El dia a dia a P3<\/a> Alumnes de P3 Febrer 2021<br \/>\n<a href=\"https:\/\/photos.app.goo.gl\/JhyaPv7cynWYfHBu8\" target=\"_blank\" rel=\"noopener noreferrer\">Sortida a Montju\u00efc<\/a> Alumnes de 1r Febrer 2021<br \/>\n<a href=\"https:\/\/photos.app.goo.gl\/81WbisUxC81hJiV26\" target=\"_blank\" rel=\"noopener noreferrer\">Dia de la Pau<\/a> Alumnes de tota l&#8217;escola Gener 2021<br \/>\n<a href=\"https:\/\/photos.app.goo.gl\/LvMaXmoXUsKQd6w89\" target=\"_blank\" rel=\"noopener noreferrer\">Punt Verd M\u00f2bil\u00a0<\/a>Alumnes de tota l&#8217;escola Gener 2021<br \/>\n<a href=\"https:\/\/photos.app.goo.gl\/N9DJuArcGRAACgMu9\" target=\"_blank\" rel=\"noopener noreferrer\">Exposici\u00f3 Gianni Rodari<\/a> Alumnes de tota l&#8217;escola Desembre 2020<br \/>\n<a href=\"https:\/\/photos.app.goo.gl\/eagTySQGK5CGEe4t7\" target=\"_blank\" rel=\"noopener noreferrer\">Sortida a Can Montcau<\/a> Alumnes de P4 Novembre 2020<br \/>\n<a href=\"https:\/\/photos.app.goo.gl\/iaBxafVi8KAW9NXt8\" target=\"_blank\" rel=\"noopener noreferrer\">Taller de dansa<\/a> Alumnes de 1r Octubre 2020<br \/>\n<a href=\"https:\/\/photos.app.goo.gl\/39psLoDqiggshdKm6\" target=\"_blank\" rel=\"noopener noreferrer\">Taller de pintura<\/a> Alumnes de P3 Octubre 2020<\/p>\n","protected":false},"excerpt":{"rendered":"<p>Cloenda T\u00e0ndem Alumnes de tota l&#8217;escola Juny 2021 Roc\u00f2drom Alumnes de 1r Juny 2021 Cant\u00e0nia Alumnes de 5\u00e8 Maig 2021 Teixim el pati Alumnes de 2n Maig 2021 Fundaci\u00f3 Mir\u00f3 Alumnes de 2n Maig 2021 Sortida a Can Pou Alumnes de 1r i 2n Maig 2021 Sortida a Can Rigol Alumnes de P3 Maig 2021 [&hellip;]<\/p>\n","protected":false},"author":1,"featured_media":0,"parent":321,"menu_order":8,"comment_status":"closed","ping_status":"closed","template":"","meta":{"_bbp_topic_count":0,"_bbp_reply_count":0,"_bbp_total_topic_count":0,"_bbp_total_reply_count":0,"_bbp_voice_count":0,"_bbp_anonymous_reply_count":0,"_bbp_topic_count_hidden":0,"_bbp_reply_count_hidden":0,"_bbp_forum_subforum_count":0,"site-sidebar-layout":"default","site-content-layout":"","ast-site-content-layout":"","site-content-style":"default","site-sidebar-style":"default","ast-global-header-display":"","ast-banner-title-visibility":"","ast-main-header-display":"","ast-hfb-above-header-display":"","ast-hfb-below-header-display":"","ast-hfb-mobile-header-display":"","site-post-title":"","ast-breadcrumbs-content":"","ast-featured-img":"","footer-sml-layout":"","theme-transparent-header-meta":"","adv-header-id-meta":"","stick-header-meta":"","header-above-stick-meta":"","header-main-stick-meta":"","header-below-stick-meta":"","astra-migrate-meta-layouts":"default","ast-page-background-enabled":"default","ast-page-background-meta":{"desktop":{"background-color":"var(--ast-global-color-4)","background-image":"","background-repeat":"repeat","background-position":"center center","background-size":"auto","background-attachment":"scroll","background-type":"","background-media":"","overlay-type":"","overlay-color":"","overlay-opacity":"","overlay-gradient":""},"tablet":{"background-color":"","background-image":"","background-repeat":"repeat","background-position":"center center","background-size":"auto","background-attachment":"scroll","background-type":"","background-media":"","overlay-type":"","overlay-color":"","overlay-opacity":"","overlay-gradient":""},"mobile":{"background-color":"","background-image":"","background-repeat":"repeat","background-position":"center center","background-size":"auto","background-attachment":"scroll","background-type":"","background-media":"","overlay-type":"","overlay-color":"","overlay-opacity":"","overlay-gradient":""}},"ast-content-background-meta":{"desktop":{"background-color":"var(--ast-global-color-5)","background-image":"","background-repeat":"repeat","background-position":"center center","background-size":"auto","background-attachment":"scroll","background-type":"","background-media":"","overlay-type":"","overlay-color":"","overlay-opacity":"","overlay-gradient":""},"tablet":{"background-color":"var(--ast-global-color-5)","background-image":"","background-repeat":"repeat","background-position":"center center","background-size":"auto","background-attachment":"scroll","background-type":"","background-media":"","overlay-type":"","overlay-color":"","overlay-opacity":"","overlay-gradient":""},"mobile":{"background-color":"var(--ast-global-color-5)","background-image":"","background-repeat":"repeat","background-position":"center center","background-size":"auto","background-attachment":"scroll","background-type":"","background-media":"","overlay-type":"","overlay-color":"","overlay-opacity":"","overlay-gradient":""}},"footnotes":""},"class_list":["post-7042","page","type-page","status-publish","hentry"],"post_mailing_queue_ids":[],"_links":{"self":[{"href":"https:\/\/agora.xtec.cat\/ceip-mcinto-verdaguer\/wp-json\/wp\/v2\/pages\/7042","targetHints":{"allow":["GET"]}}],"collection":[{"href":"https:\/\/agora.xtec.cat\/ceip-mcinto-verdaguer\/wp-json\/wp\/v2\/pages"}],"about":[{"href":"https:\/\/agora.xtec.cat\/ceip-mcinto-verdaguer\/wp-json\/wp\/v2\/types\/page"}],"author":[{"embeddable":true,"href":"https:\/\/agora.xtec.cat\/ceip-mcinto-verdaguer\/wp-json\/wp\/v2\/users\/1"}],"replies":[{"embeddable":true,"href":"https:\/\/agora.xtec.cat\/ceip-mcinto-verdaguer\/wp-json\/wp\/v2\/comments?post=7042"}],"version-history":[{"count":3,"href":"https:\/\/agora.xtec.cat\/ceip-mcinto-verdaguer\/wp-json\/wp\/v2\/pages\/7042\/revisions"}],"predecessor-version":[{"id":8035,"href":"https:\/\/agora.xtec.cat\/ceip-mcinto-verdaguer\/wp-json\/wp\/v2\/pages\/7042\/revisions\/8035"}],"up":[{"embeddable":true,"href":"https:\/\/agora.xtec.cat\/ceip-mcinto-verdaguer\/wp-json\/wp\/v2\/pages\/321"}],"wp:attachment":[{"href":"https:\/\/agora.xtec.cat\/ceip-mcinto-verdaguer\/wp-json\/wp\/v2\/media?parent=7042"}],"curies":[{"name":"wp","href":"https:\/\/api.w.org\/{rel}","templated":true}]}}