{"id":561,"date":"2015-09-19T18:43:16","date_gmt":"2015-09-19T16:43:16","guid":{"rendered":"http:\/\/agora.xtec.cat\/ceip-mcinto-verdaguer\/?page_id=561"},"modified":"2021-02-11T13:17:26","modified_gmt":"2021-02-11T12:17:26","slug":"fotos-2015-16","status":"publish","type":"page","link":"https:\/\/agora.xtec.cat\/ceip-mcinto-verdaguer\/fotos-i-videos\/fotos\/fotos-2015-16\/","title":{"rendered":"Fotos 2015-16"},"content":{"rendered":"<p><a href=\"https:\/\/picasaweb.google.com\/115450588754531661035\/6309910770001524817?authuser=0&amp;authkey=Gv1sRgCKrgorCRpLr2HQ&amp;feat=directlink\" target=\"_blank\" rel=\"noopener noreferrer\">Festa de final de curs <\/a> Comunitat educativa Juny 2016<\/p>\n<p><a href=\"https:\/\/picasaweb.google.com\/115450588754531661035\/6309904364482918481?authuser=0&amp;authkey=Gv1sRgCOaL3KLx55nPKg&amp;feat=directlink\" target=\"_blank\" rel=\"noopener noreferrer\">Cloenda T\u00e0ndem: Curts muts al Poble-sec <\/a> Alumnes de 6\u00e8 Juny 2016<\/p>\n<p><a href=\"https:\/\/picasaweb.google.com\/115450588754531661035\/6309812100011314673?authuser=0&amp;authkey=Gv1sRgCOWek6vz-46s2AE&amp;feat=directlink\" target=\"_blank\" rel=\"noopener noreferrer\">Cloenda T\u00e0ndem: El Petit Pr\u00edncep <\/a> Alumnes de 5\u00e8 Juny 2016<\/p>\n<p><a href=\"https:\/\/picasaweb.google.com\/115450588754531661035\/6309903753571502561?authuser=0&amp;authkey=Gv1sRgCITC6PTzwoSRmAE&amp;feat=directlink\" target=\"_blank\" rel=\"noopener noreferrer\">Cloenda T\u00e0ndem: Tastet de Cant\u00e0nia <\/a> Alumnes de 4t Juny 2016<\/p>\n<p><a href=\"https:\/\/picasaweb.google.com\/115450588754531661035\/6309902495759648337?authuser=0&amp;authkey=Gv1sRgCNLov9GL25CKUw&amp;feat=directlink\" target=\"_blank\" rel=\"noopener noreferrer\">Cloenda T\u00e0ndem: Records de Pastorets <\/a> Alumnes de 3r Juny 2016<\/p>\n<p><a href=\"https:\/\/picasaweb.google.com\/115450588754531661035\/6309526445764992241?authuser=0&amp;authkey=Gv1sRgCNmUrILI__XfCA&amp;feat=directlink\" target=\"_blank\" rel=\"noopener noreferrer\">Cloenda T\u00e0ndem: Verdura i peix <\/a> Alumnes de Cicle Inicial Juny 2016<\/p>\n<p><a href=\"https:\/\/picasaweb.google.com\/115450588754531661035\/6309525653922911601?authuser=0&amp;authkey=Gv1sRgCOGTtcqUlOH3yAE&amp;feat=directlink\" target=\"_blank\" rel=\"noopener noreferrer\">Cloenda T\u00e0ndem: Els planetes <\/a> Alumnes de P5 Juny 2016<\/p>\n<p><a href=\"https:\/\/picasaweb.google.com\/115450588754531661035\/6309525318357034897?authuser=0&amp;authkey=Gv1sRgCM-d69fWmvmPjgE&amp;feat=directlink\" target=\"_blank\" rel=\"noopener noreferrer\">Cloenda T\u00e0ndem: L&#8217;edat mitjana <\/a> Alumnes de P4 Juny 2016<\/p>\n<p><a href=\"https:\/\/picasaweb.google.com\/115450588754531661035\/6309524727833831217?authuser=0&amp;authkey=Gv1sRgCNH3-4Clqvz71wE&amp;feat=directlink\" target=\"_blank\" rel=\"noopener noreferrer\">Cloenda T\u00e0ndem: Els animals de granja <\/a> Alumnes de P3 Juny 2016<\/p>\n<p><a href=\"https:\/\/picasaweb.google.com\/115450588754531661035\/6309904908659725633?authuser=0&amp;authkey=Gv1sRgCIfdlPa9n_yJOw&amp;feat=directlink\" target=\"_blank\" rel=\"noopener noreferrer\">Cloenda T\u00e0ndem: Tallers de corda <\/a> Juny 2016<\/p>\n<p><a href=\"https:\/\/picasaweb.google.com\/115450588754531661035\/6309906398442190497?authuser=0&amp;authkey=Gv1sRgCLSh2s_Z5K7xVA&amp;feat=directlink\" target=\"_blank\" rel=\"noopener noreferrer\">Cloenda T\u00e0ndem: Teatre extraescolars <\/a> Juny 2016<\/p>\n<p><a href=\"https:\/\/goo.gl\/photos\/rL1Uj3gTp1qRVdHi8\" target=\"_blank\" rel=\"noopener noreferrer\">Visita Annette Cabelli <\/a> Alumnes de 6\u00e8 Juny 2016<\/p>\n<p><a href=\"https:\/\/picasaweb.google.com\/115450588754531661035\/6296376639674806769?authuser=0&amp;authkey=Gv1sRgCIzi3oqTnK7nwgE&amp;feat=directlink\" target=\"_blank\" rel=\"noopener noreferrer\">Hort <\/a>Alumnes de 3r Juny 2016<\/p>\n<p><a href=\"https:\/\/picasaweb.google.com\/115450588754531661035\/6294106258025392193?authuser=0&amp;authkey=Gv1sRgCJiIvfWFjtezogE&amp;feat=directlink\" target=\"_blank\" rel=\"noopener noreferrer\">Visita exalumnes <\/a>Alumnes de 6\u00e8 Maig 2016<\/p>\n<p><a href=\"https:\/\/picasaweb.google.com\/115450588754531661035\/6293765322633676721?authuser=0&amp;authkey=Gv1sRgCJaIkYbZmJK93AE&amp;feat=directlink\" target=\"_blank\" rel=\"noopener noreferrer\">Visita a la granja <\/a>Alumnes de P3 Maig 2016<\/p>\n<p><a href=\"https:\/\/picasaweb.google.com\/115450588754531661035\/6286801865416083841?authuser=0&amp;authkey=Gv1sRgCPSF9rnErITa9wE&amp;feat=directlink\" target=\"_blank\" rel=\"noopener noreferrer\">Tallers Oberts <\/a>Alumnes de 5\u00e8 Maig 2016<\/p>\n<p><a href=\"https:\/\/picasaweb.google.com\/115450588754531661035\/6294179046831353505?authuser=0&amp;authkey=Gv1sRgCMmRt4LamsiYtgE&amp;feat=directlink\" target=\"_blank\" rel=\"noopener noreferrer\">Sant Pon\u00e7 <\/a>Alumnes de cicle inicial Maig 2016<\/p>\n<p><a href=\"https:\/\/picasaweb.google.com\/115450588754531661035\/6294179920958449121?authuser=0&amp;authkey=Gv1sRgCKC47cfbsZK0vwE&amp;feat=directlink\" target=\"_blank\" rel=\"noopener noreferrer\">Visita al Garden <\/a>Alumnes de P4 Maig 2016<\/p>\n<p><a href=\"https:\/\/picasaweb.google.com\/115450588754531661035\/6283858609312673825?authuser=0&amp;authkey=Gv1sRgCNW0mff9poC82gE&amp;feat=directlink\" target=\"_blank\" rel=\"noopener noreferrer\">Concert alumnes del Conservatori <\/a>Alumnes d&#8217;Educaci\u00f3 Infantil i les seves fam\u00edlies Maig 2016<\/p>\n<p><a href=\"https:\/\/picasaweb.google.com\/115450588754531661035\/6294178173673238929?authuser=0&amp;authkey=Gv1sRgCNmfuI_zy_LOMw&amp;feat=directlink\" target=\"_blank\" rel=\"noopener noreferrer\">Visita a la granja <\/a>Alumnes de cicle inicial Abril 2016<\/p>\n<p><a href=\"https:\/\/picasaweb.google.com\/115450588754531661035\/6277408151326095777?authuser=0&amp;authkey=Gv1sRgCKqXqo_nvaP-LA&amp;feat=directlink\" target=\"_blank\" rel=\"noopener noreferrer\">Teatre &#8220;Circ dels n\u00favols&#8221; <\/a>Alumnes d&#8217;Educaci\u00f3 Infantil Abril 2016<\/p>\n<p><a href=\"https:\/\/picasaweb.google.com\/115450588754531661035\/6283849312609362881?authuser=0&amp;authkey=Gv1sRgCOvq7-fm9o7jEQ&amp;feat=directlink\" target=\"_blank\" rel=\"noopener noreferrer\">Dansa Ara <\/a>Alumnes de 2n Abril 2016<\/p>\n<p><a href=\"https:\/\/picasaweb.google.com\/115450588754531661035\/6283842592042880929?authuser=0&amp;authkey=Gv1sRgCMH1jKbm8JapYA&amp;feat=directlink\" target=\"_blank\" rel=\"noopener noreferrer\">Jocs Florals <\/a>Comunitat educativa Abril 2016<\/p>\n<p><a href=\"https:\/\/picasaweb.google.com\/115450588754531661035\/6270015916099482241?authuser=0&amp;authkey=Gv1sRgCLG71JS0mc3LrAE&amp;feat=directlink\" target=\"_blank\" rel=\"noopener noreferrer\">Jornada Esportiva <\/a>Alumnes de l&#8217;escola Mar\u00e7 2016<\/p>\n<p><a href=\"https:\/\/goo.gl\/photos\/7oUDQDpUqTu8mvMe8\" target=\"_blank\" rel=\"noopener noreferrer\">Pensar l&#8217;Holocaust <\/a>Alumnes de 6\u00e8 de l&#8217;escola i alumnes de 1r de batxillerat de l&#8217;IES XXVa Olimpiada Febrer-Mar\u00e7 2016<\/p>\n<p><a href=\"https:\/\/photos.app.goo.gl\/CrnNdfZRPCnsTXW96\" target=\"_blank\" rel=\"noopener noreferrer\">Inauguraci\u00f3 edifici nou<\/a> Comunitat educativa Mar\u00e7 2016<\/p>\n<p><a href=\"https:\/\/picasaweb.google.com\/115450588754531661035\/PatrimoniemLaDomus?authuser=0&amp;authkey=Gv1sRgCIak18i09_HpyQE&amp;feat=directlink\" target=\"_blank\" rel=\"noopener noreferrer\">Patrimoniem la domus<\/a> Alumnes de 5\u00e8 Febrer 2016<\/p>\n<p>&nbsp;<\/p>\n<p>&nbsp;<\/p>\n","protected":false},"excerpt":{"rendered":"<p>Festa de final de curs Comunitat educativa Juny 2016 Cloenda T\u00e0ndem: Curts muts al Poble-sec Alumnes de 6\u00e8 Juny 2016 Cloenda T\u00e0ndem: El Petit Pr\u00edncep Alumnes de 5\u00e8 Juny 2016 Cloenda T\u00e0ndem: Tastet de Cant\u00e0nia Alumnes de 4t Juny 2016 Cloenda T\u00e0ndem: Records de Pastorets Alumnes de 3r Juny 2016 Cloenda T\u00e0ndem: Verdura i peix [&hellip;]<\/p>\n","protected":false},"author":11,"featured_media":0,"parent":321,"menu_order":3,"comment_status":"closed","ping_status":"closed","template":"","meta":{"_bbp_topic_count":0,"_bbp_reply_count":0,"_bbp_total_topic_count":0,"_bbp_total_reply_count":0,"_bbp_voice_count":0,"_bbp_anonymous_reply_count":0,"_bbp_topic_count_hidden":0,"_bbp_reply_count_hidden":0,"_bbp_forum_subforum_count":0,"site-sidebar-layout":"default","site-content-layout":"","ast-site-content-layout":"","site-content-style":"default","site-sidebar-style":"default","ast-global-header-display":"","ast-banner-title-visibility":"","ast-main-header-display":"","ast-hfb-above-header-display":"","ast-hfb-below-header-display":"","ast-hfb-mobile-header-display":"","site-post-title":"","ast-breadcrumbs-content":"","ast-featured-img":"","footer-sml-layout":"","theme-transparent-header-meta":"","adv-header-id-meta":"","stick-header-meta":"","header-above-stick-meta":"","header-main-stick-meta":"","header-below-stick-meta":"","astra-migrate-meta-layouts":"default","ast-page-background-enabled":"default","ast-page-background-meta":{"desktop":{"background-color":"var(--ast-global-color-4)","background-image":"","background-repeat":"repeat","background-position":"center center","background-size":"auto","background-attachment":"scroll","background-type":"","background-media":"","overlay-type":"","overlay-color":"","overlay-opacity":"","overlay-gradient":""},"tablet":{"background-color":"","background-image":"","background-repeat":"repeat","background-position":"center center","background-size":"auto","background-attachment":"scroll","background-type":"","background-media":"","overlay-type":"","overlay-color":"","overlay-opacity":"","overlay-gradient":""},"mobile":{"background-color":"","background-image":"","background-repeat":"repeat","background-position":"center center","background-size":"auto","background-attachment":"scroll","background-type":"","background-media":"","overlay-type":"","overlay-color":"","overlay-opacity":"","overlay-gradient":""}},"ast-content-background-meta":{"desktop":{"background-color":"var(--ast-global-color-5)","background-image":"","background-repeat":"repeat","background-position":"center center","background-size":"auto","background-attachment":"scroll","background-type":"","background-media":"","overlay-type":"","overlay-color":"","overlay-opacity":"","overlay-gradient":""},"tablet":{"background-color":"var(--ast-global-color-5)","background-image":"","background-repeat":"repeat","background-position":"center center","background-size":"auto","background-attachment":"scroll","background-type":"","background-media":"","overlay-type":"","overlay-color":"","overlay-opacity":"","overlay-gradient":""},"mobile":{"background-color":"var(--ast-global-color-5)","background-image":"","background-repeat":"repeat","background-position":"center center","background-size":"auto","background-attachment":"scroll","background-type":"","background-media":"","overlay-type":"","overlay-color":"","overlay-opacity":"","overlay-gradient":""}},"footnotes":""},"class_list":["post-561","page","type-page","status-publish","hentry"],"post_mailing_queue_ids":[],"_links":{"self":[{"href":"https:\/\/agora.xtec.cat\/ceip-mcinto-verdaguer\/wp-json\/wp\/v2\/pages\/561","targetHints":{"allow":["GET"]}}],"collection":[{"href":"https:\/\/agora.xtec.cat\/ceip-mcinto-verdaguer\/wp-json\/wp\/v2\/pages"}],"about":[{"href":"https:\/\/agora.xtec.cat\/ceip-mcinto-verdaguer\/wp-json\/wp\/v2\/types\/page"}],"author":[{"embeddable":true,"href":"https:\/\/agora.xtec.cat\/ceip-mcinto-verdaguer\/wp-json\/wp\/v2\/users\/11"}],"replies":[{"embeddable":true,"href":"https:\/\/agora.xtec.cat\/ceip-mcinto-verdaguer\/wp-json\/wp\/v2\/comments?post=561"}],"version-history":[{"count":6,"href":"https:\/\/agora.xtec.cat\/ceip-mcinto-verdaguer\/wp-json\/wp\/v2\/pages\/561\/revisions"}],"predecessor-version":[{"id":7243,"href":"https:\/\/agora.xtec.cat\/ceip-mcinto-verdaguer\/wp-json\/wp\/v2\/pages\/561\/revisions\/7243"}],"up":[{"embeddable":true,"href":"https:\/\/agora.xtec.cat\/ceip-mcinto-verdaguer\/wp-json\/wp\/v2\/pages\/321"}],"wp:attachment":[{"href":"https:\/\/agora.xtec.cat\/ceip-mcinto-verdaguer\/wp-json\/wp\/v2\/media?parent=561"}],"curies":[{"name":"wp","href":"https:\/\/api.w.org\/{rel}","templated":true}]}}